{"id":9305,"date":"2024-08-01T13:22:57","date_gmt":"2024-08-01T11:22:57","guid":{"rendered":"https:\/\/ropam.com.pl\/wsparcie\/?post_type=product&#038;p=9305"},"modified":"2025-12-22T12:48:31","modified_gmt":"2025-12-22T11:48:31","slug":"o-key","status":"publish","type":"product","link":"https:\/\/ropam.com.pl\/wsparcie\/o-key\/","title":{"rendered":"O-KEY"},"content":{"rendered":"<h3 style=\"text-align: center;\"><span style=\"font-size: 36pt;\"><strong>O-KEY<\/strong><\/span><\/h3>\n<p style=\"text-align: center;\">Metalowy zamek z dwoma kluczami do rozdzielni O-R2D12\/O-R3D12.<\/p>\n<p style=\"text-align: center;\"><img loading=\"lazy\" decoding=\"async\" class=\"wp-image-9311 aligncenter\" src=\"https:\/\/ropam.com.pl\/wsparcie\/wp-content\/uploads\/2024\/08\/O-KEY.png\" alt=\"\" width=\"435\" height=\"290\" srcset=\"https:\/\/ropam.com.pl\/wsparcie\/wp-content\/uploads\/2024\/08\/O-KEY.png 5456w, https:\/\/ropam.com.pl\/wsparcie\/wp-content\/uploads\/2024\/08\/O-KEY-300x200.png 300w, https:\/\/ropam.com.pl\/wsparcie\/wp-content\/uploads\/2024\/08\/O-KEY-1024x682.png 1024w, https:\/\/ropam.com.pl\/wsparcie\/wp-content\/uploads\/2024\/08\/O-KEY-768x511.png 768w, https:\/\/ropam.com.pl\/wsparcie\/wp-content\/uploads\/2024\/08\/O-KEY-1536x1022.png 1536w, https:\/\/ropam.com.pl\/wsparcie\/wp-content\/uploads\/2024\/08\/O-KEY-2048x1363.png 2048w, https:\/\/ropam.com.pl\/wsparcie\/wp-content\/uploads\/2024\/08\/O-KEY-600x399.png 600w, https:\/\/ropam.com.pl\/wsparcie\/wp-content\/uploads\/2024\/08\/O-KEY-60x40.png 60w\" sizes=\"auto, (max-width: 435px) 100vw, 435px\" \/><\/p>\n<h3 style=\"text-align: center;\"><span style=\"font-size: 18pt; color: #ff0000;\"><strong style=\"font-family: 'arial black', sans-serif;\">W PE\u0141NI POLSKI PRODUKT<\/strong><\/span><\/h3>\n<p style=\"text-align: center;\"><span style=\"font-size: 14pt;\">Ca\u0142y etap produkcji, od pomys\u0142u po wykonanie ko\u0144cowe oparte s\u0105 o autorskie rozwi\u0105zania oraz dog\u0142\u0119bn\u0105 analiz\u0119 potrzeb i trend\u00f3w na\u00a0 rynku.<\/span><\/p>\n<p style=\"text-align: center;\"><img loading=\"lazy\" decoding=\"async\" class=\"wp-image-9726 alignnone\" src=\"https:\/\/ropam.com.pl\/wsparcie\/wp-content\/uploads\/2018\/04\/Obraz1.png\" alt=\"\" width=\"340\" height=\"312\" srcset=\"https:\/\/ropam.com.pl\/wsparcie\/wp-content\/uploads\/2018\/04\/Obraz1.png 292w, https:\/\/ropam.com.pl\/wsparcie\/wp-content\/uploads\/2018\/04\/Obraz1-60x55.png 60w\" sizes=\"auto, (max-width: 340px) 100vw, 340px\" \/><\/p>\n","protected":false},"excerpt":{"rendered":"<p><span style=\"font-size: 14pt;\">Zamek z dwoma kluczami<\/span><\/p>\n","protected":false},"featured_media":9311,"comment_status":"open","ping_status":"closed","template":"","meta":{"_acf_changed":false,"rank_math_lock_modified_date":false,"inline_featured_image":false},"product_cat":[595],"product_tag":[],"class_list":{"0":"post-9305","1":"product","2":"type-product","3":"status-publish","4":"has-post-thumbnail","6":"product_cat-inne_akcesoria_ogolne","8":"first","9":"instock","10":"taxable","11":"shipping-taxable","12":"purchasable","13":"product-type-simple"},"acf":[],"_links":{"self":[{"href":"https:\/\/ropam.com.pl\/wsparcie\/wp-json\/wp\/v2\/product\/9305","targetHints":{"allow":["GET"]}}],"collection":[{"href":"https:\/\/ropam.com.pl\/wsparcie\/wp-json\/wp\/v2\/product"}],"about":[{"href":"https:\/\/ropam.com.pl\/wsparcie\/wp-json\/wp\/v2\/types\/product"}],"replies":[{"embeddable":true,"href":"https:\/\/ropam.com.pl\/wsparcie\/wp-json\/wp\/v2\/comments?post=9305"}],"wp:featuredmedia":[{"embeddable":true,"href":"https:\/\/ropam.com.pl\/wsparcie\/wp-json\/wp\/v2\/media\/9311"}],"wp:attachment":[{"href":"https:\/\/ropam.com.pl\/wsparcie\/wp-json\/wp\/v2\/media?parent=9305"}],"wp:term":[{"taxonomy":"product_cat","embeddable":true,"href":"https:\/\/ropam.com.pl\/wsparcie\/wp-json\/wp\/v2\/product_cat?post=9305"},{"taxonomy":"product_tag","embeddable":true,"href":"https:\/\/ropam.com.pl\/wsparcie\/wp-json\/wp\/v2\/product_tag?post=9305"}],"curies":[{"name":"wp","href":"https:\/\/api.w.org\/{rel}","templated":true}]}}