{"id":9296,"date":"2024-08-01T11:02:21","date_gmt":"2024-08-01T09:02:21","guid":{"rendered":"https:\/\/ropam.com.pl\/wsparcie\/?post_type=product&#038;p=9296"},"modified":"2025-12-22T09:27:39","modified_gmt":"2025-12-22T08:27:39","slug":"rht-ari-2","status":"publish","type":"product","link":"https:\/\/ropam.com.pl\/wsparcie\/rht-ari-2\/","title":{"rendered":"RHT-ari"},"content":{"rendered":"<h3 style=\"text-align: center;\"><span style=\"font-size: 24pt;\"><strong>RHT-ari\u00a0<\/strong><\/span><\/h3>\n<h3 style=\"text-align: center;\"><span style=\"font-size: 24pt;\">bezprzewodowy, miniaturowy czujnik temperatury i wilgotno\u015bci<\/span><\/h3>\n<h3 style=\"text-align: center;\"><img loading=\"lazy\" decoding=\"async\" class=\"size-full wp-image-13023 aligncenter\" src=\"https:\/\/ropam.com.pl\/wsparcie\/wp-content\/uploads\/2024\/08\/RHT-ari-3.png\" alt=\"\" width=\"284\" height=\"284\" srcset=\"https:\/\/ropam.com.pl\/wsparcie\/wp-content\/uploads\/2024\/08\/RHT-ari-3.png 284w, https:\/\/ropam.com.pl\/wsparcie\/wp-content\/uploads\/2024\/08\/RHT-ari-3-150x150.png 150w, https:\/\/ropam.com.pl\/wsparcie\/wp-content\/uploads\/2024\/08\/RHT-ari-3-100x100.png 100w, https:\/\/ropam.com.pl\/wsparcie\/wp-content\/uploads\/2024\/08\/RHT-ari-3-60x60.png 60w\" sizes=\"auto, (max-width: 284px) 100vw, 284px\" \/><\/h3>\n<h3 style=\"text-align: center;\"><\/h3>\n<h2><strong>W\u0142a\u015bciwo\u015bci<\/strong><\/h2>\n<p>&#8211; kompatybilno\u015b\u0107 z centralami z serii:<br \/>\n\u00bb Neo-IP 2szt<br \/>\n\u00bb Neo-IP-64 8szt<br \/>\n&#8211; pomiar temperatury w zakresie -20\u00b0C do +70\u00b0C<br \/>\n&#8211; pomiar wilgotno\u015bci w zakresie 0-100% Rh bez kondensacji,<br \/>\n&#8211; dwukierunkowa, szyfrowana (AES 128-bit) transmisja w pa\u015bmie ISM 868 MHz,<br \/>\n&#8211; kontrola obecno\u015bci, jako\u015bci po\u0142\u0105czenia, stanu baterii,<br \/>\n&#8211; sygnalizacja optyczna (LED RGB) transmisji i potwierdzenia z systemu,<br \/>\n&#8211; zasilanie: bateria 3V CR2032 (w zestawie),<br \/>\n&#8211; temperatura pracy: -10\u00b0C do +55\u00b0C,<br \/>\n&#8211; <strong>miniaturowe wymiary: 34 x 34 x 10 mm<\/strong><\/p>\n","protected":false},"excerpt":{"rendered":"<p><span style=\"font-size: 14pt;\">Bezprzewodowy czujnik temperatury i wilgotno\u015bci<\/span><\/p>\n","protected":false},"featured_media":13024,"comment_status":"open","ping_status":"closed","template":"","meta":{"_acf_changed":false,"rank_math_lock_modified_date":false,"inline_featured_image":false},"product_cat":[589,583],"product_tag":[],"class_list":{"0":"post-9296","1":"product","2":"type-product","3":"status-publish","4":"has-post-thumbnail","6":"product_cat-czujniki-temperatury-bezprzewodowy-system-ari","7":"product_cat-czujniki-wilgotnosci","9":"first","10":"instock","11":"taxable","12":"shipping-taxable","13":"purchasable","14":"product-type-simple"},"acf":[],"_links":{"self":[{"href":"https:\/\/ropam.com.pl\/wsparcie\/wp-json\/wp\/v2\/product\/9296","targetHints":{"allow":["GET"]}}],"collection":[{"href":"https:\/\/ropam.com.pl\/wsparcie\/wp-json\/wp\/v2\/product"}],"about":[{"href":"https:\/\/ropam.com.pl\/wsparcie\/wp-json\/wp\/v2\/types\/product"}],"replies":[{"embeddable":true,"href":"https:\/\/ropam.com.pl\/wsparcie\/wp-json\/wp\/v2\/comments?post=9296"}],"wp:featuredmedia":[{"embeddable":true,"href":"https:\/\/ropam.com.pl\/wsparcie\/wp-json\/wp\/v2\/media\/13024"}],"wp:attachment":[{"href":"https:\/\/ropam.com.pl\/wsparcie\/wp-json\/wp\/v2\/media?parent=9296"}],"wp:term":[{"taxonomy":"product_cat","embeddable":true,"href":"https:\/\/ropam.com.pl\/wsparcie\/wp-json\/wp\/v2\/product_cat?post=9296"},{"taxonomy":"product_tag","embeddable":true,"href":"https:\/\/ropam.com.pl\/wsparcie\/wp-json\/wp\/v2\/product_tag?post=9296"}],"curies":[{"name":"wp","href":"https:\/\/api.w.org\/{rel}","templated":true}]}}