{"id":9286,"date":"2024-08-01T10:36:45","date_gmt":"2024-08-01T08:36:45","guid":{"rendered":"https:\/\/ropam.com.pl\/wsparcie\/?post_type=product&#038;p=9286"},"modified":"2025-12-22T09:25:12","modified_gmt":"2025-12-22T08:25:12","slug":"mgd-ari","status":"publish","type":"product","link":"https:\/\/ropam.com.pl\/wsparcie\/mgd-ari\/","title":{"rendered":"MGD-ari-WH"},"content":{"rendered":"<h3 style=\"text-align: center;\"><span style=\"font-size: 36pt;\"><b>MGD-ari-WH<\/b><\/span><\/h3>\n<p style=\"text-align: center;\"><span style=\"font-size: 14pt;\">Bezprzewodowa czujka magnetyczna, kt\u00f3ra nale\u017cy do serii bezprzewodowych urz\u0105dze\u0144 systemu ARI.\u00a0Do poprawnego dzia\u0142ania niezb\u0119dny jest punkt dost\u0119powy\u00a0<b>APm-ari<\/b>\u00a0oraz centrala z rodziny <b>Neo-IP-64<\/b> lub <b>Neo-IP<\/b>.<\/span><\/p>\n<p style=\"text-align: center;\"><img loading=\"lazy\" decoding=\"async\" class=\"wp-image-10103 aligncenter\" src=\"https:\/\/ropam.com.pl\/wsparcie\/wp-content\/uploads\/2024\/08\/MGD_ari_1-1.png\" alt=\"\" width=\"298\" height=\"408\" srcset=\"https:\/\/ropam.com.pl\/wsparcie\/wp-content\/uploads\/2024\/08\/MGD_ari_1-1.png 2072w, https:\/\/ropam.com.pl\/wsparcie\/wp-content\/uploads\/2024\/08\/MGD_ari_1-1-219x300.png 219w, https:\/\/ropam.com.pl\/wsparcie\/wp-content\/uploads\/2024\/08\/MGD_ari_1-1-749x1024.png 749w, https:\/\/ropam.com.pl\/wsparcie\/wp-content\/uploads\/2024\/08\/MGD_ari_1-1-768x1050.png 768w, https:\/\/ropam.com.pl\/wsparcie\/wp-content\/uploads\/2024\/08\/MGD_ari_1-1-1124x1536.png 1124w, https:\/\/ropam.com.pl\/wsparcie\/wp-content\/uploads\/2024\/08\/MGD_ari_1-1-1498x2048.png 1498w, https:\/\/ropam.com.pl\/wsparcie\/wp-content\/uploads\/2024\/08\/MGD_ari_1-1-300x410.png 300w, https:\/\/ropam.com.pl\/wsparcie\/wp-content\/uploads\/2024\/08\/MGD_ari_1-1-600x820.png 600w, https:\/\/ropam.com.pl\/wsparcie\/wp-content\/uploads\/2024\/08\/MGD_ari_1-1-44x60.png 44w\" sizes=\"auto, (max-width: 298px) 100vw, 298px\" \/><\/p>\n<h3><span style=\"font-family: 'arial black', sans-serif; color: #07acf2;\"><strong>W\u0142a\u015bciwo\u015bci czujki magnetycznej<\/strong><\/span><\/h3>\n<p><b>\u00bb <\/b>Kompatybilno\u015b\u0107 z centralami z serii <b><strong>Neo-IP-64<\/strong><\/b> i <b><strong>Neo-IP<\/strong><\/b><br \/>\n<span style=\"color: #000000;\"><strong>\u00bb <\/strong><\/span>Zgodno\u015b\u0107 z norm\u0105 PN-EN 50131-2-2 stopie\u0144 2<br \/>\n<span style=\"color: #000000;\"><strong>\u00bb <\/strong><\/span>Wykrycie otwarcia drzwi, okien<br \/>\n<span style=\"color: #000000;\"><strong>\u00bb <\/strong><\/span>Wej\u015bcie dla przewodowej czujki magnetycznej NC<br \/>\n<span style=\"color: #000000;\"><strong>\u00bb <\/strong><\/span>Styk sabota\u017cowy: otwarcie, oderwanie obudowy<\/p>\n<h3><span style=\"font-family: 'arial black', sans-serif; color: #07acf2;\"><strong>W\u0142a\u015bciwo\u015bci komunikacji ari<\/strong><\/span><\/h3>\n<p><span style=\"color: #000000;\"><strong>\u00bb <\/strong><\/span>Automatyczne sterowanie moc\u0105 nadawania, do +10dBm, w zale\u017cno\u015bci od si\u0142y (RSSI) i jako\u015bci (LQI) dla maksymalnej \u017cywotno\u015bci baterii<br \/>\n<span style=\"color: #000000;\"><strong>\u00bb <\/strong><\/span>Dwukierunkowa, szyfrowana komunikacja w pa\u015bmie ISM 868 MHz<br \/>\n<span style=\"color: #000000;\"><strong>\u00bb <\/strong><\/span>Wysoka czu\u0142o\u015b\u0107 RF do -110 dBm<br \/>\n<span style=\"color: #000000;\"><strong>\u00bb <\/strong><\/span>Zasi\u0119g do 2000m w terenie otwartym<\/p>\n<h3><span style=\"font-family: 'arial black', sans-serif; color: #07acf2;\"><strong>W\u0142a\u015bciwo\u015bci og\u00f3lne<\/strong><\/span><\/h3>\n<p><span style=\"color: #000000;\"><strong>\u00bb <\/strong><\/span>Sygnalizacja optyczna: alarm, brak \u0142\u0105czno\u015bci, niskie napi\u0119cie baterii<br \/>\n<span style=\"color: #000000;\"><strong>\u00bb <\/strong><\/span>Obudowa natynkowa z ABS, bia\u0142a<br \/>\n<span style=\"color: #000000;\"><strong>\u00bb <\/strong><\/span>Wymiary: 32x81x28 (czujka), 13x75x18 (magnes) WxHxD[mm]<br \/>\n<span style=\"color: #000000;\"><strong>\u00bb <\/strong><\/span>Temperatura pracy: -10&#8217;C do +55&#8217;C<br \/>\n<span style=\"color: #000000;\"><strong>\u00bb <\/strong><\/span>Zasilanie: bateria ER14250M, \u017cywotno\u015b\u0107 ok. 2-3 lata<\/p>\n<p>&nbsp;<\/p>\n<p><img loading=\"lazy\" decoding=\"async\" class=\"wp-image-9814 aligncenter\" src=\"https:\/\/ropam.com.pl\/wsparcie\/wp-content\/uploads\/2024\/08\/ari_960x378-1.jpg\" alt=\"\" width=\"1087\" height=\"428\" srcset=\"https:\/\/ropam.com.pl\/wsparcie\/wp-content\/uploads\/2024\/08\/ari_960x378-1.jpg 960w, https:\/\/ropam.com.pl\/wsparcie\/wp-content\/uploads\/2024\/08\/ari_960x378-1-300x118.jpg 300w, https:\/\/ropam.com.pl\/wsparcie\/wp-content\/uploads\/2024\/08\/ari_960x378-1-768x302.jpg 768w, https:\/\/ropam.com.pl\/wsparcie\/wp-content\/uploads\/2024\/08\/ari_960x378-1-600x236.jpg 600w, https:\/\/ropam.com.pl\/wsparcie\/wp-content\/uploads\/2024\/08\/ari_960x378-1-60x24.jpg 60w\" sizes=\"auto, (max-width: 1087px) 100vw, 1087px\" \/><\/p>\n<h3 style=\"text-align: center;\"><span style=\"font-size: 24pt; color: #ff0000;\"><strong style=\"font-family: 'arial black', sans-serif;\">W PE\u0141NI POLSKI PRODUKT<\/strong><\/span><\/h3>\n<p style=\"text-align: center;\"><span style=\"font-size: 14pt;\">Ca\u0142y etap produkcji, od pomys\u0142u po wykonanie ko\u0144cowe oparte s\u0105 o autorskie rozwi\u0105zania oraz dog\u0142\u0119bn\u0105 analiz\u0119 potrzeb i trend\u00f3w na\u00a0 rynku.<\/span><\/p>\n<p style=\"text-align: center;\"><img loading=\"lazy\" decoding=\"async\" class=\"wp-image-9726 alignnone\" src=\"https:\/\/ropam.com.pl\/wsparcie\/wp-content\/uploads\/2018\/04\/Obraz1.png\" alt=\"\" width=\"354\" height=\"325\" srcset=\"https:\/\/ropam.com.pl\/wsparcie\/wp-content\/uploads\/2018\/04\/Obraz1.png 292w, https:\/\/ropam.com.pl\/wsparcie\/wp-content\/uploads\/2018\/04\/Obraz1-60x55.png 60w\" sizes=\"auto, (max-width: 354px) 100vw, 354px\" \/><\/p>\n","protected":false},"excerpt":{"rendered":"<p><span style=\"font-size: 14pt;\">Bezprzewodowa czujka magnetyczna<\/span><\/p>\n","protected":false},"featured_media":9569,"comment_status":"open","ping_status":"closed","template":"","meta":{"_acf_changed":false,"rank_math_lock_modified_date":false,"inline_featured_image":false},"product_cat":[591],"product_tag":[],"class_list":{"0":"post-9286","1":"product","2":"type-product","3":"status-publish","4":"has-post-thumbnail","6":"product_cat-czujniki","8":"first","9":"instock","10":"taxable","11":"shipping-taxable","12":"purchasable","13":"product-type-simple"},"acf":[],"_links":{"self":[{"href":"https:\/\/ropam.com.pl\/wsparcie\/wp-json\/wp\/v2\/product\/9286","targetHints":{"allow":["GET"]}}],"collection":[{"href":"https:\/\/ropam.com.pl\/wsparcie\/wp-json\/wp\/v2\/product"}],"about":[{"href":"https:\/\/ropam.com.pl\/wsparcie\/wp-json\/wp\/v2\/types\/product"}],"replies":[{"embeddable":true,"href":"https:\/\/ropam.com.pl\/wsparcie\/wp-json\/wp\/v2\/comments?post=9286"}],"wp:featuredmedia":[{"embeddable":true,"href":"https:\/\/ropam.com.pl\/wsparcie\/wp-json\/wp\/v2\/media\/9569"}],"wp:attachment":[{"href":"https:\/\/ropam.com.pl\/wsparcie\/wp-json\/wp\/v2\/media?parent=9286"}],"wp:term":[{"taxonomy":"product_cat","embeddable":true,"href":"https:\/\/ropam.com.pl\/wsparcie\/wp-json\/wp\/v2\/product_cat?post=9286"},{"taxonomy":"product_tag","embeddable":true,"href":"https:\/\/ropam.com.pl\/wsparcie\/wp-json\/wp\/v2\/product_tag?post=9286"}],"curies":[{"name":"wp","href":"https:\/\/api.w.org\/{rel}","templated":true}]}}