{"id":9285,"date":"2024-08-01T10:33:31","date_gmt":"2024-08-01T08:33:31","guid":{"rendered":"https:\/\/ropam.com.pl\/wsparcie\/?post_type=product&#038;p=9285"},"modified":"2025-12-22T09:25:55","modified_gmt":"2025-12-22T08:25:55","slug":"pir-ari","status":"publish","type":"product","link":"https:\/\/ropam.com.pl\/wsparcie\/pir-ari\/","title":{"rendered":"PIR-ari"},"content":{"rendered":"<h3 style=\"text-align: center;\"><span style=\"font-size: 36pt;\"><b>PIR-ari<\/b><\/span><\/h3>\n<p style=\"text-align: center;\"><span style=\"font-size: 14pt;\">Bezprzewodowy czujnik PIR, kt\u00f3ry nale\u017cy do serii bezprzewodowych urz\u0105dze\u0144 systemu ARI.\u00a0Do poprawnego dzia\u0142ania niezb\u0119dny jest punkt dost\u0119powy <b>APm-ari<\/b> oraz centrala z rodziny <b>Neo-IP-64 <\/b>lub <b>Neo-IP<\/b>.\u00a0Detekcja ruchu odbywa si\u0119 w oparciu o analiz\u0119 zmian strumienia ciep\u0142a w polu widzenia czujki.<\/span><\/p>\n<p>&nbsp;<\/p>\n<p style=\"text-align: center;\"><img loading=\"lazy\" decoding=\"async\" class=\"wp-image-9818 aligncenter\" src=\"https:\/\/ropam.com.pl\/wsparcie\/wp-content\/uploads\/2024\/08\/smartpir-ari.png\" alt=\"\" width=\"216\" height=\"278\" srcset=\"https:\/\/ropam.com.pl\/wsparcie\/wp-content\/uploads\/2024\/08\/smartpir-ari.png 151w, https:\/\/ropam.com.pl\/wsparcie\/wp-content\/uploads\/2024\/08\/smartpir-ari-47x60.png 47w\" sizes=\"auto, (max-width: 216px) 100vw, 216px\" \/><\/p>\n<p><span style=\"font-size: 14pt;\"><strong style=\"color: #07acf2; font-family: 'arial black', sans-serif;\">W\u0142a\u015bciwo\u015bci PIR<\/strong><\/span><\/p>\n<p><span style=\"color: #000000;\"><strong>\u00bb <\/strong><\/span>Podw\u00f3jny, piroelement (piroelektryczny czujnik podczerwieni)<br \/>\n<span style=\"color: #000000;\"><strong>\u00bb <\/strong><\/span>Wysoka, regulowana czu\u0142o\u015b\u0107 (3 poziomy) z zachowaniem wysokiej odporno\u015bci na fa\u0142szywe alarmy<br \/>\n<span style=\"color: #000000;\"><strong>\u00bb <\/strong><\/span>Nowoczesna soczewka Fresnela (LODIFF, POLY IR)<br \/>\n<span style=\"color: #000000;\"><strong>\u00bb <\/strong><\/span>Zasi\u0119g detekcji 15x15m, k\u0105t widzenia: ~90&#8242;, filtr \u015bwiat\u0142a bia\u0142ego<br \/>\n<span style=\"color: #000000;\"><strong>\u00bb <\/strong><\/span>Trzy tryby dzia\u0142ania: Zwyk\u0142y, Obecno\u015bci, Czujki przewodowej<\/p>\n<p><span style=\"font-size: 14pt;\"><strong style=\"color: #07acf2; font-family: 'arial black', sans-serif;\">W\u0142a\u015bciwo\u015bci komunikacji ari<\/strong><\/span><\/p>\n<p><span style=\"color: #000000;\"><strong>\u00bb <\/strong><\/span>Dedykowany mikroprocesor do komunikacji ARI, zarz\u0105dzanie energi\u0105 i stanami czujki<br \/>\n<span style=\"color: #000000;\"><strong>\u00bb <\/strong><\/span>Dwukierunkowa, szyfrowana komunikacja w pa\u015bmie ISM 868 MHz<br \/>\n<span style=\"color: #000000;\"><strong>\u00bb <\/strong><\/span>Wysoka czu\u0142o\u015b\u0107 RF do -110 dBm<br \/>\n<span style=\"color: #000000;\"><strong>\u00bb <\/strong><\/span>Zasi\u0119g do 2000m w terenie otwartym<\/p>\n<p><span style=\"font-size: 14pt;\"><strong style=\"color: #07acf2; font-family: 'arial black', sans-serif;\">W\u0142a\u015bciwo\u015bci og\u00f3lne<\/strong><\/span><\/p>\n<p><span style=\"color: #000000;\"><strong>\u00bb <\/strong><\/span>Sygnalizacja optyczna, dioda LED<br \/>\n<span style=\"color: #000000;\"><strong>\u00bb <\/strong><\/span>Obudowa natynkowa z ABS, bia\u0142a<br \/>\n<span style=\"color: #000000;\"><strong>\u00bb <\/strong><\/span>Temperatura pracy: -10&#8217;C do +55&#8217;C<br \/>\n<span style=\"color: #000000;\"><strong>\u00bb <\/strong><\/span>Zasilanie: bateria ER14505M, \u017cywotno\u015b\u0107 ok. 2-3 lata<br \/>\n<span style=\"color: #000000;\"><strong>\u00bb <\/strong><\/span>Ochrona antysabota\u017cowa<\/p>\n<p>&nbsp;<\/p>\n<p><img loading=\"lazy\" decoding=\"async\" class=\"aligncenter wp-image-9814\" src=\"https:\/\/ropam.com.pl\/wsparcie\/wp-content\/uploads\/2024\/08\/ari_960x378-1.jpg\" alt=\"\" width=\"1092\" height=\"430\" srcset=\"https:\/\/ropam.com.pl\/wsparcie\/wp-content\/uploads\/2024\/08\/ari_960x378-1.jpg 960w, https:\/\/ropam.com.pl\/wsparcie\/wp-content\/uploads\/2024\/08\/ari_960x378-1-300x118.jpg 300w, https:\/\/ropam.com.pl\/wsparcie\/wp-content\/uploads\/2024\/08\/ari_960x378-1-768x302.jpg 768w, https:\/\/ropam.com.pl\/wsparcie\/wp-content\/uploads\/2024\/08\/ari_960x378-1-600x236.jpg 600w, https:\/\/ropam.com.pl\/wsparcie\/wp-content\/uploads\/2024\/08\/ari_960x378-1-60x24.jpg 60w\" sizes=\"auto, (max-width: 1092px) 100vw, 1092px\" \/><\/p>\n<p>&nbsp;<\/p>\n<h3 style=\"text-align: center;\"><span style=\"font-size: 24pt; color: #ff0000;\"><strong style=\"font-family: 'arial black', sans-serif;\">W PE\u0141NI POLSKI PRODUKT<\/strong><\/span><\/h3>\n<p style=\"text-align: center;\"><span style=\"font-size: 14pt;\">Ca\u0142y etap produkcji, od pomys\u0142u po wykonanie ko\u0144cowe oparte s\u0105 o autorskie rozwi\u0105zania oraz dog\u0142\u0119bn\u0105 analiz\u0119 potrzeb i trend\u00f3w na\u00a0 rynku.<\/span><\/p>\n<p style=\"text-align: center;\"><img loading=\"lazy\" decoding=\"async\" class=\"wp-image-9726 alignnone\" src=\"https:\/\/ropam.com.pl\/wsparcie\/wp-content\/uploads\/2018\/04\/Obraz1.png\" alt=\"\" width=\"354\" height=\"325\" srcset=\"https:\/\/ropam.com.pl\/wsparcie\/wp-content\/uploads\/2018\/04\/Obraz1.png 292w, https:\/\/ropam.com.pl\/wsparcie\/wp-content\/uploads\/2018\/04\/Obraz1-60x55.png 60w\" sizes=\"auto, (max-width: 354px) 100vw, 354px\" \/><\/p>\n","protected":false},"excerpt":{"rendered":"<p><span style=\"font-size: 14pt;\">Pasywna czujka podczerwieni<\/span><\/p>\n","protected":false},"featured_media":9567,"comment_status":"open","ping_status":"closed","template":"","meta":{"_acf_changed":false,"rank_math_lock_modified_date":false,"inline_featured_image":false},"product_cat":[591],"product_tag":[],"class_list":{"0":"post-9285","1":"product","2":"type-product","3":"status-publish","4":"has-post-thumbnail","6":"product_cat-czujniki","8":"first","9":"instock","10":"taxable","11":"shipping-taxable","12":"purchasable","13":"product-type-simple"},"acf":[],"_links":{"self":[{"href":"https:\/\/ropam.com.pl\/wsparcie\/wp-json\/wp\/v2\/product\/9285","targetHints":{"allow":["GET"]}}],"collection":[{"href":"https:\/\/ropam.com.pl\/wsparcie\/wp-json\/wp\/v2\/product"}],"about":[{"href":"https:\/\/ropam.com.pl\/wsparcie\/wp-json\/wp\/v2\/types\/product"}],"replies":[{"embeddable":true,"href":"https:\/\/ropam.com.pl\/wsparcie\/wp-json\/wp\/v2\/comments?post=9285"}],"wp:featuredmedia":[{"embeddable":true,"href":"https:\/\/ropam.com.pl\/wsparcie\/wp-json\/wp\/v2\/media\/9567"}],"wp:attachment":[{"href":"https:\/\/ropam.com.pl\/wsparcie\/wp-json\/wp\/v2\/media?parent=9285"}],"wp:term":[{"taxonomy":"product_cat","embeddable":true,"href":"https:\/\/ropam.com.pl\/wsparcie\/wp-json\/wp\/v2\/product_cat?post=9285"},{"taxonomy":"product_tag","embeddable":true,"href":"https:\/\/ropam.com.pl\/wsparcie\/wp-json\/wp\/v2\/product_tag?post=9285"}],"curies":[{"name":"wp","href":"https:\/\/api.w.org\/{rel}","templated":true}]}}