{"id":9283,"date":"2024-08-01T10:29:04","date_gmt":"2024-08-01T08:29:04","guid":{"rendered":"https:\/\/ropam.com.pl\/wsparcie\/?post_type=product&#038;p=9283"},"modified":"2026-03-03T09:12:12","modified_gmt":"2026-03-03T08:12:12","slug":"apm-ari","status":"publish","type":"product","link":"https:\/\/ropam.com.pl\/wsparcie\/apm-ari\/","title":{"rendered":"APm-ari"},"content":{"rendered":"<h3 style=\"text-align: center;\"><span style=\"font-size: 36pt; font-family: georgia, palatino, serif;\">APm-ari<\/span><\/h3>\n<p style=\"text-align: center;\">Punkt dost\u0119powy bezprzewodowego systemu ARI. Modu\u0142 przeznaczony jest do integracji bezprzewodowych urz\u0105dze\u0144 ARI z centralami z rodzin Neo-IP-64 oraz Neo-IP poprzez magistral\u0119 systemow\u0105 RopamNET. Kontroler nadzoruje i steruje bezprzewodowe urz\u0105dzenia z rodziny ARI.<\/p>\n<p>&nbsp;<\/p>\n<p style=\"text-align: center;\"><img loading=\"lazy\" decoding=\"async\" class=\"wp-image-9820 alignnone\" src=\"https:\/\/ropam.com.pl\/wsparcie\/wp-content\/uploads\/2024\/08\/APm_ari1.png\" alt=\"\" width=\"491\" height=\"327\" srcset=\"https:\/\/ropam.com.pl\/wsparcie\/wp-content\/uploads\/2024\/08\/APm_ari1.png 5456w, https:\/\/ropam.com.pl\/wsparcie\/wp-content\/uploads\/2024\/08\/APm_ari1-300x200.png 300w, https:\/\/ropam.com.pl\/wsparcie\/wp-content\/uploads\/2024\/08\/APm_ari1-1024x682.png 1024w, https:\/\/ropam.com.pl\/wsparcie\/wp-content\/uploads\/2024\/08\/APm_ari1-768x511.png 768w, https:\/\/ropam.com.pl\/wsparcie\/wp-content\/uploads\/2024\/08\/APm_ari1-1536x1022.png 1536w, https:\/\/ropam.com.pl\/wsparcie\/wp-content\/uploads\/2024\/08\/APm_ari1-2048x1363.png 2048w, https:\/\/ropam.com.pl\/wsparcie\/wp-content\/uploads\/2024\/08\/APm_ari1-600x399.png 600w, https:\/\/ropam.com.pl\/wsparcie\/wp-content\/uploads\/2024\/08\/APm_ari1-60x40.png 60w\" sizes=\"auto, (max-width: 491px) 100vw, 491px\" \/><\/p>\n<h3><span style=\"font-family: 'arial black', sans-serif; color: #07acf2;\"><strong>W\u0142a\u015bciwo\u015bci modu\u0142u APm-ari:\u00a0<\/strong><\/span><\/h3>\n<p><span style=\"color: #000000;\"><strong>\u00bb <\/strong><\/span>Dwukierunkowa w pe\u0142ni szyfrowana transmisja (AES)<br \/>\n<span style=\"color: #000000;\"><strong>\u00bb <\/strong><\/span>Komunikacja z urz\u0105dzeniami bezprzewodowymi ARI w pa\u015bmie IM 868 MHz<br \/>\n<span style=\"color: #000000;\"><strong>\u00bb <\/strong><\/span>Wysoki zasi\u0119g komunikacji si\u0119gaj\u0105cy do 2000m (w otwartej przestrzeni)<br \/>\n<span style=\"color: #000000;\"><strong>\u00bb <\/strong><\/span>Wsp\u00f3\u0142praca z centralami:<a href=\"https:\/\/ropam.com.pl\/wsparcie\/neo-ip-64\/\">\u00a0<\/a><b><a href=\"https:\/\/ropam.com.pl\/wsparcie\/neolte-ip-64\/\">NeoLTE-IP-64<\/a>, <a href=\"https:\/\/ropam.com.pl\/wsparcie\/neo-ip-64\/\">Neo-IP-64<\/a>, <a href=\"https:\/\/ropam.com.pl\/wsparcie\/neogsm-ip-64\/\">NeoGSM-IP-64<\/a>, <a href=\"https:\/\/ropam.com.pl\/wsparcie\/neolte-ip\/\">NeoLTE-IP<\/a>, <a href=\"https:\/\/ropam.com.pl\/wsparcie\/neo-ip-produkt\/\">Neo-IP<\/a>, <a href=\"https:\/\/ropam.com.pl\/wsparcie\/neogsm-ip\/\">NeoGSM-IP<\/a><br \/>\n<\/b><b><\/b><span style=\"color: #000000;\"><strong>\u00bb <\/strong><\/span>Komunikacja z central\u0105 po magistrali RopamNET<br \/>\n<span style=\"color: #000000;\"><strong>\u00bb <\/strong><\/span>Mo\u017cliwo\u015b\u0107 niezale\u017cnej pracy w zasi\u0119gu innego systemu ARI<br \/>\n<span style=\"color: #000000;\"><strong>\u00bb <\/strong><\/span>Nieulotna pami\u0119\u0107 konfiguracji<br \/>\n<span style=\"color: #000000;\"><strong>\u00bb <\/strong><\/span>Zasilanie 9-14V<br \/>\n<span style=\"color: #000000;\"><strong>\u00bb <\/strong><\/span>Bia\u0142a natynkowa obudowa z ABS 80x80x20[mm]<\/p>\n<h3><span style=\"font-family: 'arial black', sans-serif; color: #07acf2;\"><strong>Obs\u0142uga:\u00a0<\/strong><\/span><\/h3>\n<p><span style=\"color: #000000;\"><strong>\u00bb <\/strong><\/span>Do 32 urz\u0105dze\u0144 wej\u015bcia\/wyj\u015bcia<\/p>\n<ul>\n<li>czujki ruchu PIR <a href=\"https:\/\/ropam.com.pl\/wsparcie\/pir-ari\/\"><b>Pir-ari<\/b><\/a><\/li>\n<li>czujki magnetyczne (kontaktron)<a href=\"https:\/\/ropam.com.pl\/wsparcie\/mgd-ari\/\"> <b>MGD-ari<\/b><\/a><\/li>\n<li>czujki detekcji zalania <a href=\"https:\/\/ropam.com.pl\/wsparcie\/fs-ari\/\"><b>FS-ari<\/b><\/a><\/li>\n<li>czujki detekcji dymu i ognia <a href=\"https:\/\/ropam.com.pl\/wsparcie\/osd-ari\/\"><strong>O<\/strong><b>SD-ari<\/b><\/a><\/li>\n<li>czujki detekcji tlenku w\u0119gla i gazu ziemnego (w przygotowaniu)<\/li>\n<li>modu\u0142y sterowania wej\u015bcia\/wyj\u015bcia <a href=\"https:\/\/ropam.com.pl\/wsparcie\/io-ari\/\"><b>IO-ari<\/b> <\/a>(zasilanie z baterii lub 12V)<\/li>\n<li>modu\u0142y sterowania wej\u015bcia\/wyj\u015bcia <a href=\"https:\/\/ropam.com.pl\/wsparcie\/io-230v-ari\/\"><strong>IO-230V-ari<\/strong><\/a><\/li>\n<\/ul>\n<p><span style=\"color: #000000;\"><strong>\u00bb <\/strong><\/span>Do 16 bezprzewodowych sterownik\u00f3w rolet <b><a href=\"https:\/\/ropam.com.pl\/wsparcie\/srol-ari\/\">SROL-ari<\/a><br \/>\n<\/b><span style=\"color: #000000;\"><strong>\u00bb <\/strong><\/span>Do 8 bezprzewodowych czujnik\u00f3w temperatury i wilgotno\u015bci <b><a href=\"https:\/\/ropam.com.pl\/wsparcie\/rht-ari-2\/\">RHT-ari<\/a><br \/>\n<\/b><span style=\"color: #000000;\"><strong>\u00bb <\/strong><\/span>Do 8 dwukierunkowych pilot\u00f3w <a href=\"https:\/\/ropam.com.pl\/wsparcie\/?post_type=product&amp;s=TX4-ari\"><b>TX4-ari<\/b><\/a><\/p>\n<h3><span style=\"font-family: 'arial black', sans-serif; color: #07acf2;\"><strong>Zastosowanie:\u00a0<\/strong><\/span><\/h3>\n<p><span style=\"color: #000000;\"><strong>\u00bb <\/strong><\/span>Rozbudowa centrali alarmowej o urz\u0105dzenia bezprzewodowe<br \/>\n<span style=\"color: #000000;\"><strong>\u00bb <\/strong><\/span>Rozbudowa centrali o bezprzewodowe sterowniki <b><a href=\"https:\/\/ropam.com.pl\/wsparcie\/srol-ari\/\">SROL-ari<\/a> i <a href=\"https:\/\/ropam.com.pl\/wsparcie\/io-230v-ari\/\">IO-ari-230V<\/a><br \/>\n<\/b><span style=\"color: #000000;\"><strong>\u00bb <\/strong><\/span>Zdalne sterowanie automatyk\u0105 domow\u0105<br \/>\n<span style=\"color: #000000;\"><strong>\u00bb <\/strong><\/span>Ochrona obiekt\u00f3w bez mo\u017cliwo\u015bci zastosowania systemu przewodowego<\/p>\n<p>&nbsp;<\/p>\n<p><img loading=\"lazy\" decoding=\"async\" class=\"aligncenter wp-image-9814\" src=\"https:\/\/ropam.com.pl\/wsparcie\/wp-content\/uploads\/2024\/08\/ari_960x378-1.jpg\" alt=\"\" width=\"1087\" height=\"428\" srcset=\"https:\/\/ropam.com.pl\/wsparcie\/wp-content\/uploads\/2024\/08\/ari_960x378-1.jpg 960w, https:\/\/ropam.com.pl\/wsparcie\/wp-content\/uploads\/2024\/08\/ari_960x378-1-300x118.jpg 300w, https:\/\/ropam.com.pl\/wsparcie\/wp-content\/uploads\/2024\/08\/ari_960x378-1-768x302.jpg 768w, https:\/\/ropam.com.pl\/wsparcie\/wp-content\/uploads\/2024\/08\/ari_960x378-1-600x236.jpg 600w, https:\/\/ropam.com.pl\/wsparcie\/wp-content\/uploads\/2024\/08\/ari_960x378-1-60x24.jpg 60w\" sizes=\"auto, (max-width: 1087px) 100vw, 1087px\" \/><\/p>\n<p>&nbsp;<\/p>\n<h3 style=\"text-align: center;\"><span style=\"font-size: 24pt; color: #ff0000;\"><strong style=\"font-family: 'arial black', sans-serif;\">W PE\u0141NI POLSKI PRODUKT<\/strong><\/span><\/h3>\n<p style=\"text-align: center;\"><span style=\"font-size: 14pt;\">Ca\u0142y etap produkcji, od pomys\u0142u po wykonanie ko\u0144cowe oparte s\u0105 o autorskie rozwi\u0105zania oraz dog\u0142\u0119bn\u0105 analiz\u0119 potrzeb i trend\u00f3w na\u00a0 rynku.<\/span><\/p>\n<p style=\"text-align: center;\"><img loading=\"lazy\" decoding=\"async\" class=\"wp-image-9726 alignnone\" src=\"https:\/\/ropam.com.pl\/wsparcie\/wp-content\/uploads\/2018\/04\/Obraz1.png\" alt=\"\" width=\"354\" height=\"325\" srcset=\"https:\/\/ropam.com.pl\/wsparcie\/wp-content\/uploads\/2018\/04\/Obraz1.png 292w, https:\/\/ropam.com.pl\/wsparcie\/wp-content\/uploads\/2018\/04\/Obraz1-60x55.png 60w\" sizes=\"auto, (max-width: 354px) 100vw, 354px\" \/><\/p>\n","protected":false},"excerpt":{"rendered":"<p><span style=\"font-size: 14pt;\">Kontroler systemu bezprzewodowego<\/span><\/p>\n","protected":false},"featured_media":9575,"comment_status":"open","ping_status":"closed","template":"","meta":{"_acf_changed":false,"rank_math_lock_modified_date":false,"inline_featured_image":false},"product_cat":[587],"product_tag":[],"class_list":{"0":"post-9283","1":"product","2":"type-product","3":"status-publish","4":"has-post-thumbnail","6":"product_cat-punkt-dostepowy","8":"first","9":"instock","10":"taxable","11":"shipping-taxable","12":"purchasable","13":"product-type-simple"},"acf":[],"_links":{"self":[{"href":"https:\/\/ropam.com.pl\/wsparcie\/wp-json\/wp\/v2\/product\/9283","targetHints":{"allow":["GET"]}}],"collection":[{"href":"https:\/\/ropam.com.pl\/wsparcie\/wp-json\/wp\/v2\/product"}],"about":[{"href":"https:\/\/ropam.com.pl\/wsparcie\/wp-json\/wp\/v2\/types\/product"}],"replies":[{"embeddable":true,"href":"https:\/\/ropam.com.pl\/wsparcie\/wp-json\/wp\/v2\/comments?post=9283"}],"wp:featuredmedia":[{"embeddable":true,"href":"https:\/\/ropam.com.pl\/wsparcie\/wp-json\/wp\/v2\/media\/9575"}],"wp:attachment":[{"href":"https:\/\/ropam.com.pl\/wsparcie\/wp-json\/wp\/v2\/media?parent=9283"}],"wp:term":[{"taxonomy":"product_cat","embeddable":true,"href":"https:\/\/ropam.com.pl\/wsparcie\/wp-json\/wp\/v2\/product_cat?post=9283"},{"taxonomy":"product_tag","embeddable":true,"href":"https:\/\/ropam.com.pl\/wsparcie\/wp-json\/wp\/v2\/product_tag?post=9283"}],"curies":[{"name":"wp","href":"https:\/\/api.w.org\/{rel}","templated":true}]}}