{"id":9262,"date":"2024-08-01T09:42:55","date_gmt":"2024-08-01T07:42:55","guid":{"rendered":"https:\/\/ropam.com.pl\/wsparcie\/?post_type=product&#038;p=9262"},"modified":"2025-12-22T08:58:21","modified_gmt":"2025-12-22T07:58:21","slug":"basiclte-d4m","status":"publish","type":"product","link":"https:\/\/ropam.com.pl\/wsparcie\/basiclte-d4m\/","title":{"rendered":"BasicLTE-D4M"},"content":{"rendered":"<p style=\"text-align: center;\"><span style=\"font-size: 24pt; font-family: 'arial black', sans-serif;\"><strong><span style=\"font-size: 36pt;\">BasicLTE-D4M<\/span><\/strong><\/span><\/p>\n<p style=\"text-align: center;\"><span style=\"font-size: 14pt;\">Modu\u0142 powiadomienia i sterowania z funkcjami centrali alarmowej. Wbudowany modem LTE umo\u017cliwia transmisje danych w technologii 4G i 2G. Dzi\u0119ki modu\u0142owej konstrukcji mo\u017ce by\u0107 rozbudowany o wy\u015bwietlacz graficzny LCD-HMI-D4M oraz odbiornik radiowy EXP-RF. BasicLTE-D4M mo\u017ce pracowa\u0107 autonomicznie lub jako rozbudowa innych system\u00f3w.<\/span><\/p>\n<p>&nbsp;<\/p>\n<p style=\"text-align: center;\"><img loading=\"lazy\" decoding=\"async\" class=\"wp-image-9799 size-full aligncenter\" src=\"https:\/\/ropam.com.pl\/wsparcie\/wp-content\/uploads\/2024\/08\/2024-03-15_15h20_57-1.png\" alt=\"\" width=\"557\" height=\"490\" srcset=\"https:\/\/ropam.com.pl\/wsparcie\/wp-content\/uploads\/2024\/08\/2024-03-15_15h20_57-1.png 557w, https:\/\/ropam.com.pl\/wsparcie\/wp-content\/uploads\/2024\/08\/2024-03-15_15h20_57-1-300x264.png 300w, https:\/\/ropam.com.pl\/wsparcie\/wp-content\/uploads\/2024\/08\/2024-03-15_15h20_57-1-60x53.png 60w\" sizes=\"auto, (max-width: 557px) 100vw, 557px\" \/><\/p>\n<h3><span style=\"font-family: 'arial black', sans-serif; color: #07acf2;\"><strong>Parametry techniczne<\/strong><\/span><\/h3>\n<p><span style=\"color: #000000;\"><strong>\u00bb <\/strong>Wbudowany modem LTE 4G\/2G<strong><br \/>\n\u00bb <\/strong>Ilo\u015b\u0107 wej\u015b\u0107: 8<br \/>\n&#8211; 6 wej\u015b\u0107 NO\/NC<br \/>\n&#8211; 2 wej\u015bcia NO\/NC lub analogowe 0-10V\/4-20mA<br \/>\n<strong>\u00bb <\/strong>Wej\u015bcie FAC do kontroli zasilania AC<strong><br \/>\n<\/strong><strong>\u00bb <\/strong>Ilo\u015b\u0107 wyj\u015b\u0107: 4<br \/>\n&#8211; 1 wyj\u015bcie przeka\u017anikowe<br \/>\n&#8211; 3 wyj\u015bcia OC (0,7A)<br \/>\n<strong>\u00bb <\/strong>Wyj\u015bcie zasilania AUX zabezpieczone (1A)<strong><br \/>\n\u00bb <\/strong>4 timery z kalendarzem<strong><br \/>\n\u00bb <\/strong>Gniazdo antenowe SMA\u00a0<strong><br \/>\n\u00bb <\/strong>Roz\u0142\u0105czne z\u0142\u0105cza zaciskowe<strong><br \/>\n\u00bb <\/strong>Obs\u0142uga do 8 komunikat\u00f3w g\u0142osowych<strong><br \/>\n\u00bb <\/strong>Gniazdo microUSB do programowania i aktualizacji<strong><br \/>\n\u00bb <\/strong>Gniazdo na kart\u0119 nanoSIM<strong><br \/>\n\u00bb <\/strong>Zasilanie 12V<br \/>\n<strong>\u00bb\u00a0<\/strong>Wersja w obudowie na szyn\u0119 TH35, szeroko\u015b\u0107 4 modu\u0142\u00f3w<br \/>\n<\/span><\/p>\n<h3><span style=\"font-family: 'arial black', sans-serif; color: #07acf2;\"><strong>W\u0142a\u015bciwo\u015bci<\/strong><\/span><\/h3>\n<p><span style=\"color: #000000;\"><strong>\u00bb\u00a0<\/strong><span style=\"color: #333333;\">Modu\u0142 alarmowy &#8211; funkcje centrali alarmowej<br \/>\n<b><strong>\u00bb\u00a0<\/strong><\/b>Intuicyjna wizualizacja i sterowanie centralami alarmowymi<br \/>\n<\/span><strong>\u00bb <\/strong><\/span>Wbudowany modem LTE z obs\u0142ug\u0105 sieci 4G i 2G <strong>(LTE-FDD: B1\/B3\/B5\/B7\/B8\/B20\/B28, GSM: 850\/900\/1800\/1900 MHz)<\/strong><br \/>\n<span style=\"color: #000000;\"><strong>\u00bb <\/strong><\/span>Powiadomienia o zdarzeniach poprzez: <b>SMS\/CALL\/E-MAIL\/PUSH w aplikacji RopamBasic<br \/>\n<span style=\"color: #000000;\"><strong>\u00bb <\/strong><\/span><\/b>Sterowanie zdalne za pomoc\u0105: <b>SMS\/CLIP\/DTMF\/aplikacja RopamBasic<br \/>\n<\/b><span style=\"color: #000000;\"><strong>\u00bb <\/strong><\/span>Obs\u0142uga do 8 u\u017cytkownik\u00f3w: 8 numer\u00f3w telefonu, 8 adres\u00f3w e-mail<br \/>\n<span style=\"color: #000000;\"><strong>\u00bb <\/strong>Mo\u017cliwo\u015b\u0107 rozbudowy o odbiornik radiowy <strong>EXP-RF<\/strong>,\u00a0pozwalaj\u0105cy na sterowanie modu\u0142em przy pomocy pilot\u00f3w z serii TR-4H<\/span><br \/>\n<span style=\"color: #000000;\"><strong>\u00bb <\/strong><\/span>Pami\u0119\u0107 do 1000 zdarze\u0144 z nadpisywaniem<br \/>\n<span style=\"color: #000000;\"><strong>\u00bb <\/strong>O<\/span>bs\u0142uga czujnika temperatury i wilgotno\u015bci serii <b>TSR<\/b> i <b>RHT-2<br \/>\n<span style=\"color: #000000;\"><strong>\u00bb <\/strong><\/span><\/b>Automatyczna kontrola kart pre-paid z powiadomieniami o minimalnym stanie konta<br \/>\n<span style=\"color: #000000;\"><strong>\u00bb\u00a0<\/strong>Zegar RTC, kalendarz, synchronizacja z sieci\u0105 LTE lub serwerami NTP<\/span><br \/>\n<span style=\"color: #000000;\"><strong>\u00bb <\/strong><\/span>Program konfiguracyjny <strong>BasicLTEManager<\/strong> do zarz\u0105dzania:<br \/>\n&#8211;<b> lokalnego<\/b> poprzez micro USB<br \/>\n&#8211;<b> zdalnego<\/b> poprzez serwer RopamBridge(LTE)<br \/>\n<span style=\"color: #000000;\"><strong>\u00bb <\/strong>W<\/span>budowany\u00a0<strong>LogicProcessor <\/strong>do tworzenia zaawansowanych funkcji logicznych, funkcji arytmetycznych<br \/>\n&#8211; 10 niezale\u017cnych warunk\u00f3w logicznych<br \/>\n&#8211; 10 przeka\u017anik\u00f3w czasowych<br \/>\n&#8211; 4 timery kalendarzowe<br \/>\n<span style=\"color: #000000;\"><strong>\u00bb <\/strong><\/span>Dedykowana darmowa aplikacja mobilna <b>RopamBasic &#8211; <\/b>dost\u0119pna do pobrania na iOS i Android<b><br \/>\n<\/b><span style=\"color: #000000;\"><strong>\u00bb <\/strong>Monitoring GPRS dla stacji monitoruj\u0105cej agencji ochrony, wsp\u00f3\u0142praca ze stacj\u0105\/serwerem RMS lub Kronos NET<br \/>\n<\/span><\/p>\n<p>&nbsp;<\/p>\n<p style=\"text-align: center;\"><span style=\"font-size: 18pt;\"><b>Modu\u0142y komunikacyjne BasicLTE<\/b> z racji swojej budowy i funkcji, dedykowane s\u0105 do integracji z innymi urz\u0105dzeniami. Dzi\u0119ki wbudowanemu modemowi LTE mo\u017cliwa jest transmisja zdarze\u0144 oraz sterowanie i kontrola systemu poprzez <b>SMS, CLIP, DTMF, E-MAIL<\/b>.<\/span><\/p>\n<p>&nbsp;<\/p>\n<p><img loading=\"lazy\" decoding=\"async\" class=\"aligncenter size-full wp-image-9929\" src=\"https:\/\/ropam.com.pl\/wsparcie\/wp-content\/uploads\/2024\/08\/2024-08-16_08h38_51-1.png\" alt=\"\" width=\"1043\" height=\"609\" srcset=\"https:\/\/ropam.com.pl\/wsparcie\/wp-content\/uploads\/2024\/08\/2024-08-16_08h38_51-1.png 1043w, https:\/\/ropam.com.pl\/wsparcie\/wp-content\/uploads\/2024\/08\/2024-08-16_08h38_51-1-300x175.png 300w, https:\/\/ropam.com.pl\/wsparcie\/wp-content\/uploads\/2024\/08\/2024-08-16_08h38_51-1-1024x598.png 1024w, https:\/\/ropam.com.pl\/wsparcie\/wp-content\/uploads\/2024\/08\/2024-08-16_08h38_51-1-768x448.png 768w, https:\/\/ropam.com.pl\/wsparcie\/wp-content\/uploads\/2024\/08\/2024-08-16_08h38_51-1-600x350.png 600w, https:\/\/ropam.com.pl\/wsparcie\/wp-content\/uploads\/2024\/08\/2024-08-16_08h38_51-1-60x35.png 60w\" sizes=\"auto, (max-width: 1043px) 100vw, 1043px\" \/><\/p>\n<p>&nbsp;<\/p>\n<p><img loading=\"lazy\" decoding=\"async\" class=\"alignnone size-full wp-image-9812\" src=\"https:\/\/ropam.com.pl\/wsparcie\/wp-content\/uploads\/2024\/08\/13_BasicLTE_B.png\" alt=\"\" width=\"2548\" height=\"3404\" srcset=\"https:\/\/ropam.com.pl\/wsparcie\/wp-content\/uploads\/2024\/08\/13_BasicLTE_B.png 2548w, https:\/\/ropam.com.pl\/wsparcie\/wp-content\/uploads\/2024\/08\/13_BasicLTE_B-225x300.png 225w, https:\/\/ropam.com.pl\/wsparcie\/wp-content\/uploads\/2024\/08\/13_BasicLTE_B-766x1024.png 766w, https:\/\/ropam.com.pl\/wsparcie\/wp-content\/uploads\/2024\/08\/13_BasicLTE_B-768x1026.png 768w, https:\/\/ropam.com.pl\/wsparcie\/wp-content\/uploads\/2024\/08\/13_BasicLTE_B-1150x1536.png 1150w, https:\/\/ropam.com.pl\/wsparcie\/wp-content\/uploads\/2024\/08\/13_BasicLTE_B-1533x2048.png 1533w, https:\/\/ropam.com.pl\/wsparcie\/wp-content\/uploads\/2024\/08\/13_BasicLTE_B-300x401.png 300w, https:\/\/ropam.com.pl\/wsparcie\/wp-content\/uploads\/2024\/08\/13_BasicLTE_B-600x802.png 600w, https:\/\/ropam.com.pl\/wsparcie\/wp-content\/uploads\/2024\/08\/13_BasicLTE_B-45x60.png 45w\" sizes=\"auto, (max-width: 2548px) 100vw, 2548px\" \/><\/p>\n<h3 style=\"text-align: center;\"><span style=\"font-size: 24pt; color: #ff0000;\"><strong style=\"font-family: 'arial black', sans-serif;\">W PE\u0141NI POLSKI PRODUKT<\/strong><\/span><\/h3>\n<p style=\"text-align: center;\"><span style=\"font-size: 14pt;\">Ca\u0142y etap produkcji, od pomys\u0142u po wykonanie ko\u0144cowe oparte s\u0105 o autorskie rozwi\u0105zania oraz dog\u0142\u0119bn\u0105 analiz\u0119 potrzeb i trend\u00f3w na\u00a0 rynku.<\/span><\/p>\n<p style=\"text-align: center;\"><img loading=\"lazy\" decoding=\"async\" class=\"wp-image-9726 alignnone\" src=\"https:\/\/ropam.com.pl\/wsparcie\/wp-content\/uploads\/2018\/04\/Obraz1.png\" alt=\"\" width=\"354\" height=\"325\" srcset=\"https:\/\/ropam.com.pl\/wsparcie\/wp-content\/uploads\/2018\/04\/Obraz1.png 292w, https:\/\/ropam.com.pl\/wsparcie\/wp-content\/uploads\/2018\/04\/Obraz1-60x55.png 60w\" sizes=\"auto, (max-width: 354px) 100vw, 354px\" \/><\/p>\n","protected":false},"excerpt":{"rendered":"<p><span style=\"font-size: 14pt;\">Modu\u0142 komunikacyjny LTE (2G\/4G)<\/span><\/p>\n","protected":false},"featured_media":9496,"comment_status":"open","ping_status":"closed","template":"","meta":{"_acf_changed":false,"rank_math_lock_modified_date":false,"inline_featured_image":false},"product_cat":[568],"product_tag":[],"class_list":{"0":"post-9262","1":"product","2":"type-product","3":"status-publish","4":"has-post-thumbnail","6":"product_cat-basiclte-seria","8":"first","9":"instock","10":"taxable","11":"shipping-taxable","12":"purchasable","13":"product-type-simple"},"acf":[],"_links":{"self":[{"href":"https:\/\/ropam.com.pl\/wsparcie\/wp-json\/wp\/v2\/product\/9262","targetHints":{"allow":["GET"]}}],"collection":[{"href":"https:\/\/ropam.com.pl\/wsparcie\/wp-json\/wp\/v2\/product"}],"about":[{"href":"https:\/\/ropam.com.pl\/wsparcie\/wp-json\/wp\/v2\/types\/product"}],"replies":[{"embeddable":true,"href":"https:\/\/ropam.com.pl\/wsparcie\/wp-json\/wp\/v2\/comments?post=9262"}],"wp:featuredmedia":[{"embeddable":true,"href":"https:\/\/ropam.com.pl\/wsparcie\/wp-json\/wp\/v2\/media\/9496"}],"wp:attachment":[{"href":"https:\/\/ropam.com.pl\/wsparcie\/wp-json\/wp\/v2\/media?parent=9262"}],"wp:term":[{"taxonomy":"product_cat","embeddable":true,"href":"https:\/\/ropam.com.pl\/wsparcie\/wp-json\/wp\/v2\/product_cat?post=9262"},{"taxonomy":"product_tag","embeddable":true,"href":"https:\/\/ropam.com.pl\/wsparcie\/wp-json\/wp\/v2\/product_tag?post=9262"}],"curies":[{"name":"wp","href":"https:\/\/api.w.org\/{rel}","templated":true}]}}