{"id":9259,"date":"2024-08-01T09:40:04","date_gmt":"2024-08-01T07:40:04","guid":{"rendered":"https:\/\/ropam.com.pl\/wsparcie\/?post_type=product&#038;p=9259"},"modified":"2025-12-22T14:39:01","modified_gmt":"2025-12-22T13:39:01","slug":"rm85-led-12v","status":"publish","type":"product","link":"https:\/\/ropam.com.pl\/wsparcie\/rm85-led-12v\/","title":{"rendered":"RM85-LED-12V"},"content":{"rendered":"<h3 style=\"text-align: center;\"><span style=\"font-size: 36pt;\">RM85-LED-12V<\/span><\/h3>\n<p style=\"text-align: center;\"><span style=\"font-size: 14pt;\">Wska\u017anik LED do modu\u0142\u00f3w przeka\u017anikowych.<\/span><\/p>\n<p style=\"text-align: center;\"><img loading=\"lazy\" decoding=\"async\" class=\"wp-image-10160 aligncenter\" src=\"https:\/\/ropam.com.pl\/wsparcie\/wp-content\/uploads\/2024\/08\/1000008304-e1725438258386.png\" alt=\"\" width=\"331\" height=\"304\" srcset=\"https:\/\/ropam.com.pl\/wsparcie\/wp-content\/uploads\/2024\/08\/1000008304-e1725438258386.png 1040w, https:\/\/ropam.com.pl\/wsparcie\/wp-content\/uploads\/2024\/08\/1000008304-e1725438258386-300x276.png 300w, https:\/\/ropam.com.pl\/wsparcie\/wp-content\/uploads\/2024\/08\/1000008304-e1725438258386-1024x941.png 1024w, https:\/\/ropam.com.pl\/wsparcie\/wp-content\/uploads\/2024\/08\/1000008304-e1725438258386-768x706.png 768w, https:\/\/ropam.com.pl\/wsparcie\/wp-content\/uploads\/2024\/08\/1000008304-e1725438258386-600x552.png 600w, https:\/\/ropam.com.pl\/wsparcie\/wp-content\/uploads\/2024\/08\/1000008304-e1725438258386-60x55.png 60w\" sizes=\"auto, (max-width: 331px) 100vw, 331px\" \/><\/p>\n<p><span style=\"font-family: 'arial black', sans-serif; color: #07acf2; font-size: 18pt;\"><strong>W\u0142a\u015bciwo\u015bci<\/strong><\/span><\/p>\n<p>\u00bb Wska\u017anik LED do modu\u0142\u00f3w przeka\u017anikowych<br \/>\n\u00bb Zabezpieczenie przeciwprzepi\u0119ciowe &#8211; ogranicza przepi\u0119cia na cewkach DC przeka\u017anik\u00f3w<br \/>\n\u00bb Zasilanie: 6-24V DC<br \/>\n\u00bb Kolor diody: zielony<br \/>\n\u00bb Kompatybilno\u015b\u0107: RM85-12V-1P<\/p>\n<h3 style=\"text-align: center;\"><span style=\"font-size: 24pt; color: #ff0000;\"><strong style=\"font-family: 'arial black', sans-serif;\">W PE\u0141NI POLSKI PRODUKT<\/strong><\/span><\/h3>\n<p style=\"text-align: center;\"><span style=\"font-size: 14pt; font-family: georgia, palatino, serif;\">Ca\u0142y etap produkcji, od pomys\u0142u po wykonanie ko\u0144cowe oparte s\u0105 o autorskie rozwi\u0105zania oraz dog\u0142\u0119bna analiz\u0119 potrzeb i trend\u00f3w na rynku.<\/span><\/p>\n<p style=\"text-align: center;\"><img loading=\"lazy\" decoding=\"async\" class=\"wp-image-9726 aligncenter\" src=\"https:\/\/ropam.com.pl\/wsparcie\/wp-content\/uploads\/2018\/04\/Obraz1.png\" alt=\"\" width=\"288\" height=\"264\" srcset=\"https:\/\/ropam.com.pl\/wsparcie\/wp-content\/uploads\/2018\/04\/Obraz1.png 292w, https:\/\/ropam.com.pl\/wsparcie\/wp-content\/uploads\/2018\/04\/Obraz1-60x55.png 60w\" sizes=\"auto, (max-width: 288px) 100vw, 288px\" \/><\/p>\n","protected":false},"excerpt":{"rendered":"<p>RM85-LED-12V Wska\u017anik LED do modu\u0142\u00f3w przeka\u017anikowych. W\u0142a\u015bciwo\u015bci \u00bb Wska\u017anik LED do modu\u0142\u00f3w przeka\u017anikowych \u00bb Zabezpieczenie przeciwprzepi\u0119ciowe &#8211; ogranicza przepi\u0119cia na cewkach DC przeka\u017anik\u00f3w \u00bb Zasilanie: 6-24V DC \u00bb Kolor diody: zielony \u00bb Kompatybilno\u015b\u0107: RM85-12V-1P W PE\u0141NI POLSKI PRODUKT Ca\u0142y etap produkcji, od pomys\u0142u po wykonanie ko\u0144cowe oparte s\u0105 o autorskie rozwi\u0105zania oraz dog\u0142\u0119bna analiz\u0119 potrzeb [&hellip;]<\/p>\n","protected":false},"featured_media":10160,"comment_status":"open","ping_status":"closed","template":"","meta":{"_acf_changed":false,"rank_math_lock_modified_date":false,"inline_featured_image":false},"product_cat":[491],"product_tag":[],"class_list":{"0":"post-9259","1":"product","2":"type-product","3":"status-publish","4":"has-post-thumbnail","6":"product_cat-moduly-przekaznikowe","8":"first","9":"instock","10":"taxable","11":"shipping-taxable","12":"purchasable","13":"product-type-simple"},"acf":[],"_links":{"self":[{"href":"https:\/\/ropam.com.pl\/wsparcie\/wp-json\/wp\/v2\/product\/9259","targetHints":{"allow":["GET"]}}],"collection":[{"href":"https:\/\/ropam.com.pl\/wsparcie\/wp-json\/wp\/v2\/product"}],"about":[{"href":"https:\/\/ropam.com.pl\/wsparcie\/wp-json\/wp\/v2\/types\/product"}],"replies":[{"embeddable":true,"href":"https:\/\/ropam.com.pl\/wsparcie\/wp-json\/wp\/v2\/comments?post=9259"}],"wp:featuredmedia":[{"embeddable":true,"href":"https:\/\/ropam.com.pl\/wsparcie\/wp-json\/wp\/v2\/media\/10160"}],"wp:attachment":[{"href":"https:\/\/ropam.com.pl\/wsparcie\/wp-json\/wp\/v2\/media?parent=9259"}],"wp:term":[{"taxonomy":"product_cat","embeddable":true,"href":"https:\/\/ropam.com.pl\/wsparcie\/wp-json\/wp\/v2\/product_cat?post=9259"},{"taxonomy":"product_tag","embeddable":true,"href":"https:\/\/ropam.com.pl\/wsparcie\/wp-json\/wp\/v2\/product_tag?post=9259"}],"curies":[{"name":"wp","href":"https:\/\/api.w.org\/{rel}","templated":true}]}}