{"id":9252,"date":"2024-08-01T09:17:58","date_gmt":"2024-08-01T07:17:58","guid":{"rendered":"https:\/\/ropam.com.pl\/wsparcie\/?post_type=product&#038;p=9252"},"modified":"2025-12-22T09:29:05","modified_gmt":"2025-12-22T08:29:05","slug":"io-230v-ari","status":"publish","type":"product","link":"https:\/\/ropam.com.pl\/wsparcie\/io-230v-ari\/","title":{"rendered":"IO-ari-230V"},"content":{"rendered":"<h3 style=\"text-align: center;\"><span style=\"font-size: 36pt;\"><b>IO-ari-230V<\/b><\/span><\/h3>\n<p style=\"text-align: center;\"><span style=\"font-size: 14pt;\">Bezprzewodowy dwukana\u0142owy sterownik 230VAC, kt\u00f3ry nale\u017cy do serii bezprzewodowych urz\u0105dze\u0144 systemu ARI. Do pe\u0142nego dzia\u0142ania systemowego niezb\u0119dny jest punkt dost\u0119powy <b>APm-ari<\/b>\u00a0oraz centrala z rodziny <b>Neo-IP-64<\/b> lub <b>Neo-IP<\/b>.<\/span><\/p>\n<p style=\"text-align: center;\"><img loading=\"lazy\" decoding=\"async\" class=\"wp-image-9828 alignnone\" src=\"https:\/\/ropam.com.pl\/wsparcie\/wp-content\/uploads\/2024\/08\/DSC03259.png\" alt=\"\" width=\"556\" height=\"370\" srcset=\"https:\/\/ropam.com.pl\/wsparcie\/wp-content\/uploads\/2024\/08\/DSC03259.png 5456w, https:\/\/ropam.com.pl\/wsparcie\/wp-content\/uploads\/2024\/08\/DSC03259-300x200.png 300w, https:\/\/ropam.com.pl\/wsparcie\/wp-content\/uploads\/2024\/08\/DSC03259-1024x682.png 1024w, https:\/\/ropam.com.pl\/wsparcie\/wp-content\/uploads\/2024\/08\/DSC03259-768x511.png 768w, https:\/\/ropam.com.pl\/wsparcie\/wp-content\/uploads\/2024\/08\/DSC03259-1536x1022.png 1536w, https:\/\/ropam.com.pl\/wsparcie\/wp-content\/uploads\/2024\/08\/DSC03259-2048x1363.png 2048w, https:\/\/ropam.com.pl\/wsparcie\/wp-content\/uploads\/2024\/08\/DSC03259-600x399.png 600w, https:\/\/ropam.com.pl\/wsparcie\/wp-content\/uploads\/2024\/08\/DSC03259-60x40.png 60w\" sizes=\"auto, (max-width: 556px) 100vw, 556px\" \/><\/p>\n<h3><span style=\"font-family: 'arial black', sans-serif; color: #07acf2;\"><strong>W\u0142a\u015bciwo\u015bci sterownika IO-ari-230V\u00a0<\/strong><\/span><\/h3>\n<p><span style=\"color: #000000;\"><strong>\u00bb <\/strong><\/span>Bezprzewodowy 2-kana\u0142owy modu\u0142 do sterowania o\u015bwietleniem lub innymi urz\u0105dzeniami sterowanymi z 230V<br \/>\n<span style=\"color: #000000;\"><strong>\u00bb <\/strong><\/span>Kompatybilno\u015b\u0107 z centralami z serii <a href=\"https:\/\/ropam.com.pl\/wsparcie\/kategoria-produktu\/centrale-alarmowe\/seria-neo-ip-64\/\"><strong>Neo-IP-64<\/strong><\/a> i <a href=\"https:\/\/ropam.com.pl\/wsparcie\/kategoria-produktu\/centrale-alarmowe\/seria-neo-ip\/\"><strong>Neo-IP<\/strong><\/a> poprzez punkt dost\u0119powy bezprzewodowego systemu ari (<a href=\"https:\/\/ropam.com.pl\/wsparcie\/apm-ari\/\"><strong>APm-ari<\/strong><\/a>)<br \/>\n<span style=\"color: #000000;\"><strong>\u00bb <\/strong><\/span>Dwa tryby pracy: <b>autonomiczna<\/b> lub <b>systemowa<br \/>\n<span style=\"color: #000000;\"><strong>\u00bb <\/strong><\/span><\/b><span style=\"color: #000000;\">Sterowanie o\u015bwietleniem:<br \/>\n<\/span><b>&#8211; lokalne <\/b>(\u0142\u0105czniki monostabilne)<b><br \/>\n&#8211; zdalne <\/b>(aplikacja mobilna, panele dotykowe, zdarzenia systemowe)<b><br \/>\n<\/b><span style=\"color: #000000;\"><strong>\u00bb <\/strong><\/span>Dwa wyj\u015bcia 230V 5A <b>NO1, NO2<br \/>\n<\/b><span style=\"color: #000000;\"><strong>\u00bb <\/strong><\/span>Dwa wej\u015bcia steruj\u0105ce <b>I1, I2\u00a0<\/b> (np. przycisk dzwonkowy)<br \/>\n<span style=\"color: #000000;\"><strong>\u00bb <\/strong><\/span>Modu\u0142 dopuszkowy,\u00a0 wymiary: 47x47x25 [mm]<br \/>\n<span style=\"color: #000000;\"><strong>\u00bb <\/strong><\/span>Zasilanie modu\u0142u 230V AC<br \/>\n<span style=\"color: #000000;\"><strong>\u00bb <\/strong>Obudowa z ABS, niebieska<\/span><\/p>\n<h3><span style=\"font-family: 'arial black', sans-serif; color: #07acf2;\"><strong>W\u0142a\u015bciwo\u015bci komunikacji ari<\/strong><\/span><\/h3>\n<p><span style=\"color: #000000;\"><strong>\u00bb <\/strong>Automatyczne sterowanie moc\u0105 nadawania, do +10dBm, w zale\u017cno\u015bci od si\u0142y (RSSI) i jako\u015bci (LQI) dla maksymalnej \u017cywotno\u015bci baterii<br \/>\n<strong>\u00bb <\/strong>Dwukierunkowa, szyfrowana komunikacja w pa\u015bmie ISM 868 MHz<strong><br \/>\n\u00bb <\/strong>Wysoka czu\u0142o\u015b\u0107 RF do -110dBm<strong><br \/>\n\u00bb <\/strong>Zasi\u0119g do 2000m w terenie otwartym<br \/>\n<\/span><\/p>\n<p><img loading=\"lazy\" decoding=\"async\" class=\" wp-image-9814 aligncenter\" src=\"https:\/\/ropam.com.pl\/wsparcie\/wp-content\/uploads\/2024\/08\/ari_960x378-1.jpg\" alt=\"\" width=\"1102\" height=\"434\" srcset=\"https:\/\/ropam.com.pl\/wsparcie\/wp-content\/uploads\/2024\/08\/ari_960x378-1.jpg 960w, https:\/\/ropam.com.pl\/wsparcie\/wp-content\/uploads\/2024\/08\/ari_960x378-1-300x118.jpg 300w, https:\/\/ropam.com.pl\/wsparcie\/wp-content\/uploads\/2024\/08\/ari_960x378-1-768x302.jpg 768w, https:\/\/ropam.com.pl\/wsparcie\/wp-content\/uploads\/2024\/08\/ari_960x378-1-600x236.jpg 600w, https:\/\/ropam.com.pl\/wsparcie\/wp-content\/uploads\/2024\/08\/ari_960x378-1-60x24.jpg 60w\" sizes=\"auto, (max-width: 1102px) 100vw, 1102px\" \/><\/p>\n<h3 style=\"text-align: center;\"><span style=\"font-size: 24pt; color: #ff0000;\"><strong style=\"font-family: 'arial black', sans-serif;\">W PE\u0141NI POLSKI PRODUKT<\/strong><\/span><\/h3>\n<p style=\"text-align: center;\"><span style=\"font-size: 14pt;\">Ca\u0142y etap produkcji, od pomys\u0142u po wykonanie ko\u0144cowe oparte s\u0105 o autorskie rozwi\u0105zania oraz dog\u0142\u0119bn\u0105 analiz\u0119 potrzeb i trend\u00f3w na\u00a0 rynku.<\/span><\/p>\n<p style=\"text-align: center;\"><img loading=\"lazy\" decoding=\"async\" class=\"wp-image-9726 alignnone\" src=\"https:\/\/ropam.com.pl\/wsparcie\/wp-content\/uploads\/2018\/04\/Obraz1.png\" alt=\"\" width=\"354\" height=\"325\" srcset=\"https:\/\/ropam.com.pl\/wsparcie\/wp-content\/uploads\/2018\/04\/Obraz1.png 292w, https:\/\/ropam.com.pl\/wsparcie\/wp-content\/uploads\/2018\/04\/Obraz1-60x55.png 60w\" sizes=\"auto, (max-width: 354px) 100vw, 354px\" \/><\/p>\n","protected":false},"excerpt":{"rendered":"<p><span style=\"font-size: 14pt;\">Bezprzewodowy sterownik<\/span><\/p>\n","protected":false},"featured_media":9604,"comment_status":"open","ping_status":"closed","template":"","meta":{"_acf_changed":false,"rank_math_lock_modified_date":false,"inline_featured_image":false},"product_cat":[588,560],"product_tag":[],"class_list":{"0":"post-9252","1":"product","2":"type-product","3":"status-publish","4":"has-post-thumbnail","6":"product_cat-sterowniki-bezprzewodowy-system-ari","7":"product_cat-sterowniki-oswietlenia","9":"first","10":"instock","11":"taxable","12":"shipping-taxable","13":"purchasable","14":"product-type-simple"},"acf":[],"_links":{"self":[{"href":"https:\/\/ropam.com.pl\/wsparcie\/wp-json\/wp\/v2\/product\/9252","targetHints":{"allow":["GET"]}}],"collection":[{"href":"https:\/\/ropam.com.pl\/wsparcie\/wp-json\/wp\/v2\/product"}],"about":[{"href":"https:\/\/ropam.com.pl\/wsparcie\/wp-json\/wp\/v2\/types\/product"}],"replies":[{"embeddable":true,"href":"https:\/\/ropam.com.pl\/wsparcie\/wp-json\/wp\/v2\/comments?post=9252"}],"wp:featuredmedia":[{"embeddable":true,"href":"https:\/\/ropam.com.pl\/wsparcie\/wp-json\/wp\/v2\/media\/9604"}],"wp:attachment":[{"href":"https:\/\/ropam.com.pl\/wsparcie\/wp-json\/wp\/v2\/media?parent=9252"}],"wp:term":[{"taxonomy":"product_cat","embeddable":true,"href":"https:\/\/ropam.com.pl\/wsparcie\/wp-json\/wp\/v2\/product_cat?post=9252"},{"taxonomy":"product_tag","embeddable":true,"href":"https:\/\/ropam.com.pl\/wsparcie\/wp-json\/wp\/v2\/product_tag?post=9252"}],"curies":[{"name":"wp","href":"https:\/\/api.w.org\/{rel}","templated":true}]}}