{"id":9251,"date":"2025-12-29T09:12:50","date_gmt":"2025-12-29T08:12:50","guid":{"rendered":"https:\/\/ropam.com.pl\/wsparcie\/?post_type=product&#038;p=9251"},"modified":"2026-02-03T15:35:50","modified_gmt":"2026-02-03T14:35:50","slug":"srol-ari","status":"publish","type":"product","link":"https:\/\/ropam.com.pl\/wsparcie\/srol-ari\/","title":{"rendered":"SROL-ari"},"content":{"rendered":"<h3 style=\"text-align: center;\"><span style=\"font-size: 36pt;\"><b>SROL-ari<\/b><\/span><\/h3>\n<p style=\"text-align: center;\">Bezprzewodowy sterownik do rolet i \u017caluzji fasadowych, kt\u00f3ry nale\u017cy do serii bezprzewodowych urz\u0105dze\u0144 systemu ARI. Do pe\u0142nego dzia\u0142ania systemowego niezb\u0119dny jest punkt dost\u0119powy <b>APm-ari<\/b>\u00a0oraz centrala z rodziny <b>Neo-IP-64<\/b> lub <b>Neo-IP<\/b>.<\/p>\n<p style=\"text-align: center;\"><img loading=\"lazy\" decoding=\"async\" class=\"wp-image-9831 alignnone\" src=\"https:\/\/ropam.com.pl\/wsparcie\/wp-content\/uploads\/2024\/08\/SROL_ari.png\" alt=\"\" width=\"527\" height=\"351\" srcset=\"https:\/\/ropam.com.pl\/wsparcie\/wp-content\/uploads\/2024\/08\/SROL_ari.png 5456w, https:\/\/ropam.com.pl\/wsparcie\/wp-content\/uploads\/2024\/08\/SROL_ari-300x200.png 300w, https:\/\/ropam.com.pl\/wsparcie\/wp-content\/uploads\/2024\/08\/SROL_ari-1024x682.png 1024w, https:\/\/ropam.com.pl\/wsparcie\/wp-content\/uploads\/2024\/08\/SROL_ari-768x511.png 768w, https:\/\/ropam.com.pl\/wsparcie\/wp-content\/uploads\/2024\/08\/SROL_ari-1536x1022.png 1536w, https:\/\/ropam.com.pl\/wsparcie\/wp-content\/uploads\/2024\/08\/SROL_ari-2048x1363.png 2048w, https:\/\/ropam.com.pl\/wsparcie\/wp-content\/uploads\/2024\/08\/SROL_ari-600x399.png 600w, https:\/\/ropam.com.pl\/wsparcie\/wp-content\/uploads\/2024\/08\/SROL_ari-60x40.png 60w\" sizes=\"auto, (max-width: 527px) 100vw, 527px\" \/><\/p>\n<h3><span style=\"font-family: 'arial black', sans-serif; color: #07acf2;\"><strong>W\u0142a\u015bciwo\u015bci sterownika SROL-ari<\/strong><\/span><\/h3>\n<p>\u00bb\u00a0Bezprzewodowy 1-kana\u0142owy modu\u0142 do sterowania roletami i \u017caluzjami fasadowymi<br \/>\n<span style=\"color: #000000;\"><strong>\u00bb <\/strong><\/span>Kompatybilno\u015b\u0107 z centralami z serii <a href=\"https:\/\/ropam.com.pl\/wsparcie\/kategoria-produktu\/centrale-alarmowe\/seria-neo-ip-64\/\"><strong>Neo-IP-64<\/strong><\/a> i <a href=\"https:\/\/ropam.com.pl\/wsparcie\/kategoria-produktu\/centrale-alarmowe\/seria-neo-ip\/\"><strong>Neo-IP<\/strong><\/a> poprzez punkt dost\u0119powy bezprzewodowego systemu ari (<a href=\"https:\/\/ropam.com.pl\/wsparcie\/apm-ari\/\"><strong>APm-ari<\/strong><\/a>)<br \/>\n\u00bb\u00a0Dwa tryby pracy: <b>autonomiczna<\/b> lub <b>systemowa<br \/>\n<\/b>\u00bb\u00a0Sterowanie rolet\u0105\/\u017caluzj\u0105:<br \/>\n<b>&#8211; lokalne<\/b> (\u0142\u0105czniki \u017caluzjowe)<br \/>\n<strong>&#8211;<\/strong> <b>zdalne<\/b> (aplikacja mobilna, panele dotykowe, zdarzenia systemowe)<br \/>\n<b>\u00bb\u00a0<\/b>Automatyczna kalibracja rolety\/\u017caluzji<b><br \/>\n<\/b><b>\u00bb\u00a0<\/b><strong>Informacja o aktualnym po\u0142o\u017ceniu rolety\/\u017caluzji w aplikacji mobilnej i panelu dotykowym<\/strong><b><br \/>\n\u00bb <\/b>Mo\u017cliwo\u015b\u0107 sterowania k\u0105tem pochylenia lameli w \u017caluzjach fasadowych<b><br \/>\n<\/b>\u00bb Modu\u0142 dopuszkowy,\u00a0 wymiary: 47x47x25 [mm]<br \/>\n\u00bb\u00a0Zasilanie modu\u0142u 230V AC<br \/>\n<span style=\"color: #000000;\"><strong>\u00bb <\/strong>Obudowa z ABS, niebieska<\/span><\/p>\n<h3><span style=\"font-family: 'arial black', sans-serif; color: #07acf2;\"><strong>W\u0142a\u015bciwo\u015bci komunikacji ari<\/strong><\/span><\/h3>\n<p><span style=\"color: #000000;\"><strong>\u00bb <\/strong>Automatyczne sterowanie moc\u0105 nadawania, do +10dBm, w zale\u017cno\u015bci od si\u0142y (RSSI) i jako\u015bci (LQI) dla maksymalnej \u017cywotno\u015bci baterii<br \/>\n<strong>\u00bb <\/strong>Dwukierunkowa, szyfrowana komunikacja w pa\u015bmie ISM 868 MHz<strong><br \/>\n\u00bb <\/strong>Wysoka czu\u0142o\u015b\u0107 RF do -110dBm<strong><br \/>\n\u00bb <\/strong>Zasi\u0119g do 2000m w terenie otwartym<\/span><\/p>\n<p>&nbsp;<\/p>\n<p><img loading=\"lazy\" decoding=\"async\" class=\"wp-image-9814 alignnone\" src=\"https:\/\/ropam.com.pl\/wsparcie\/wp-content\/uploads\/2024\/08\/ari_960x378-1.jpg\" alt=\"\" width=\"1120\" height=\"441\" srcset=\"https:\/\/ropam.com.pl\/wsparcie\/wp-content\/uploads\/2024\/08\/ari_960x378-1.jpg 960w, https:\/\/ropam.com.pl\/wsparcie\/wp-content\/uploads\/2024\/08\/ari_960x378-1-300x118.jpg 300w, https:\/\/ropam.com.pl\/wsparcie\/wp-content\/uploads\/2024\/08\/ari_960x378-1-768x302.jpg 768w, https:\/\/ropam.com.pl\/wsparcie\/wp-content\/uploads\/2024\/08\/ari_960x378-1-600x236.jpg 600w, https:\/\/ropam.com.pl\/wsparcie\/wp-content\/uploads\/2024\/08\/ari_960x378-1-60x24.jpg 60w\" sizes=\"auto, (max-width: 1120px) 100vw, 1120px\" \/><\/p>\n<h3 style=\"text-align: center;\"><span style=\"font-size: 24pt; color: #ff0000;\"><strong style=\"font-family: 'arial black', sans-serif;\">W PE\u0141NI POLSKI PRODUKT<\/strong><\/span><\/h3>\n<p style=\"text-align: center;\"><span style=\"font-size: 14pt;\">Ca\u0142y etap produkcji, od pomys\u0142u po wykonanie ko\u0144cowe oparte s\u0105 o autorskie rozwi\u0105zania oraz dog\u0142\u0119bn\u0105 analiz\u0119 potrzeb i trend\u00f3w na\u00a0 rynku.<\/span><\/p>\n<p style=\"text-align: center;\"><img loading=\"lazy\" decoding=\"async\" class=\"wp-image-9726 alignnone\" src=\"https:\/\/ropam.com.pl\/wsparcie\/wp-content\/uploads\/2018\/04\/Obraz1.png\" alt=\"\" width=\"354\" height=\"325\" srcset=\"https:\/\/ropam.com.pl\/wsparcie\/wp-content\/uploads\/2018\/04\/Obraz1.png 292w, https:\/\/ropam.com.pl\/wsparcie\/wp-content\/uploads\/2018\/04\/Obraz1-60x55.png 60w\" sizes=\"auto, (max-width: 354px) 100vw, 354px\" \/><\/p>\n","protected":false},"excerpt":{"rendered":"<p><span style=\"font-size: 14pt;\">Bezprzewodowy sterownik rolet<\/span><\/p>\n","protected":false},"featured_media":9603,"comment_status":"open","ping_status":"closed","template":"","meta":{"_acf_changed":false,"rank_math_lock_modified_date":false,"inline_featured_image":false},"product_cat":[588,556],"product_tag":[],"class_list":{"0":"post-9251","1":"product","2":"type-product","3":"status-publish","4":"has-post-thumbnail","6":"product_cat-sterowniki-bezprzewodowy-system-ari","7":"product_cat-sterowniki-rolet","9":"first","10":"instock","11":"taxable","12":"shipping-taxable","13":"purchasable","14":"product-type-simple"},"acf":[],"_links":{"self":[{"href":"https:\/\/ropam.com.pl\/wsparcie\/wp-json\/wp\/v2\/product\/9251","targetHints":{"allow":["GET"]}}],"collection":[{"href":"https:\/\/ropam.com.pl\/wsparcie\/wp-json\/wp\/v2\/product"}],"about":[{"href":"https:\/\/ropam.com.pl\/wsparcie\/wp-json\/wp\/v2\/types\/product"}],"replies":[{"embeddable":true,"href":"https:\/\/ropam.com.pl\/wsparcie\/wp-json\/wp\/v2\/comments?post=9251"}],"wp:featuredmedia":[{"embeddable":true,"href":"https:\/\/ropam.com.pl\/wsparcie\/wp-json\/wp\/v2\/media\/9603"}],"wp:attachment":[{"href":"https:\/\/ropam.com.pl\/wsparcie\/wp-json\/wp\/v2\/media?parent=9251"}],"wp:term":[{"taxonomy":"product_cat","embeddable":true,"href":"https:\/\/ropam.com.pl\/wsparcie\/wp-json\/wp\/v2\/product_cat?post=9251"},{"taxonomy":"product_tag","embeddable":true,"href":"https:\/\/ropam.com.pl\/wsparcie\/wp-json\/wp\/v2\/product_tag?post=9251"}],"curies":[{"name":"wp","href":"https:\/\/api.w.org\/{rel}","templated":true}]}}