{"id":9249,"date":"2020-08-01T08:46:19","date_gmt":"2020-08-01T06:46:19","guid":{"rendered":"https:\/\/ropam.com.pl\/wsparcie\/?post_type=product&#038;p=9249"},"modified":"2026-02-03T10:10:50","modified_gmt":"2026-02-03T09:10:50","slug":"at-smaf-fmef","status":"publish","type":"product","link":"https:\/\/ropam.com.pl\/wsparcie\/at-smaf-fmef\/","title":{"rendered":"AT-SMAf-FMEf"},"content":{"rendered":"<h3 style=\"text-align: center;\"><span style=\"font-size: 36pt;\">AT-SMAf-FMEf<\/span><\/h3>\n<p style=\"text-align: center;\"><span style=\"font-size: 14pt;\">Adapter, przej\u015bci\u00f3wka z gniazda SMA na FME, wkr\u0119cany do SMA-m.<\/span><\/p>\n<p style=\"text-align: center;\"><img loading=\"lazy\" decoding=\"async\" class=\"wp-image-10167 aligncenter\" src=\"https:\/\/ropam.com.pl\/wsparcie\/wp-content\/uploads\/2024\/08\/AT-SMAf-FMEf-e1725368922366.jpeg\" alt=\"\" width=\"197\" height=\"294\" srcset=\"https:\/\/ropam.com.pl\/wsparcie\/wp-content\/uploads\/2024\/08\/AT-SMAf-FMEf-e1725368922366.jpeg 368w, https:\/\/ropam.com.pl\/wsparcie\/wp-content\/uploads\/2024\/08\/AT-SMAf-FMEf-e1725368922366-201x300.jpeg 201w, https:\/\/ropam.com.pl\/wsparcie\/wp-content\/uploads\/2024\/08\/AT-SMAf-FMEf-e1725368922366-300x447.jpeg 300w, https:\/\/ropam.com.pl\/wsparcie\/wp-content\/uploads\/2024\/08\/AT-SMAf-FMEf-e1725368922366-40x60.jpeg 40w\" sizes=\"auto, (max-width: 197px) 100vw, 197px\" \/><\/p>\n<p style=\"text-align: center;\">\n","protected":false},"excerpt":{"rendered":"<p>AT-SMAf-FMEf Adapter, przej\u015bci\u00f3wka z gniazda SMA na FME, wkr\u0119cany do SMA-m.<\/p>\n","protected":false},"featured_media":10284,"comment_status":"open","ping_status":"closed","template":"","meta":{"_acf_changed":false,"rank_math_lock_modified_date":false,"inline_featured_image":false},"product_cat":[436],"product_tag":[],"class_list":{"0":"post-9249","1":"product","2":"type-product","3":"status-publish","4":"has-post-thumbnail","6":"product_cat-anteny-gsm-lte","8":"first","9":"instock","10":"taxable","11":"shipping-taxable","12":"purchasable","13":"product-type-simple"},"acf":[],"_links":{"self":[{"href":"https:\/\/ropam.com.pl\/wsparcie\/wp-json\/wp\/v2\/product\/9249","targetHints":{"allow":["GET"]}}],"collection":[{"href":"https:\/\/ropam.com.pl\/wsparcie\/wp-json\/wp\/v2\/product"}],"about":[{"href":"https:\/\/ropam.com.pl\/wsparcie\/wp-json\/wp\/v2\/types\/product"}],"replies":[{"embeddable":true,"href":"https:\/\/ropam.com.pl\/wsparcie\/wp-json\/wp\/v2\/comments?post=9249"}],"wp:featuredmedia":[{"embeddable":true,"href":"https:\/\/ropam.com.pl\/wsparcie\/wp-json\/wp\/v2\/media\/10284"}],"wp:attachment":[{"href":"https:\/\/ropam.com.pl\/wsparcie\/wp-json\/wp\/v2\/media?parent=9249"}],"wp:term":[{"taxonomy":"product_cat","embeddable":true,"href":"https:\/\/ropam.com.pl\/wsparcie\/wp-json\/wp\/v2\/product_cat?post=9249"},{"taxonomy":"product_tag","embeddable":true,"href":"https:\/\/ropam.com.pl\/wsparcie\/wp-json\/wp\/v2\/product_tag?post=9249"}],"curies":[{"name":"wp","href":"https:\/\/api.w.org\/{rel}","templated":true}]}}