{"id":9163,"date":"2024-07-31T10:26:12","date_gmt":"2024-07-31T08:26:12","guid":{"rendered":"https:\/\/ropam.com.pl\/wsparcie\/?post_type=product&#038;p=9163"},"modified":"2025-12-19T13:53:15","modified_gmt":"2025-12-19T12:53:15","slug":"tpr-7w","status":"publish","type":"product","link":"https:\/\/ropam.com.pl\/wsparcie\/tpr-7w\/","title":{"rendered":"TPR-7W"},"content":{"rendered":"<h3 style=\"text-align: center;\"><span style=\"font-size: 36pt;\"><strong>Panel dotykowy TPR-7W<\/strong><\/span><\/h3>\n<p style=\"text-align: center;\"><span style=\"font-size: 14pt;\">Panel dotykowy TPR-7W\u00a0 to nowoczesny element sterowania i kontroli systemu alarmowego. <\/span><\/p>\n<p style=\"text-align: center;\"><span style=\"font-size: 14pt;\">Nowoczesna stylistyka, sprawdzona technologia oraz intuicyjny przejrzysty interfejs sprawia, \u017ce sterowanie systemem alarmowym i automatyk\u0105 domow\u0105 nigdy nie by\u0142o takie proste.<\/span><\/p>\n<p style=\"text-align: center;\"><img loading=\"lazy\" decoding=\"async\" class=\"wp-image-9165 aligncenter\" src=\"https:\/\/ropam.com.pl\/wsparcie\/wp-content\/uploads\/2024\/07\/tpr7_gradient_w-300x180.png\" alt=\"\" width=\"465\" height=\"279\" srcset=\"https:\/\/ropam.com.pl\/wsparcie\/wp-content\/uploads\/2024\/07\/tpr7_gradient_w-300x180.png 300w, https:\/\/ropam.com.pl\/wsparcie\/wp-content\/uploads\/2024\/07\/tpr7_gradient_w-768x461.png 768w, https:\/\/ropam.com.pl\/wsparcie\/wp-content\/uploads\/2024\/07\/tpr7_gradient_w-600x360.png 600w, https:\/\/ropam.com.pl\/wsparcie\/wp-content\/uploads\/2024\/07\/tpr7_gradient_w-60x36.png 60w, https:\/\/ropam.com.pl\/wsparcie\/wp-content\/uploads\/2024\/07\/tpr7_gradient_w.png 800w\" sizes=\"auto, (max-width: 465px) 100vw, 465px\" \/><\/p>\n<p><span style=\"font-size: 14pt;\"><strong style=\"color: #07acf2; font-family: 'arial black', sans-serif;\">W\u0142a\u015bciwo\u015bci\u00a0<\/strong><\/span><\/p>\n<p style=\"text-align: left;\"><span style=\"color: #000000;\"><strong>\u00bb<\/strong> Panel dotykowy o <strong>przek\u0105tnej 7&#8243;<\/strong><br \/>\n<\/span><span style=\"color: #000000;\"><strong>\u00bb<\/strong> Kolorowy wy\u015bwietlacz 800x480px<br \/>\n<\/span><span style=\"color: #000000;\"><strong>\u00bb Pojemno\u015bciowy<\/strong>\u00a0ekran dotykowy<br \/>\n<\/span><span style=\"color: #000000;\"><strong>\u00bb<\/strong> Dost\u0119pny w dw\u00f3ch kolorach : <strong>bia\u0142y<\/strong>\/czarny<br \/>\n<\/span><span style=\"color: #000000;\"><strong>\u00bb<\/strong> Interaktywne, personalizowane menu z ponad 80 wid\u017cetami do wyboru<br \/>\n<\/span><span style=\"color: #000000;\"><strong>\u00bb<\/strong> 3 konfigurowalne ekrany z mo\u017cliwo\u015bci\u0105 dowolnego rozmieszczenia ikon<strong><br \/>\n<\/strong><\/span><span style=\"color: #000000;\"><strong>\u00bb\u00a0<\/strong>Dynamiczne ikony, zmieniaj\u0105ce wygl\u0105d w zale\u017cno\u015bci od stanu wej\u015bcia<br \/>\n<strong>\u00bb<\/strong>\u00a0Tekstowe podpowiedzi dla danych wid\u017cet\u00f3w i ich funkcji<br \/>\n<strong>\u00bb <\/strong>Indywidualny i konfigurowalny kolor t\u0142a dla ka\u017cdej ikony &#8211;<span style=\"color: #ff0000;\"><strong> NOWO\u015a\u0106<\/strong><\/span><br \/>\n<strong>\u00bb<\/strong> Sterowanie automatyk\u0105 domow\u0105:<strong> rolety, o\u015bwietlenie, bramy i szlabany, termostat pokojowy i wiele wi\u0119cej<br \/>\n<\/strong><\/span><span style=\"color: #000000;\"><strong>\u00bb<\/strong> Mo\u017cliwo\u015b\u0107 zgrupowania urz\u0105dze\u0144 w jednym wid\u017cecie &#8211;\u00a0<strong><span style=\"color: #ff0000;\">NOWO\u015a\u0106<\/span><\/strong><strong><br \/>\n\u00bb<\/strong>\u00a0Wygaszacz ekranu z funkcj\u0105<strong> kalendarza, zegara, temperatury lub fotoramki<br \/>\n<\/strong><\/span><span style=\"color: #000000;\"><strong>\u00bb<\/strong> Sygnalizacja d\u017awi\u0119kowa<br \/>\n<\/span><span style=\"color: #000000;\"><strong>\u00bb<\/strong> Wbudowane gniazdo na <strong>kart\u0119 SD<br \/>\n\u00bb <\/strong>Komunikacja z central\u0105 po magistrali RopamNET<br \/>\n<strong>\u00bb <\/strong>Aktualizacji panelu z karty SD &#8211;<span style=\"color: #ff0000;\"><strong> NOWO\u015a\u0106<br \/>\n<\/strong><\/span><strong>\u00bb<\/strong>\u00a0Dodatkowe <strong>2 wej\u015bcia<\/strong> alarmowe<strong><br \/>\n<\/strong><strong>\u00bb <\/strong>Wbudowane <strong>1 wyj\u015bcie<\/strong> tranzystorowe<br \/>\n<\/span><span style=\"color: #000000;\"><strong>\u00bb<\/strong> Zabezpieczenie antysabota\u017cowe obudowy<br \/>\n<strong>\u00bb <\/strong>Wymiary i waga: 177x116x18 mm, 470g<br \/>\n<\/span><span style=\"color: #000000;\"><strong>\u00bb<\/strong> Nieroz\u0142\u0105czne listwy zaciskowe<\/span><\/p>\n<p><span style=\"color: #00ccff; font-size: 14pt;\"><strong><span style=\"font-family: georgia, palatino, serif;\"><strong style=\"color: #07acf2; font-family: 'arial black', sans-serif;\">Panele dotykowe z serii TPR-7 s\u0105 kompatybilne z centralami<\/strong><\/span><\/strong><\/span><\/p>\n<p><b><span style=\"color: #000000;\"><strong>\u00bb <\/strong><\/span>NeoLTE-IP-64<br \/>\n<\/b><b><span style=\"color: #000000;\"><strong>\u00bb <\/strong><\/span>NeoGSM-IP-64<br \/>\n<span style=\"color: #000000;\"><strong>\u00bb <\/strong><\/span><\/b><b>Neo-IP-64<br \/>\n<\/b><\/p>\n<p><img loading=\"lazy\" decoding=\"async\" class=\"aligncenter size-full wp-image-9757\" src=\"https:\/\/ropam.com.pl\/wsparcie\/wp-content\/uploads\/2024\/07\/Tekst-akapitu-9.png\" alt=\"\" width=\"1587\" height=\"2245\" srcset=\"https:\/\/ropam.com.pl\/wsparcie\/wp-content\/uploads\/2024\/07\/Tekst-akapitu-9.png 1587w, https:\/\/ropam.com.pl\/wsparcie\/wp-content\/uploads\/2024\/07\/Tekst-akapitu-9-212x300.png 212w, https:\/\/ropam.com.pl\/wsparcie\/wp-content\/uploads\/2024\/07\/Tekst-akapitu-9-724x1024.png 724w, https:\/\/ropam.com.pl\/wsparcie\/wp-content\/uploads\/2024\/07\/Tekst-akapitu-9-768x1086.png 768w, https:\/\/ropam.com.pl\/wsparcie\/wp-content\/uploads\/2024\/07\/Tekst-akapitu-9-1086x1536.png 1086w, https:\/\/ropam.com.pl\/wsparcie\/wp-content\/uploads\/2024\/07\/Tekst-akapitu-9-1448x2048.png 1448w, https:\/\/ropam.com.pl\/wsparcie\/wp-content\/uploads\/2024\/07\/Tekst-akapitu-9-300x424.png 300w, https:\/\/ropam.com.pl\/wsparcie\/wp-content\/uploads\/2024\/07\/Tekst-akapitu-9-600x849.png 600w, https:\/\/ropam.com.pl\/wsparcie\/wp-content\/uploads\/2024\/07\/Tekst-akapitu-9-42x60.png 42w\" sizes=\"auto, (max-width: 1587px) 100vw, 1587px\" \/><\/p>\n<h3 style=\"text-align: center;\"><span style=\"font-size: 24pt; color: #ff0000;\"><strong style=\"font-family: 'arial black', sans-serif;\">W PE\u0141NI POLSKI PRODUKT<\/strong><\/span><\/h3>\n<p style=\"text-align: center;\"><span style=\"font-size: 14pt;\">Ca\u0142y etap produkcji, od pomys\u0142u po wykonanie ko\u0144cowe oparte s\u0105 o autorskie rozwi\u0105zania oraz dog\u0142\u0119bn\u0105 analiz\u0119 potrzeb i trend\u00f3w na\u00a0 rynku.<\/span><\/p>\n<p style=\"text-align: center;\"><img loading=\"lazy\" decoding=\"async\" class=\"wp-image-9726 alignnone\" src=\"https:\/\/ropam.com.pl\/wsparcie\/wp-content\/uploads\/2018\/04\/Obraz1.png\" alt=\"\" width=\"354\" height=\"325\" srcset=\"https:\/\/ropam.com.pl\/wsparcie\/wp-content\/uploads\/2018\/04\/Obraz1.png 292w, https:\/\/ropam.com.pl\/wsparcie\/wp-content\/uploads\/2018\/04\/Obraz1-60x55.png 60w\" sizes=\"auto, (max-width: 354px) 100vw, 354px\" \/><\/p>\n","protected":false},"excerpt":{"rendered":"<p><span style=\"font-size: 14pt;\">Panel dotykowy 7&#8243; bia\u0142y<\/span><\/p>\n","protected":false},"featured_media":10348,"comment_status":"open","ping_status":"closed","template":"","meta":{"_acf_changed":false,"rank_math_lock_modified_date":false,"inline_featured_image":false},"product_cat":[572],"product_tag":[],"class_list":{"0":"post-9163","1":"product","2":"type-product","3":"status-publish","4":"has-post-thumbnail","6":"product_cat-tpr-7","8":"first","9":"instock","10":"taxable","11":"shipping-taxable","12":"purchasable","13":"product-type-simple"},"acf":[],"_links":{"self":[{"href":"https:\/\/ropam.com.pl\/wsparcie\/wp-json\/wp\/v2\/product\/9163","targetHints":{"allow":["GET"]}}],"collection":[{"href":"https:\/\/ropam.com.pl\/wsparcie\/wp-json\/wp\/v2\/product"}],"about":[{"href":"https:\/\/ropam.com.pl\/wsparcie\/wp-json\/wp\/v2\/types\/product"}],"replies":[{"embeddable":true,"href":"https:\/\/ropam.com.pl\/wsparcie\/wp-json\/wp\/v2\/comments?post=9163"}],"wp:featuredmedia":[{"embeddable":true,"href":"https:\/\/ropam.com.pl\/wsparcie\/wp-json\/wp\/v2\/media\/10348"}],"wp:attachment":[{"href":"https:\/\/ropam.com.pl\/wsparcie\/wp-json\/wp\/v2\/media?parent=9163"}],"wp:term":[{"taxonomy":"product_cat","embeddable":true,"href":"https:\/\/ropam.com.pl\/wsparcie\/wp-json\/wp\/v2\/product_cat?post=9163"},{"taxonomy":"product_tag","embeddable":true,"href":"https:\/\/ropam.com.pl\/wsparcie\/wp-json\/wp\/v2\/product_tag?post=9163"}],"curies":[{"name":"wp","href":"https:\/\/api.w.org\/{rel}","templated":true}]}}