{"id":9146,"date":"2024-07-30T15:28:02","date_gmt":"2024-07-30T13:28:02","guid":{"rendered":"https:\/\/ropam.com.pl\/wsparcie\/?post_type=product&#038;p=9146"},"modified":"2025-12-23T08:38:06","modified_gmt":"2025-12-23T07:38:06","slug":"neo-ip-d9m","status":"publish","type":"product","link":"https:\/\/ropam.com.pl\/wsparcie\/neo-ip-d9m\/","title":{"rendered":"Neo-IP-D9M"},"content":{"rendered":"<p style=\"text-align: center;\"><span style=\"font-size: 24pt; font-family: 'arial black', sans-serif;\"><strong><span style=\"font-size: 36pt;\">Neo-IP-D9M<\/span>\u00a0<\/strong><\/span><\/p>\n<p style=\"text-align: center;\"><img loading=\"lazy\" decoding=\"async\" class=\"wp-image-9408 aligncenter\" src=\"https:\/\/ropam.com.pl\/wsparcie\/wp-content\/uploads\/2024\/07\/wifi.jpg\" alt=\"\" width=\"52\" height=\"47\" srcset=\"https:\/\/ropam.com.pl\/wsparcie\/wp-content\/uploads\/2024\/07\/wifi.jpg 221w, https:\/\/ropam.com.pl\/wsparcie\/wp-content\/uploads\/2024\/07\/wifi-60x54.jpg 60w\" sizes=\"auto, (max-width: 52px) 100vw, 52px\" \/><\/p>\n<p style=\"text-align: center;\"><span style=\"font-size: 14pt;\"><span style=\"font-family: arial, helvetica, sans-serif;\">Centrala alarmowa z wbudowanym modu\u0142em WiFi oraz z funkcjami automatyki domowej.<\/span><span style=\"font-family: arial, helvetica, sans-serif;\"><br \/>\n<\/span><span style=\"font-family: arial, helvetica, sans-serif;\">Neo-IP-D9M wraz z urz\u0105dzeniami peryferyjnymi to rozwi\u0105zanie integruj\u0105ce elektroniczny system sygnalizacji w\u0142amania i napadu oraz automatyk\u0119 domow\u0105. <\/span><span style=\"font-family: arial, helvetica, sans-serif;\">Dzi\u0119ki modu\u0142owej konstrukcji system mo\u017ce by\u0107 rozbudowany i dostosowany do zmieniaj\u0105cych si\u0119 potrzeb u\u017cytkownika.<br \/>\n<\/span><span style=\"font-family: arial, helvetica, sans-serif;\">Konstrukcja i funkcje zgodne z PN-EN 50131-3, Grade 2.<\/span><\/span><\/p>\n<p style=\"text-align: center;\"><img loading=\"lazy\" decoding=\"async\" class=\"alignnone wp-image-9355\" src=\"https:\/\/ropam.com.pl\/wsparcie\/wp-content\/uploads\/2024\/07\/Projekt-bez-nazwy-53-300x251.png\" alt=\"\" width=\"486\" height=\"407\" srcset=\"https:\/\/ropam.com.pl\/wsparcie\/wp-content\/uploads\/2024\/07\/Projekt-bez-nazwy-53-300x251.png 300w, https:\/\/ropam.com.pl\/wsparcie\/wp-content\/uploads\/2024\/07\/Projekt-bez-nazwy-53-768x644.png 768w, https:\/\/ropam.com.pl\/wsparcie\/wp-content\/uploads\/2024\/07\/Projekt-bez-nazwy-53-600x503.png 600w, https:\/\/ropam.com.pl\/wsparcie\/wp-content\/uploads\/2024\/07\/Projekt-bez-nazwy-53-60x50.png 60w, https:\/\/ropam.com.pl\/wsparcie\/wp-content\/uploads\/2024\/07\/Projekt-bez-nazwy-53.png 940w\" sizes=\"auto, (max-width: 486px) 100vw, 486px\" \/><img loading=\"lazy\" decoding=\"async\" class=\"wp-image-9018 alignnone\" src=\"https:\/\/ropam.com.pl\/wsparcie\/wp-content\/uploads\/2023\/03\/2024-03-05_13h07_32-209x300.png\" alt=\"\" width=\"196\" height=\"281\" srcset=\"https:\/\/ropam.com.pl\/wsparcie\/wp-content\/uploads\/2023\/03\/2024-03-05_13h07_32-209x300.png 209w, https:\/\/ropam.com.pl\/wsparcie\/wp-content\/uploads\/2023\/03\/2024-03-05_13h07_32-42x60.png 42w, https:\/\/ropam.com.pl\/wsparcie\/wp-content\/uploads\/2023\/03\/2024-03-05_13h07_32.png 298w\" sizes=\"auto, (max-width: 196px) 100vw, 196px\" \/><\/p>\n<h3><span style=\"font-family: 'arial black', sans-serif; color: #07acf2;\"><strong>Parametry Techniczne<\/strong><\/span><\/h3>\n<p><span style=\"color: #000000;\"><strong>\u00bb<\/strong> 2 strefy<br \/>\n<\/span><span style=\"color: #000000;\"><strong>\u00bb<\/strong> Ilo\u015b\u0107 wej\u015b\u0107 na p\u0142ycie\/maksymalna: 8\/32<br \/>\n<\/span><span style=\"color: #000000;\"><strong>\u00bb<\/strong> Ilo\u015b\u0107 wyj\u015b\u0107 na p\u0142ycie\/maksymalna: 8\/24<br \/>\n<\/span><span style=\"color: #000000;\"><strong>\u00bb<\/strong>\u00a01 wej\u015bcie analogowe 0-10V\/4-20mA<br \/>\n<\/span><span style=\"color: #000000;\"><strong>\u00bb<\/strong> Wbudowany modem WIFI<br \/>\n<\/span><span style=\"color: #000000;\"><strong>\u00bb<\/strong> Centrala hybrydowa: przewodowa + system bezprzewodowy ari<br \/>\n<\/span><span style=\"color: #000000;\"><strong>\u00bb<\/strong> Obs\u0142uga do 32 u\u017cytkownik\u00f3w<br \/>\n<\/span><span style=\"color: #000000;\"><strong>\u00bb<\/strong> 4 timery z kalendarzem<br \/>\n<\/span><span style=\"color: #000000;\"><strong>\u00bb<\/strong> 1 termostat pokojowy<br \/>\n<\/span><span style=\"color: #000000;\"><strong>\u00bb<\/strong> Pami\u0119\u0107 do 1 000 zdarze\u0144<br \/>\n<\/span><span style=\"color: #000000;\"><strong>\u00bb<\/strong> 1 magistrala komunikacyjna RopamNET<\/span><span style=\"color: #000000;\"><br \/>\n<\/span><span style=\"color: #000000;\"><strong>\u00bb<\/strong> Zasilanie 12V DC<br \/>\n\u00bb Wersja w obudowie na szyn\u0119 TH35, szeroko\u015b\u0107 9 modu\u0142\u00f3w<br \/>\n<\/span><\/p>\n<h3><span style=\"font-family: 'arial black', sans-serif; color: #07acf2;\"><strong>W\u0142a\u015bciwo\u015bci<\/strong><\/span><\/h3>\n<p><strong><span style=\"color: #000000;\"><span style=\"font-size: 14pt;\">\u00bb<\/span> M<\/span>odu\u0142 WIFI\u00a0<\/strong> (w standardzie 802.11 b\/g\/n, 2.4 GHz, z anten\u0105 na obudow\u0119)<strong><br \/>\n<\/strong><span style=\"color: #000000; font-size: 14pt;\"><strong>\u00bb<\/strong> <span style=\"font-size: 12pt;\">O<\/span><\/span>pcja po\u0142\u0105czenia przewodowego LAN poprzez ekspander:\u00a0<strong><a href=\"http:\/\/ropam.com.pl\/wsparcie\/towar\/753\/explan.html\">EXP-LAN<\/a><\/strong><br \/>\n<strong><span style=\"color: #000000; font-size: 14pt;\">\u00bb <\/span><\/strong><span style=\"color: #000000; font-size: 12pt; font-family: georgia, palatino, serif;\">Opcja rozbudowy centrali o modem LTE poprzez ekspander<strong><a href=\"https:\/\/ropam.com.pl\/wsparcie\/exp-lte\/\"> EXP-LTE<\/a><\/strong><\/span><strong><span style=\"color: #000000; font-size: 14pt;\"><br \/>\n\u00bb K<\/span>omunikacja IP:<\/strong> WIFI\/LAN kana\u0142 podstawowy, kana\u0142y zapasowe: GPRS<br \/>\n<strong><span style=\"color: #000000;\"><span style=\"font-size: 14pt;\">\u00bb<\/span> <\/span><\/strong>Dedykowana <strong>aplikacja mobilna\u00a0<a href=\"https:\/\/ropam.com.pl\/wsparcie\/ropamneo1\/\">RopamNeo<\/a><\/strong>, do nadzoru online oraz zdalnego sterowania<br \/>\n<strong><span style=\"color: #000000;\"><span style=\"font-size: 14pt;\">\u00bb<\/span> <\/span><\/strong><span style=\"color: #000000;\">1<\/span> magistrala komunikacyjna <em><strong>RopamNET<\/strong><\/em> do pod\u0142\u0105czenia i rozbudowy systemu o:<br \/>\n<strong>&#8211;<\/strong> 4 panele dotykowe <a href=\"https:\/\/ropam.com.pl\/wsparcie\/kategoria-produktu\/obsluga-i-nadzor\/tpr-4\/\"><strong>TPR-4<\/strong><\/a> lub klawiatury dotykowe <strong><a href=\"https:\/\/ropam.com.pl\/wsparcie\/kategoria-produktu\/obsluga-i-nadzor\/tk-4\/\">TK-4<\/a><br \/>\n&#8211;<\/strong> 1 kontroler bezprzewodowego systemu ari <strong><a href=\"https:\/\/ropam.com.pl\/wsparcie\/apm-ari\/\">APm-ari<\/a><br \/>\n&#8211;<\/strong> 2 ekspandery wyj\u015b\u0107 <strong><a href=\"https:\/\/ropam.com.pl\/wsparcie\/exp-o8r-rn-d9m\/\">EXP-O8R-RN-D9M<\/a>\/<a href=\"https:\/\/ropam.com.pl\/wsparcie\/exp-o8t-rn-3\/\">EXP-O8T-RN<\/a><br \/>\n&#8211;<\/strong> 2 ekspander\u00f3w wej\u015b\u0107 <strong><a href=\"https:\/\/ropam.com.pl\/wsparcie\/exp-i8-rn-2\/\">EXP-I8-RN<\/a><br \/>\n&#8211; <\/strong>1 ekspander wej\u015b\u0107 <strong><a href=\"https:\/\/ropam.com.pl\/wsparcie\/exp-i8-4\/\">EXP-I8<\/a><br \/>\n<\/strong><strong>&#8211;<\/strong> 1 sterownik radiowy <strong><a href=\"https:\/\/ropam.com.pl\/wsparcie\/rf-4c\/\">RF-4C<\/a><br \/>\n<\/strong><strong><span style=\"color: #000000;\">\u00bb Z<\/span>\u0142\u0105cze<em> TSR<\/em><\/strong> do pod\u0142\u0105czenia 2 czujnik\u00f3w TSR-1\/TSR-2\/RHT-2<br \/>\n<span style=\"color: #000000;\"><strong>\u00bb<\/strong> W<\/span>budowany\u00a0<strong>LogicProcessor <\/strong>do tworzenia zaawansowanych funkcji logicznych<br \/>\n<strong>&#8211; <\/strong>Zaawansowane funkcje logiczne, funkcje arytmetyczne, liczniki, przeka\u017aniki czasowe<br \/>\n<strong>&#8211;<\/strong> Graficzny, blokowy edytor logiki &#8211; DiagramEditor<br \/>\n<strong><span style=\"color: #000000;\">\u00bb P<\/span>rogramowanie<\/strong>: lokalne przez micro USB lub WIFI\/ETH, zdalne przez GPRS\/IP lub GSM w zale\u017cno\u015bci od wersji<br \/>\n<span style=\"color: #000000;\"><strong>\u00bb<\/strong> O<\/span>bs\u0142uga kod\u00f3w\u00a0<strong>USSD<\/strong>\u00a0(kontrola kart pre-paid)<br \/>\n<span style=\"color: #000000;\"><strong>\u00bb<\/strong> W<\/span>ygodne roz\u0142\u0105czne z\u0142\u0105cza zaciskowe<br \/>\n<span style=\"color: #000000;\"><strong>\u00bb<\/strong> Z<\/span>alecany zasilacz do centrali: <a href=\"https:\/\/ropam.com.pl\/wsparcie\/psr-eco-5012-rs-2\/\"><strong>PSR-ECO-5012-RS<\/strong> <\/a>lub <a href=\"https:\/\/ropam.com.pl\/wsparcie\/psr-eco-2012\/\"><strong>PSR-ECO-2012<\/strong><\/a><\/p>\n<h3 style=\"text-align: left;\"><span style=\"color: #07acf2; font-family: 'arial black', sans-serif;\"><strong>Automatyka budynkowa<\/strong><\/span><\/h3>\n<p><span style=\"color: #000000;\"><strong>\u00bb <\/strong>Obs\u0142uga 2 czujnik\u00f3w temp. TSR lub temp. i wilgotno\u015bci RHT &#8211; <strong>z\u0142\u0105cze TSR<\/strong><\/span><span style=\"color: #000000;\"><br \/>\n<strong>\u00bb <\/strong><\/span><span style=\"color: #000000;\">Obs\u0142uga 1 strefy grzewczej (funkcja termostatu pokojowego)<\/span><span style=\"color: #000000;\"><strong><br \/>\n<\/strong><\/span><span style=\"color: #000000;\"><strong>\u00bb <\/strong><\/span><span style=\"color: #000000;\">Kontrola wyj\u015b\u0107 do sterowania elementami automatyki mo\u017cliwa poprzez:<strong> aplikacje mobiln\u0105 RopamNeo, SMS, DTMF, CLIP (KeyGSM)<br \/>\n\u00bb <\/strong><\/span><span style=\"color: #000000;\"><strong>Wej\u015bcie analogowe AI<\/strong> 0-10V lub 4..20mA do kontroli parametr\u00f3w fizycznych np. napi\u0119cie baterii, wilgotno\u015b\u0107 [%RH], temperatura<\/span><\/p>\n<h3><span style=\"color: #07acf2; font-family: 'arial black', sans-serif;\"><strong>Komunikacja i sterowanie<\/strong><\/span><\/h3>\n<p><strong><span style=\"color: #000000;\">\u00bb <\/span>PUSH<\/strong> powiadomienie do aplikacji mobilnej RopamNeo<br \/>\n<strong><span style=\"color: #000000;\">\u00bb <\/span>E-MAIL<\/strong>: niezale\u017cne wiadomo\u015bci e-mail dla zdarze\u0144 w systemie, obs\u0142uga serwera SMTP (SSL\/TSL)<br \/>\n<strong><span style=\"color: #000000;\">\u00bb <\/span>M<\/strong><strong>onitoring GPRS<\/strong>: wsp\u00f3\u0142praca ze stacj\u0105\/serwerem Monitoring Software Ropam, Kronos NET lub SafeStar &#8211; szyfrowana transmisja TCP\/IP<br \/>\n<span style=\"color: #000000;\"><strong>\u00bb<\/strong> <\/span>Wbudowany protok\u00f3\u0142 komunikacyjny SIA-IP<br \/>\n<strong><span style=\"color: #000000;\">\u00bb <\/span>RopamNeo &#8211; <\/strong>dedykowana aplikacja mobilna na IOS i Android<strong><br \/>\n<\/strong><strong><span style=\"color: #000000;\">\u00bb\u00a0<\/span>SMS, VOICE\/CLIP &#8211; opcje mo\u017cliwe po dodaniu modemu EXP-LTE do centrali<\/strong><\/p>\n<h3><span style=\"color: #07acf2; font-family: 'arial black', sans-serif;\"><strong>Wersje<\/strong><\/span><\/h3>\n<p>W\u0142a\u015bciwo\u015bci i funkcjonalno\u015b\u0107 dla wszystkich wersji s\u0105 identyczne &#8211; r\u00f3\u017cni\u0105 si\u0119 jedynie sposobem zasilania (wersje z PS lub bez PS w nazwie) oraz obecno\u015bci\u0105 obudowy (wersje z D9M lub bez D9M w nazwie).<\/p>\n<p>&nbsp;<\/p>\n<p><img loading=\"lazy\" decoding=\"async\" class=\"wp-image-11136 aligncenter\" src=\"https:\/\/ropam.com.pl\/wsparcie\/wp-content\/uploads\/2024\/07\/tabela-neo-ip.png\" alt=\"\" width=\"1162\" height=\"1175\" \/><\/p>\n<h3 style=\"text-align: center;\"><span style=\"font-size: 24pt; color: #ff0000;\"><strong style=\"font-family: 'arial black', sans-serif;\">W PE\u0141NI POLSKI PRODUKT<\/strong><\/span><\/h3>\n<p style=\"text-align: center;\"><span style=\"font-size: 14pt;\">Ca\u0142y etap produkcji, od pomys\u0142u po wykonanie ko\u0144cowe oparte s\u0105 o autorskie rozwi\u0105zania oraz dog\u0142\u0119bn\u0105 analiz\u0119 potrzeb i trend\u00f3w na\u00a0 rynku.<\/span><\/p>\n<p style=\"text-align: center;\"><img loading=\"lazy\" decoding=\"async\" class=\"wp-image-9726 alignnone\" src=\"https:\/\/ropam.com.pl\/wsparcie\/wp-content\/uploads\/2018\/04\/Obraz1.png\" alt=\"\" width=\"354\" height=\"325\" srcset=\"https:\/\/ropam.com.pl\/wsparcie\/wp-content\/uploads\/2018\/04\/Obraz1.png 292w, https:\/\/ropam.com.pl\/wsparcie\/wp-content\/uploads\/2018\/04\/Obraz1-60x55.png 60w\" sizes=\"auto, (max-width: 354px) 100vw, 354px\" \/><\/p>\n","protected":false},"excerpt":{"rendered":"<p><span style=\"font-size: 14pt;\">Centrala alarmowa z komunikacj\u0105 WiFi\u00a0<\/span><\/p>\n","protected":false},"featured_media":9355,"comment_status":"open","ping_status":"closed","template":"","meta":{"_acf_changed":false,"rank_math_lock_modified_date":false,"inline_featured_image":false},"product_cat":[576],"product_tag":[],"class_list":{"0":"post-9146","1":"product","2":"type-product","3":"status-publish","4":"has-post-thumbnail","6":"product_cat-neo-ip-seria","8":"first","9":"instock","10":"taxable","11":"shipping-taxable","12":"purchasable","13":"product-type-simple"},"acf":[],"_links":{"self":[{"href":"https:\/\/ropam.com.pl\/wsparcie\/wp-json\/wp\/v2\/product\/9146","targetHints":{"allow":["GET"]}}],"collection":[{"href":"https:\/\/ropam.com.pl\/wsparcie\/wp-json\/wp\/v2\/product"}],"about":[{"href":"https:\/\/ropam.com.pl\/wsparcie\/wp-json\/wp\/v2\/types\/product"}],"replies":[{"embeddable":true,"href":"https:\/\/ropam.com.pl\/wsparcie\/wp-json\/wp\/v2\/comments?post=9146"}],"wp:featuredmedia":[{"embeddable":true,"href":"https:\/\/ropam.com.pl\/wsparcie\/wp-json\/wp\/v2\/media\/9355"}],"wp:attachment":[{"href":"https:\/\/ropam.com.pl\/wsparcie\/wp-json\/wp\/v2\/media?parent=9146"}],"wp:term":[{"taxonomy":"product_cat","embeddable":true,"href":"https:\/\/ropam.com.pl\/wsparcie\/wp-json\/wp\/v2\/product_cat?post=9146"},{"taxonomy":"product_tag","embeddable":true,"href":"https:\/\/ropam.com.pl\/wsparcie\/wp-json\/wp\/v2\/product_tag?post=9146"}],"curies":[{"name":"wp","href":"https:\/\/api.w.org\/{rel}","templated":true}]}}