{"id":9130,"date":"2024-07-30T14:43:30","date_gmt":"2024-07-30T12:43:30","guid":{"rendered":"https:\/\/ropam.com.pl\/wsparcie\/?post_type=product&#038;p=9130"},"modified":"2026-04-17T14:12:32","modified_gmt":"2026-04-17T12:12:32","slug":"neolte-ip-64-ps-d12m","status":"publish","type":"product","link":"https:\/\/ropam.com.pl\/wsparcie\/neolte-ip-64-ps-d12m\/","title":{"rendered":"NeoLTE-IP-64-PS-D12M"},"content":{"rendered":"<p style=\"text-align: center;\"><span style=\"font-size: 24pt; font-family: 'arial black', sans-serif;\"><strong><span style=\"font-size: 36pt;\">NeoLTE-IP-64-PS-D12M<\/span>\u00a0 \u00a0\u00a0<\/strong><\/span><\/p>\n<p style=\"text-align: center;\"><img loading=\"lazy\" decoding=\"async\" class=\"wp-image-14873 aligncenter\" src=\"http:\/\/ropam.com.pl\/wsparcie\/wp-content\/uploads\/2023\/03\/ikona-300x110.jpg\" alt=\"\" width=\"112\" height=\"41\" \/><\/p>\n<p style=\"text-align: center;\"><span style=\"font-family: arial, helvetica, sans-serif;\">Centrala alarmowa z komunikacj\u0105 LTE, wbudowanym modu\u0142em WiFi oraz z funkcjami automatyki domowej.<\/span><span style=\"font-family: arial, helvetica, sans-serif;\"><br \/>\n<\/span><span style=\"font-family: arial, helvetica, sans-serif;\">NeoLTE-IP-64-PS-D12M wraz z urz\u0105dzeniami peryferyjnymi to rozwi\u0105zanie integruj\u0105ce elektroniczny system sygnalizacji w\u0142amania i napadu oraz automatyk\u0119 domow\u0105. <\/span><span style=\"font-family: arial, helvetica, sans-serif;\">Dzi\u0119ki modu\u0142owej konstrukcji system mo\u017ce by\u0107 rozbudowany i dostosowany do zmieniaj\u0105cych si\u0119 potrzeb u\u017cytkownika.<br \/>\n<\/span><span style=\"font-family: arial, helvetica, sans-serif;\">Konstrukcja i funkcje zgodne z PN-EN 50131-3, Grade 2<\/span><\/p>\n<p style=\"text-align: center;\"><img loading=\"lazy\" decoding=\"async\" class=\"alignnone wp-image-9131\" src=\"https:\/\/ropam.com.pl\/wsparcie\/wp-content\/uploads\/2024\/07\/NeoLTE-IP-64-PS-D12M-300x200.png\" alt=\"\" width=\"584\" height=\"389\" srcset=\"https:\/\/ropam.com.pl\/wsparcie\/wp-content\/uploads\/2024\/07\/NeoLTE-IP-64-PS-D12M-300x200.png 300w, https:\/\/ropam.com.pl\/wsparcie\/wp-content\/uploads\/2024\/07\/NeoLTE-IP-64-PS-D12M-1024x682.png 1024w, https:\/\/ropam.com.pl\/wsparcie\/wp-content\/uploads\/2024\/07\/NeoLTE-IP-64-PS-D12M-768x511.png 768w, https:\/\/ropam.com.pl\/wsparcie\/wp-content\/uploads\/2024\/07\/NeoLTE-IP-64-PS-D12M-1536x1022.png 1536w, https:\/\/ropam.com.pl\/wsparcie\/wp-content\/uploads\/2024\/07\/NeoLTE-IP-64-PS-D12M-2048x1363.png 2048w, https:\/\/ropam.com.pl\/wsparcie\/wp-content\/uploads\/2024\/07\/NeoLTE-IP-64-PS-D12M-600x399.png 600w, https:\/\/ropam.com.pl\/wsparcie\/wp-content\/uploads\/2024\/07\/NeoLTE-IP-64-PS-D12M-60x40.png 60w\" sizes=\"auto, (max-width: 584px) 100vw, 584px\" \/><img loading=\"lazy\" decoding=\"async\" class=\"alignnone size-medium wp-image-9397\" src=\"https:\/\/ropam.com.pl\/wsparcie\/wp-content\/uploads\/2024\/07\/2024-03-05_14h05_17-190x300.png\" alt=\"\" width=\"190\" height=\"300\" srcset=\"https:\/\/ropam.com.pl\/wsparcie\/wp-content\/uploads\/2024\/07\/2024-03-05_14h05_17-190x300.png 190w, https:\/\/ropam.com.pl\/wsparcie\/wp-content\/uploads\/2024\/07\/2024-03-05_14h05_17-38x60.png 38w, https:\/\/ropam.com.pl\/wsparcie\/wp-content\/uploads\/2024\/07\/2024-03-05_14h05_17.png 272w\" sizes=\"auto, (max-width: 190px) 100vw, 190px\" \/><\/p>\n<h3><span style=\"font-family: 'arial black', sans-serif; color: #07acf2;\"><strong>Parametry Techniczne<\/strong><\/span><\/h3>\n<p><span style=\"color: #000000;\"><strong>\u00bb<\/strong>\u00a04 strefy<br \/>\n<\/span><span style=\"color: #000000;\"><strong>\u00bb<\/strong>\u00a0Ilo\u015b\u0107 wej\u015b\u0107 na p\u0142ycie\/maksymalna: 16\/64<br \/>\n<\/span><span style=\"color: #000000;\"><strong>\u00bb<\/strong>\u00a0Ilo\u015b\u0107 wyj\u015b\u0107 na p\u0142ycie\/maksymalna: 8\/40<br \/>\n<\/span><span style=\"color: #000000;\"><strong>\u00bb<\/strong>\u00a01 wej\u015bcie analogowe 0-10V\/4-20mA<br \/>\n<\/span><span style=\"color: #000000;\"><strong>\u00bb<\/strong> Wbudowany modem LTE i WIFI<br \/>\n<\/span><span style=\"color: #000000;\"><strong>\u00bb<\/strong> Centrala hybrydowa: przewodowa + system bezprzewodowy ari<br \/>\n<\/span><span style=\"color: #000000;\"><strong>\u00bb<\/strong> Obs\u0142uga do 32 u\u017cytkownik\u00f3w<br \/>\n<\/span><span style=\"color: #000000;\"><strong>\u00bb<\/strong>\u00a04 timery z kalendarzem\/timer astronomiczny<br \/>\n<\/span><span style=\"color: #000000;\"><strong>\u00bb<\/strong>\u00a08 termostat\u00f3w pokojowych<br \/>\n<\/span><span style=\"color: #000000;\"><strong>\u00bb<\/strong> Pami\u0119\u0107 do 10 000 zdarze\u0144<br \/>\n<\/span><span style=\"color: #000000;\"><strong>\u00bb<\/strong>\u00a02 magistrale komunikacyjne RopamNET<br \/>\n<\/span><span style=\"color: #000000;\"><strong>\u00bb<\/strong> Wbudowany MQTT, Modbus TCP\/IP<br \/>\n<strong>\u00bb\u00a0<\/strong>Wbudowany zasilacz buforowy 1,5A z wyj\u015bciem na akumulator<br \/>\n<\/span><span style=\"color: #000000;\"><strong>\u00bb<\/strong> <strong>Zasilanie 17-20V\/AC lub 20-30V\/DC<br \/>\n\u00bb <\/strong>Wersja w obudowie na szyn\u0119 TH35, szeroko\u015b\u0107 12 modu\u0142\u00f3w<strong><br \/>\n<\/strong><\/span><\/p>\n<h3><span style=\"font-family: 'arial black', sans-serif; color: #07acf2;\"><strong>W\u0142a\u015bciwo\u015bci<\/strong><\/span><\/h3>\n<p><strong><span style=\"color: #000000;\"><span style=\"font-size: 14pt;\">\u00bb<\/span> M<\/span>odem LTE obs\u0142uga sieci 4G i 2G <\/strong>(LTE-FDD: B1\/B3\/B5\/B7\/B8\/B20\/B28, GSM: 850\/900\/1800\/1900 MHz)<strong><br \/>\n<\/strong><strong><span style=\"color: #000000;\"><span style=\"font-size: 14pt;\">\u00bb<\/span> M<\/span>odu\u0142 WIFI\u00a0<\/strong> (w standardzie 802.11 b\/g\/n, 2.4 GHz, z anten\u0105 na obudow\u0119)<strong><br \/>\n<\/strong><span style=\"color: #000000; font-size: 14pt;\"><strong>\u00bb<\/strong> O<\/span>pcja po\u0142\u0105czenia przewodowego LAN poprzez ekspander:\u00a0<a href=\"https:\/\/ropam.com.pl\/wsparcie\/explan\/\"><strong>EXP-LAN<\/strong><\/a><br \/>\n<strong><span style=\"color: #000000; font-size: 14pt;\">\u00bb K<\/span>omunikacja IP:<\/strong>\u00a0WIFI\/LAN kana\u0142 podstawowy, kana\u0142y zapasowe: GPRS\/LTE<br \/>\n<strong><span style=\"color: #000000;\"><span style=\"font-size: 14pt;\">\u00bb<\/span> <\/span><\/strong>Dedykowana <strong>aplikacja mobilna\u00a0RopamNeo<\/strong>, do nadzoru online oraz zdalnego sterowania<br \/>\n<strong><span style=\"color: #000000;\"><span style=\"font-size: 14pt;\">\u00bb<\/span>\u00a0<\/span><\/strong>2 magistrale komunikacyjne\u00a0<em><strong>RopamNET<\/strong><\/em> do pod\u0142\u0105czenia i rozbudowy systemu o:<br \/>\n<strong>&#8211;<\/strong> 4 panele dotykowe <strong><a href=\"https:\/\/ropam.com.pl\/wsparcie\/kategoria-produktu\/obsluga-i-nadzor\/tpr-7\/\">TPR-7\/<\/a><a href=\"https:\/\/ropam.com.pl\/wsparcie\/kategoria-produktu\/obsluga-i-nadzor\/tpr-4\/\">TPR-4<\/a><\/strong> lub klawiatury dotykowe <strong><a href=\"https:\/\/ropam.com.pl\/wsparcie\/?post_type=product&amp;s=TK-4\">TK-4<\/a><br \/>\n&#8211; <\/strong>4 czytniki zbli\u017ceniowe<strong><a href=\"https:\/\/ropam.com.pl\/wsparcie\/exp-nfc-rn\/\"> EXP-NFC-RN<\/a> <\/strong>realizuj\u0105ce funkcje\u00a0kontroli dost\u0119pu<strong><br \/>\n&#8211;<\/strong> 1 kontroler bezprzewodowego systemu ari <strong><a href=\"https:\/\/ropam.com.pl\/wsparcie\/apm-ari\/\">APm-ari<\/a><br \/>\n&#8211;<\/strong> 4 ekspandery wyj\u015b\u0107 <strong><a href=\"https:\/\/ropam.com.pl\/wsparcie\/exp-o8r-rn-d9m\/\">EXP-O8R-RN-D9M<\/a><br \/>\n&#8211;<\/strong> 6 ekspander\u00f3w wej\u015b\u0107 <strong><a href=\"https:\/\/ropam.com.pl\/wsparcie\/exp-i8-rn-2\/\">EXP-I8-RN<\/a><br \/>\n&#8211;<\/strong> 8 czujnik\u00f3w <strong><a href=\"https:\/\/ropam.com.pl\/wsparcie\/rht-rn\/\">RHT-RN<\/a>\/<a href=\"https:\/\/ropam.com.pl\/wsparcie\/rht-aq-rn\/\">RHT-AQ-RN<\/a><br \/>\n&#8211;<\/strong> 4 sterowniki do rolet <strong><a href=\"https:\/\/ropam.com.pl\/wsparcie\/exp-srol8-rn\/\">EXP-SROL8-RN<\/a><br \/>\n&#8211;<\/strong> 2 sterowniki o\u015bwietlenia <strong><a href=\"https:\/\/ropam.com.pl\/wsparcie\/exp-light16-rn\/\">EXP-LIGHT16-RN<\/a><br \/>\n&#8211;<\/strong> 1 sterownik radiowy <a href=\"https:\/\/ropam.com.pl\/wsparcie\/rf-4c\/\"><strong>RF-4C<br \/>\n<\/strong><\/a><strong><span style=\"color: #000000;\">\u00bb Z<\/span>\u0142\u0105cze<em> TSR<\/em><\/strong> do pod\u0142\u0105czenia 4 czujnik\u00f3w TSR-1\/TSR-2\/RHT-2<br \/>\n<span style=\"color: #000000;\"><strong>\u00bb<\/strong> W<\/span>budowany\u00a0<strong>LogicProcessor <\/strong>do tworzenia zaawansowanych funkcji logicznych<br \/>\n<strong>&#8211; <\/strong>Zaawansowane funkcje logiczne, funkcje arytmetyczne, liczniki, przeka\u017aniki czasowe<br \/>\n<strong>&#8211;<\/strong> Graficzny, blokowy edytor logiki &#8211; DiagramEditor<br \/>\n<strong><span style=\"color: #000000;\">\u00bb P<\/span>rogramowanie<\/strong>: lokalne przez micro USB lub WIFI\/ETH, zdalne przez GPRS\/IP lub LTE w zale\u017cno\u015bci od wersji<br \/>\n<span style=\"color: #000000;\"><strong>\u00bb<\/strong> O<\/span>bs\u0142uga kod\u00f3w\u00a0<strong>USSD<\/strong>\u00a0(kontrola kart pre-paid)<br \/>\n<span style=\"color: #000000;\"><strong>\u00bb<\/strong> W<\/span>ygodne roz\u0142\u0105czne z\u0142\u0105cza zaciskowe<\/p>\n<h3 style=\"text-align: left;\"><span style=\"color: #07acf2; font-family: 'arial black', sans-serif;\"><strong>Automatyka budynkowa<\/strong><\/span><\/h3>\n<p><span style=\"color: #000000;\"><strong>\u00bb <\/strong>Obs\u0142uga 4 czujnik\u00f3w temp. TSR lub temp. i wilgotno\u015bci RHT &#8211; <strong>z\u0142\u0105cze TSR<\/strong><br \/>\n<\/span><span style=\"color: #000000;\"><strong>\u00bb <\/strong>Obs\u0142uga 8 czujnik\u00f3w temperatury, wilgotno\u015bci i jako\u015bci powietrza &#8211; <strong>magistrala RopamNET<br \/>\n\u00bb <\/strong>Obs\u0142uga kontroli dost\u0119pu poprzez czytnik zbli\u017ceniowy<strong> <a href=\"https:\/\/ropam.com.pl\/wsparcie\/exp-nfc-rn\/\">EXP-NFC-RN\u00a0<\/a><\/strong><br \/>\n<strong>\u00bb <\/strong><\/span><span style=\"color: #000000;\">Obs\u0142uga 8 stref grzewczych (funkcja termostatu pokojowego)<br \/>\n<strong>\u00bb <\/strong><\/span><span style=\"color: #000000;\">Obs\u0142uga 4 sterownik\u00f3w rolet <strong><a href=\"https:\/\/ropam.com.pl\/wsparcie\/exp-srol8-rn\/\">EXP-SROL8-RN<\/a><br \/>\n\u00bb <\/strong><\/span><span style=\"color: #000000;\">Obs\u0142uga 2 sterownik\u00f3w o\u015bwietlenia <strong><a href=\"https:\/\/ropam.com.pl\/wsparcie\/exp-light16-rn\/\">EXP-LIGHT16-RN<\/a><\/strong><\/span><span style=\"color: #000000;\"><strong><br \/>\n\u00bb <\/strong><\/span><span style=\"color: #000000;\">4 makra (sekwencja) do wywo\u0142ania z paneli dotykowych lub aplikacji<br \/>\n<strong>\u00bb <\/strong><\/span><span style=\"color: #000000;\">Kontrola wyj\u015b\u0107 do sterowania elementami automatyki mo\u017cliwa poprzez:<strong> aplikacje mobiln\u0105 RopamNeo, SMS, DTMF, CLIP (KeyGSM)<br \/>\n\u00bb <\/strong><\/span><span style=\"color: #000000;\"><strong>Wej\u015bcie analogowe AI<\/strong> 0-10V lub 4..20mA do kontroli parametr\u00f3w fizycznych np. napi\u0119cie baterii, wilgotno\u015b\u0107 [%RH], temperatura<br \/>\n<strong>\u00bb <\/strong>M<\/span><span style=\"color: #000000;\">o\u017cliwo\u015b\u0107 integracji z innymi systemami automatyki poprzez<strong> ModBus TCP\/IP <\/strong>lub<strong> MQTT<br \/>\n\u00bb <span style=\"color: #ff0000;\">NOWO\u015a\u0106! <\/span>Obs\u0142uga kamer IP z funkcjami detekcji i analizy AI<br \/>\n\u00bb <span style=\"color: #ff0000;\">NOWO\u015a\u0106! <\/span>Obs\u0142uga ekspandera EXP-Zigbee-RN<br \/>\n<\/strong><\/span><\/p>\n<p style=\"text-align: center;\"><img loading=\"lazy\" decoding=\"async\" class=\"wp-image-13600 aligncenter\" src=\"https:\/\/ropam.com.pl\/wsparcie\/wp-content\/uploads\/2024\/07\/nowosci_zigbee_kamery-1-300x150.png\" alt=\"\" width=\"858\" height=\"429\" \/><\/p>\n<h3><span style=\"color: #07acf2; font-family: 'arial black', sans-serif;\"><strong>Komunikacja i sterowanie<\/strong><\/span><\/h3>\n<p><strong><span style=\"color: #000000;\">\u00bb <\/span>SMS<\/strong> powiadomienie oraz sterowanie &#8211; niezale\u017cne komunikaty dla zdarze\u0144 w systemie<br \/>\n<strong><span style=\"color: #000000;\">\u00bb <\/span>PUSH<\/strong> powiadomienie do aplikacji mobilnej RopamNeo<br \/>\n<strong><span style=\"color: #000000;\">\u00bb <\/span>VOICE\/CLIP<\/strong>: niezale\u017cne po\u0142\u0105czenie g\u0142osowe dla zdarze\u0144 w systemie z komunikatami g\u0142osowymi (opcja wgrania do 16 komunikat\u00f3w)<br \/>\n<strong><span style=\"color: #000000;\">\u00bb <\/span>E-MAIL<\/strong>: niezale\u017cne wiadomo\u015bci e-mail dla zdarze\u0144 w systemie, obs\u0142uga serwera SMTP (SSL\/TSL)<br \/>\n<strong><span style=\"color: #000000;\">\u00bb <\/span>M<\/strong><strong>onitoring GPRS<\/strong>: wsp\u00f3\u0142praca ze stacj\u0105\/serwerem Monitoring Software Ropam, Kronos NET lub SafeStar &#8211; szyfrowana transmisja TCP\/IP<br \/>\n<span style=\"color: #000000;\"><strong>\u00bb<\/strong> <\/span>Wbudowany protok\u00f3\u0142 komunikacyjny SIA-IP<br \/>\n<strong><span style=\"color: #000000;\">\u00bb <\/span>RopamNeo &#8211; dedykowana aplikacja mobilna na IOS i Android<\/strong><\/p>\n<p>&nbsp;<\/p>\n<p><img loading=\"lazy\" decoding=\"async\" class=\"wp-image-13593 aligncenter\" src=\"https:\/\/ropam.com.pl\/wsparcie\/wp-content\/uploads\/2024\/07\/smarthome_funkcjonalnos-240x300.png\" alt=\"\" width=\"1229\" height=\"1536\" srcset=\"https:\/\/ropam.com.pl\/wsparcie\/wp-content\/uploads\/2024\/07\/smarthome_funkcjonalnos-240x300.png 240w, https:\/\/ropam.com.pl\/wsparcie\/wp-content\/uploads\/2024\/07\/smarthome_funkcjonalnos-819x1024.png 819w, https:\/\/ropam.com.pl\/wsparcie\/wp-content\/uploads\/2024\/07\/smarthome_funkcjonalnos-768x960.png 768w, https:\/\/ropam.com.pl\/wsparcie\/wp-content\/uploads\/2024\/07\/smarthome_funkcjonalnos-1229x1536.png 1229w, https:\/\/ropam.com.pl\/wsparcie\/wp-content\/uploads\/2024\/07\/smarthome_funkcjonalnos-300x375.png 300w, https:\/\/ropam.com.pl\/wsparcie\/wp-content\/uploads\/2024\/07\/smarthome_funkcjonalnos-600x750.png 600w, https:\/\/ropam.com.pl\/wsparcie\/wp-content\/uploads\/2024\/07\/smarthome_funkcjonalnos-48x60.png 48w, https:\/\/ropam.com.pl\/wsparcie\/wp-content\/uploads\/2024\/07\/smarthome_funkcjonalnos.png 1600w\" sizes=\"auto, (max-width: 1229px) 100vw, 1229px\" \/><\/p>\n<p>&nbsp;<\/p>\n<h3 style=\"text-align: center;\"><span style=\"font-size: 18pt; color: #ff0000;\"><strong style=\"font-family: 'arial black', sans-serif;\">W PE\u0141NI POLSKI PRODUKT<\/strong><\/span><\/h3>\n<p style=\"text-align: center;\"><span style=\"font-size: 12pt;\">Ca\u0142y etap produkcji, od pomys\u0142u po wykonanie ko\u0144cowe oparte s\u0105 o autorskie rozwi\u0105zania oraz dog\u0142\u0119bn\u0105 analiz\u0119 potrzeb i trend\u00f3w na\u00a0 rynku.<\/span><\/p>\n<p style=\"text-align: center;\"><img loading=\"lazy\" decoding=\"async\" class=\"wp-image-9726 alignnone\" src=\"https:\/\/ropam.com.pl\/wsparcie\/wp-content\/uploads\/2018\/04\/Obraz1.png\" alt=\"\" width=\"251\" height=\"230\" srcset=\"https:\/\/ropam.com.pl\/wsparcie\/wp-content\/uploads\/2018\/04\/Obraz1.png 292w, https:\/\/ropam.com.pl\/wsparcie\/wp-content\/uploads\/2018\/04\/Obraz1-60x55.png 60w\" sizes=\"auto, (max-width: 251px) 100vw, 251px\" \/><\/p>\n<p>&nbsp;<\/p>\n<p>&nbsp;<\/p>\n","protected":false},"excerpt":{"rendered":"<p><span style=\"font-size: 14pt;\">Centrala alarmowa z komunikacj\u0105 WiFi i LTE<\/span><\/p>\n","protected":false},"featured_media":9131,"comment_status":"open","ping_status":"closed","template":"","meta":{"_acf_changed":false,"rank_math_lock_modified_date":false,"inline_featured_image":false},"product_cat":[564],"product_tag":[],"class_list":{"0":"post-9130","1":"product","2":"type-product","3":"status-publish","4":"has-post-thumbnail","6":"product_cat-neolte-ip-64-seria","8":"first","9":"instock","10":"taxable","11":"shipping-taxable","12":"purchasable","13":"product-type-simple"},"acf":[],"_links":{"self":[{"href":"https:\/\/ropam.com.pl\/wsparcie\/wp-json\/wp\/v2\/product\/9130","targetHints":{"allow":["GET"]}}],"collection":[{"href":"https:\/\/ropam.com.pl\/wsparcie\/wp-json\/wp\/v2\/product"}],"about":[{"href":"https:\/\/ropam.com.pl\/wsparcie\/wp-json\/wp\/v2\/types\/product"}],"replies":[{"embeddable":true,"href":"https:\/\/ropam.com.pl\/wsparcie\/wp-json\/wp\/v2\/comments?post=9130"}],"wp:featuredmedia":[{"embeddable":true,"href":"https:\/\/ropam.com.pl\/wsparcie\/wp-json\/wp\/v2\/media\/9131"}],"wp:attachment":[{"href":"https:\/\/ropam.com.pl\/wsparcie\/wp-json\/wp\/v2\/media?parent=9130"}],"wp:term":[{"taxonomy":"product_cat","embeddable":true,"href":"https:\/\/ropam.com.pl\/wsparcie\/wp-json\/wp\/v2\/product_cat?post=9130"},{"taxonomy":"product_tag","embeddable":true,"href":"https:\/\/ropam.com.pl\/wsparcie\/wp-json\/wp\/v2\/product_tag?post=9130"}],"curies":[{"name":"wp","href":"https:\/\/api.w.org\/{rel}","templated":true}]}}