{"id":8990,"date":"2022-05-04T12:57:21","date_gmt":"2022-05-04T10:57:21","guid":{"rendered":"https:\/\/ropam.com.pl\/wsparcie\/produkt\/neogsm-ip-u\/"},"modified":"2024-12-27T09:42:45","modified_gmt":"2024-12-27T08:42:45","slug":"neogsm-ip-u","status":"publish","type":"product","link":"https:\/\/ropam.com.pl\/wsparcie\/neogsm-ip-u\/","title":{"rendered":"NeoGSM-IP-U"},"content":{"rendered":"<h3 style=\"text-align: left;\"><strong>Centrala alarmowa z komunikacj\u0105 GSM, wbudowanym WIFI oraz z funkcjami automatyki budynkowej<\/strong><\/h3>\n<p>&nbsp;<\/p>\n<p>Centrala alarmowa NeoGSM-IP-U wraz z urz\u0105dzeniami peryferyjnymi to rozwi\u0105zanie integruj\u0105ce elektroniczny system sygnalizacji w\u0142amania i napadu oraz automatyk\u0119 domow\u0105. Wbudowany komunikator GSM oraz modu\u0142 WI-FI pozwalaj\u0105 na zdaln\u0105 kontrol\u0119 i sterowanie systemem. Dzi\u0119ki modu\u0142owej konstrukcji system mo\u017ce by\u0107 rozbudowany i dostosowywany do zmieniaj\u0105cych si\u0119 potrzeb u\u017cytkownika. Konstrukcja i funkcje zgodne z PN-EN 50131-3, stopie\u0144 2.<\/p>\n<p><strong>W\u0142a\u015bciwo\u015bci:<\/strong><\/p>\n<p><img loading=\"lazy\" decoding=\"async\" class=\"alignnone wp-image-13358\" src=\"http:\/\/ropam.com.pl\/wsparcie\/wp-content\/uploads\/2018\/04\/wlasciwosci_12V.jpg\" alt=\"\" width=\"477\" height=\"105\" \/><\/p>\n<p>&#8211; 2 niezale\u017cne strefy z dwoma typami czuwania: pe\u0142ne lub nocne,<br \/>\n<strong>&#8211; 8-32 wej\u015b\u0107 programowalnych<\/strong>, rozbudowa przez ekspandery wej\u015b\u0107, panele dotykowe,<br \/>\n<strong>&#8211; 8-24 wyj\u015b\u0107 programowalnych,<\/strong> rozbudowa przez ekspandery wyj\u015b\u0107,<br \/>\n&#8211; centrala hybrydowa: przewodowa + system bezprzewodowy Aero,<br \/>\n&#8211; obs\u0142uga do 32 u\u017cytkownik\u00f3w (1 g\u0142\u00f3wny +31), 8 numer\u00f3w telefon\u00f3w, 8 e-mail,<br \/>\n&#8211; obs\u0142uga do 4 paneli dotykowych (serii TPR-4) lub klawiatur dotykowych (serii TK-4),<br \/>\n<strong>&#8211; wbudowany modem GSM (2G),<br \/>\n<\/strong><strong>&#8211; wbudowany modu\u0142 WIFI (802.11 b\/g\/n), (wraz z konektorem oraz anten\u0105 na obudowe)<\/strong><strong><br \/>\n<\/strong>&#8211; komunikacja IP: WIFI\/LAN kana\u0142 podstawowy, GPRS kana\u0142 zapasowy (automatyczne prze\u0142\u0105czanie),<br \/>\n&#8211; opcja po\u0142\u0105czenia przewodowego LAN poprzez ekspander: <a href=\"http:\/\/ropam.com.pl\/wsparcie\/towar\/753\/explan.html\">EXP-LAN<\/a>,<br \/>\n&#8211; dedykowana aplikacja mobilna <strong>RopamNeo<\/strong>, do nadzoru online oraz zdalnego sterowania,<br \/>\n&#8211; 1 magistrala komunikacyjna RopamNet do pod\u0142\u0105czenia paneli dotykowych, modu\u0142\u00f3w rozbudowy,<br \/>\n&#8211; 1 magistrala TSR do pod\u0142\u0105czenia czujnik\u00f3w temperatury i wilgotno\u015bci<br \/>\n&#8211; 4 timery z kalendarzem, do sterowania i automatyki,<br \/>\n&#8211; wbudowany LogicProcessor do tworzenia zaawansowanych funkcji logicznych<br \/>\n&#8211; programowanie: lokalne przez micro USB lub WIFI\/ETH, zdalne przez GPRS\/IP<br \/>\n&#8211; obs\u0142uga kod\u00f3w USSD (kontrola kart pre-paid),<br \/>\n&#8211; wygodne roz\u0142\u0105czne z\u0142\u0105cza zaciskowe, pogrupowane wg port\u00f3w,<br \/>\n&#8211; mo\u017cliwo\u015b\u0107 aktualizacji oprogramowania poprzez kabel USB lub WiFi.<br \/>\n<strong>&#8211; zasilanie 12V DC, do zasilania wymagany nadzorowany zasilacz systemowy <a href=\"http:\/\/ropam.com.pl\/wsparcie\/towar\/278\/psreco5012rs.html\">PSR-ECO-5012-RS<\/a> lub <a href=\"http:\/\/ropam.com.pl\/wsparcie\/towar\/677\/psreco2012.html\">PSR-ECO-2012<\/a><\/strong><\/p>\n<p><strong>Funkcje automatyki budynkowej<br \/>\n<\/strong>&#8211; obs\u0142uga czujnik\u00f3w temperatury i wilgotno\u015bci (przewodowe, bezprzewodowe),<br \/>\n&#8211; funkcja Termostatu Pokojowego (obs\u0142uga 1 strefy grzewczej)<br \/>\n&#8211; kontrola wyj\u015b\u0107 do sterowania elementami automatyki mo\u017cliwa poprzez: aplikacje mobiln\u0105 RopamNeo, SMS, DTMF, CLIP (KeyGSM),<br \/>\n&#8211; wej\u015bcie analogowe AI 0-10V do kontroli parametr\u00f3w fizycznych np. napi\u0119cie baterii, wilgotno\u015b\u0107 [%RH], temperatura itd,<\/p>\n<p><strong>Powiadomienie \/ Sterowanie<\/strong><br \/>\n&#8211; <strong>SMS<\/strong> powiadomienie oraz sterowanie &#8211; niezale\u017cne komunikaty dla zdarze\u0144 w systemie,<br \/>\n&#8211; <strong>PUSH<\/strong> powiadomienie do aplikacji mobilnej RopamNeo,<br \/>\n&#8211; <strong>VOICE\/CLIP<\/strong>: niezale\u017cne po\u0142\u0105czenie g\u0142osowe dla zdarze\u0144 w systemie z komunikatami g\u0142osowymi<br \/>\n(mo\u017cliwo\u015b\u0107 wgrania do 16 komunikat\u00f3w bezpo\u015brednio do centrali ),<br \/>\n&#8211; <strong>E-MAIL<\/strong>: niezale\u017cne wiadomo\u015bci e-mail dla zdarze\u0144 w systemie, obs\u0142uga serwera SMTP (SSL\/TSL),<br \/>\n&#8211; monitoring GPRS: wsp\u00f3\u0142praca ze stacj\u0105\/serwerem Ropam Monitoring Software (RMS), ze stacj\u0105 Kronos NET (sterownik RopamDirect) lub SafeStar szyfrowana transmisja TCP\/IP, dwa adresy IP, zapasowa transmisja SMS, praca r\u00f3wnoleg\u0142a z trybem powiadomienia SMS\/VOICE,<br \/>\n&#8211; wbudowany protok\u00f3\u0142 komunikacyjny SIA-IP,<br \/>\n&#8211; mo\u017cliwo\u015b\u0107 obs\u0142ugi systemu za pomoc\u0105 aplikacji mobilnej <strong>RopamNeo<\/strong><\/p>\n<p><strong>LogicProcessor<br \/>\n<\/strong>&#8211; graficzny, blokowy edytor logiki (DiagramEditor),<br \/>\n&#8211; zaawansowane funkcje logiczne, funkcje arytmetyczne, liczniki, przeka\u017aniki czasowe,<br \/>\n&#8211; do 10 niezale\u017cnych warunk\u00f3w logicznych, (bloki If&#8230;Then&#8230;Else),<br \/>\n&#8211; 20 przeka\u017anik\u00f3w czasowych do realizacji funkcji czasowo-logicznych,<br \/>\n&#8211; Diagram Edytor &#8211; graficzny kreator logiki lub edytor skryptu (j\u0119zyk skryptowy C).<\/p>\n<p><strong>Aplikacja mobilna do obs\u0142ugi systemu:<\/strong><br \/>\n<a href=\"http:\/\/ropam.com.pl\/wsparcie\/pl\/towar\/706\/ropamneo.html\">RopamNeo<\/a><\/p>\n<p><img loading=\"lazy\" decoding=\"async\" class=\"alignnone size-full wp-image-9238\" src=\"http:\/\/ropam.com.pl\/wsparcie\/wp-content\/uploads\/2018\/04\/logo.1524041104.jpg\" alt=\"\" width=\"208\" height=\"208\" \/><\/p>\n<p><strong>Aplikacja narz\u0119dziowa do konfiguracji<\/strong>:<br \/>\n<a href=\"http:\/\/ropam.com.pl\/wsparcie\/pl\/towar\/721\/neogsmip_manager.html\">RopamNeoIPManager<\/a><\/p>\n<p><strong>Wersje:<\/strong><br \/>\nFunkcjonalnie wszystkie wersje s\u0105 identycznie &#8211; r\u00f3\u017cni\u0105 si\u0119 jedynie sposobem zasilania oraz obudowami<\/p>\n<p>&nbsp;<\/p>\n<p>&nbsp;<\/p>\n<p><span style=\"font-weight: 400;\">[table \u201c4\u201d not found \/]<br \/>\n<\/span><\/p>\n","protected":false},"excerpt":{"rendered":"<p>Centrala alarmowa z komunikacj\u0105 GSM, wbudowanym WIFI oraz z funkcjami automatyki budynkowej &nbsp; Centrala alarmowa NeoGSM-IP-U wraz z urz\u0105dzeniami peryferyjnymi to rozwi\u0105zanie integruj\u0105ce elektroniczny system sygnalizacji w\u0142amania i napadu oraz automatyk\u0119 domow\u0105. Wbudowany komunikator GSM oraz modu\u0142 WI-FI pozwalaj\u0105 na zdaln\u0105 kontrol\u0119 i sterowanie systemem. Dzi\u0119ki modu\u0142owej konstrukcji system mo\u017ce by\u0107 rozbudowany i dostosowywany do [&hellip;]<\/p>\n","protected":false},"featured_media":8166,"comment_status":"open","ping_status":"closed","template":"","meta":{"_acf_changed":false,"rank_math_lock_modified_date":false,"inline_featured_image":false},"product_cat":[603],"product_tag":[],"class_list":{"0":"post-8990","1":"product","2":"type-product","3":"status-publish","4":"has-post-thumbnail","6":"product_cat-centrale-alarmowe-archiwum","8":"first","9":"instock","10":"taxable","11":"shipping-taxable","12":"product-type-variable"},"acf":[],"_links":{"self":[{"href":"https:\/\/ropam.com.pl\/wsparcie\/wp-json\/wp\/v2\/product\/8990","targetHints":{"allow":["GET"]}}],"collection":[{"href":"https:\/\/ropam.com.pl\/wsparcie\/wp-json\/wp\/v2\/product"}],"about":[{"href":"https:\/\/ropam.com.pl\/wsparcie\/wp-json\/wp\/v2\/types\/product"}],"replies":[{"embeddable":true,"href":"https:\/\/ropam.com.pl\/wsparcie\/wp-json\/wp\/v2\/comments?post=8990"}],"wp:featuredmedia":[{"embeddable":true,"href":"https:\/\/ropam.com.pl\/wsparcie\/wp-json\/wp\/v2\/media\/8166"}],"wp:attachment":[{"href":"https:\/\/ropam.com.pl\/wsparcie\/wp-json\/wp\/v2\/media?parent=8990"}],"wp:term":[{"taxonomy":"product_cat","embeddable":true,"href":"https:\/\/ropam.com.pl\/wsparcie\/wp-json\/wp\/v2\/product_cat?post=8990"},{"taxonomy":"product_tag","embeddable":true,"href":"https:\/\/ropam.com.pl\/wsparcie\/wp-json\/wp\/v2\/product_tag?post=8990"}],"curies":[{"name":"wp","href":"https:\/\/api.w.org\/{rel}","templated":true}]}}