{"id":8988,"date":"2020-12-18T09:49:52","date_gmt":"2020-12-18T08:49:52","guid":{"rendered":"https:\/\/ropam.com.pl\/wsparcie\/produkt\/exp-light16-rn\/"},"modified":"2025-12-22T09:41:35","modified_gmt":"2025-12-22T08:41:35","slug":"exp-light16-rn","status":"publish","type":"product","link":"https:\/\/ropam.com.pl\/wsparcie\/exp-light16-rn\/","title":{"rendered":"EXP-LIGHT16-RN"},"content":{"rendered":"<h3 style=\"text-align: center;\"><span style=\"font-size: 36pt;\">EXP-LIGHT16-RN<\/span><\/h3>\n<p style=\"text-align: center;\">Przewodowy modu\u0142 dedykowany do sterowania o\u015bwietleniem lub innym urz\u0105dzeniem sterowanym z 230V AC. Sterownik posiada mo\u017cliwo\u015b\u0107 pracy autonomicznej (samodzielnie na obiekcie) lub jako cz\u0119\u015b\u0107 systemu nadzorowanego przez central\u0119 NeoLTE-IP-64 lub Neo-IP-64.<img loading=\"lazy\" decoding=\"async\" class=\" wp-image-8102 aligncenter\" src=\"https:\/\/ropam.com.pl\/wsparcie\/wp-content\/uploads\/2020\/12\/exp-light16-rn-1s-300x165.png\" alt=\"Inteligentne o\u00c5\u203awietlenie domu EXP-LIGHT16-RN - Ropam Elektronik\" width=\"473\" height=\"260\" srcset=\"https:\/\/ropam.com.pl\/wsparcie\/wp-content\/uploads\/2020\/12\/exp-light16-rn-1s-300x165.png 300w, https:\/\/ropam.com.pl\/wsparcie\/wp-content\/uploads\/2020\/12\/exp-light16-rn-1s-600x330.png 600w, https:\/\/ropam.com.pl\/wsparcie\/wp-content\/uploads\/2020\/12\/exp-light16-rn-1s-768x422.png 768w, https:\/\/ropam.com.pl\/wsparcie\/wp-content\/uploads\/2020\/12\/exp-light16-rn-1s.png 1000w\" sizes=\"auto, (max-width: 473px) 100vw, 473px\" \/><\/p>\n<p><span style=\"font-family: 'arial black', sans-serif; color: #07acf2; font-size: 14pt;\"><strong>W\u0142a\u015bciwo\u015bci<\/strong><\/span><\/p>\n<p><b>\u00bb\u00a016 kana\u0142owy modu\u0142 <\/b>do sterowania o\u015bwietleniem lub innymi urz\u0105dzeniami sterowanymi z 230V AC<br \/>\n\u00bb\u00a016 wyj\u015b\u0107 230V AC, 16 wej\u015b\u0107 steruj\u0105cych<br \/>\n\u00bb Kompatybilno\u015b\u0107: NeoLTE-IP-64, NeoGSM-IP-64, Neo-IP-64<br \/>\n\u00bb Dwa tryby pracy: autonomiczna lub systemowa<br \/>\n\u00bb Sterowanie o\u015bwietleniem:<br \/>\n&#8211; <b>lokalne<\/b> (\u0142\u0105czniki monostabilne)<br \/>\n&#8211; <b>zdalne<\/b> (aplikacja mobilna, panele dotykowe, zdarzenia systemowe)<br \/>\n\u00bb Obudowa 12M, monta\u017c na szyn\u0119 TH3<br \/>\n\u00bb Zasilanie modu\u0142u 230V AC<\/p>\n<p>&nbsp;<\/p>\n<p>&nbsp;<\/p>\n<h3 style=\"text-align: center;\"><span style=\"font-size: 24pt; color: #ff0000;\"><strong style=\"font-family: 'arial black', sans-serif;\">W PE\u0141NI POLSKI PRODUKT<\/strong><\/span><\/h3>\n<p style=\"text-align: center;\"><span style=\"font-size: 14pt;\">Ca\u0142y etap produkcji, od pomys\u0142u po wykonanie ko\u0144cowe oparte s\u0105 o autorskie rozwi\u0105zania oraz dog\u0142\u0119bn\u0105 analiz\u0119 potrzeb i trend\u00f3w na\u00a0 rynku.<\/span><\/p>\n<p style=\"text-align: center;\"><img loading=\"lazy\" decoding=\"async\" class=\"wp-image-9726 alignnone\" src=\"https:\/\/ropam.com.pl\/wsparcie\/wp-content\/uploads\/2018\/04\/Obraz1.png\" alt=\"\" width=\"354\" height=\"325\" srcset=\"https:\/\/ropam.com.pl\/wsparcie\/wp-content\/uploads\/2018\/04\/Obraz1.png 292w, https:\/\/ropam.com.pl\/wsparcie\/wp-content\/uploads\/2018\/04\/Obraz1-60x55.png 60w\" sizes=\"auto, (max-width: 354px) 100vw, 354px\" \/><\/p>\n","protected":false},"excerpt":{"rendered":"<p><span style=\"font-size: 14pt;\">Sterownik o\u015bwietlenia<\/span><\/p>\n","protected":false},"featured_media":8102,"comment_status":"open","ping_status":"closed","template":"","meta":{"_acf_changed":false,"rank_math_lock_modified_date":false,"inline_featured_image":false},"product_cat":[560],"product_tag":[],"class_list":{"0":"post-8988","1":"product","2":"type-product","3":"status-publish","4":"has-post-thumbnail","6":"product_cat-sterowniki-oswietlenia","8":"first","9":"instock","10":"taxable","11":"shipping-taxable","12":"purchasable","13":"product-type-simple"},"acf":[],"_links":{"self":[{"href":"https:\/\/ropam.com.pl\/wsparcie\/wp-json\/wp\/v2\/product\/8988","targetHints":{"allow":["GET"]}}],"collection":[{"href":"https:\/\/ropam.com.pl\/wsparcie\/wp-json\/wp\/v2\/product"}],"about":[{"href":"https:\/\/ropam.com.pl\/wsparcie\/wp-json\/wp\/v2\/types\/product"}],"replies":[{"embeddable":true,"href":"https:\/\/ropam.com.pl\/wsparcie\/wp-json\/wp\/v2\/comments?post=8988"}],"wp:featuredmedia":[{"embeddable":true,"href":"https:\/\/ropam.com.pl\/wsparcie\/wp-json\/wp\/v2\/media\/8102"}],"wp:attachment":[{"href":"https:\/\/ropam.com.pl\/wsparcie\/wp-json\/wp\/v2\/media?parent=8988"}],"wp:term":[{"taxonomy":"product_cat","embeddable":true,"href":"https:\/\/ropam.com.pl\/wsparcie\/wp-json\/wp\/v2\/product_cat?post=8988"},{"taxonomy":"product_tag","embeddable":true,"href":"https:\/\/ropam.com.pl\/wsparcie\/wp-json\/wp\/v2\/product_tag?post=8988"}],"curies":[{"name":"wp","href":"https:\/\/api.w.org\/{rel}","templated":true}]}}