{"id":8986,"date":"2025-12-31T11:02:51","date_gmt":"2025-12-31T10:02:51","guid":{"rendered":"https:\/\/ropam.com.pl\/wsparcie\/produkt\/exp-srol8-rn\/"},"modified":"2026-04-03T07:12:56","modified_gmt":"2026-04-03T05:12:56","slug":"exp-srol8-rn","status":"publish","type":"product","link":"https:\/\/ropam.com.pl\/wsparcie\/exp-srol8-rn\/","title":{"rendered":"EXP-SROL8-RN"},"content":{"rendered":"<h3 style=\"text-align: center;\"><span style=\"font-size: 36pt;\">EXP-SROL8-RN<\/span><\/h3>\n<p style=\"text-align: center;\">Przewodowy modu\u0142 dedykowany do sterowania elektrycznymi roletami zewn\u0119trznymi i wewn\u0119trznymi oraz \u017caluzjami fasadowymi. Sterownik posiada mo\u017cliwo\u015b\u0107 pracy autonomicznej (samodzielnie na obiekcie) lub jako cz\u0119\u015b\u0107 systemu nadzorowanego przez central\u0119 z serii Neo-IP-64.<img loading=\"lazy\" decoding=\"async\" class=\"wp-image-9845 aligncenter\" src=\"https:\/\/ropam.com.pl\/wsparcie\/wp-content\/uploads\/2020\/08\/exp-srol8-rn-1.png\" alt=\"\" width=\"440\" height=\"293\" srcset=\"https:\/\/ropam.com.pl\/wsparcie\/wp-content\/uploads\/2020\/08\/exp-srol8-rn-1.png 5456w, https:\/\/ropam.com.pl\/wsparcie\/wp-content\/uploads\/2020\/08\/exp-srol8-rn-1-300x200.png 300w, https:\/\/ropam.com.pl\/wsparcie\/wp-content\/uploads\/2020\/08\/exp-srol8-rn-1-1024x682.png 1024w, https:\/\/ropam.com.pl\/wsparcie\/wp-content\/uploads\/2020\/08\/exp-srol8-rn-1-768x511.png 768w, https:\/\/ropam.com.pl\/wsparcie\/wp-content\/uploads\/2020\/08\/exp-srol8-rn-1-1536x1022.png 1536w, https:\/\/ropam.com.pl\/wsparcie\/wp-content\/uploads\/2020\/08\/exp-srol8-rn-1-2048x1363.png 2048w, https:\/\/ropam.com.pl\/wsparcie\/wp-content\/uploads\/2020\/08\/exp-srol8-rn-1-600x399.png 600w, https:\/\/ropam.com.pl\/wsparcie\/wp-content\/uploads\/2020\/08\/exp-srol8-rn-1-60x40.png 60w\" sizes=\"auto, (max-width: 440px) 100vw, 440px\" \/><\/p>\n<p style=\"text-align: left;\"><span style=\"font-family: 'arial black', sans-serif; color: #07acf2; font-size: 14pt;\"><strong>W\u0142a\u015bciwo\u015bci<\/strong><\/span><\/p>\n<p><b>\u00bb\u00a08-kana\u0142owy przewodowy modu\u0142 do sterowania roletami i \u017caluzjami fasadowymi<br \/>\n<\/b>\u00bb\u00a08 wyj\u015b\u0107 230V\/AC, 8 wej\u015b\u0107 steruj\u0105cych<br \/>\n\u00bb Kompatybilno\u015b\u0107: NeoLTE-IP-64, NeoGSM-IP-64, Neo-IP-64 &#8211; max 4 sterowniki<br \/>\n\u00bb\u00a0Dwa tryby pracy: <b>autonomiczna<\/b> lub <b>systemowa<br \/>\n<\/b>\u00bb\u00a0Sterowanie rolet\u0105\/\u017caluzj\u0105:<br \/>\n&#8211;<b> lokalne<\/b> (\u0142\u0105czniki \u017caluzjowe)<br \/>\n&#8211;<b> zdalne<\/b> (aplikacja mobilna, panele dotykowe, zdarzenia systemowe)<br \/>\n\u00bb\u00a0Automatyczna kalibracja rolety\/\u017caluzji<br \/>\n<b>\u00bb\u00a0Informacja o aktualnym po\u0142o\u017ceniu rolety\/\u017caluzji<\/b> w aplikacji mobilnej i panelach dotykowych<br \/>\n\u00bb\u00a0Obudowa 12M, monta\u017c na szyn\u0119 TH35<br \/>\n\u00bb\u00a0Zasilanie modu\u0142u 230V AC<\/p>\n<p>&nbsp;<\/p>\n<h3 style=\"text-align: center;\"><span style=\"font-size: 24pt; color: #ff0000;\"><strong style=\"font-family: 'arial black', sans-serif;\">W PE\u0141NI POLSKI PRODUKT<\/strong><\/span><\/h3>\n<p style=\"text-align: center;\"><span style=\"font-size: 14pt;\">Ca\u0142y etap produkcji, od pomys\u0142u po wykonanie ko\u0144cowe oparte s\u0105 o autorskie rozwi\u0105zania oraz dog\u0142\u0119bn\u0105 analiz\u0119 potrzeb i trend\u00f3w na\u00a0 rynku.<\/span><\/p>\n<p style=\"text-align: center;\"><img loading=\"lazy\" decoding=\"async\" class=\"wp-image-9726 alignnone\" src=\"https:\/\/ropam.com.pl\/wsparcie\/wp-content\/uploads\/2018\/04\/Obraz1.png\" alt=\"\" width=\"354\" height=\"325\" srcset=\"https:\/\/ropam.com.pl\/wsparcie\/wp-content\/uploads\/2018\/04\/Obraz1.png 292w, https:\/\/ropam.com.pl\/wsparcie\/wp-content\/uploads\/2018\/04\/Obraz1-60x55.png 60w\" sizes=\"auto, (max-width: 354px) 100vw, 354px\" \/><\/p>\n<p>&nbsp;<\/p>\n","protected":false},"excerpt":{"rendered":"<p><span style=\"font-size: 14pt;\">Sterownik do rolet<\/span><\/p>\n","protected":false},"featured_media":8084,"comment_status":"open","ping_status":"closed","template":"","meta":{"_acf_changed":false,"rank_math_lock_modified_date":false,"inline_featured_image":false},"product_cat":[556],"product_tag":[],"class_list":{"0":"post-8986","1":"product","2":"type-product","3":"status-publish","4":"has-post-thumbnail","6":"product_cat-sterowniki-rolet","8":"first","9":"instock","10":"taxable","11":"shipping-taxable","12":"purchasable","13":"product-type-simple"},"acf":[],"_links":{"self":[{"href":"https:\/\/ropam.com.pl\/wsparcie\/wp-json\/wp\/v2\/product\/8986","targetHints":{"allow":["GET"]}}],"collection":[{"href":"https:\/\/ropam.com.pl\/wsparcie\/wp-json\/wp\/v2\/product"}],"about":[{"href":"https:\/\/ropam.com.pl\/wsparcie\/wp-json\/wp\/v2\/types\/product"}],"replies":[{"embeddable":true,"href":"https:\/\/ropam.com.pl\/wsparcie\/wp-json\/wp\/v2\/comments?post=8986"}],"wp:featuredmedia":[{"embeddable":true,"href":"https:\/\/ropam.com.pl\/wsparcie\/wp-json\/wp\/v2\/media\/8084"}],"wp:attachment":[{"href":"https:\/\/ropam.com.pl\/wsparcie\/wp-json\/wp\/v2\/media?parent=8986"}],"wp:term":[{"taxonomy":"product_cat","embeddable":true,"href":"https:\/\/ropam.com.pl\/wsparcie\/wp-json\/wp\/v2\/product_cat?post=8986"},{"taxonomy":"product_tag","embeddable":true,"href":"https:\/\/ropam.com.pl\/wsparcie\/wp-json\/wp\/v2\/product_tag?post=8986"}],"curies":[{"name":"wp","href":"https:\/\/api.w.org\/{rel}","templated":true}]}}