{"id":8972,"date":"2019-10-22T10:57:06","date_gmt":"2019-10-22T08:57:06","guid":{"rendered":"https:\/\/ropam.com.pl\/wsparcie\/produkt\/neogsm-ip-64-manager\/"},"modified":"2024-12-27T14:55:15","modified_gmt":"2024-12-27T13:55:15","slug":"neogsm-ip-64-manager","status":"publish","type":"product","link":"https:\/\/ropam.com.pl\/wsparcie\/neogsm-ip-64-manager\/","title":{"rendered":"NeoGSM-IP-64 Manager"},"content":{"rendered":"<h3 style=\"text-align: center;\"><span style=\"font-size: 36pt;\">NeoGSM-IP-64 Manager<\/span><\/h3>\n<div style=\"text-align: center;\">Program NeoGSM-IP-64 Manager s\u0142u\u017cy do konfiguracji i aktualizacji urz\u0105dze\u0144 serii: NeoGSM-IP-64. Przeznaczony jest do pracy na komputerach klasy PC z systemem operacyjnym WINDOWS.<\/div>\n<div><\/div>\n<div><\/div>\n<div><\/div>\n<div><\/div>\n<div><span style=\"font-family: 'arial black', sans-serif; color: #07acf2; font-size: 14pt;\"><strong>Komunikacja pomi\u0119dzy oprogramowaniem, a urz\u0105dzeniami odbywa si\u0119 poprzez<\/strong><\/span><\/div>\n<div><\/div>\n<div>\u00bb USB z wykorzystaniem kabli komunikacyjnych USB-USBmicro<br \/>\n\u00bb WIFI lub LAN (sie\u0107 lokalna)<\/div>\n<div>\u00bb WIFI\/LAN lub GPRS (zdalnie z wykorzystanie serwera\u00a0 RopamBridge)<\/div>\n<div><\/div>\n<div>\n<div><span style=\"font-family: 'arial black', sans-serif; color: #07acf2; font-size: 14pt;\"><strong>Wymagania<\/strong><\/span><\/div>\n<div><\/div>\n<div>\u00bb System Windows 7\/8.x\/10 , 32bit\/64 bit<\/div>\n<div>\u00bb Rozdzielczo\u015b\u0107 ekranu min. 1280\u00d7800 (oraz skalowanie 100% dla programowania paneli TPR-4x)<\/div>\n<div>\u00bb Karta sieciowa WIFI\/LAN, USB 2.0<\/div>\n<\/div>\n<div><\/div>\n<div>\n<p style=\"text-align: center;\"><span style=\"font-size: 14pt; color: #ff0000;\"><strong style=\"font-family: 'arial black', sans-serif;\">W PE\u0141NI POLSKI PRODUKT<\/strong><\/span><\/p>\n<p style=\"text-align: center;\"><span style=\"font-size: 12pt; font-family: georgia, palatino, serif;\">Ca\u0142y etap produkcji, od pomys\u0142u po wykonanie ko\u0144cowe oparte s\u0105 o autorskie rozwi\u0105zania oraz dog\u0142\u0119bna analiz\u0119 potrzeb i trend\u00f3w na rynku.<\/span><\/p>\n<p><img loading=\"lazy\" decoding=\"async\" class=\"aligncenter size-full wp-image-9726\" src=\"https:\/\/ropam.com.pl\/wsparcie\/wp-content\/uploads\/2018\/04\/Obraz1.png\" alt=\"\" width=\"292\" height=\"268\" srcset=\"https:\/\/ropam.com.pl\/wsparcie\/wp-content\/uploads\/2018\/04\/Obraz1.png 292w, https:\/\/ropam.com.pl\/wsparcie\/wp-content\/uploads\/2018\/04\/Obraz1-60x55.png 60w\" sizes=\"auto, (max-width: 292px) 100vw, 292px\" \/><\/p>\n<\/div>\n","protected":false},"excerpt":{"rendered":"<p>NeoGSM-IP-64 Manager Program NeoGSM-IP-64 Manager s\u0142u\u017cy do konfiguracji i aktualizacji urz\u0105dze\u0144 serii: NeoGSM-IP-64. Przeznaczony jest do pracy na komputerach klasy PC z systemem operacyjnym WINDOWS. Komunikacja pomi\u0119dzy oprogramowaniem, a urz\u0105dzeniami odbywa si\u0119 poprzez \u00bb USB z wykorzystaniem kabli komunikacyjnych USB-USBmicro \u00bb WIFI lub LAN (sie\u0107 lokalna) \u00bb WIFI\/LAN lub GPRS (zdalnie z wykorzystanie serwera\u00a0 RopamBridge) [&hellip;]<\/p>\n","protected":false},"featured_media":8004,"comment_status":"open","ping_status":"closed","template":"","meta":{"_acf_changed":false,"rank_math_lock_modified_date":false,"inline_featured_image":false},"product_cat":[420],"product_tag":[],"class_list":{"0":"post-8972","1":"product","2":"type-product","3":"status-publish","4":"has-post-thumbnail","6":"product_cat-bez-kategorii","8":"first","9":"outofstock","10":"taxable","11":"shipping-taxable","12":"product-type-simple"},"acf":[],"_links":{"self":[{"href":"https:\/\/ropam.com.pl\/wsparcie\/wp-json\/wp\/v2\/product\/8972","targetHints":{"allow":["GET"]}}],"collection":[{"href":"https:\/\/ropam.com.pl\/wsparcie\/wp-json\/wp\/v2\/product"}],"about":[{"href":"https:\/\/ropam.com.pl\/wsparcie\/wp-json\/wp\/v2\/types\/product"}],"replies":[{"embeddable":true,"href":"https:\/\/ropam.com.pl\/wsparcie\/wp-json\/wp\/v2\/comments?post=8972"}],"wp:featuredmedia":[{"embeddable":true,"href":"https:\/\/ropam.com.pl\/wsparcie\/wp-json\/wp\/v2\/media\/8004"}],"wp:attachment":[{"href":"https:\/\/ropam.com.pl\/wsparcie\/wp-json\/wp\/v2\/media?parent=8972"}],"wp:term":[{"taxonomy":"product_cat","embeddable":true,"href":"https:\/\/ropam.com.pl\/wsparcie\/wp-json\/wp\/v2\/product_cat?post=8972"},{"taxonomy":"product_tag","embeddable":true,"href":"https:\/\/ropam.com.pl\/wsparcie\/wp-json\/wp\/v2\/product_tag?post=8972"}],"curies":[{"name":"wp","href":"https:\/\/api.w.org\/{rel}","templated":true}]}}