{"id":8963,"date":"2019-07-26T08:18:33","date_gmt":"2019-07-26T06:18:33","guid":{"rendered":"https:\/\/ropam.com.pl\/wsparcie\/produkt\/tk-4w\/"},"modified":"2025-12-19T14:02:57","modified_gmt":"2025-12-19T13:02:57","slug":"tk-4w","status":"publish","type":"product","link":"https:\/\/ropam.com.pl\/wsparcie\/tk-4w\/","title":{"rendered":"TK-4W"},"content":{"rendered":"<h3 style=\"text-align: center;\"><span style=\"font-size: 36pt;\"><b>KLAWIATURA DOTYKOWA TK-4W<\/b><\/span><\/h3>\n<p style=\"text-align: center;\"><span style=\"font-size: 14pt;\">Klawiatury dotykowe TK-4 s\u0142u\u017c\u0105 do sterowania wybran\u0105 stref\u0105 systemu alarmowego, opartego o centrale z serii <a href=\"https:\/\/ropam.com.pl\/wsparcie\/kategoria-produktu\/centrale-alarmowe\/seria-neo-ip-64\/\">Neo-IP-64<\/a> lub <a href=\"https:\/\/ropam.com.pl\/wsparcie\/kategoria-produktu\/centrale-alarmowe\/seria-neo-ip\/\">Neo-IP<\/a>.<\/span><\/p>\n<p style=\"text-align: center;\"><img loading=\"lazy\" decoding=\"async\" class=\"wp-image-9793 alignnone\" src=\"https:\/\/ropam.com.pl\/wsparcie\/wp-content\/uploads\/2019\/07\/TK-4W-300x224.jpg\" alt=\"\" width=\"441\" height=\"329\" srcset=\"https:\/\/ropam.com.pl\/wsparcie\/wp-content\/uploads\/2019\/07\/TK-4W-300x224.jpg 300w, https:\/\/ropam.com.pl\/wsparcie\/wp-content\/uploads\/2019\/07\/TK-4W-1024x763.jpg 1024w, https:\/\/ropam.com.pl\/wsparcie\/wp-content\/uploads\/2019\/07\/TK-4W-768x573.jpg 768w, https:\/\/ropam.com.pl\/wsparcie\/wp-content\/uploads\/2019\/07\/TK-4W-1536x1145.jpg 1536w, https:\/\/ropam.com.pl\/wsparcie\/wp-content\/uploads\/2019\/07\/TK-4W-2048x1527.jpg 2048w, https:\/\/ropam.com.pl\/wsparcie\/wp-content\/uploads\/2019\/07\/TK-4W-600x447.jpg 600w, https:\/\/ropam.com.pl\/wsparcie\/wp-content\/uploads\/2019\/07\/TK-4W-60x45.jpg 60w\" sizes=\"auto, (max-width: 441px) 100vw, 441px\" \/><\/p>\n<p>&nbsp;<\/p>\n<p><span style=\"font-size: 18pt;\"><strong style=\"color: #07acf2; font-family: 'arial black', sans-serif;\">W\u0142a\u015bciwo\u015bci\u00a0<\/strong><\/span><\/p>\n<p><span style=\"font-size: 14pt;\"><span style=\"color: #000000;\"><strong>\u00bb<\/strong><\/span> Klawiatura dotykowa, bez mechanicznych styk\u00f3w<\/span><br \/>\n<span style=\"font-size: 14pt;\"><span style=\"color: #000000;\"><strong>\u00bb<\/strong><\/span> Obs\u0142uga jednej strefy systemu alarmowego<\/span><br \/>\n<span style=\"color: #000000; font-size: 14pt;\"><strong>\u00bb<\/strong> Kompatybilno\u015b\u0107 z centralami z serii <a href=\"https:\/\/ropam.com.pl\/wsparcie\/kategoria-produktu\/centrale-alarmowe\/seria-neo-ip-64\/\">Neo-IP-64<\/a> i <a href=\"https:\/\/ropam.com.pl\/wsparcie\/kategoria-produktu\/centrale-alarmowe\/seria-neo-ip\/\">Neo-IP<\/a><\/span><br \/>\n<span style=\"font-size: 14pt;\"><span style=\"color: #000000;\"><strong>\u00bb<\/strong><\/span> Sygnalizacja akustyczna<\/span><br \/>\n<span style=\"font-size: 14pt;\"><span style=\"color: #000000;\"><strong>\u00bb<\/strong><\/span> Diody LED statusu systemu: Zasilanie, Alarm, Czuwanie, Awaria<\/span><br \/>\n<span style=\"font-size: 14pt;\"><span style=\"color: #000000;\"><strong>\u00bb<\/strong><\/span> Komunikacja z centralami po magistrali RopamNET<\/span><br \/>\n<span style=\"color: #000000; font-size: 14pt;\"><strong>\u00bb <\/strong>Obudowa z tworzywa sztucznego ABS<\/span><br \/>\n<span style=\"font-size: 14pt;\"><span style=\"color: #000000;\"><strong>\u00bb<\/strong><\/span> Zabezpieczenie antysabota\u017cowe obudowy<\/span><br \/>\n<span style=\"font-size: 14pt;\"><span style=\"color: #000000;\"><strong>\u00bb<\/strong><\/span> Wymiary: 123x89x22 mm (WxHxD)<br \/>\n<span style=\"color: #000000;\"><strong>\u00bb <\/strong>Kolor:<strong> bia\u0142y<\/strong><\/span><\/span><\/p>\n<h3 style=\"text-align: center;\"><span style=\"font-size: 24pt; color: #ff0000;\"><strong style=\"font-family: 'arial black', sans-serif;\">W PE\u0141NI POLSKI PRODUKT<\/strong><\/span><\/h3>\n<p style=\"text-align: center;\"><span style=\"font-size: 14pt;\">Ca\u0142y etap produkcji, od pomys\u0142u po wykonanie ko\u0144cowe oparte s\u0105 o autorskie rozwi\u0105zania oraz dog\u0142\u0119bn\u0105 analiz\u0119 potrzeb i trend\u00f3w na\u00a0 rynku.<\/span><\/p>\n<p style=\"text-align: center;\"><img loading=\"lazy\" decoding=\"async\" class=\"wp-image-9726 alignnone\" src=\"https:\/\/ropam.com.pl\/wsparcie\/wp-content\/uploads\/2018\/04\/Obraz1.png\" alt=\"\" width=\"354\" height=\"325\" srcset=\"https:\/\/ropam.com.pl\/wsparcie\/wp-content\/uploads\/2018\/04\/Obraz1.png 292w, https:\/\/ropam.com.pl\/wsparcie\/wp-content\/uploads\/2018\/04\/Obraz1-60x55.png 60w\" sizes=\"auto, (max-width: 354px) 100vw, 354px\" \/><\/p>\n","protected":false},"excerpt":{"rendered":"<p>Klawiatura dotykowa bia\u0142a<\/p>\n","protected":false},"featured_media":7975,"comment_status":"open","ping_status":"closed","template":"","meta":{"_acf_changed":false,"rank_math_lock_modified_date":false,"inline_featured_image":false},"product_cat":[574],"product_tag":[],"class_list":{"0":"post-8963","1":"product","2":"type-product","3":"status-publish","4":"has-post-thumbnail","6":"product_cat-tk-4","8":"first","9":"instock","10":"taxable","11":"shipping-taxable","12":"purchasable","13":"product-type-simple"},"acf":[],"_links":{"self":[{"href":"https:\/\/ropam.com.pl\/wsparcie\/wp-json\/wp\/v2\/product\/8963","targetHints":{"allow":["GET"]}}],"collection":[{"href":"https:\/\/ropam.com.pl\/wsparcie\/wp-json\/wp\/v2\/product"}],"about":[{"href":"https:\/\/ropam.com.pl\/wsparcie\/wp-json\/wp\/v2\/types\/product"}],"replies":[{"embeddable":true,"href":"https:\/\/ropam.com.pl\/wsparcie\/wp-json\/wp\/v2\/comments?post=8963"}],"wp:featuredmedia":[{"embeddable":true,"href":"https:\/\/ropam.com.pl\/wsparcie\/wp-json\/wp\/v2\/media\/7975"}],"wp:attachment":[{"href":"https:\/\/ropam.com.pl\/wsparcie\/wp-json\/wp\/v2\/media?parent=8963"}],"wp:term":[{"taxonomy":"product_cat","embeddable":true,"href":"https:\/\/ropam.com.pl\/wsparcie\/wp-json\/wp\/v2\/product_cat?post=8963"},{"taxonomy":"product_tag","embeddable":true,"href":"https:\/\/ropam.com.pl\/wsparcie\/wp-json\/wp\/v2\/product_tag?post=8963"}],"curies":[{"name":"wp","href":"https:\/\/api.w.org\/{rel}","templated":true}]}}