{"id":8950,"date":"2019-03-01T13:53:25","date_gmt":"2019-03-01T12:53:25","guid":{"rendered":"https:\/\/ropam.com.pl\/wsparcie\/produkt\/tra-30va-16-5v\/"},"modified":"2025-12-22T12:57:10","modified_gmt":"2025-12-22T11:57:10","slug":"tra-30va-16-5v","status":"publish","type":"product","link":"https:\/\/ropam.com.pl\/wsparcie\/tra-30va-16-5v\/","title":{"rendered":"TRA-30VA\/16.5V"},"content":{"rendered":"<p style=\"text-align: center;\"><span style=\"font-size: 36pt;\"><strong>TRA-30VA\/16.5V<\/strong><\/span><\/p>\n<p style=\"text-align: center;\">Transformator dedykowany do zasilania central w wersji -PS np. BasicGSM-PS 2, NeoGSM-IP-PS.<\/p>\n<p style=\"text-align: center;\"><img loading=\"lazy\" decoding=\"async\" class=\"wp-image-12955 aligncenter\" style=\"text-align: center;\" src=\"http:\/\/ropam.com.pl\/wsparcie\/wp-content\/uploads\/2019\/03\/TRA-30VA_16_5V-300x238.png\" alt=\"\" width=\"371\" height=\"294\" \/><\/p>\n<p><span style=\"font-size: 14pt;\"><strong style=\"color: #07acf2; font-family: 'arial black', sans-serif;\">W\u0142a\u015bciwo\u015bci<\/strong><\/span><\/p>\n<p style=\"text-align: left;\"><strong><span style=\"color: #000000;\">\u00bb <\/span>Moc<\/strong>: 30VA (zasilanie: 230V\/50Hz\/0.04A)<br \/>\n<strong><span style=\"color: #000000;\">\u00bb <\/span>Napi\u0119cie wyj\u015bciowe (SEC)<\/strong>: 16,5V\/1,8A (przewody w zestawie)<br \/>\n<strong><span style=\"color: #000000;\">\u00bb <\/span>Zabezpieczenie zwarciowe<\/strong>: bezpiecznik T250mA<br \/>\n<span style=\"color: #000000;\"><strong>\u00bb<\/strong> <\/span>Obudowa: ABS, transformator zalany \u017cywic\u0105<br \/>\n<span style=\"color: #000000;\"><strong>\u00bb<\/strong> <\/span>Do monta\u017cu w obudowach O-R3D, -R4D, O-RHD zamiennie z szyn\u0105 DIN (lub na p\u0142askim pod\u0142o\u017cu np. szafy sterownicze)<\/p>\n<h3 style=\"text-align: center;\"><span style=\"font-size: 24pt; color: #ff0000;\"><strong style=\"font-family: 'arial black', sans-serif;\">W PE\u0141NI POLSKI PRODUKT<\/strong><\/span><\/h3>\n<p style=\"text-align: center;\"><span style=\"font-size: 14pt;\">Ca\u0142y etap produkcji, od pomys\u0142u po wykonanie ko\u0144cowe oparte s\u0105 o autorskie rozwi\u0105zania oraz dog\u0142\u0119bn\u0105 analiz\u0119 potrzeb i trend\u00f3w na\u00a0 rynku.<\/span><\/p>\n<p style=\"text-align: center;\"><img loading=\"lazy\" decoding=\"async\" class=\"wp-image-9726 alignnone\" src=\"https:\/\/ropam.com.pl\/wsparcie\/wp-content\/uploads\/2018\/04\/Obraz1.png\" alt=\"\" width=\"354\" height=\"325\" srcset=\"https:\/\/ropam.com.pl\/wsparcie\/wp-content\/uploads\/2018\/04\/Obraz1.png 292w, https:\/\/ropam.com.pl\/wsparcie\/wp-content\/uploads\/2018\/04\/Obraz1-60x55.png 60w\" sizes=\"auto, (max-width: 354px) 100vw, 354px\" \/><\/p>\n","protected":false},"excerpt":{"rendered":"<p><span style=\"font-size: 14pt;\">Transformator 30VA\/16.5V<\/span><\/p>\n","protected":false},"featured_media":7917,"comment_status":"open","ping_status":"closed","template":"","meta":{"_acf_changed":false,"rank_math_lock_modified_date":false,"inline_featured_image":false},"product_cat":[595],"product_tag":[],"class_list":{"0":"post-8950","1":"product","2":"type-product","3":"status-publish","4":"has-post-thumbnail","6":"product_cat-inne_akcesoria_ogolne","8":"first","9":"instock","10":"taxable","11":"shipping-taxable","12":"purchasable","13":"product-type-simple"},"acf":[],"_links":{"self":[{"href":"https:\/\/ropam.com.pl\/wsparcie\/wp-json\/wp\/v2\/product\/8950","targetHints":{"allow":["GET"]}}],"collection":[{"href":"https:\/\/ropam.com.pl\/wsparcie\/wp-json\/wp\/v2\/product"}],"about":[{"href":"https:\/\/ropam.com.pl\/wsparcie\/wp-json\/wp\/v2\/types\/product"}],"replies":[{"embeddable":true,"href":"https:\/\/ropam.com.pl\/wsparcie\/wp-json\/wp\/v2\/comments?post=8950"}],"wp:featuredmedia":[{"embeddable":true,"href":"https:\/\/ropam.com.pl\/wsparcie\/wp-json\/wp\/v2\/media\/7917"}],"wp:attachment":[{"href":"https:\/\/ropam.com.pl\/wsparcie\/wp-json\/wp\/v2\/media?parent=8950"}],"wp:term":[{"taxonomy":"product_cat","embeddable":true,"href":"https:\/\/ropam.com.pl\/wsparcie\/wp-json\/wp\/v2\/product_cat?post=8950"},{"taxonomy":"product_tag","embeddable":true,"href":"https:\/\/ropam.com.pl\/wsparcie\/wp-json\/wp\/v2\/product_tag?post=8950"}],"curies":[{"name":"wp","href":"https:\/\/api.w.org\/{rel}","templated":true}]}}