{"id":8949,"date":"2019-02-22T15:28:27","date_gmt":"2019-02-22T14:28:27","guid":{"rendered":"https:\/\/ropam.com.pl\/wsparcie\/produkt\/neogsm-ip-update\/"},"modified":"2023-07-22T14:28:20","modified_gmt":"2023-07-22T12:28:20","slug":"neogsm-ip-update","status":"publish","type":"product","link":"https:\/\/ropam.com.pl\/wsparcie\/neogsm-ip-update\/","title":{"rendered":"NeoGSM-IP Update"},"content":{"rendered":"Program do aktualizacji central serii NeoGSM-IP(-64)\n<div>Przeznaczony jest do pracy na komputerach klasy PC z systemem operacyjnym WINDOWS 10.<\/div>\n<div>Komunikacja pomi\u0119dzy oprogramowaniem&nbsp;&nbsp;a urz\u0105dzeniami odbywa si\u0119 poprzez port USB z wykorzystaniem kabli komunikacyjnych USB-USBmicro.<\/div>\n<div>Wersja:v1.5 poprawiony problem z aktualizacj\u0105 centrali na niekt\u00f3rych starszych komputerach (Win7 wersje 32bit).<\/div>\n&nbsp;","protected":false},"excerpt":{"rendered":"<p>Program do aktualizacji central serii NeoGSM-IP(-64) Przeznaczony jest do pracy na komputerach klasy PC z systemem operacyjnym WINDOWS 10. Komunikacja pomi\u0119dzy oprogramowaniem&nbsp;&nbsp;a urz\u0105dzeniami odbywa si\u0119 poprzez port USB z wykorzystaniem kabli komunikacyjnych USB-USBmicro. Wersja:v1.5 poprawiony problem z aktualizacj\u0105 centrali na niekt\u00f3rych starszych komputerach (Win7 wersje 32bit). &nbsp;<\/p>\n","protected":false},"featured_media":7908,"comment_status":"open","ping_status":"closed","template":"","meta":{"_acf_changed":false,"rank_math_lock_modified_date":false,"inline_featured_image":false},"product_cat":[527],"product_tag":[],"class_list":{"0":"post-8949","1":"product","2":"type-product","3":"status-publish","4":"has-post-thumbnail","6":"product_cat-programy-do-aktualizacji","8":"first","9":"instock","10":"taxable","11":"shipping-taxable","12":"purchasable","13":"product-type-simple"},"acf":[],"_links":{"self":[{"href":"https:\/\/ropam.com.pl\/wsparcie\/wp-json\/wp\/v2\/product\/8949","targetHints":{"allow":["GET"]}}],"collection":[{"href":"https:\/\/ropam.com.pl\/wsparcie\/wp-json\/wp\/v2\/product"}],"about":[{"href":"https:\/\/ropam.com.pl\/wsparcie\/wp-json\/wp\/v2\/types\/product"}],"replies":[{"embeddable":true,"href":"https:\/\/ropam.com.pl\/wsparcie\/wp-json\/wp\/v2\/comments?post=8949"}],"wp:featuredmedia":[{"embeddable":true,"href":"https:\/\/ropam.com.pl\/wsparcie\/wp-json\/wp\/v2\/media\/7908"}],"wp:attachment":[{"href":"https:\/\/ropam.com.pl\/wsparcie\/wp-json\/wp\/v2\/media?parent=8949"}],"wp:term":[{"taxonomy":"product_cat","embeddable":true,"href":"https:\/\/ropam.com.pl\/wsparcie\/wp-json\/wp\/v2\/product_cat?post=8949"},{"taxonomy":"product_tag","embeddable":true,"href":"https:\/\/ropam.com.pl\/wsparcie\/wp-json\/wp\/v2\/product_tag?post=8949"}],"curies":[{"name":"wp","href":"https:\/\/api.w.org\/{rel}","templated":true}]}}