{"id":8947,"date":"2025-12-30T11:49:58","date_gmt":"2025-12-30T10:49:58","guid":{"rendered":"https:\/\/ropam.com.pl\/wsparcie\/produkt\/srol-s-modul-roletowy\/"},"modified":"2026-02-03T15:36:20","modified_gmt":"2026-02-03T14:36:20","slug":"srol-s","status":"publish","type":"product","link":"https:\/\/ropam.com.pl\/wsparcie\/srol-s\/","title":{"rendered":"SROL-S"},"content":{"rendered":"<h3 style=\"text-align: center;\"><span style=\"font-size: 36pt;\">SROL-S<\/span><\/h3>\n<p style=\"text-align: center;\">Przewodowy, dopuszkowy modu\u0142 dedykowany do sterowania roletami zewn\u0119trznymi.<\/p>\n<p style=\"text-align: center;\"><img loading=\"lazy\" decoding=\"async\" class=\"wp-image-9843 aligncenter\" src=\"https:\/\/ropam.com.pl\/wsparcie\/wp-content\/uploads\/2019\/02\/DSC01950-scaled.jpg\" alt=\"\" width=\"388\" height=\"306\" srcset=\"https:\/\/ropam.com.pl\/wsparcie\/wp-content\/uploads\/2019\/02\/DSC01950-scaled.jpg 2560w, https:\/\/ropam.com.pl\/wsparcie\/wp-content\/uploads\/2019\/02\/DSC01950-300x237.jpg 300w, https:\/\/ropam.com.pl\/wsparcie\/wp-content\/uploads\/2019\/02\/DSC01950-1024x807.jpg 1024w, https:\/\/ropam.com.pl\/wsparcie\/wp-content\/uploads\/2019\/02\/DSC01950-768x605.jpg 768w, https:\/\/ropam.com.pl\/wsparcie\/wp-content\/uploads\/2019\/02\/DSC01950-1536x1211.jpg 1536w, https:\/\/ropam.com.pl\/wsparcie\/wp-content\/uploads\/2019\/02\/DSC01950-2048x1615.jpg 2048w, https:\/\/ropam.com.pl\/wsparcie\/wp-content\/uploads\/2019\/02\/DSC01950-600x473.jpg 600w, https:\/\/ropam.com.pl\/wsparcie\/wp-content\/uploads\/2019\/02\/DSC01950-60x47.jpg 60w\" sizes=\"auto, (max-width: 388px) 100vw, 388px\" \/><\/p>\n<p><span style=\"font-family: 'arial black', sans-serif; color: #07acf2; font-size: 14pt;\"><strong>W\u0142a\u015bciwo\u015bci<\/strong><\/span><\/p>\n<p><strong>\u00bb<\/strong> 1-kana\u0142owy sterownik rolet<br \/>\n<strong>\u00bb <\/strong>Dwa tryby pracy: <strong>autonomiczna<\/strong> lub <strong>systemowa<\/strong><br \/>\n<strong>\u00bb<\/strong> Sterowanie rolet\u0105:<br \/>\n&#8211; lokalne 230VAC z \u0142\u0105cznik\u00f3w \u017caluzjowych<br \/>\n&#8211; centralne 12VDC z wyj\u015b\u0107 centrali (wyj\u015b\u0107 tranzystorowych)<br \/>\n<strong>\u00bb<\/strong> Intuicyjne sterowanie w panelach dotykowych, aplikacjach mobilnych wid\u017cet &#8216;rolety&#8217;, poprzez piloty radiowe, funkcje logiczne<br \/>\n<strong>\u00bb<\/strong> Kompatybilno\u015b\u0107 z rodzinami: <a href=\"https:\/\/ropam.com.pl\/wsparcie\/kategoria-produktu\/centrale-alarmowe\/seria-neo-ip\/\">Neo-IP<\/a>, <a href=\"https:\/\/ropam.com.pl\/wsparcie\/kategoria-produktu\/centrale-alarmowe\/seria-neo-ip-64\/\">Neo-IP-64<\/a>: jedno wyj\u015bcie w trybie &#8216;roleta&#8217; pozwala uzyska\u0107 funkcje: g\u00f3ra\/d\u00f3\u0142\/stop<br \/>\n<strong>\u00bb<\/strong> Kompatybilno\u015b\u0107 z systemami firm trzecich, centrale lub sterowniki z wyj\u015bciami tranzystorowymi (OC)<br \/>\n<strong>\u00bb<\/strong> Automatyczne ustawianie czasu pe\u0142nego ruchu g\u00f3ra\/d\u00f3\u0142<br \/>\n<strong>\u00bb<\/strong> Ochrona silnika przy uszkodzonym przeka\u017aniku (amperometryka)<br \/>\n<strong>\u00bb<\/strong> Monta\u017c do-puszkowy (puszka \u00d860), ma\u0142e wymiary 45x58x26 [mm]<br \/>\n<strong>\u00bb<\/strong> Zasilanie modu\u0142u 230V AC<br \/>\n<strong>\u00bb\u00a0<\/strong>Separacja galwaniczna mi\u0119dzy sterowaniem lokalnym a centralny<br \/>\n<strong>\u00bb<\/strong> Pob\u00f3r mocy: ~0,35 gotowo\u015b\u0107 \/1W praca<\/p>\n<h3 style=\"text-align: center;\"><span style=\"font-size: 24pt; color: #ff0000;\"><strong style=\"font-family: 'arial black', sans-serif;\">W PE\u0141NI POLSKI PRODUKT<\/strong><\/span><\/h3>\n<p style=\"text-align: center;\"><span style=\"font-size: 14pt;\">Ca\u0142y etap produkcji, od pomys\u0142u po wykonanie ko\u0144cowe oparte s\u0105 o autorskie rozwi\u0105zania oraz dog\u0142\u0119bn\u0105 analiz\u0119 potrzeb i trend\u00f3w na\u00a0 rynku.<\/span><\/p>\n<p style=\"text-align: center;\"><img loading=\"lazy\" decoding=\"async\" class=\"wp-image-9726 alignnone\" src=\"https:\/\/ropam.com.pl\/wsparcie\/wp-content\/uploads\/2018\/04\/Obraz1.png\" alt=\"\" width=\"354\" height=\"325\" srcset=\"https:\/\/ropam.com.pl\/wsparcie\/wp-content\/uploads\/2018\/04\/Obraz1.png 292w, https:\/\/ropam.com.pl\/wsparcie\/wp-content\/uploads\/2018\/04\/Obraz1-60x55.png 60w\" sizes=\"auto, (max-width: 354px) 100vw, 354px\" \/><\/p>\n","protected":false},"excerpt":{"rendered":"<p><span style=\"font-size: 14pt;\">Sterownik do rolet<\/span><\/p>\n","protected":false},"featured_media":9699,"comment_status":"open","ping_status":"closed","template":"","meta":{"_acf_changed":false,"rank_math_lock_modified_date":false,"inline_featured_image":false},"product_cat":[556],"product_tag":[],"class_list":{"0":"post-8947","1":"product","2":"type-product","3":"status-publish","4":"has-post-thumbnail","6":"product_cat-sterowniki-rolet","8":"first","9":"instock","10":"taxable","11":"shipping-taxable","12":"purchasable","13":"product-type-simple"},"acf":[],"_links":{"self":[{"href":"https:\/\/ropam.com.pl\/wsparcie\/wp-json\/wp\/v2\/product\/8947","targetHints":{"allow":["GET"]}}],"collection":[{"href":"https:\/\/ropam.com.pl\/wsparcie\/wp-json\/wp\/v2\/product"}],"about":[{"href":"https:\/\/ropam.com.pl\/wsparcie\/wp-json\/wp\/v2\/types\/product"}],"replies":[{"embeddable":true,"href":"https:\/\/ropam.com.pl\/wsparcie\/wp-json\/wp\/v2\/comments?post=8947"}],"wp:featuredmedia":[{"embeddable":true,"href":"https:\/\/ropam.com.pl\/wsparcie\/wp-json\/wp\/v2\/media\/9699"}],"wp:attachment":[{"href":"https:\/\/ropam.com.pl\/wsparcie\/wp-json\/wp\/v2\/media?parent=8947"}],"wp:term":[{"taxonomy":"product_cat","embeddable":true,"href":"https:\/\/ropam.com.pl\/wsparcie\/wp-json\/wp\/v2\/product_cat?post=8947"},{"taxonomy":"product_tag","embeddable":true,"href":"https:\/\/ropam.com.pl\/wsparcie\/wp-json\/wp\/v2\/product_tag?post=8947"}],"curies":[{"name":"wp","href":"https:\/\/api.w.org\/{rel}","templated":true}]}}