{"id":8944,"date":"2018-09-12T09:31:58","date_gmt":"2018-09-12T07:31:58","guid":{"rendered":"https:\/\/ropam.com.pl\/wsparcie\/produkt\/neogsm-ip-manager\/"},"modified":"2024-12-27T14:55:56","modified_gmt":"2024-12-27T13:55:56","slug":"neogsm-ip-manager","status":"publish","type":"product","link":"https:\/\/ropam.com.pl\/wsparcie\/neogsm-ip-manager\/","title":{"rendered":"NeoGSM-IP Manager"},"content":{"rendered":"<div>Program NeoGSM-IP Manager s\u0142u\u017cy do konfiguracji i aktualizacji urz\u0105dze\u0144 serii: NeoGSM-IP.<\/div>\n<div>Przeznaczony jest do pracy na komputerach klasy PC z systemem operacyjnym WINDOWS<\/div>\n<div>\n<p>Komunikacja pomi\u0119dzy\u00a0oprogramowaniem\u00a0\u00a0a urz\u0105dzeniami odbywa si\u0119 poprzez:<\/p>\n<div>\n<div>&#8211; USB z wykorzystaniem kabli komunikacyjnych USB-USBmicro,<br \/>\n&#8211; WIFI lub LAN (sie\u0107 lokalna)<\/div>\n<div>&#8211; WIFI\/LAN lub GPRS (zdalnie z wykorzystanie serwera\u00a0 RopamBridge)<\/div>\n<\/div>\n<\/div>\n<div><\/div>\n<div>Wymagania:<\/div>\n<div>&#8211; system Windows 7\/8.x\/10 , 32bit\/64 bit<\/div>\n<div>&#8211; rozdzielczo\u015b\u0107 ekranu min. 1280\u00d7800 (i skalowanie 100% dla programowania paneli TPR-4x)<\/div>\n<div>&#8211; karta sieciowa WIFI\/LAN, USB 2.0<\/div>\n","protected":false},"excerpt":{"rendered":"<p>Program NeoGSM-IP Manager s\u0142u\u017cy do konfiguracji i aktualizacji urz\u0105dze\u0144 serii: NeoGSM-IP. Przeznaczony jest do pracy na komputerach klasy PC z systemem operacyjnym WINDOWS Komunikacja pomi\u0119dzy\u00a0oprogramowaniem\u00a0\u00a0a urz\u0105dzeniami odbywa si\u0119 poprzez: &#8211; USB z wykorzystaniem kabli komunikacyjnych USB-USBmicro, &#8211; WIFI lub LAN (sie\u0107 lokalna) &#8211; WIFI\/LAN lub GPRS (zdalnie z wykorzystanie serwera\u00a0 RopamBridge) Wymagania: &#8211; system Windows [&hellip;]<\/p>\n","protected":false},"featured_media":7856,"comment_status":"open","ping_status":"closed","template":"","meta":{"_acf_changed":false,"rank_math_lock_modified_date":false,"inline_featured_image":false},"product_cat":[420],"product_tag":[],"class_list":{"0":"post-8944","1":"product","2":"type-product","3":"status-publish","4":"has-post-thumbnail","6":"product_cat-bez-kategorii","8":"first","9":"outofstock","10":"taxable","11":"shipping-taxable","12":"product-type-simple"},"acf":[],"_links":{"self":[{"href":"https:\/\/ropam.com.pl\/wsparcie\/wp-json\/wp\/v2\/product\/8944","targetHints":{"allow":["GET"]}}],"collection":[{"href":"https:\/\/ropam.com.pl\/wsparcie\/wp-json\/wp\/v2\/product"}],"about":[{"href":"https:\/\/ropam.com.pl\/wsparcie\/wp-json\/wp\/v2\/types\/product"}],"replies":[{"embeddable":true,"href":"https:\/\/ropam.com.pl\/wsparcie\/wp-json\/wp\/v2\/comments?post=8944"}],"wp:featuredmedia":[{"embeddable":true,"href":"https:\/\/ropam.com.pl\/wsparcie\/wp-json\/wp\/v2\/media\/7856"}],"wp:attachment":[{"href":"https:\/\/ropam.com.pl\/wsparcie\/wp-json\/wp\/v2\/media?parent=8944"}],"wp:term":[{"taxonomy":"product_cat","embeddable":true,"href":"https:\/\/ropam.com.pl\/wsparcie\/wp-json\/wp\/v2\/product_cat?post=8944"},{"taxonomy":"product_tag","embeddable":true,"href":"https:\/\/ropam.com.pl\/wsparcie\/wp-json\/wp\/v2\/product_tag?post=8944"}],"curies":[{"name":"wp","href":"https:\/\/api.w.org\/{rel}","templated":true}]}}