{"id":8940,"date":"2025-12-30T14:00:25","date_gmt":"2025-12-30T13:00:25","guid":{"rendered":"https:\/\/ropam.com.pl\/wsparcie\/produkt\/rht-2h\/"},"modified":"2026-02-03T15:26:40","modified_gmt":"2026-02-03T14:26:40","slug":"rht-2h","status":"publish","type":"product","link":"https:\/\/ropam.com.pl\/wsparcie\/rht-2h\/","title":{"rendered":"RHT-2H"},"content":{"rendered":"<div class=\"desc userText\">\n<h3 style=\"text-align: center;\"><span style=\"font-size: 36pt;\">RHT-2<\/span><\/h3>\n<p style=\"text-align: center;\"><span style=\"font-size: 14pt;\">Czujnik temperatury i wilgotno\u015bci, jest urz\u0105dzeniem przeznaczonym do wsp\u00f3\u0142pracy z urz\u0105dzeniami Ropam. Pozwala na pomiar temperatury i wilgotno\u015bci powietrza. <\/span><\/p>\n<p style=\"text-align: center;\"><span style=\"font-size: 14pt;\">Warto\u015b\u0107 mierzona jest wykorzystywana przez modu\u0142y oraz centrale do realizacji funkcji smart home. Przekroczenie warto\u015bci <b>L <\/b>(Low) i <b>H <\/b>(High) mo\u017ce by\u0107 sygnalizowa\u0107 poprzez PUSH, SMS, VOICE (komunikat g\u0142osowy).<\/span><\/p>\n<p style=\"text-align: center;\"><span style=\"font-family: 'arial black', sans-serif; color: #07acf2; font-size: 14pt;\"><strong><img loading=\"lazy\" decoding=\"async\" class=\"alignnone wp-image-9598\" src=\"https:\/\/ropam.com.pl\/wsparcie\/wp-content\/uploads\/2018\/09\/Projekt-bez-nazwy-2024-08-06T133351.903.png\" alt=\"\" width=\"390\" height=\"390\" srcset=\"https:\/\/ropam.com.pl\/wsparcie\/wp-content\/uploads\/2018\/09\/Projekt-bez-nazwy-2024-08-06T133351.903.png 1080w, https:\/\/ropam.com.pl\/wsparcie\/wp-content\/uploads\/2018\/09\/Projekt-bez-nazwy-2024-08-06T133351.903-300x300.png 300w, https:\/\/ropam.com.pl\/wsparcie\/wp-content\/uploads\/2018\/09\/Projekt-bez-nazwy-2024-08-06T133351.903-1024x1024.png 1024w, https:\/\/ropam.com.pl\/wsparcie\/wp-content\/uploads\/2018\/09\/Projekt-bez-nazwy-2024-08-06T133351.903-150x150.png 150w, https:\/\/ropam.com.pl\/wsparcie\/wp-content\/uploads\/2018\/09\/Projekt-bez-nazwy-2024-08-06T133351.903-768x768.png 768w, https:\/\/ropam.com.pl\/wsparcie\/wp-content\/uploads\/2018\/09\/Projekt-bez-nazwy-2024-08-06T133351.903-600x600.png 600w, https:\/\/ropam.com.pl\/wsparcie\/wp-content\/uploads\/2018\/09\/Projekt-bez-nazwy-2024-08-06T133351.903-100x100.png 100w, https:\/\/ropam.com.pl\/wsparcie\/wp-content\/uploads\/2018\/09\/Projekt-bez-nazwy-2024-08-06T133351.903-60x60.png 60w\" sizes=\"auto, (max-width: 390px) 100vw, 390px\" \/><\/strong><\/span><\/p>\n<p><span style=\"font-family: 'arial black', sans-serif; color: #07acf2; font-size: 14pt;\"><strong>W\u0142a\u015bciwo\u015bci<\/strong><\/span><\/p>\n<p>\u00bb Kompatybilno\u015b\u0107 z centralami alarmowymi i modu\u0142ami GSM\/LTE <strong>po magistrali TSR<\/strong><br \/>\n&#8211; pomiar wilgotno\u015bci w modu\u0142ach GSM\/LTE mo\u017cliwy <strong>poprzez wej\u015bcie analogowe 0-10V<\/strong><br \/>\n\u00bb Kompatybilno\u015b\u0107 z sterownikami ogrzewania i klimatyzacji HVAC, sterownikami PLC <strong>poprzez wyj\u015bcie analogowe 0-10V<\/strong><br \/>\n\u00bb Odleg\u0142o\u015b\u0107 od centrali\/modu\u0142u GSM\/LTE max 50m<br \/>\n\u00bb Zakres pomiaru temperatury: -20&#8217;C do +80&#8217;C<br \/>\n\u00bb Zakres pomiaru wilgotno\u015bci: 0-100%RH bez kondensacji<br \/>\n\u00bb Czujnik oparty o skalibrowany, cyfrowy przetwornik temperatury + wilg. powietrza<br \/>\n\u00bb Obudowa natynkowa ABS, IP65 z filtrem ochronnym, do pracy w trudnych warunkach<br \/>\n\u00bb Wymiary 80x80x25 mm, 64&#215;117,36 (z filtrem i d\u0142awikami<br \/>\n\u00bb Dok\u0142adno\u015b\u0107 pomiaru temperatury 1\u00b0C\u00a0 dla BasicLTE, BasicGSM 2, MultiLTE-RF, MultiGSM 2<br \/>\n\u00bb Dok\u0142adno\u015b\u0107 pomiaru temperatury 0,5\u00b0C dla central z serii Neo-IP-64 i Neo-IP<br \/>\n\u00bb Dok\u0142adno\u015b\u0107 pomiaru wilgotno\u015bci: 5%RH<\/p>\n<h3 style=\"text-align: center;\"><\/h3>\n<h3 style=\"text-align: center;\"><span style=\"font-size: 24pt; color: #ff0000;\"><strong style=\"font-family: 'arial black', sans-serif;\">W PE\u0141NI POLSKI PRODUKT<\/strong><\/span><\/h3>\n<p style=\"text-align: center;\"><span style=\"font-size: 14pt;\">Ca\u0142y etap produkcji, od pomys\u0142u po wykonanie ko\u0144cowe oparte s\u0105 o autorskie rozwi\u0105zania oraz dog\u0142\u0119bn\u0105 analiz\u0119 potrzeb i trend\u00f3w na\u00a0 rynku.<\/span><\/p>\n<p style=\"text-align: center;\"><img loading=\"lazy\" decoding=\"async\" class=\"wp-image-9726 alignnone\" src=\"https:\/\/ropam.com.pl\/wsparcie\/wp-content\/uploads\/2018\/04\/Obraz1.png\" alt=\"\" width=\"354\" height=\"325\" srcset=\"https:\/\/ropam.com.pl\/wsparcie\/wp-content\/uploads\/2018\/04\/Obraz1.png 292w, https:\/\/ropam.com.pl\/wsparcie\/wp-content\/uploads\/2018\/04\/Obraz1-60x55.png 60w\" sizes=\"auto, (max-width: 354px) 100vw, 354px\" \/><\/p>\n<\/div>\n","protected":false},"excerpt":{"rendered":"<p><span style=\"font-size: 18.6667px;\">Czujnik temp. i wilgotno\u015bci<\/span><\/p>\n","protected":false},"featured_media":9598,"comment_status":"open","ping_status":"closed","template":"","meta":{"_acf_changed":false,"rank_math_lock_modified_date":false,"inline_featured_image":false},"product_cat":[583],"product_tag":[],"class_list":{"0":"post-8940","1":"product","2":"type-product","3":"status-publish","4":"has-post-thumbnail","6":"product_cat-czujniki-wilgotnosci","8":"first","9":"instock","10":"taxable","11":"shipping-taxable","12":"purchasable","13":"product-type-simple"},"acf":[],"_links":{"self":[{"href":"https:\/\/ropam.com.pl\/wsparcie\/wp-json\/wp\/v2\/product\/8940","targetHints":{"allow":["GET"]}}],"collection":[{"href":"https:\/\/ropam.com.pl\/wsparcie\/wp-json\/wp\/v2\/product"}],"about":[{"href":"https:\/\/ropam.com.pl\/wsparcie\/wp-json\/wp\/v2\/types\/product"}],"replies":[{"embeddable":true,"href":"https:\/\/ropam.com.pl\/wsparcie\/wp-json\/wp\/v2\/comments?post=8940"}],"wp:featuredmedia":[{"embeddable":true,"href":"https:\/\/ropam.com.pl\/wsparcie\/wp-json\/wp\/v2\/media\/9598"}],"wp:attachment":[{"href":"https:\/\/ropam.com.pl\/wsparcie\/wp-json\/wp\/v2\/media?parent=8940"}],"wp:term":[{"taxonomy":"product_cat","embeddable":true,"href":"https:\/\/ropam.com.pl\/wsparcie\/wp-json\/wp\/v2\/product_cat?post=8940"},{"taxonomy":"product_tag","embeddable":true,"href":"https:\/\/ropam.com.pl\/wsparcie\/wp-json\/wp\/v2\/product_tag?post=8940"}],"curies":[{"name":"wp","href":"https:\/\/api.w.org\/{rel}","templated":true}]}}