{"id":8935,"date":"2018-09-11T12:48:53","date_gmt":"2018-09-11T10:48:53","guid":{"rendered":"https:\/\/ropam.com.pl\/wsparcie\/produkt\/tpr-4ws\/"},"modified":"2026-01-20T15:24:06","modified_gmt":"2026-01-20T14:24:06","slug":"tpr-4ws","status":"publish","type":"product","link":"https:\/\/ropam.com.pl\/wsparcie\/tpr-4ws\/","title":{"rendered":"TPR-4WS"},"content":{"rendered":"<p style=\"text-align: center;\"><strong><span style=\"font-size: 36pt;\">Panel dotykowy TPR-4WS<\/span><br \/>\n<\/strong><br \/>\n<span style=\"font-size: 14pt;\">Panel dotykowy TPR-4WS\u00a0 to nowoczesny element sterowania i kontroli systemu alarmowego. Nowoczesna stylistyka, sprawdzona technologia oraz intuicyjny przejrzysty interfejs sprawia, \u017ce sterowanie systemem alarmowym i automatyk\u0105 domow\u0105 nigdy nie by\u0142o takie proste.<\/span><\/p>\n<p style=\"text-align: center;\"><img loading=\"lazy\" decoding=\"async\" class=\"wp-image-9717 aligncenter\" src=\"https:\/\/ropam.com.pl\/wsparcie\/wp-content\/uploads\/2018\/04\/TPR4_1.gif\" alt=\"\" width=\"457\" height=\"326\" \/><\/p>\n<p><span style=\"font-size: 14pt;\"><strong style=\"color: #07acf2; font-family: 'arial black', sans-serif;\">W\u0142a\u015bciwo\u015bci\u00a0<\/strong><\/span><\/p>\n<p style=\"text-align: left;\"><span style=\"color: #000000;\"><strong>\u00bb<\/strong> Panel dotykowy o <strong>przek\u0105tnej 4,3&#8243;<\/strong><br \/>\n<\/span><span style=\"color: #000000;\"><strong>\u00bb<\/strong> Kolorowy wy\u015bwietlacz TFT LCD, LED<br \/>\n<\/span><span style=\"color: #000000;\"><strong>\u00bb Rezystancyjny<\/strong>\u00a0ekran dotykowy<br \/>\n<\/span><span style=\"color: #000000;\"><strong>\u00bb<\/strong> Dost\u0119pny w dw\u00f3ch kolorach : <strong>bia\u0142y<\/strong>\/czarny<br \/>\n<\/span><span style=\"color: #000000;\"><strong>\u00bb<\/strong> Interaktywne, personalizowane menu z wid\u017cetami<br \/>\n<\/span><span style=\"color: #000000;\"><strong>\u00bb<\/strong> Mo\u017cliwo\u015b\u0107 dodania <strong>4 ekran\u00f3w<\/strong> z obs\u0142ug\u0105 <strong>60 wid\u017cet\u00f3w<br \/>\n<\/strong><\/span><span style=\"color: #000000;\"><strong>\u00bb<\/strong> Sterowanie automatyk\u0105 domow\u0105:<strong> rolety, o\u015bwietlenie, bramy i szlabany, termostat pokojowy i wiele wi\u0119cej<br \/>\n<\/strong><\/span><span style=\"color: #000000;\"><strong>\u00bb<\/strong> Tekstowe podpowiedzi dla danych wid\u017cet\u00f3w i ich funkcji<\/span><span style=\"color: #000000;\"><br \/>\n<\/span><span style=\"color: #000000;\"><strong>\u00bb<\/strong> Wygaszacz ekranu z funkcj\u0105<strong> kalendarza, zegara, temperatury lub fotoramki<br \/>\n<\/strong><\/span><span style=\"color: #000000;\"><strong>\u00bb<\/strong> Sygnalizacja d\u017awi\u0119kowa<br \/>\n<\/span><span style=\"color: #000000;\"><strong>\u00bb<\/strong> Wbudowane gniazdo na <strong>kart\u0119 SD<\/strong><br \/>\n<\/span><span style=\"color: #000000;\"><strong>\u00bb<\/strong> Wbudowane jedno wyj\u015bcie przeka\u017anikowe<br \/>\n<strong>\u00bb <\/strong>Dodatkowe dwa wej\u015bcia alarmowe<br \/>\n<\/span><span style=\"color: #000000;\"><strong>\u00bb<\/strong> Zabezpieczenie antysabota\u017cowe obudowy<br \/>\n<\/span><span style=\"color: #000000;\"><strong>\u00bb<\/strong> Roz\u0142\u0105czne listwy zaciskowe<br \/>\n<\/span><span style=\"color: #000000;\"><strong>\u00bb<\/strong> Dost\u0119pna r\u00f3wnie\u017c wersja <strong>TPR-4WS-P<\/strong> z nieroz\u0142\u0105cznymi listwami zaciskowymi<\/span><\/p>\n<p><img loading=\"lazy\" decoding=\"async\" class=\"aligncenter size-full wp-image-9731\" src=\"https:\/\/ropam.com.pl\/wsparcie\/wp-content\/uploads\/2018\/09\/2024-06-19_15h02_38.png\" alt=\"\" width=\"1264\" height=\"279\" srcset=\"https:\/\/ropam.com.pl\/wsparcie\/wp-content\/uploads\/2018\/09\/2024-06-19_15h02_38.png 1264w, https:\/\/ropam.com.pl\/wsparcie\/wp-content\/uploads\/2018\/09\/2024-06-19_15h02_38-300x66.png 300w, https:\/\/ropam.com.pl\/wsparcie\/wp-content\/uploads\/2018\/09\/2024-06-19_15h02_38-1024x226.png 1024w, https:\/\/ropam.com.pl\/wsparcie\/wp-content\/uploads\/2018\/09\/2024-06-19_15h02_38-768x170.png 768w, https:\/\/ropam.com.pl\/wsparcie\/wp-content\/uploads\/2018\/09\/2024-06-19_15h02_38-600x132.png 600w, https:\/\/ropam.com.pl\/wsparcie\/wp-content\/uploads\/2018\/09\/2024-06-19_15h02_38-60x13.png 60w\" sizes=\"auto, (max-width: 1264px) 100vw, 1264px\" \/><\/p>\n<p><span style=\"color: #00ccff; font-size: 14pt;\"><strong><span style=\"font-family: georgia, palatino, serif;\"><strong style=\"color: #07acf2; font-family: 'arial black', sans-serif;\">Panele dotykowe z serii TPR-4 s\u0105 kompatybilne z centralami\u00a0<\/strong><\/span><\/strong><\/span><\/p>\n<p><b><span style=\"color: #000000;\"><strong>\u00bb <\/strong><\/span><a href=\"https:\/\/ropam.com.pl\/wsparcie\/kategoria-produktu\/centrale-alarmowe\/seria-neo-ip-64\/neolte-ip-64-seria\/\">NeoLTE-IP-64<\/a><br \/>\n<\/b><b><span style=\"color: #000000;\"><strong>\u00bb <\/strong><\/span><a href=\"https:\/\/ropam.com.pl\/wsparcie\/kategoria-produktu\/centrale-alarmowe\/seria-neo-ip-64\/neogsm-ip-64-seria\/\">NeoGSM-IP-64<\/a><br \/>\n<span style=\"color: #000000;\"><strong>\u00bb <\/strong><\/span><\/b><b><a href=\"https:\/\/ropam.com.pl\/wsparcie\/kategoria-produktu\/centrale-alarmowe\/seria-neo-ip-64\/neo-ip-64-seria\/\">Neo-IP-64<\/a><br \/>\n<span style=\"color: #000000;\"><strong>\u00bb <\/strong><\/span><\/b><b><a href=\"https:\/\/ropam.com.pl\/wsparcie\/kategoria-produktu\/centrale-alarmowe\/seria-neo-ip\/neolte-ip-seria\/\">NeoLTE-IP<\/a><br \/>\n<span style=\"color: #000000;\"><strong>\u00bb <\/strong><\/span><\/b><b><a href=\"https:\/\/ropam.com.pl\/wsparcie\/kategoria-produktu\/centrale-alarmowe\/seria-neo-ip\/neogsm-ip-seria\/\">NeoGSM-IP<\/a><br \/>\n<span style=\"color: #000000;\"><strong>\u00bb <\/strong><\/span><\/b><a href=\"https:\/\/ropam.com.pl\/wsparcie\/kategoria-produktu\/centrale-alarmowe\/seria-neo-ip\/neo-ip-seria\/\"><b>Neo-IP<\/b><\/a><\/p>\n<p><img loading=\"lazy\" decoding=\"async\" class=\"aligncenter wp-image-9732\" src=\"https:\/\/ropam.com.pl\/wsparcie\/wp-content\/uploads\/2018\/09\/ujecia.png\" alt=\"\" width=\"1082\" height=\"847\" srcset=\"https:\/\/ropam.com.pl\/wsparcie\/wp-content\/uploads\/2018\/09\/ujecia.png 4480w, https:\/\/ropam.com.pl\/wsparcie\/wp-content\/uploads\/2018\/09\/ujecia-300x235.png 300w, https:\/\/ropam.com.pl\/wsparcie\/wp-content\/uploads\/2018\/09\/ujecia-1024x802.png 1024w, https:\/\/ropam.com.pl\/wsparcie\/wp-content\/uploads\/2018\/09\/ujecia-768x601.png 768w, https:\/\/ropam.com.pl\/wsparcie\/wp-content\/uploads\/2018\/09\/ujecia-1536x1203.png 1536w, https:\/\/ropam.com.pl\/wsparcie\/wp-content\/uploads\/2018\/09\/ujecia-2048x1604.png 2048w, https:\/\/ropam.com.pl\/wsparcie\/wp-content\/uploads\/2018\/09\/ujecia-600x470.png 600w, https:\/\/ropam.com.pl\/wsparcie\/wp-content\/uploads\/2018\/09\/ujecia-60x47.png 60w\" sizes=\"auto, (max-width: 1082px) 100vw, 1082px\" \/><\/p>\n<h3 style=\"text-align: center;\"><span style=\"font-size: 24pt; color: #ff0000;\"><strong style=\"font-family: 'arial black', sans-serif;\">W PE\u0141NI POLSKI PRODUKT<\/strong><\/span><\/h3>\n<p style=\"text-align: center;\"><span style=\"font-size: 14pt;\">Ca\u0142y etap produkcji, od pomys\u0142u po wykonanie ko\u0144cowe oparte s\u0105 o autorskie rozwi\u0105zania oraz dog\u0142\u0119bn\u0105 analiz\u0119 potrzeb i trend\u00f3w na\u00a0 rynku.<\/span><\/p>\n<p style=\"text-align: center;\"><img loading=\"lazy\" decoding=\"async\" class=\"wp-image-9726 alignnone\" src=\"https:\/\/ropam.com.pl\/wsparcie\/wp-content\/uploads\/2018\/04\/Obraz1.png\" alt=\"\" width=\"354\" height=\"325\" srcset=\"https:\/\/ropam.com.pl\/wsparcie\/wp-content\/uploads\/2018\/04\/Obraz1.png 292w, https:\/\/ropam.com.pl\/wsparcie\/wp-content\/uploads\/2018\/04\/Obraz1-60x55.png 60w\" sizes=\"auto, (max-width: 354px) 100vw, 354px\" \/><\/p>\n","protected":false},"excerpt":{"rendered":"<p><span style=\"font-size: 14pt;\">Panel dotykowy 4,3&#8243; bia\u0142y<\/span><\/p>\n","protected":false},"featured_media":11734,"comment_status":"open","ping_status":"closed","template":"","meta":{"_acf_changed":false,"rank_math_lock_modified_date":false,"inline_featured_image":false},"product_cat":[573,599],"product_tag":[],"class_list":{"0":"post-8935","1":"product","2":"type-product","3":"status-publish","4":"has-post-thumbnail","6":"product_cat-tpr-4","7":"product_cat-promocje","9":"first","10":"instock","11":"taxable","12":"shipping-taxable","13":"purchasable","14":"product-type-simple"},"acf":[],"_links":{"self":[{"href":"https:\/\/ropam.com.pl\/wsparcie\/wp-json\/wp\/v2\/product\/8935","targetHints":{"allow":["GET"]}}],"collection":[{"href":"https:\/\/ropam.com.pl\/wsparcie\/wp-json\/wp\/v2\/product"}],"about":[{"href":"https:\/\/ropam.com.pl\/wsparcie\/wp-json\/wp\/v2\/types\/product"}],"replies":[{"embeddable":true,"href":"https:\/\/ropam.com.pl\/wsparcie\/wp-json\/wp\/v2\/comments?post=8935"}],"wp:featuredmedia":[{"embeddable":true,"href":"https:\/\/ropam.com.pl\/wsparcie\/wp-json\/wp\/v2\/media\/11734"}],"wp:attachment":[{"href":"https:\/\/ropam.com.pl\/wsparcie\/wp-json\/wp\/v2\/media?parent=8935"}],"wp:term":[{"taxonomy":"product_cat","embeddable":true,"href":"https:\/\/ropam.com.pl\/wsparcie\/wp-json\/wp\/v2\/product_cat?post=8935"},{"taxonomy":"product_tag","embeddable":true,"href":"https:\/\/ropam.com.pl\/wsparcie\/wp-json\/wp\/v2\/product_tag?post=8935"}],"curies":[{"name":"wp","href":"https:\/\/api.w.org\/{rel}","templated":true}]}}