{"id":8914,"date":"2018-04-15T15:32:17","date_gmt":"2018-04-15T13:32:17","guid":{"rendered":"https:\/\/ropam.com.pl\/wsparcie\/produkt\/optimagsm-2-2\/"},"modified":"2024-12-04T15:55:51","modified_gmt":"2024-12-04T14:55:51","slug":"optimagsm-2-2","status":"publish","type":"product","link":"https:\/\/ropam.com.pl\/wsparcie\/optimagsm-2-2\/","title":{"rendered":"OptimaGSM"},"content":{"rendered":"<p><strong>CENTRALA ALARMOWA Z KOMUNIKACJ\u0104 GSM I FUNKCJAMI AUTOMATYKI BUDYNKOWEJ<\/strong><\/p>\n<p>Czterostrefowa kompaktowa centrala alarmowa SMS\/VOICE\/CLIP\/GPRS\/MMS, 12VDC, TELx8, BIx8-48, BOx8-32, AI,TEMPx4, TPR-xx, monitoring GPRS, TermostatGSM, KeyGSM, LoggerTemp. LogicProcessor <strong><img decoding=\"async\" class=\"lazyloaded\" src=\"https:\/\/sp-ao.shortpixel.ai\/client\/q_glossy,ret_img\/https:\/\/ropam.com.pl\/wsparcie\/wp-content\/uploads\/2018\/03\/medal_logo_s1.jpg\" alt=\"\" data-ll-status=\"loaded\" \/><\/strong><\/p>\n<p><strong>Nowe funkcje:<br \/>\nAplikacja na systemy mobilne do obs\u0142ugi systemu OptimaGSM:\u00a0<a href=\"https:\/\/www.ropam.com.pl\/wsparcie\/towar\/559\/ropamoptima.html\">RopamOptima<\/a><br \/>\nKomunikacja TCP\/IP poprzez modu\u0142\u00a0<a href=\"https:\/\/ropam.com.pl\/towar\/540\/apip.html\">AP-IP<\/a>.<br \/>\nFunkcja termostatu z kalendarzem w\u00a0<a href=\"https:\/\/ropam.com.pl\/kategoria\/59\/kontrola_i_sterowanie_systemem.html\">TPR<\/a>.<\/strong><\/p>\n<p><img decoding=\"async\" class=\"lazyloaded\" src=\"https:\/\/sp-ao.shortpixel.ai\/client\/q_glossy,ret_img\/https:\/\/ropam.com.pl\/wsparcie\/wp-content\/uploads\/2018\/03\/optima_picto.jpg\" alt=\"\" data-ll-status=\"loaded\" \/><\/p>\n<p><strong>&#8211; zasilanie 12V\/DC z kontrol\u0105 napi\u0119cia DC,<br \/>\ndo zasilania wymagany nadzorowany, inteligentny, zasilacz systemowy:\u00a0\u00a0<a href=\"https:\/\/ropam.com.pl\/towar\/278\/psreco5012rs.html\">PSR-ECO-5012-RS<\/a>\u00a0lub\u00a0<a href=\"https:\/\/ropam.com.pl\/towar\/677\/psreco2012.html\">PSR-ECO-2012<\/a><\/strong><br \/>\nCentrala alarmowa OptimaGSM wraz z urz\u0105dzeniami peryferyjnymi to rozwi\u0105zanie integruj\u0105ce elektroniczny system sygnalizacji w\u0142amania i automatyk\u0119 budynkow\u0105 z wykorzystaniem technologii SmartPLC<br \/>\nWbudowany komunikator GSM pozwala na zdaln\u0105 kontrol\u0119 i sterowanie systemem.<br \/>\nDzi\u0119ki modu\u0142owej konstrukcji system mo\u017ce by\u0107 rozbudowany i dostosowywany do zmieniaj\u0105cych si\u0119 potrzeb u\u017cytkownika.<br \/>\nKonstrukcja i funkcje zgodne z PN-EN 50131-3, stopie\u0144 2,<\/p>\n<p><strong>W\u0142a\u015bciwo\u015bci:<\/strong><\/p>\n<p>&#8211; 4 strefy z dwoma typami czuwania ( pe\u0142ne, nocne),<br \/>\n<strong>&#8211;\u00a0<\/strong>wej\u015bcia (BI): 8-40 przewodowe, rozbudowa poprzez ekspandery wej\u015b\u0107 (EXP-I8, EXP-I8-RN) oraz panele dotykowe TPR-xx (konfiguracja wej\u015b\u0107: 2EOL\/NC, 2EOL\/NO, EOL, NC, NO),<br \/>\n&#8211; wyj\u015bcia (BO): 8-24 przewodowe, rozbudowa poprzez ekspandery wyj\u015b\u0107 ( maksymalnie dwa) + dodatkowe 8 wyj\u015b\u0107 obs\u0142ugiwanych poprzez IQ-PLC<br \/>\n&#8211; wyj\u015bcia: O1, O2 wyj\u015bcia 12VDC\/1A z zabezpieczeniem zwarciowym, przeci\u0105\u017ceniowym, temperaturowym i kontrol\u0105 obci\u0105\u017cenia,<br \/>\n&#8211; wyj\u015bcia: O3-O8 wyj\u015bcia tranzystorowe OC 100mA,<br \/>\n&#8211; dodatkowe lokalne wyj\u015bcie przeka\u017anikowe w ka\u017cdym panelu dotykowym,<br \/>\n&#8211; u\u017cytkownicy: 32 kody (1 g\u0142\u00f3wny +31), 8 numer\u00f3w telefon\u00f3w, 8 adres\u00f3w e-mail,<br \/>\n&#8211; obs\u0142uga do czterech paneli dotykowych; wersja natynkowa TRP-1-O, TPR-2W-O, TPR-2B-O i podtynkowa TPR-1F-O,,<br \/>\n&#8211; elastyczna kontrola czuwania: panele dotykowe, SMS, wej\u015bcie systemu, piloty radiowe, Aero ( RF-4 maksymalnie 42 piloty)<br \/>\n&#8211; wsp\u00f3\u0142praca z bezprzewodowym systemem Aero: obs\u0142uga do 16 urz\u0105dze\u0144 Aero (maksymalna ilo\u015b\u0107 wej\u015b\u0107: BIx40+Aero lub BIx32+Aerox16),<br \/>\n&#8211; wykrywanie zag\u0142uszania GSM (JAMMING): raportowanie stanu na wyj\u015bciu i zapis w pami\u0119ci zdarze\u0144,<br \/>\n&#8211;\u00a0 zegar RTC i kalendarz z podtrzymaniem bateryjnym, obs\u0142uga serwera czasu NTP, aktualizacja czas zimowy\/letni,<br \/>\n&#8211; 4 timery z wyborem trybu: roczny, miesi\u0119czny, tygodniowy, dzienny, sta\u0142y, ka\u017cdy timer posiada ustawienia 20 znacznik\u00f3w ON\/OFF<br \/>\n&#8211; pami\u0119\u0107 zdarze\u0144 do 10 000,<br \/>\n&#8211; funkcja testu \u0142\u0105czno\u015bci: SMS, SMS STAN, CLIP, MMS, E-mail,<br \/>\n&#8211; optyczna sygnalizacja pracy i zasi\u0119gu GSM<br \/>\n&#8211; funkcje ograniczenia koszt\u00f3w i ilo\u015bci transmisji<br \/>\n&#8211; obs\u0142uga kod\u00f3w USSD (kontrola kart pre-paid)<br \/>\n&#8211; roz\u0142\u0105czne z\u0142\u0105cza zaciskowe, pogrupowane wg port\u00f3w,<\/p>\n<p><strong>Powiadomienie \/ Sterowanie<\/strong><\/p>\n<p>&#8211; SMS powiadomienie oraz sterowanie &#8211; niezale\u017cne komunikaty dla zdarze\u0144 w systemie,<br \/>\n&#8211; VOICE\/CLIP: niezale\u017cne po\u0142\u0105czenie g\u0142osowe dla zdarze\u0144 w systemie z komunikatami g\u0142osowymi (syntezer mowy VSR-1, VSR-2, pods\u0142uch AMR-1),<br \/>\n&#8211; MMS: transmisja MMS ze zdj\u0119ciami z kamer CCTV, wideodomofon\u00f3w; wideo weryfikacja zdarze\u0144, funkcja foto-pu\u0142apki (FGR-4)<br \/>\n&#8211; E-MAIL: niezale\u017cne wiadomo\u015bci e-mail dla zdarze\u0144 w systemie, obs\u0142uga serwera SMTP (bez SSL\/TSL),<br \/>\n&#8211; monitoring GPRS:\u00a0 wsp\u00f3\u0142praca ze stacj\u0105\/serwerem Monitoring Software Ropam lub ze stacj\u0105 Kronos NET (sterownik RopamDirect), szyfrowana transmisja TCP\/IP, dwa adresy IP, zapasowa transmisja SMS, praca r\u00f3wnoleg\u0142a z trybem powiadomienia SMS\/VOICE<br \/>\n&#8211; mo\u017cliwo\u015b\u0107 sterowania za pomoc\u0105 aplikacji RopamDroid dla smatrfon\u00f3w z systemem Android<\/p>\n<p><strong>Funkcje automatyki budynkowej:<\/strong><br \/>\n&#8211; SmartPLC: maks. 8 modu\u0142\u00f3w IOE-IQPLC\/IO-IQPLC (gniazdo\/w\u0142\u0105cznik elektryczny) wykorzystuj\u0105cych komunikacje po sieci energetycznej,<br \/>\n&#8211; obs\u0142uga do 4 czujnik\u00f3w temperatury TSR-1, s\u0142u\u017c\u0105cych do kontroli i rejestracji temperatury oraz funkcji termostatu,<br \/>\n&#8211; kontrola wyj\u015b\u0107 (BO): SMS, DTMF, CLIP (KeyGSM), app\/webserwer,<br \/>\n-TermostatGSM, LoggerTemp: pomiar i rejestracja temperatury z czterech czujnik\u00f3w temp.<br \/>\n&#8211; wej\u015bcie analogowe AI 0-10V do kontroli parametr\u00f3w fizycznych np. napi\u0119cie baterii , wilgotno\u015b\u0107 [%RH], temperatura itd.<br \/>\n&#8211; integracja audio z wideodomofonami (VAR-1), domofonami i interkomami, pods\u0142uch obiektu (AMR-1).<\/p>\n<p><strong>LogicProcessor:<\/strong><br \/>\n&#8211; zaawansowane funkcje logiczne, funkcje arytmetyczne, liczniki, przeka\u017aniki czasowe,<br \/>\n&#8211; do 20 niezale\u017cnych warunk\u00f3w logicznych, (bloki If&#8230;Then&#8230;Else),<br \/>\n&#8211; 20 przeka\u017anik\u00f3w czasowych do realizacji funkcji czasowo-logicznych,<br \/>\n&#8211; kreator logiki lub edytor skryptu (j\u0119zyk skryptowy C), symulator: zadajnik i podgl\u0105d skryptu,<\/p>\n<p><strong>Wersje:<\/strong><br \/>\nFunkcjonalnie wszystkie wersje s\u0105 identycznie &#8211; r\u00f3\u017cni\u0105 si\u0119 jedynie sposobem zasilania oraz obudowami<\/p>\n","protected":false},"excerpt":{"rendered":"<p>CENTRALA ALARMOWA Z KOMUNIKACJ\u0104 GSM I FUNKCJAMI AUTOMATYKI BUDYNKOWEJ Czterostrefowa kompaktowa centrala alarmowa SMS\/VOICE\/CLIP\/GPRS\/MMS, 12VDC, TELx8, BIx8-48, BOx8-32, AI,TEMPx4, TPR-xx, monitoring GPRS, TermostatGSM, KeyGSM, LoggerTemp. LogicProcessor Nowe funkcje: Aplikacja na systemy mobilne do obs\u0142ugi systemu OptimaGSM:\u00a0RopamOptima Komunikacja TCP\/IP poprzez modu\u0142\u00a0AP-IP. Funkcja termostatu z kalendarzem w\u00a0TPR. &#8211; zasilanie 12V\/DC z kontrol\u0105 napi\u0119cia DC, do zasilania wymagany [&hellip;]<\/p>\n","protected":false},"featured_media":11635,"comment_status":"open","ping_status":"closed","template":"","meta":{"_acf_changed":false,"rank_math_lock_modified_date":false,"inline_featured_image":false},"product_cat":[603],"product_tag":[],"class_list":{"0":"post-8914","1":"product","2":"type-product","3":"status-publish","4":"has-post-thumbnail","6":"product_cat-centrale-alarmowe-archiwum","8":"first","9":"outofstock","10":"taxable","11":"shipping-taxable","12":"product-type-simple"},"acf":[],"_links":{"self":[{"href":"https:\/\/ropam.com.pl\/wsparcie\/wp-json\/wp\/v2\/product\/8914","targetHints":{"allow":["GET"]}}],"collection":[{"href":"https:\/\/ropam.com.pl\/wsparcie\/wp-json\/wp\/v2\/product"}],"about":[{"href":"https:\/\/ropam.com.pl\/wsparcie\/wp-json\/wp\/v2\/types\/product"}],"replies":[{"embeddable":true,"href":"https:\/\/ropam.com.pl\/wsparcie\/wp-json\/wp\/v2\/comments?post=8914"}],"wp:featuredmedia":[{"embeddable":true,"href":"https:\/\/ropam.com.pl\/wsparcie\/wp-json\/wp\/v2\/media\/11635"}],"wp:attachment":[{"href":"https:\/\/ropam.com.pl\/wsparcie\/wp-json\/wp\/v2\/media?parent=8914"}],"wp:term":[{"taxonomy":"product_cat","embeddable":true,"href":"https:\/\/ropam.com.pl\/wsparcie\/wp-json\/wp\/v2\/product_cat?post=8914"},{"taxonomy":"product_tag","embeddable":true,"href":"https:\/\/ropam.com.pl\/wsparcie\/wp-json\/wp\/v2\/product_tag?post=8914"}],"curies":[{"name":"wp","href":"https:\/\/api.w.org\/{rel}","templated":true}]}}