{"id":8868,"date":"2018-04-15T15:32:15","date_gmt":"2018-04-15T13:32:15","guid":{"rendered":"https:\/\/ropam.com.pl\/wsparcie\/produkt\/basicgsm-manager\/"},"modified":"2025-08-18T15:09:51","modified_gmt":"2025-08-18T13:09:51","slug":"basicgsm-manager","status":"publish","type":"product","link":"https:\/\/ropam.com.pl\/wsparcie\/basicgsm-manager\/","title":{"rendered":"BasicGSM Manager"},"content":{"rendered":"<div style=\"margin: 0px 0px 0cm; padding: 0px; outline: 0px none; font-size: 11.1111px; vertical-align: baseline; border: 0px none; background-color: #ffffff; color: #414142; font-family: Tahoma,Arial,;\"><span style=\"font-size: 14pt; font-family: georgia, palatino, serif;\"><span style=\"margin: 0px; padding: 0px; outline: 0px none; vertical-align: baseline; border: 0px none; background-color: transparent;\">Program BasicGSM Manager s\u0142u\u017cy do konfiguracji i aktualizacji urz\u0105dze\u0144 serii: BasicGSM 2 oraz MultiGSM 2.<\/span><\/span><\/div>\n<div style=\"margin: 0px 0px 0cm; padding: 0px; outline: 0px none; font-size: 11.1111px; vertical-align: baseline; border: 0px none; background-color: #ffffff; color: #414142; font-family: Tahoma,Arial,;\"><span style=\"font-size: 14pt; font-family: georgia, palatino, serif;\"><span style=\"margin: 0px; padding: 0px; outline: 0px none; vertical-align: baseline; border: 0px none; background-color: transparent;\">Przeznaczony jest do pracy na komputerach klasy PC z systemem operacyjnym WINDOWS 7\/WINDOWS 8.x\/ <span style=\"margin: 0px; padding: 0px; outline: 0px none; vertical-align: baseline; border: 0px none; background-color: transparent;\">WINDOWS<\/span> 10.<\/span><\/span><\/div>\n<p style=\"margin: 0px 0px 0cm; padding: 0px; outline: 0px; font-size: 11.111111640930176px; vertical-align: baseline; border: 0px; background-color: #ffffff; color: #414142; font-family: Tahoma, Arial, 'Helvetica Neue', Helvetica, sans-serif; font-style: normal; font-variant: normal; font-weight: normal; letter-spacing: normal; line-height: 16.49305534362793px; orphans: auto; text-align: start; text-indent: 0px; text-transform: none; white-space: normal; widows: auto; word-spacing: 0px; -webkit-text-stroke-width: 0px; background-position: initial initial; background-repeat: initial initial;\"><span style=\"font-size: 14pt; font-family: georgia, palatino, serif;\"><span style=\"margin: 0px; padding: 0px; outline: 0px none; vertical-align: baseline; border: 0px none; background-color: transparent;\">Komunikacja pomi\u0119dzy<span style=\"margin: 0px; padding: 0px; outline: 0px none; vertical-align: baseline; border: 0px none; background-color: transparent;\"> oprogramowaniem\u00a0<\/span> a urz\u0105dzeniami odbywa si\u0119 poprzez:<\/span><\/span><\/p>\n<p>&nbsp;<\/p>\n<div>&#8211; USB z wykorzystaniem kabli komunikacyjnych USB-USBmicro,<br \/>\n&#8211; GPRS (zdalnie z wykorzystanie serwera\u00a0 RopamBridge)<\/div>\n","protected":false},"excerpt":{"rendered":"<p>Program BasicGSM Manager s\u0142u\u017cy do konfiguracji i aktualizacji urz\u0105dze\u0144 serii: BasicGSM 2 oraz MultiGSM 2. Przeznaczony jest do pracy na komputerach klasy PC z systemem operacyjnym WINDOWS 7\/WINDOWS 8.x\/ WINDOWS 10. Komunikacja pomi\u0119dzy oprogramowaniem\u00a0 a urz\u0105dzeniami odbywa si\u0119 poprzez: &nbsp; &#8211; USB z wykorzystaniem kabli komunikacyjnych USB-USBmicro, &#8211; GPRS (zdalnie z wykorzystanie serwera\u00a0 RopamBridge)<\/p>\n","protected":false},"featured_media":7334,"comment_status":"open","ping_status":"closed","template":"","meta":{"_acf_changed":false,"rank_math_lock_modified_date":false,"inline_featured_image":false},"product_cat":[420],"product_tag":[],"class_list":{"0":"post-8868","1":"product","2":"type-product","3":"status-publish","4":"has-post-thumbnail","6":"product_cat-bez-kategorii","8":"first","9":"outofstock","10":"taxable","11":"shipping-taxable","12":"product-type-simple"},"acf":[],"_links":{"self":[{"href":"https:\/\/ropam.com.pl\/wsparcie\/wp-json\/wp\/v2\/product\/8868","targetHints":{"allow":["GET"]}}],"collection":[{"href":"https:\/\/ropam.com.pl\/wsparcie\/wp-json\/wp\/v2\/product"}],"about":[{"href":"https:\/\/ropam.com.pl\/wsparcie\/wp-json\/wp\/v2\/types\/product"}],"replies":[{"embeddable":true,"href":"https:\/\/ropam.com.pl\/wsparcie\/wp-json\/wp\/v2\/comments?post=8868"}],"wp:featuredmedia":[{"embeddable":true,"href":"https:\/\/ropam.com.pl\/wsparcie\/wp-json\/wp\/v2\/media\/7334"}],"wp:attachment":[{"href":"https:\/\/ropam.com.pl\/wsparcie\/wp-json\/wp\/v2\/media?parent=8868"}],"wp:term":[{"taxonomy":"product_cat","embeddable":true,"href":"https:\/\/ropam.com.pl\/wsparcie\/wp-json\/wp\/v2\/product_cat?post=8868"},{"taxonomy":"product_tag","embeddable":true,"href":"https:\/\/ropam.com.pl\/wsparcie\/wp-json\/wp\/v2\/product_tag?post=8868"}],"curies":[{"name":"wp","href":"https:\/\/api.w.org\/{rel}","templated":true}]}}