{"id":8850,"date":"2018-04-15T15:32:14","date_gmt":"2018-04-15T13:32:14","guid":{"rendered":"https:\/\/ropam.com.pl\/wsparcie\/produkt\/var-1u-d4m-bramka-wideodomofonu\/"},"modified":"2025-08-18T14:51:39","modified_gmt":"2025-08-18T12:51:39","slug":"var-1u-d4m-bramka-wideodomofonu","status":"publish","type":"product","link":"https:\/\/ropam.com.pl\/wsparcie\/var-1u-d4m-bramka-wideodomofonu\/","title":{"rendered":"VAR-1U-D4M Bramka wideodomofonu"},"content":{"rendered":"<p><b>BRAMKA DO WIDEODOMOFONU<\/b><\/p>\n<p>VAR-1U-D4M &#8211; bramka VAR-1U w obudowie na szyn\u0119 DIN RS-35, szeroko\u015b\u0107 4 modu\u0142y<\/p>\n<p>Modu\u0142 VAR-1U-D4M s\u0142u\u017cy do integracji system\u00f3w domofon\u00f3w\/wideodomofon\u00f3w z systemami alarmowymi \/ automatyki budynkowej.<br \/>\nUmo\u017cliwia przekierowanie rozmowy na telefon u\u017cytkownika poprzez sie\u0107 GSM oraz zdalne sterowanie systemowym przeka\u017anikiem wideodomofonu (rygiel),<\/p>\n<p>Dzi\u0119ki swoim funkcjom urz\u0105dzenie podnosi funkcjonalno\u015b\u0107 systemu alarmowego o mo\u017cliwo\u015bci zdalnej identyfikacji oraz weryfikacji os\u00f3b.<\/p>\n<p><b>W\u0142a\u015bciwo\u015bci:<\/b><br \/>\n&#8211; dwukierunkowa komunikacja audio pomi\u0119dzy wideodomofonem a telefonem kom\u00f3rkowym poprzez sie\u0107 GSM,<br \/>\n&#8211; inteligentny algorytm przekazu po\u0142\u0105czenia z detekcj\u0105 lokalnego odbioru rozmowy,<br \/>\n&#8211; transmisja MMS-\u00f3w z sekwencj\u0105 zdj\u0119\u0107 z kamery bramofonu i\/lub systemu CCTV &#8211; wymagany modu\u0142 FGR-4,<br \/>\n&#8211; przekazywanie po\u0142\u0105cze\u0144 tylko podczas nieobecno\u015bci w\u0142a\u015bciciela (czuwanie systemu),<br \/>\n&#8211; g\u0142osowa lub ukryta informacja o przekierowaniu po\u0142\u0105czenia,<br \/>\n&#8211; regulowany czas op\u00f3\u017anienia przekierowania po\u0142\u0105czenia,<br \/>\n&#8211; kontrola i zmiana przekaz\u00f3w przez u\u017cytkownika (niezale\u017cne komendy SMS: AUDIO, MMS-y),<br \/>\n&#8211; zdalne sterowanie (komend\u0105 SMS) systemowym przeka\u017anikiem wideodomofonu (rygiel),<br \/>\n&#8211; zdalne sterowanie (kod DTMF) systemowym przeka\u017anikiem wideodomofonu (rygiel),<br \/>\n&#8211; zdalne pobranie zdj\u0119\u0107 z kamery bramofonu i\/lub systemu CCTV, poprzez MMS-a: &#8216;na \u017cyczenie&#8217;,<br \/>\n&#8211; integracja z wieloma producentami wideodomofon\u00f3w (patrz lista testowanych urz\u0105dze\u0144):<\/p>\n<ul>\n<li>Vidos,<\/li>\n<li>Commax,<\/li>\n<li>Abaxo,<\/li>\n<li>Leelen,<\/li>\n<li>Kenwei,<\/li>\n<li>Procomm,<\/li>\n<li>Competition,<\/li>\n<li>Eura,<\/li>\n<\/ul>\n<p>&#8211; regulacja poziomu d\u017awi\u0119ku w bramofonie i telefonie kom\u00f3rkowym z poziomu urz\u0105dzenia i\/lub programu OptimaGSM Manager,<br \/>\n&#8211; system nie ogranicza innych funkcji system\u00f3w a podnosi ich funkcjonalno\u015b\u0107,<br \/>\n&#8211; funkcje ograniczenia koszt\u00f3w i ilo\u015bci przekaz\u00f3w.<\/p>\n<p><b>Wymagane elementy systemu Ropam dla audio i MMS-\u00f3w<\/b><br \/>\n\u2022 OptimaGSM\/-PS centrala alarmowa z komunikacj\u0105 GSM,<br \/>\n\u2022 VAR-1U\/-D4M\u00a0 bramka wideodomofonu,<br \/>\n\u2022 FGR-4 modu\u0142 przetwarzania sygna\u0142u wideo z kamer na MMS-y,<br \/>\n\u2022 akcesoria: odpowiednia antena GSM, zasilacze\/obudowa,<\/p>\n<p><b>Wymagane elementy systemu Ropam dla audio<\/b><br \/>\n\u2022 OptimaGSM lub NeoGSM-IP(-64) lub MultiGSM\/-PS 2,<br \/>\n\u2022 VAR-1U\/-D4M\u00a0 bramka wideodomofonu,<br \/>\n\u2022 akcesoria: odpowiednia antena GSM, zasilacze\/obudowa,<\/p>\n<p>(Dane techniczne mog\u0105 ulec zmianie bez uprzedzenia. )<\/p>\n","protected":false},"excerpt":{"rendered":"<p>BRAMKA DO WIDEODOMOFONU VAR-1U-D4M &#8211; bramka VAR-1U w obudowie na szyn\u0119 DIN RS-35, szeroko\u015b\u0107 4 modu\u0142y Modu\u0142 VAR-1U-D4M s\u0142u\u017cy do integracji system\u00f3w domofon\u00f3w\/wideodomofon\u00f3w z systemami alarmowymi \/ automatyki budynkowej. Umo\u017cliwia przekierowanie rozmowy na telefon u\u017cytkownika poprzez sie\u0107 GSM oraz zdalne sterowanie systemowym przeka\u017anikiem wideodomofonu (rygiel), Dzi\u0119ki swoim funkcjom urz\u0105dzenie podnosi funkcjonalno\u015b\u0107 systemu alarmowego o mo\u017cliwo\u015bci [&hellip;]<\/p>\n","protected":false},"featured_media":7254,"comment_status":"open","ping_status":"closed","template":"","meta":{"_acf_changed":false,"rank_math_lock_modified_date":false,"inline_featured_image":false},"product_cat":[420],"product_tag":[],"class_list":{"0":"post-8850","1":"product","2":"type-product","3":"status-publish","4":"has-post-thumbnail","6":"product_cat-bez-kategorii","8":"first","9":"outofstock","10":"taxable","11":"shipping-taxable","12":"product-type-simple"},"acf":[],"_links":{"self":[{"href":"https:\/\/ropam.com.pl\/wsparcie\/wp-json\/wp\/v2\/product\/8850","targetHints":{"allow":["GET"]}}],"collection":[{"href":"https:\/\/ropam.com.pl\/wsparcie\/wp-json\/wp\/v2\/product"}],"about":[{"href":"https:\/\/ropam.com.pl\/wsparcie\/wp-json\/wp\/v2\/types\/product"}],"replies":[{"embeddable":true,"href":"https:\/\/ropam.com.pl\/wsparcie\/wp-json\/wp\/v2\/comments?post=8850"}],"wp:featuredmedia":[{"embeddable":true,"href":"https:\/\/ropam.com.pl\/wsparcie\/wp-json\/wp\/v2\/media\/7254"}],"wp:attachment":[{"href":"https:\/\/ropam.com.pl\/wsparcie\/wp-json\/wp\/v2\/media?parent=8850"}],"wp:term":[{"taxonomy":"product_cat","embeddable":true,"href":"https:\/\/ropam.com.pl\/wsparcie\/wp-json\/wp\/v2\/product_cat?post=8850"},{"taxonomy":"product_tag","embeddable":true,"href":"https:\/\/ropam.com.pl\/wsparcie\/wp-json\/wp\/v2\/product_tag?post=8850"}],"curies":[{"name":"wp","href":"https:\/\/api.w.org\/{rel}","templated":true}]}}