{"id":8836,"date":"2018-04-15T15:32:13","date_gmt":"2018-04-15T13:32:13","guid":{"rendered":"https:\/\/ropam.com.pl\/wsparcie\/produkt\/tk-3b-2\/"},"modified":"2024-11-17T19:33:53","modified_gmt":"2024-11-17T18:33:53","slug":"tk-3b-2","status":"publish","type":"product","link":"https:\/\/ropam.com.pl\/wsparcie\/tk-3b-2\/","title":{"rendered":"TK-3B"},"content":{"rendered":"<p><b>KLAWIATURA DOTYKOWA, STREFOWA<\/b><br \/>\nwsp\u00f3\u0142praca z centralami\u00a0 OptimaGSM i NeoGSM<\/p>\n<p><b>PODSTAWOWE W\u0141A\u015aCIWO\u015aCI:<\/b><\/p>\n<p><span style=\"font-size: 11px;\">\u2022 obs\u0142uga jednej strefy systemu<\/span><br \/>\n\u2022 klawiatura dotykowy, pojemno\u015bciowa, bez mechanicznych styk\u00f3w<br \/>\n<span style=\"font-size: 11px;\">\u2022 obudowa z tworzywa ABS w kolorze grafitowym (RAL7024), czarna klawiatura z pod\u015bwietleniem,\u00a0<\/span><br \/>\n\u2022\u00a0<span style=\"font-size: 11px;\">diody LED statusu systemu: zasilanie, alarm, czuwanie, awaria<\/span><br \/>\n\u2022 sygnalizacja akustyczna<br \/>\n\u2022 magistrala EIA-485 protok\u00f3\u0142 RopamNET<br \/>\n\u2022 lokalny port RS232TTL (funkcja uaktualnienia oprogramowania)<br \/>\n\u2022 wymiary: 120x89x28 mm (WxHxD)<br \/>\n\u2022 klasa \u015brodowiskowa: II (T:-10\u00b0C&#8230;+55\u00b0C\/ RH:20%&#8230;90%, bez kondensacji)<br \/>\n\u2022 zabezpieczenie antysabota\u017cowe obudowy<br \/>\n\u2022 roz\u0142\u0105czne listwy zaciskowe<br \/>\n\u2022 wsp\u00f3\u0142praca z centralami OptimaGSM, NeoGSM, NEO<br \/>\n<span style=\"font-size: 11px;\">\u2022 wydajny i energooszcz\u0119dny procesor 32-bitowy<\/span><\/p>\n<p>(Specyfikacja mo\u017ce zosta\u0107 zmieniona bez uprzedzenia.)<\/p>\n","protected":false},"excerpt":{"rendered":"<p>KLAWIATURA DOTYKOWA, STREFOWA wsp\u00f3\u0142praca z centralami\u00a0 OptimaGSM i NeoGSM PODSTAWOWE W\u0141A\u015aCIWO\u015aCI: \u2022 obs\u0142uga jednej strefy systemu \u2022 klawiatura dotykowy, pojemno\u015bciowa, bez mechanicznych styk\u00f3w \u2022 obudowa z tworzywa ABS w kolorze grafitowym (RAL7024), czarna klawiatura z pod\u015bwietleniem,\u00a0 \u2022\u00a0diody LED statusu systemu: zasilanie, alarm, czuwanie, awaria \u2022 sygnalizacja akustyczna \u2022 magistrala EIA-485 protok\u00f3\u0142 RopamNET \u2022 lokalny port [&hellip;]<\/p>\n","protected":false},"featured_media":11675,"comment_status":"open","ping_status":"closed","template":"","meta":{"_acf_changed":false,"rank_math_lock_modified_date":false,"inline_featured_image":false},"product_cat":[606],"product_tag":[],"class_list":{"0":"post-8836","1":"product","2":"type-product","3":"status-publish","4":"has-post-thumbnail","6":"product_cat-obsluga-i-nadzor-archiwum","8":"first","9":"outofstock","10":"product-type-simple"},"acf":[],"_links":{"self":[{"href":"https:\/\/ropam.com.pl\/wsparcie\/wp-json\/wp\/v2\/product\/8836","targetHints":{"allow":["GET"]}}],"collection":[{"href":"https:\/\/ropam.com.pl\/wsparcie\/wp-json\/wp\/v2\/product"}],"about":[{"href":"https:\/\/ropam.com.pl\/wsparcie\/wp-json\/wp\/v2\/types\/product"}],"replies":[{"embeddable":true,"href":"https:\/\/ropam.com.pl\/wsparcie\/wp-json\/wp\/v2\/comments?post=8836"}],"wp:featuredmedia":[{"embeddable":true,"href":"https:\/\/ropam.com.pl\/wsparcie\/wp-json\/wp\/v2\/media\/11675"}],"wp:attachment":[{"href":"https:\/\/ropam.com.pl\/wsparcie\/wp-json\/wp\/v2\/media?parent=8836"}],"wp:term":[{"taxonomy":"product_cat","embeddable":true,"href":"https:\/\/ropam.com.pl\/wsparcie\/wp-json\/wp\/v2\/product_cat?post=8836"},{"taxonomy":"product_tag","embeddable":true,"href":"https:\/\/ropam.com.pl\/wsparcie\/wp-json\/wp\/v2\/product_tag?post=8836"}],"curies":[{"name":"wp","href":"https:\/\/api.w.org\/{rel}","templated":true}]}}