{"id":8813,"date":"2018-04-15T15:32:12","date_gmt":"2018-04-15T13:32:12","guid":{"rendered":"https:\/\/ropam.com.pl\/wsparcie\/produkt\/repeater-aero\/"},"modified":"2025-08-20T13:12:29","modified_gmt":"2025-08-20T11:12:29","slug":"repeater-aero","status":"publish","type":"product","link":"https:\/\/ropam.com.pl\/wsparcie\/repeater-aero\/","title":{"rendered":"Repeater-Aero"},"content":{"rendered":"<p><span style=\"font-family: Tahoma, sans-serif;\"><strong>Repeater systemu Aero.<\/strong><br \/>\n&#8211;\u00a0<b>automatyczna retransmisja sygna\u0142\u00f3w radiowych z urz\u0105dze\u0144 Aero,<br \/>\n&#8211; dwukierunkowa, szyfrowana (AES 128-bit) komunikacja w pa\u015bmie ISM 868 MHz,<br \/>\n&#8211; zasi\u0119g powy\u017cej 300m w terenie otwartym,<br \/>\n&#8211; zasilanie: 9V\u00f714V\/DC, (buforowane z centrali)<br \/>\n(funkcje repeater mo\u017cna zrealizowa\u0107 przez wgranie odpowiedniego firmware do APm-Aero)<\/b><\/span><\/p>\n<p><strong>Zastosowanie:<\/strong><br \/>\n\u2022\u00a0 rozbudowa centrali alarmowej o urz\u0105dzenia bezprzewodowe,<br \/>\n\u2022\u00a0 rozbudowa centrali po wykorzystaniu zasob\u00f3w przewodowych,<br \/>\n\u2022\u00a0 zdalne sterowanie automatyk\u0105 domow\u0105,<br \/>\n\u2022\u00a0 ochrona obiekt\u00f3w bez mo\u017cliwo\u015bci zastosowania systemu przewodowego.<\/p>\n<p><span id=\"result_box\" lang=\"pl\"><span class=\"hps atn\">(<\/span>Dane techniczne mog\u0105\u00a0<span class=\"hps\">ulec zmianie bez<\/span>\u00a0<span class=\"hps\">uprzedniego powiadomienia<\/span>.)<\/span><\/p>\n","protected":false},"excerpt":{"rendered":"<p>Repeater systemu Aero. &#8211;\u00a0automatyczna retransmisja sygna\u0142\u00f3w radiowych z urz\u0105dze\u0144 Aero, &#8211; dwukierunkowa, szyfrowana (AES 128-bit) komunikacja w pa\u015bmie ISM 868 MHz, &#8211; zasi\u0119g powy\u017cej 300m w terenie otwartym, &#8211; zasilanie: 9V\u00f714V\/DC, (buforowane z centrali) (funkcje repeater mo\u017cna zrealizowa\u0107 przez wgranie odpowiedniego firmware do APm-Aero) Zastosowanie: \u2022\u00a0 rozbudowa centrali alarmowej o urz\u0105dzenia bezprzewodowe, \u2022\u00a0 rozbudowa centrali [&hellip;]<\/p>\n","protected":false},"featured_media":7125,"comment_status":"open","ping_status":"closed","template":"","meta":{"_acf_changed":false,"rank_math_lock_modified_date":false,"inline_featured_image":false},"product_cat":[510,481],"product_tag":[],"class_list":{"0":"post-8813","1":"product","2":"type-product","3":"status-publish","4":"has-post-thumbnail","6":"product_cat-kontroler-punkt-dostepowy-ap-aero","7":"product_cat-rozbudowa-systemu","9":"first","10":"outofstock","11":"taxable","12":"shipping-taxable","13":"product-type-simple"},"acf":[],"_links":{"self":[{"href":"https:\/\/ropam.com.pl\/wsparcie\/wp-json\/wp\/v2\/product\/8813","targetHints":{"allow":["GET"]}}],"collection":[{"href":"https:\/\/ropam.com.pl\/wsparcie\/wp-json\/wp\/v2\/product"}],"about":[{"href":"https:\/\/ropam.com.pl\/wsparcie\/wp-json\/wp\/v2\/types\/product"}],"replies":[{"embeddable":true,"href":"https:\/\/ropam.com.pl\/wsparcie\/wp-json\/wp\/v2\/comments?post=8813"}],"wp:featuredmedia":[{"embeddable":true,"href":"https:\/\/ropam.com.pl\/wsparcie\/wp-json\/wp\/v2\/media\/7125"}],"wp:attachment":[{"href":"https:\/\/ropam.com.pl\/wsparcie\/wp-json\/wp\/v2\/media?parent=8813"}],"wp:term":[{"taxonomy":"product_cat","embeddable":true,"href":"https:\/\/ropam.com.pl\/wsparcie\/wp-json\/wp\/v2\/product_cat?post=8813"},{"taxonomy":"product_tag","embeddable":true,"href":"https:\/\/ropam.com.pl\/wsparcie\/wp-json\/wp\/v2\/product_tag?post=8813"}],"curies":[{"name":"wp","href":"https:\/\/api.w.org\/{rel}","templated":true}]}}