{"id":8803,"date":"2018-04-15T15:32:12","date_gmt":"2018-04-15T13:32:12","guid":{"rendered":"https:\/\/ropam.com.pl\/wsparcie\/produkt\/keyfob-aero-w-2\/"},"modified":"2024-12-27T13:05:20","modified_gmt":"2024-12-27T12:05:20","slug":"keyfob-aero-w-2","status":"publish","type":"product","link":"https:\/\/ropam.com.pl\/wsparcie\/keyfob-aero-w-2\/","title":{"rendered":"Keyfob-Aero-W"},"content":{"rendered":"<p style=\"margin-bottom: 0cm;\"><span style=\"font-family: Tahoma, sans-serif;\"><span style=\"font-size: small;\"><span lang=\"en\"><span style=\"font-style: normal;\"><b>Bezprzewodowy pilot systemu Aero<\/b><\/span><\/span><\/span><\/span><\/p>\n<p><strong>Specyfikacja:<\/strong><br \/>\n&#8211; 5-kana\u0142\u00f3w do sterowania systemem wg zdefiniowanych funkcji lub do sterowania automatyk\u0105 domow\u0105 poprzez LogicProcessor (flagi kana\u0142\u00f3w kf1-kf5 i ID pilot\u00f3w)<br \/>\n&#8211; dwukierunkowa, szyfrowana (AES 128-bit) transmisja w pa\u015bmie ISM 868 MHz,<br \/>\n&#8211; wysoka czu\u0142o\u015b\u0107 RF, do -110 dBm,<br \/>\n&#8211; zasi\u0119g powy\u017cej 200m w terenie otwartym,<br \/>\n&#8211; kontrola systemu i urz\u0105dze\u0144 w systemie za pomoc\u0105 protoko\u0142u Aero,<br \/>\n&#8211; kontrola obecno\u015bci, jako\u015bci po\u0142\u0105czenia, stanu baterii,<br \/>\n&#8211; unikalne ID pozwala pracowa\u0107 kilku systemom Aero obok siebie,<br \/>\n&#8211; nieulotna pami\u0119\u0107 konfiguracji,<br \/>\n&#8211; sygnalizacja optyczna (LED RGB) transmisji i potwierdzenia z systemu,<br \/>\n&#8211; akustyczna sygnalizacja transmisji i potwierdzenia z systemu (opcja),<br \/>\n&#8211; zasilanie: bateria 3V CR2032 ( w zestawie),<br \/>\n&#8211; wsp\u00f3\u0142praca z:\u00a0 NeoGSM-IP(-64), OptimaGSM, NeoGSM (od v2.0),<br \/>\n&#8211; kolor bia\u0142y<br \/>\n&#8211; temperatura pracy: -10\u00b0C do +55\u00b0C,<br \/>\n&#8211; obudowa ABS bia\u0142a, przyciski czarne<br \/>\n&#8211; wymiary: 69.85 x 34.80 x 17.53 mm<\/p>\n<p><strong>Zastosowanie:<\/strong><br \/>\n\u2022\u00a0 rozbudowa systemu o urz\u0105dzenia bezprzewodowe,<br \/>\n\u2022\u00a0 zdalna kontrola automatyki domowej,<br \/>\n\u2022\u00a0 zabezpieczenie budynk\u00f3w bez dost\u0119pnej instalacji kablowej.<\/p>\n<p><span id=\"result_box\" lang=\"pl\"><span class=\"hps atn\">(Dane techniczne mog\u0105 ulec zmianie bez uprzedzenia<\/span>).<\/span><\/p>\n","protected":false},"excerpt":{"rendered":"<p>Bezprzewodowy pilot systemu Aero Specyfikacja: &#8211; 5-kana\u0142\u00f3w do sterowania systemem wg zdefiniowanych funkcji lub do sterowania automatyk\u0105 domow\u0105 poprzez LogicProcessor (flagi kana\u0142\u00f3w kf1-kf5 i ID pilot\u00f3w) &#8211; dwukierunkowa, szyfrowana (AES 128-bit) transmisja w pa\u015bmie ISM 868 MHz, &#8211; wysoka czu\u0142o\u015b\u0107 RF, do -110 dBm, &#8211; zasi\u0119g powy\u017cej 200m w terenie otwartym, &#8211; kontrola systemu i [&hellip;]<\/p>\n","protected":false},"featured_media":11874,"comment_status":"open","ping_status":"closed","template":"","meta":{"_acf_changed":false,"rank_math_lock_modified_date":false,"inline_featured_image":false},"product_cat":[614],"product_tag":[],"class_list":{"0":"post-8803","1":"product","2":"type-product","3":"status-publish","4":"has-post-thumbnail","6":"product_cat-piloty-aero-bezprzewodowy-system-aero","8":"first","9":"outofstock","10":"product-type-simple"},"acf":[],"_links":{"self":[{"href":"https:\/\/ropam.com.pl\/wsparcie\/wp-json\/wp\/v2\/product\/8803","targetHints":{"allow":["GET"]}}],"collection":[{"href":"https:\/\/ropam.com.pl\/wsparcie\/wp-json\/wp\/v2\/product"}],"about":[{"href":"https:\/\/ropam.com.pl\/wsparcie\/wp-json\/wp\/v2\/types\/product"}],"replies":[{"embeddable":true,"href":"https:\/\/ropam.com.pl\/wsparcie\/wp-json\/wp\/v2\/comments?post=8803"}],"wp:featuredmedia":[{"embeddable":true,"href":"https:\/\/ropam.com.pl\/wsparcie\/wp-json\/wp\/v2\/media\/11874"}],"wp:attachment":[{"href":"https:\/\/ropam.com.pl\/wsparcie\/wp-json\/wp\/v2\/media?parent=8803"}],"wp:term":[{"taxonomy":"product_cat","embeddable":true,"href":"https:\/\/ropam.com.pl\/wsparcie\/wp-json\/wp\/v2\/product_cat?post=8803"},{"taxonomy":"product_tag","embeddable":true,"href":"https:\/\/ropam.com.pl\/wsparcie\/wp-json\/wp\/v2\/product_tag?post=8803"}],"curies":[{"name":"wp","href":"https:\/\/api.w.org\/{rel}","templated":true}]}}