{"id":8792,"date":"2018-04-15T15:32:11","date_gmt":"2018-04-15T13:32:11","guid":{"rendered":"https:\/\/ropam.com.pl\/wsparcie\/produkt\/rms-500-ropam-monitoring-software\/"},"modified":"2026-02-16T14:36:02","modified_gmt":"2026-02-16T13:36:02","slug":"rms-500-ropam-monitoring-software","status":"publish","type":"product","link":"https:\/\/ropam.com.pl\/wsparcie\/rms-500-ropam-monitoring-software\/","title":{"rendered":"RMS-500 Ropam Monitoring Software"},"content":{"rendered":"<h3 style=\"text-align: center;\"><span style=\"font-size: 24pt; font-family: georgia, palatino, serif;\"><strong>Stacja monitorowania RMS to nowoczesne rozwi\u0105zanie dedykowane do monitoringu TCP\/IP<\/strong><\/span><\/h3>\r\n<p>&nbsp;<\/p>\r\n<p><span style=\"font-family: arial,helvetica,sans-serif;\"><b><span style=\"font-family: 'arial black', sans-serif; color: #07acf2; font-size: 14pt;\"><strong>W\u0142a\u015bciwo\u015bci <\/strong><\/span><\/b><\/span><\/p>\r\n<p><span style=\"font-family: arial,helvetica,sans-serif;\">\u00bb wizualizacja, nadz\u00f3r i archiwizacja danych z central i terminali GSM firmy Ropam<br \/>\u00bb sterowanie rozproszonymi obiektami za pomoc\u0105 Internetu (GPRS) w topologii; serwer-obiekt, obiekt-serwer-obiekt<br \/>\u00bb oprogramowanie na serwer (CORE RMS) oparte o baz\u0119 SQL i do pi\u0119ciu klient\u00f3w RMS (CLIENT RMS) do podgl\u0105du i zarz\u0105dzania w sieci LAN<br \/>\u00bb szyfrowana komunikacja TCP\/IP (pozwalaj\u0105ca na prac\u0119 w publicznych APN-ach)<br \/>\u00bb obs\u0142uga dw\u00f3ch adres\u00f3w IP: podstawowy i zapasowy<br \/>\u00bb stale publiczne IP wymagane tylko dla serwera<br \/>\u00bb wizualizacja, nadz\u00f3r i archiwizacja (logowanie) danych z central i terminali GSM firmy Ropam<br \/>\u00bb odbieranie i wizualizacja warto\u015bci analogowych np.. temperatura<br \/>wej\u015bcie analogowe AI<br \/>\u00bb wizualizacja za pomoc\u0105 wykres\u00f3w do 6 danych z obiektu<br \/>\u00bb obs\u0142uga do trzech statycznych map z mo\u017cliwo\u015bci\u0105 wizualizacji obiekt\u00f3w za pomoc\u0105 semafor\u00f3w i etykiet<br \/>\u00bb obs\u0142uga do 500 obiekt\u00f3w<br \/>\u00bb mo\u017cliwo\u015b\u0107 tworzenia operator\u00f3w o ograniczonych uprawnieniach<br \/>\u00bb ma\u0142e wymagania sprz\u0119towe dla serwera\/stacji roboczej<br \/>\u00bb ma\u0142e zu\u017cycie danych przez obiekty dla transmisji GPRS<br \/>\u00bb \u00a0wielopoziomowa struktura dost\u0119pu<br \/>\u00bb rozbudowane funkcje filtracji i przeszukiwania bazy danych<\/span><\/p>\r\n<p><span style=\"font-family: arial,helvetica,sans-serif;\"><strong><span style=\"font-family: 'arial black', sans-serif; color: #07acf2; font-size: 14pt;\">Zalecane minimalne wymagania dla RMS<\/span><\/strong><\/span><\/p>\r\n<p><span style=\"font-family: arial,helvetica,sans-serif;\">\u00bb serwer lub stacja robocza do ci\u0105g\u0142ej pracy<br \/>\u00bb procesor min. 2 rdzenie, od Intel Core 8 generacji lub od AMD Ryzen 2000, x86-64 ( 64-bit)<br \/><\/span><span style=\"font-family: arial,helvetica,sans-serif;\">\u00bb RAM min. 8GB, (zalecane 16GB)<br \/>\u00bb karta graficzna: obs\u0142uga DirectX 12 lub nowsza (zgodna z WDDM 2.0)<br \/>\u00bb ilo\u015b\u0107 wolnego miejsca na twardym dysku: 60 GB (HDD, SSD, zalecany RAID)<br \/><\/span><span style=\"font-family: arial,helvetica,sans-serif;\">\u00bb karta sieciowa LAN<br \/><\/span><span style=\"font-family: arial,helvetica,sans-serif;\">\u00bb monitor minimum: 1024\u00d7768<br \/><\/span><span style=\"font-family: arial,helvetica,sans-serif;\">\u00bb system Windows 11 Pro 64-bit<\/span><\/p>\r\n<p><b><span style=\"font-family: 'arial black', sans-serif; color: #07acf2; font-size: 14pt;\"><strong>Zastosowanie<\/strong><\/span><\/b><\/p>\r\n<p>\u00bb monitoring TCP\/IP, GPRS, GSM (SMS, CLIP)<br \/>\u00bb telemetria GPRS lub SMS<br \/>\u00bb monitoring &#8216;security&#8217;\u00a0 budynk\u00f3w<br \/>\u00bb monitoring\u00a0 stanu i awarii obiekt\u00f3w technicznych np. przepompownie<br \/>\u00bb monitoring\u00a0 proces\u00f3w technologicznych<br \/>\u00bb sterowanie klient-serwer-klient (mi\u0119dzy obiektami) za pomoc\u0105 GPRS<\/p><p><strong>Zapraszamy do pobrania wersji demo:<\/strong> \n<div class=\"wpcf7 no-js\" id=\"wpcf7-f11436-o1\" lang=\"pl-PL\" dir=\"ltr\">\n<div class=\"screen-reader-response\"><p role=\"status\" aria-live=\"polite\" aria-atomic=\"true\"><\/p> <ul><\/ul><\/div>\n<form action=\"\/wsparcie\/wp-json\/wp\/v2\/product\/8792#wpcf7-f11436-o1\" method=\"post\" class=\"wpcf7-form init\" aria-label=\"Formularz kontaktowy\" novalidate=\"novalidate\" data-status=\"init\">\n<div style=\"display: none;\">\n<input type=\"hidden\" name=\"_wpcf7\" value=\"11436\" \/>\n<input type=\"hidden\" name=\"_wpcf7_version\" value=\"5.9.8\" \/>\n<input type=\"hidden\" name=\"_wpcf7_locale\" value=\"pl_PL\" \/>\n<input type=\"hidden\" name=\"_wpcf7_unit_tag\" value=\"wpcf7-f11436-o1\" \/>\n<input type=\"hidden\" name=\"_wpcf7_container_post\" value=\"0\" \/>\n<input type=\"hidden\" name=\"_wpcf7_posted_data_hash\" value=\"\" \/>\n<input type=\"hidden\" name=\"_wpcf7_recaptcha_response\" value=\"\" \/>\n<\/div>\n<p><label> Imi\u0119 i nazwisko (wymagane)<br \/>\n<span class=\"wpcf7-form-control-wrap\" data-name=\"your-name\"><input size=\"40\" maxlength=\"400\" class=\"wpcf7-form-control wpcf7-text wpcf7-validates-as-required\" aria-required=\"true\" aria-invalid=\"false\" value=\"\" type=\"text\" name=\"your-name\" \/><\/span> <\/label>\n<\/p>\n<p><label> Nazwa firmy (wymagane)<br \/>\n<span class=\"wpcf7-form-control-wrap\" data-name=\"text-925\"><input size=\"40\" maxlength=\"400\" class=\"wpcf7-form-control wpcf7-text wpcf7-validates-as-required\" aria-required=\"true\" aria-invalid=\"false\" value=\"\" type=\"text\" name=\"text-925\" \/><\/span> <\/label>\n<\/p>\n<p><label> NIP (wymagane)<br \/>\n<span class=\"wpcf7-form-control-wrap\" data-name=\"text-40\"><input size=\"40\" maxlength=\"400\" class=\"wpcf7-form-control wpcf7-text wpcf7-validates-as-required\" aria-required=\"true\" aria-invalid=\"false\" value=\"\" type=\"text\" name=\"text-40\" \/><\/span> <\/label>\n<\/p>\n<p><label> Telefon<br \/>\n<span class=\"wpcf7-form-control-wrap\" data-name=\"tel-224\"><input size=\"40\" maxlength=\"400\" class=\"wpcf7-form-control wpcf7-tel wpcf7-text wpcf7-validates-as-tel\" aria-invalid=\"false\" value=\"\" type=\"tel\" name=\"tel-224\" \/><\/span> <\/label>\n<\/p>\n<p><label> Adres email (wymagane)<br \/>\n<span class=\"wpcf7-form-control-wrap\" data-name=\"your-email\"><input size=\"40\" maxlength=\"400\" class=\"wpcf7-form-control wpcf7-email wpcf7-validates-as-required wpcf7-text wpcf7-validates-as-email\" aria-required=\"true\" aria-invalid=\"false\" value=\"\" type=\"email\" name=\"your-email\" \/><\/span> <\/label>\n<\/p>\n<p><label> Uwagi\/Wiadomo\u015b\u0107:<br \/>\n<span class=\"wpcf7-form-control-wrap\" data-name=\"your-message\"><textarea cols=\"40\" rows=\"10\" maxlength=\"2000\" class=\"wpcf7-form-control wpcf7-textarea\" aria-invalid=\"false\" name=\"your-message\"><\/textarea><\/span> <\/label>\n<\/p>\n<p><input class=\"wpcf7-form-control wpcf7-submit has-spinner\" type=\"submit\" value=\"Wy\u015blij\" \/>\n<\/p><div class=\"wpcf7-response-output\" aria-hidden=\"true\"><\/div>\n<\/form>\n<\/div>\n<\/p>","protected":false},"excerpt":{"rendered":"<p>Stacja monitorowania RMS to nowoczesne rozwi\u0105zanie dedykowane do monitoringu TCP\/IP &nbsp; W\u0142a\u015bciwo\u015bci \u00bb wizualizacja, nadz\u00f3r i archiwizacja danych z central i terminali GSM firmy Ropam\u00bb sterowanie rozproszonymi obiektami za pomoc\u0105 Internetu (GPRS) w topologii; serwer-obiekt, obiekt-serwer-obiekt\u00bb oprogramowanie na serwer (CORE RMS) oparte o baz\u0119 SQL i do pi\u0119ciu klient\u00f3w RMS (CLIENT RMS) do podgl\u0105du i [&hellip;]<\/p>\n","protected":false},"featured_media":11397,"comment_status":"open","ping_status":"closed","template":"","meta":{"_acf_changed":false,"rank_math_lock_modified_date":false,"inline_featured_image":false},"product_cat":[529],"product_tag":[],"class_list":{"0":"post-8792","1":"product","2":"type-product","3":"status-publish","4":"has-post-thumbnail","6":"product_cat-stacja-monitorowania","8":"first","9":"onbackorder","10":"virtual","11":"taxable","12":"purchasable","13":"product-type-simple"},"acf":[],"_links":{"self":[{"href":"https:\/\/ropam.com.pl\/wsparcie\/wp-json\/wp\/v2\/product\/8792","targetHints":{"allow":["GET"]}}],"collection":[{"href":"https:\/\/ropam.com.pl\/wsparcie\/wp-json\/wp\/v2\/product"}],"about":[{"href":"https:\/\/ropam.com.pl\/wsparcie\/wp-json\/wp\/v2\/types\/product"}],"replies":[{"embeddable":true,"href":"https:\/\/ropam.com.pl\/wsparcie\/wp-json\/wp\/v2\/comments?post=8792"}],"wp:featuredmedia":[{"embeddable":true,"href":"https:\/\/ropam.com.pl\/wsparcie\/wp-json\/wp\/v2\/media\/11397"}],"wp:attachment":[{"href":"https:\/\/ropam.com.pl\/wsparcie\/wp-json\/wp\/v2\/media?parent=8792"}],"wp:term":[{"taxonomy":"product_cat","embeddable":true,"href":"https:\/\/ropam.com.pl\/wsparcie\/wp-json\/wp\/v2\/product_cat?post=8792"},{"taxonomy":"product_tag","embeddable":true,"href":"https:\/\/ropam.com.pl\/wsparcie\/wp-json\/wp\/v2\/product_tag?post=8792"}],"curies":[{"name":"wp","href":"https:\/\/api.w.org\/{rel}","templated":true}]}}