{"id":8786,"date":"2018-04-15T15:32:11","date_gmt":"2018-04-15T13:32:11","guid":{"rendered":"https:\/\/ropam.com.pl\/wsparcie\/produkt\/osd-aero-3\/"},"modified":"2024-12-27T13:52:20","modified_gmt":"2024-12-27T12:52:20","slug":"osd-aero-3","status":"publish","type":"product","link":"https:\/\/ropam.com.pl\/wsparcie\/osd-aero-3\/","title":{"rendered":"OSD-Aero"},"content":{"rendered":"<p><strong>Bezprzewodowa, optyczna czujka dymu Aero.<\/strong><\/p>\n<p>* w\u0142a\u015bciwo\u015bci czujki dymu:<br \/>\n&#8211; wykrywania obecno\u015bci dymu w powietrzu, w pocz\u0105tkowej fazie powstawania po\u017caru,<br \/>\n&#8211; przystosowana do pracy w pomieszczeniach zamkni\u0119tych, w kt\u00f3rych w normalnych warunkach nie wyst\u0119puje dym, kurz i skraplanie pary wodnej,<br \/>\n* w\u0142a\u015bciwo\u015bci komunikacji Aero:<br \/>\n&#8211; dedykowany mikroprocesor do komunikacji Aero, zarz\u0105dzania energi\u0105 i stanami czujki,<br \/>\n&#8211; automatyczna sterowanie moc\u0105 nadawania, do +10dBm, w zale\u017cno\u015bci od si\u0142y (RSSI) i jako\u015bci transmisji (LQI) dla maksymalnej \u017cywotno\u015bci baterii,<br \/>\n&#8211; dwukierunkowa, szyfrowana (AES 128-bit) komunikacja w pa\u015bmie ISM 868 MHz,<br \/>\n&#8211; wysoka czu\u0142o\u015b\u0107 RF do -110 dBm,<br \/>\n&#8211; zasi\u0119g powy\u017cej 150m w terenie otwartym,<br \/>\n* w\u0142a\u015bciwo\u015bci og\u00f3lne:<br \/>\n&#8211; obudowa natynkowa ABS bia\u0142a &#8211; wymiary: 107&#215;63 WxH [mm],<br \/>\n&#8211; sygnalizacja akustyczna alarmu (lokalna),<br \/>\n&#8211; sygnalizacja optyczna: alarm,<br \/>\n&#8211; temperatura pracy: -10\u00b0C do +55\u00b0C,<br \/>\n&#8211; zasilanie: bateria ER14505M ( w zestawie) , \u017cywotno\u015b\u0107 do 2 lat,<br \/>\n&#8211; ochrona antysabota\u017cowa,<\/p>\n<p>PROGRAMOWANIE:<br \/>\n&#8211; z poziomu centrali alarmowe poprzez AP- praca systemowa,<br \/>\n&#8211; z poziomu AP \u2013 praca autonomiczna.<\/p>\n<p><span id=\"result_box\" lang=\"pl\"><span class=\"hps atn\">(<\/span>Dane techniczne mog\u0105 <span class=\"hps\">ulec zmianie bez<\/span> <span class=\"hps\">uprzedniego powiadomienia<\/span>.)<\/span><\/p>\n","protected":false},"excerpt":{"rendered":"<p>Bezprzewodowa, optyczna czujka dymu Aero. * w\u0142a\u015bciwo\u015bci czujki dymu: &#8211; wykrywania obecno\u015bci dymu w powietrzu, w pocz\u0105tkowej fazie powstawania po\u017caru, &#8211; przystosowana do pracy w pomieszczeniach zamkni\u0119tych, w kt\u00f3rych w normalnych warunkach nie wyst\u0119puje dym, kurz i skraplanie pary wodnej, * w\u0142a\u015bciwo\u015bci komunikacji Aero: &#8211; dedykowany mikroprocesor do komunikacji Aero, zarz\u0105dzania energi\u0105 i stanami czujki, [&hellip;]<\/p>\n","protected":false},"featured_media":11868,"comment_status":"open","ping_status":"closed","template":"","meta":{"_acf_changed":false,"rank_math_lock_modified_date":false,"inline_featured_image":false},"product_cat":[516,481],"product_tag":[],"class_list":{"0":"post-8786","1":"product","2":"type-product","3":"status-publish","4":"has-post-thumbnail","6":"product_cat-czujki-aero","7":"product_cat-rozbudowa-systemu","9":"first","10":"outofstock","11":"taxable","12":"shipping-taxable","13":"product-type-simple"},"acf":[],"_links":{"self":[{"href":"https:\/\/ropam.com.pl\/wsparcie\/wp-json\/wp\/v2\/product\/8786","targetHints":{"allow":["GET"]}}],"collection":[{"href":"https:\/\/ropam.com.pl\/wsparcie\/wp-json\/wp\/v2\/product"}],"about":[{"href":"https:\/\/ropam.com.pl\/wsparcie\/wp-json\/wp\/v2\/types\/product"}],"replies":[{"embeddable":true,"href":"https:\/\/ropam.com.pl\/wsparcie\/wp-json\/wp\/v2\/comments?post=8786"}],"wp:featuredmedia":[{"embeddable":true,"href":"https:\/\/ropam.com.pl\/wsparcie\/wp-json\/wp\/v2\/media\/11868"}],"wp:attachment":[{"href":"https:\/\/ropam.com.pl\/wsparcie\/wp-json\/wp\/v2\/media?parent=8786"}],"wp:term":[{"taxonomy":"product_cat","embeddable":true,"href":"https:\/\/ropam.com.pl\/wsparcie\/wp-json\/wp\/v2\/product_cat?post=8786"},{"taxonomy":"product_tag","embeddable":true,"href":"https:\/\/ropam.com.pl\/wsparcie\/wp-json\/wp\/v2\/product_tag?post=8786"}],"curies":[{"name":"wp","href":"https:\/\/api.w.org\/{rel}","templated":true}]}}