{"id":8782,"date":"2018-04-15T15:32:11","date_gmt":"2018-04-15T13:32:11","guid":{"rendered":"https:\/\/ropam.com.pl\/wsparcie\/produkt\/exp-o8t-rn-3\/"},"modified":"2026-04-07T08:15:53","modified_gmt":"2026-04-07T06:15:53","slug":"exp-o8t-rn-3","status":"publish","type":"product","link":"https:\/\/ropam.com.pl\/wsparcie\/exp-o8t-rn-3\/","title":{"rendered":"EXP-O8T-RN"},"content":{"rendered":"<h3 style=\"text-align: center;\"><span style=\"font-size: 36pt;\"><strong>EXP-O8T-RN<\/strong><\/span><\/h3>\n<p style=\"text-align: center;\"><span style=\"font-size: 14pt;\">Ekspander wyj\u015b\u0107 tranzystorowych, do central z serii Neo-IP-64\u00a0i\u00a0Neo-IP.<\/span><\/p>\n<p style=\"text-align: center;\"><img loading=\"lazy\" decoding=\"async\" class=\"wp-image-9349 aligncenter\" src=\"https:\/\/ropam.com.pl\/wsparcie\/wp-content\/uploads\/2018\/04\/Projekt-bez-nazwy-49.png\" alt=\"\" width=\"376\" height=\"315\" srcset=\"https:\/\/ropam.com.pl\/wsparcie\/wp-content\/uploads\/2018\/04\/Projekt-bez-nazwy-49.png 940w, https:\/\/ropam.com.pl\/wsparcie\/wp-content\/uploads\/2018\/04\/Projekt-bez-nazwy-49-300x251.png 300w, https:\/\/ropam.com.pl\/wsparcie\/wp-content\/uploads\/2018\/04\/Projekt-bez-nazwy-49-768x644.png 768w, https:\/\/ropam.com.pl\/wsparcie\/wp-content\/uploads\/2018\/04\/Projekt-bez-nazwy-49-600x503.png 600w, https:\/\/ropam.com.pl\/wsparcie\/wp-content\/uploads\/2018\/04\/Projekt-bez-nazwy-49-60x50.png 60w\" sizes=\"auto, (max-width: 376px) 100vw, 376px\" \/><\/p>\n<h3><span style=\"font-size: 14pt;\"><strong style=\"color: #07acf2; font-family: 'arial black', sans-serif;\">W\u0142a\u015bciwo\u015bci<\/strong><\/span><\/h3>\n<p><span style=\"color: #000000;\"><span style=\"font-size: 14pt;\">\u00bb K<\/span><\/span>ompatybilno\u015b\u0107:\u00a0<strong>NeoLTE-IP-64, NeoGSM-IP-64, Neo-IP-64, NeoLTE-IP, NeoGSM-IP, Neo-IP<\/strong><br \/>\n<span style=\"color: #000000;\"><span style=\"font-size: 14pt;\">\u00bb R<\/span><\/span>ozbudowa systemu o 8 dodatkowych wyj\u015b\u0107 tranzystorowych 0,7A<br \/>\n\u00bb Wielokana\u0142owe sterowanie RGBWCCT dla ta\u015bm LED (wymagane oprogramowanie co najmniej v2.2)<br \/>\n<span style=\"color: #000000;\"><span style=\"font-size: 14pt;\">\u00bb K<\/span><\/span>omunikacja z centralami po magistrali systemowej RopamNET<br \/>\n<span style=\"color: #000000;\"><span style=\"font-size: 14pt;\">\u00bb K<\/span><\/span>onfiguracja, w\u0142a\u015bciwo\u015bci i typy reakcji jak podstawowe wyj\u015bcia centrali<br \/>\n<span style=\"color: #000000;\"><span style=\"font-size: 14pt;\">\u00bb R<\/span><\/span>oz\u0142\u0105czne listwy zaciskowe<\/p>\n<h3><span style=\"font-size: 14pt;\"><strong style=\"color: #07acf2; font-family: 'arial black', sans-serif;\">W zestawie<\/strong><\/span><\/h3>\n<p><span style=\"color: #000000;\"><span style=\"font-size: 14pt;\">\u00bb M<\/span><\/span>odu\u0142 wyj\u015b\u0107 Ropam <b>EXP-O8T-RN<br \/>\n<\/b><span style=\"color: #000000;\"><span style=\"font-size: 14pt;\">\u00bb K<\/span><\/span>o\u0142ki monta\u017cowe<\/p>\n<h3 style=\"text-align: center;\"><span style=\"font-size: 24pt; color: #ff0000;\"><strong style=\"font-family: 'arial black', sans-serif;\">W PE\u0141NI POLSKI PRODUKT<\/strong><\/span><\/h3>\n<p style=\"text-align: center;\"><span style=\"font-size: 14pt;\">Ca\u0142y etap produkcji, od pomys\u0142u po wykonanie ko\u0144cowe oparte s\u0105 o autorskie rozwi\u0105zania oraz dog\u0142\u0119bn\u0105 analiz\u0119 potrzeb i trend\u00f3w na\u00a0 rynku.<\/span><\/p>\n<p style=\"text-align: center;\"><img loading=\"lazy\" decoding=\"async\" class=\"wp-image-9726 alignnone\" src=\"https:\/\/ropam.com.pl\/wsparcie\/wp-content\/uploads\/2018\/04\/Obraz1.png\" alt=\"\" width=\"354\" height=\"325\" srcset=\"https:\/\/ropam.com.pl\/wsparcie\/wp-content\/uploads\/2018\/04\/Obraz1.png 292w, https:\/\/ropam.com.pl\/wsparcie\/wp-content\/uploads\/2018\/04\/Obraz1-60x55.png 60w\" sizes=\"auto, (max-width: 354px) 100vw, 354px\" \/><\/p>\n","protected":false},"excerpt":{"rendered":"<p><span style=\"font-size: 14pt;\">Ekspander wej\u015b\u0107 tranzystorowych<\/span><\/p>\n","protected":false},"featured_media":9349,"comment_status":"open","ping_status":"closed","template":"","meta":{"_acf_changed":false,"rank_math_lock_modified_date":false,"inline_featured_image":false},"product_cat":[526],"product_tag":[],"class_list":{"0":"post-8782","1":"product","2":"type-product","3":"status-publish","4":"has-post-thumbnail","6":"product_cat-moduly-wyjsc","8":"first","9":"instock","10":"taxable","11":"shipping-taxable","12":"purchasable","13":"product-type-simple"},"acf":[],"_links":{"self":[{"href":"https:\/\/ropam.com.pl\/wsparcie\/wp-json\/wp\/v2\/product\/8782","targetHints":{"allow":["GET"]}}],"collection":[{"href":"https:\/\/ropam.com.pl\/wsparcie\/wp-json\/wp\/v2\/product"}],"about":[{"href":"https:\/\/ropam.com.pl\/wsparcie\/wp-json\/wp\/v2\/types\/product"}],"replies":[{"embeddable":true,"href":"https:\/\/ropam.com.pl\/wsparcie\/wp-json\/wp\/v2\/comments?post=8782"}],"wp:featuredmedia":[{"embeddable":true,"href":"https:\/\/ropam.com.pl\/wsparcie\/wp-json\/wp\/v2\/media\/9349"}],"wp:attachment":[{"href":"https:\/\/ropam.com.pl\/wsparcie\/wp-json\/wp\/v2\/media?parent=8782"}],"wp:term":[{"taxonomy":"product_cat","embeddable":true,"href":"https:\/\/ropam.com.pl\/wsparcie\/wp-json\/wp\/v2\/product_cat?post=8782"},{"taxonomy":"product_tag","embeddable":true,"href":"https:\/\/ropam.com.pl\/wsparcie\/wp-json\/wp\/v2\/product_tag?post=8782"}],"curies":[{"name":"wp","href":"https:\/\/api.w.org\/{rel}","templated":true}]}}