{"id":8740,"date":"2018-04-15T15:32:08","date_gmt":"2018-04-15T13:32:08","guid":{"rendered":"https:\/\/ropam.com.pl\/wsparcie\/produkt\/exp-o8r-rn-d9m\/"},"modified":"2025-12-19T14:17:17","modified_gmt":"2025-12-19T13:17:17","slug":"exp-o8r-rn-d9m","status":"publish","type":"product","link":"https:\/\/ropam.com.pl\/wsparcie\/exp-o8r-rn-d9m\/","title":{"rendered":"EXP-O8R-RN-D9M"},"content":{"rendered":"<h3 style=\"text-align: center;\"><span style=\"font-size: 36pt;\"><strong>EXP-O8R-RN-D9M<\/strong><\/span><\/h3>\n<p style=\"text-align: center;\"><span style=\"font-size: 14pt;\"><b>Ekspander wyj\u015b\u0107 przeka\u017anikowych, do central z serii <\/b><b>Neo-IP-64<\/b><b>\u00a0i\u00a0<\/b><b>Neo-IP.<\/b><\/span><\/p>\n<p style=\"text-align: center;\"><img loading=\"lazy\" decoding=\"async\" class=\"wp-image-9346 alignnone\" src=\"https:\/\/ropam.com.pl\/wsparcie\/wp-content\/uploads\/2018\/04\/Projekt-bez-nazwy-48.png\" alt=\"\" width=\"465\" height=\"390\" srcset=\"https:\/\/ropam.com.pl\/wsparcie\/wp-content\/uploads\/2018\/04\/Projekt-bez-nazwy-48.png 940w, https:\/\/ropam.com.pl\/wsparcie\/wp-content\/uploads\/2018\/04\/Projekt-bez-nazwy-48-300x251.png 300w, https:\/\/ropam.com.pl\/wsparcie\/wp-content\/uploads\/2018\/04\/Projekt-bez-nazwy-48-768x644.png 768w, https:\/\/ropam.com.pl\/wsparcie\/wp-content\/uploads\/2018\/04\/Projekt-bez-nazwy-48-600x503.png 600w, https:\/\/ropam.com.pl\/wsparcie\/wp-content\/uploads\/2018\/04\/Projekt-bez-nazwy-48-60x50.png 60w\" sizes=\"auto, (max-width: 465px) 100vw, 465px\" \/><\/p>\n<h3><span style=\"font-size: 14pt;\"><strong style=\"color: #07acf2; font-family: 'arial black', sans-serif;\">W\u0142a\u015bciwo\u015bci\u00a0<\/strong><\/span><\/h3>\n<p><strong><span style=\"color: #000000;\"><span style=\"font-size: 14pt;\">\u00bb<\/span><\/span><\/strong> Kompatybilno\u015b\u0107: <b>NeoLTE-IP-64, NeoGSM-IP-64, Neo-IP-64,<\/b> <b>NeoLTE-IP, NeoGSM-IP, Neo-IP<br \/>\n<\/b><strong><span style=\"color: #000000;\"><span style=\"font-size: 14pt;\">\u00bb<\/span><\/span><\/strong> Rozbudowa systemu o 8 dodatkowych wyj\u015b\u0107 przeka\u017anikowych<br \/>\n<strong><span style=\"color: #000000;\"><span style=\"font-size: 14pt;\">\u00bb<\/span><\/span><\/strong> Wyj\u015bcia przeka\u017anikowe 8A\/250VAC<br \/>\n<strong><span style=\"color: #000000;\"><span style=\"font-size: 14pt;\">\u00bb<\/span><\/span><\/strong> Przeka\u017aniki w podstawkach monta\u017cowych<br \/>\n<strong><span style=\"color: #000000;\"><span style=\"font-size: 14pt;\">\u00bb<\/span><\/span><\/strong> Komunikacja z centralami po magistrali systemowej RopamNET<br \/>\n<strong><span style=\"color: #000000;\"><span style=\"font-size: 14pt;\">\u00bb<\/span><\/span><\/strong> Konfiguracja, w\u0142a\u015bciwo\u015bci i typy reakcji jak podstawowe wyj\u015bcia centrali<br \/>\n<strong><span style=\"color: #000000;\"><span style=\"font-size: 14pt;\">\u00bb<\/span><\/span><\/strong> Roz\u0142\u0105czne listwy zaciskowe<br \/>\n<strong><span style=\"color: #000000;\"><span style=\"font-size: 14pt;\">\u00bb<\/span><\/span><\/strong> <strong>Modu\u0142 w obudowie na szyn\u0119 TH35, szeroko\u015b\u0107 9M<\/strong><\/p>\n<h3><span style=\"font-size: 14pt;\"><strong style=\"color: #07acf2; font-family: 'arial black', sans-serif;\">W zestawie\u00a0<\/strong><\/span><\/h3>\n<p><span style=\"color: #000000;\"><span style=\"font-size: 14pt;\">\u00bb M<\/span><\/span>odu\u0142 wyj\u015b\u0107 Ropam <b>EXP-O8R-RN-D9M<\/b><\/p>\n<h3 style=\"text-align: center;\"><span style=\"font-size: 24pt; color: #ff0000;\"><strong style=\"font-family: 'arial black', sans-serif;\">W PE\u0141NI POLSKI PRODUKT<\/strong><\/span><\/h3>\n<p style=\"text-align: center;\"><span style=\"font-size: 14pt;\">Ca\u0142y etap produkcji, od pomys\u0142u po wykonanie ko\u0144cowe oparte s\u0105 o autorskie rozwi\u0105zania oraz dog\u0142\u0119bn\u0105 analiz\u0119 potrzeb i trend\u00f3w na\u00a0 rynku.<\/span><\/p>\n<p style=\"text-align: center;\"><img loading=\"lazy\" decoding=\"async\" class=\"wp-image-9726 alignnone\" src=\"https:\/\/ropam.com.pl\/wsparcie\/wp-content\/uploads\/2018\/04\/Obraz1.png\" alt=\"\" width=\"354\" height=\"325\" srcset=\"https:\/\/ropam.com.pl\/wsparcie\/wp-content\/uploads\/2018\/04\/Obraz1.png 292w, https:\/\/ropam.com.pl\/wsparcie\/wp-content\/uploads\/2018\/04\/Obraz1-60x55.png 60w\" sizes=\"auto, (max-width: 354px) 100vw, 354px\" \/><\/p>\n","protected":false},"excerpt":{"rendered":"<p><span style=\"font-size: 14pt;\">Ekspander wej\u015b\u0107 przeka\u017anikowych<\/span><\/p>\n","protected":false},"featured_media":9346,"comment_status":"open","ping_status":"closed","template":"","meta":{"_acf_changed":false,"rank_math_lock_modified_date":false,"inline_featured_image":false},"product_cat":[526],"product_tag":[],"class_list":{"0":"post-8740","1":"product","2":"type-product","3":"status-publish","4":"has-post-thumbnail","6":"product_cat-moduly-wyjsc","8":"first","9":"instock","10":"taxable","11":"shipping-taxable","12":"purchasable","13":"product-type-simple"},"acf":[],"_links":{"self":[{"href":"https:\/\/ropam.com.pl\/wsparcie\/wp-json\/wp\/v2\/product\/8740","targetHints":{"allow":["GET"]}}],"collection":[{"href":"https:\/\/ropam.com.pl\/wsparcie\/wp-json\/wp\/v2\/product"}],"about":[{"href":"https:\/\/ropam.com.pl\/wsparcie\/wp-json\/wp\/v2\/types\/product"}],"replies":[{"embeddable":true,"href":"https:\/\/ropam.com.pl\/wsparcie\/wp-json\/wp\/v2\/comments?post=8740"}],"wp:featuredmedia":[{"embeddable":true,"href":"https:\/\/ropam.com.pl\/wsparcie\/wp-json\/wp\/v2\/media\/9346"}],"wp:attachment":[{"href":"https:\/\/ropam.com.pl\/wsparcie\/wp-json\/wp\/v2\/media?parent=8740"}],"wp:term":[{"taxonomy":"product_cat","embeddable":true,"href":"https:\/\/ropam.com.pl\/wsparcie\/wp-json\/wp\/v2\/product_cat?post=8740"},{"taxonomy":"product_tag","embeddable":true,"href":"https:\/\/ropam.com.pl\/wsparcie\/wp-json\/wp\/v2\/product_tag?post=8740"}],"curies":[{"name":"wp","href":"https:\/\/api.w.org\/{rel}","templated":true}]}}