{"id":8715,"date":"2018-04-15T15:32:07","date_gmt":"2018-04-15T13:32:07","guid":{"rendered":"https:\/\/ropam.com.pl\/wsparcie\/produkt\/tpr-1f-o-4\/"},"modified":"2024-11-17T19:29:54","modified_gmt":"2024-11-17T18:29:54","slug":"tpr-1f-o-4","status":"publish","type":"product","link":"https:\/\/ropam.com.pl\/wsparcie\/tpr-1f-o-4\/","title":{"rendered":"TPR-1F-O"},"content":{"rendered":"<p><b>PANEL DOTYKOWY (KLAWIATURA DOTYKOWA)<\/b><\/p>\n<p>wersja podtynkowa,\u00a0 wsp\u00f3\u0142praca z centralami\u00a0 OptimaGSM<\/p>\n<p><strong><span style=\"color: #0000ff;\">Nowo\u015b\u0107:<br \/>\nNowe menu graficzne.<br \/>\nFunkcja termostatu z kalendarzem w TPR.<\/span><\/strong><\/p>\n<p>Panel dotykowy TPR-xx to nowoczesny element sterowania i kontroli systemu alarmowego. Centrala alarmowa OptimaGSM wraz z panelem dotykowym TPR-xx i pozosta\u0142ymi dedykowanymi urz\u0105dzeniami to nowoczesna konstrukcja. Wbudowany komunikator GSM pozwala na bezpo\u015brednie przesy\u0142anie informacji na telefony u\u017cytkownik\u00f3w i\/lub stacji monitorowania. Ponadto zintegrowane komunikacja GSM pozwala na zdalne sterowanie systemem poprzez SMS a wyj\u015bcia SMS\/CLIP. Centrala OptimaGSM wyposa\u017cona jest w wiele automatycznych funkcji kontroluj\u0105cych stan systemu. Dodatkowe urz\u0105dzenia, kt\u00f3re rozszerzaj\u0105 w\u0142a\u015bciwo\u015bci systemu to:<br \/>\n&#8211; panel dotykowy TPR-xx, nowoczesna klawiatura do kontroli systemu w wersji natynkowej TPR-1, TPR-2x i podtynkowej TPR-1F,<br \/>\n&#8211; modu\u0142 FGR-4 do przesy\u0142ania wiadomo\u015bci MMS\/E-MAIL ze zdj\u0119ciami z kamer przemys\u0142owych (weryfikacja wizualna),<br \/>\n&#8211; syntezer mowy VSR-2, pozwalaj\u0105cy na przes\u0142anie 16 komunikat\u00f3w g\u0142osowych (VOICE),<br \/>\n&#8211; syntezer mowy VSR-1, pozwalaj\u0105cy na przes\u0142anie komunikatu g\u0142osowego (VOICE),<br \/>\n&#8211; modu\u0142 audio AMR-1 (mikrofon), pozwalaj\u0105cy na pods\u0142uch obiektu (weryfikacja audio),<br \/>\n&#8211; czujniki temperatury TSR-1, s\u0142u\u017c\u0105ce do kontroli temperatury i funkcji termostatu,<br \/>\n&#8211; zasilacz systemowy z wbudowanym sterownikiem radiowym PSR-RF, pozwala na sterowanie czuwaniem systemu poprzez piloty radiowe,<br \/>\n&#8211; bramka VAR-1 KENWEI, pozwalaj\u0105ca na integracje z wideodomofonem i dwukierunkowa komunikacja audio (bramofon-kom\u00f3rka) i transmisje MMS-\u00f3w ze zdj\u0119ciami z kamery.<\/p>\n<p><b>PODSTAWOWE W\u0141A\u015aCIWO\u015aCI:<\/b><\/p>\n<p>\u2022 wydajny i energooszcz\u0119dny procesor ARM Cortex\u2122-M3, 32-bitowy<br \/>\n\u2022 wbudowany stabilny i wydajny system czasu rzeczywistego RTOS<br \/>\n\u2022 kolorowy wy\u015bwietlacz 3,5\u201d TFT LCD, 65 tys. kolor\u00f3w<br \/>\n\u2022 panel dotykowy \u201eTouchPanel\u201d, bez mechanicznych styk\u00f3w<br \/>\n\u2022 interaktywne graficzne menu z piktogramy (ikony)<br \/>\n\u2022 funkcja losowego uk\u0142adu klawiatury numerycznej<br \/>\n\u2022 tekstowe podpowiedzi dla danych funkcji<br \/>\n\u2022 intuicyjne kontrola i sterowanie systemem<br \/>\n\u2022 sterowanie wyj\u015bciami modu\u0142u<br \/>\n\u2022 szybkie sterowanie wyj\u015bciem przeka\u017anikowym w panelu<br \/>\n\u2022 diody LED statusu systemu<br \/>\n\u2022 pasek dodatkowych informacji o stanie systemu<br \/>\n\u2022 sygnalizacja akustyczna<br \/>\n\u2022 wygaszacz ekranu z funkcja kalendarza i zegara<br \/>\n\u2022 wbudowany czujnik temperatury<br \/>\n\u2022 dwa wej\u015bcia alarmowe<br \/>\n\u2022 magistrala EIA 485 protok\u00f3\u0142 RopamNET<br \/>\n\u2022 lokalny port RS232TTL<br \/>\n\u2022 funkcja uaktualnienia oprogramowania<br \/>\n\u2022 estetyczna i solidna obudowa z matowej stali nierdzewnej \u201eINOX\u201d<br \/>\n\u2022 wersja obudowy natynkowa i podtynkowa<br \/>\n\u2022 wysoka trwa\u0142o\u015b\u0107 panelu dotykowego: ok. 2,5 mln dotkni\u0119\u0107 ka\u017cdego punktu znormalizowanym stylusem<br \/>\n\u2022 zabezpieczenie antysabota\u017cowe obudowy<br \/>\n\u2022 roz\u0142\u0105czne listwy zaciskowe<br \/>\n\u2022 rejestracja historii temperatury z dw\u00f3ch czujnik\u00f3w i wej\u015bcia analogowego na karcie SD (monta\u017c wewn\u0105trz obudowy)<br \/>\n\u2022 histogram temperatury T1 i T2 w menu stanu systemu<br \/>\n\u2022 obs\u0142uga karty SD: plan budynku (tablica synoptyczna) oraz cyfrowa ramka zdj\u0119\u0107<br \/>\n\u2022 regulacja jasno\u015bci wy\u015bwietlacza TFT w trybie wygaszacza ekranu<br \/>\n\u2022 estetyczna i solidna obudowa podtynkowa obudowa, panel przedni wykonany z matowej stali nierdzewnej \u201eINOX\u201d, montowany czterema \u015brubami do podstawy monta\u017cowej<br \/>\n\u2022 modu\u0142owa konstrukcja obudowy:<br \/>\n* puszka monta\u017cowa (do sta\u0142ego osadzenia w pod\u0142o\u017cu, \u015bcianie)<br \/>\n* podstawa monta\u017cowa (do monta\u017cu PCB)<br \/>\n* panel przedni ze stali nierdzewnej<br \/>\n* regulacja podstawy monta\u017cowej (panelu przedniego) wzgl\u0119dem puszki monta\u017cowej (p\u0142aszczyzna \u015bciany)<br \/>\n\u2022 wymiary [mm](WxHxD):<br \/>\n* puszka monta\u017cowa: 115 (134)x95 x30<br \/>\n* podstawa monta\u017cowa: 111x92x24<br \/>\n* panel przedni: 122x105x1<br \/>\n\u2022 klasa \u015brodowiskowa: II (T:-10\u00b0C&#8230;+55\u00b0C\/RH:20%&#8230;90%, bez kondensacji)<br \/>\n\u2022 trwa\u0142o\u015b\u0107 panelu dotykowego: ok. 2,5 mln dotkni\u0119\u0107 ka\u017cdego punktu znormalizowanym stylusem @150g<br \/>\n\u2022 zabezpieczenie antysabota\u017cowe obudowy<br \/>\n\u2022 roz\u0142\u0105czne listwy zaciskowe<br \/>\n\u2022 wsp\u00f3\u0142praca z centralami OptimaGSM<br \/>\n\u2022 funkcja termostatu z kalendarzem<\/p>\n<p><b>PRZEZNACZENIE:<\/b><\/p>\n<p>System alarmowy zbudowany w oparciu o centrale alarmowe serii NeoGSM, NEO, panele dotykowe TPR-1x\/TPR-2x inne urz\u0105dzenia dodatkowe to idealne rozwi\u0105zanie dla obiekt\u00f3w mieszkalnych i ma\u0142ych obiekt\u00f3w komercyjnych. Nowoczesna stylistyka, sprawdzona technologia panelu dotykowego z efektownym kolorowym wy\u015bwietlaczem LCD doskonale nadaje si\u0119 do komponowania w wi\u0119kszo\u015bci wn\u0119trz i pomieszcze\u0144. Intuicyjny i przejrzysty interfejs, powoduje \u017ce sterowanie systemem alarmowym nigdy nie by\u0142o tak proste jak z panelami TPR-xx. Panel dotykowy w po\u0142\u0105czeniu z centralami pozwala na zbudowanie w pe\u0142ni funkcjonalnego systemu alarmowego. System alarmowy OptimaGSM oparty o cztery panele, ekspandery wej\u015b\u0107\/wyj\u015b\u0107 oferuje zasoby: 8-32 wej\u015b\u0107, 8-32 wyj\u015b\u0107, cztery strefy z czuwaniem nocnym oraz z wbudowana komunikacja i sterowanie GSM. Centrala OptimaGSM pozwala ponadto na stworzenie aplikacji automatyki domowej z wykorzystaniem technologii SmartPLC &#8211; komunikacja po kablach energetycznych ze zdalna kontrola poprzez SMS\/CLIP. Elastyczne funkcje pozwalaj\u0105 ponadto na stosowanie w systemach, w kt\u00f3rych wykorzystuje si\u0119 kontrole sygna\u0142\u00f3w binarnych, temperatur\u0119, wymagana jest weryfikacja wizualna a przesy\u0142anie informacji opiera si\u0119 na SMS, VOICE, MMS, e-mail.<\/p>\n<p>(Specyfikacja mo\u017ce zosta\u0107 zmieniona bez uprzedzenia.)<\/p>\n","protected":false},"excerpt":{"rendered":"<p>PANEL DOTYKOWY (KLAWIATURA DOTYKOWA) wersja podtynkowa,\u00a0 wsp\u00f3\u0142praca z centralami\u00a0 OptimaGSM Nowo\u015b\u0107: Nowe menu graficzne. Funkcja termostatu z kalendarzem w TPR. Panel dotykowy TPR-xx to nowoczesny element sterowania i kontroli systemu alarmowego. Centrala alarmowa OptimaGSM wraz z panelem dotykowym TPR-xx i pozosta\u0142ymi dedykowanymi urz\u0105dzeniami to nowoczesna konstrukcja. Wbudowany komunikator GSM pozwala na bezpo\u015brednie przesy\u0142anie informacji na [&hellip;]<\/p>\n","protected":false},"featured_media":11673,"comment_status":"open","ping_status":"closed","template":"","meta":{"_acf_changed":false,"rank_math_lock_modified_date":false,"inline_featured_image":false},"product_cat":[606],"product_tag":[],"class_list":{"0":"post-8715","1":"product","2":"type-product","3":"status-publish","4":"has-post-thumbnail","6":"product_cat-obsluga-i-nadzor-archiwum","8":"first","9":"outofstock","10":"product-type-simple"},"acf":[],"_links":{"self":[{"href":"https:\/\/ropam.com.pl\/wsparcie\/wp-json\/wp\/v2\/product\/8715","targetHints":{"allow":["GET"]}}],"collection":[{"href":"https:\/\/ropam.com.pl\/wsparcie\/wp-json\/wp\/v2\/product"}],"about":[{"href":"https:\/\/ropam.com.pl\/wsparcie\/wp-json\/wp\/v2\/types\/product"}],"replies":[{"embeddable":true,"href":"https:\/\/ropam.com.pl\/wsparcie\/wp-json\/wp\/v2\/comments?post=8715"}],"wp:featuredmedia":[{"embeddable":true,"href":"https:\/\/ropam.com.pl\/wsparcie\/wp-json\/wp\/v2\/media\/11673"}],"wp:attachment":[{"href":"https:\/\/ropam.com.pl\/wsparcie\/wp-json\/wp\/v2\/media?parent=8715"}],"wp:term":[{"taxonomy":"product_cat","embeddable":true,"href":"https:\/\/ropam.com.pl\/wsparcie\/wp-json\/wp\/v2\/product_cat?post=8715"},{"taxonomy":"product_tag","embeddable":true,"href":"https:\/\/ropam.com.pl\/wsparcie\/wp-json\/wp\/v2\/product_tag?post=8715"}],"curies":[{"name":"wp","href":"https:\/\/api.w.org\/{rel}","templated":true}]}}