{"id":8700,"date":"2018-04-15T15:32:07","date_gmt":"2018-04-15T13:32:07","guid":{"rendered":"https:\/\/ropam.com.pl\/wsparcie\/produkt\/hub-iqplc-d4m\/"},"modified":"2024-12-27T14:19:28","modified_gmt":"2024-12-27T13:19:28","slug":"hub-iqplc-d4m","status":"publish","type":"product","link":"https:\/\/ropam.com.pl\/wsparcie\/hub-iqplc-d4m\/","title":{"rendered":"Hub-IQPLC-D4M"},"content":{"rendered":"<p><strong>Koncentrator systemowy sieci SmartPLC dla systemu IQPLC.<\/strong><\/p>\n<p>System Automatyki budynkowej IQPLC\u00a0 wykorzystuj\u0105cy technologie\u00a0 SmartPLC to unikalne i innowacyjne podej\u015bcie do komunikacji, zmieniaj\u0105ce instalacje elektryczn\u0105 budynku w magistral\u0119 komunikacyjn\u0105 dla sterowania i kontroli.<br \/>\nTechnologia <strong>SmartPLC <\/strong>firmy Ropam Elektronik otwiera nowy rozdzia\u0142 w automatyce budynkowej i daje niedost\u0119pne dotychczas mo\u017cliwo\u015bci dla projektant\u00f3w i integrator\u00f3w.<\/p>\n<p><strong>Zastosowanie:<\/strong><br \/>\n\u2022 inteligentny dom, automatyka domowa,<br \/>\n\u2022 elektroniczne systemy sygnalizacji w\u0142amania,<br \/>\n\u2022 zdalne sterowanie i kontrola urz\u0105dze\u0144 elektrycznych,<br \/>\n\u2022 inteligentne o\u015bwietlenie.<\/p>\n<p>Koncentrator <strong>Hub-IQPLC <\/strong>integruje system OptimaGSM z rozproszonymi \u201einteligentnymi \u0142\u0105cznikami\u201d ( IO-IQPLC\/IOE-IQPLC).<br \/>\nKomunikacja mi\u0119dzy central\u0105 koncentratorem oparta jest o magistral\u0119 RopamNET.<br \/>\nKomunikacja pomi\u0119dzy koncentratorem a inteligentnymi \u0142\u0105cznikiem odbywa si\u0119 po liniach zasilania (230VAC) niskiego napi\u0119cia dzi\u0119ki technologii <strong>SmartPLC.<\/strong><\/p>\n<p><strong>W\u0142a\u015bciwo\u015bci:<\/strong><\/p>\n<p>\u2022 kompatybilno\u015b\u0107 z systemem NeoGSM-IP-64, OptimaGSM: magistrala RopamNET, (LogicProcessor, logika + stany),<br \/>\n\u2022 SmartPLC: innowacyjna i unikalna dwukierunkowa komunikacja po linii zasilania NN (230VAC),<br \/>\n\u2022 Bezpiecze\u0144stwo: dynamiczny wyb\u00f3r trasy, &#8216;samolecz\u0105ca&#8217; si\u0119 sie\u0107, zabezpieczenie przed pods\u0142uchem i\u00a0 interferencj\u0105, niezawodno\u015b\u0107 dostarczania danych z potwierdzeniem, bezpiecze\u0144stwo, szyfrowanie AES256 w najni\u017cszej warstwie danych.<br \/>\n\u2022 Zasi\u0119g : praktycznie nieograniczony w ramach jednej sieci energetycznej, instalacji budynkowej niskiego napi\u0119cia NN, przy sieci tr\u00f3jfazowej i\/lub du\u017cych zak\u0142\u00f3ceniach nale\u017cy zastosowa\u0107 sprz\u0119gacz PLC,<br \/>\n\u2022 obs\u0142uga 8 urz\u0105dze\u0144 IQPLC<br \/>\n\u2022 obudowa na szyn\u0119 DIN, 4 modu\u0142y DIN,<\/p>\n<p>&nbsp;<\/p>\n","protected":false},"excerpt":{"rendered":"<p>Koncentrator systemowy sieci SmartPLC dla systemu IQPLC. System Automatyki budynkowej IQPLC\u00a0 wykorzystuj\u0105cy technologie\u00a0 SmartPLC to unikalne i innowacyjne podej\u015bcie do komunikacji, zmieniaj\u0105ce instalacje elektryczn\u0105 budynku w magistral\u0119 komunikacyjn\u0105 dla sterowania i kontroli. Technologia SmartPLC firmy Ropam Elektronik otwiera nowy rozdzia\u0142 w automatyce budynkowej i daje niedost\u0119pne dotychczas mo\u017cliwo\u015bci dla projektant\u00f3w i integrator\u00f3w. Zastosowanie: \u2022 inteligentny [&hellip;]<\/p>\n","protected":false},"featured_media":12269,"comment_status":"open","ping_status":"closed","template":"","meta":{"_acf_changed":false,"rank_math_lock_modified_date":false,"inline_featured_image":false},"product_cat":[607],"product_tag":[],"class_list":{"0":"post-8700","1":"product","2":"type-product","3":"status-publish","4":"has-post-thumbnail","6":"product_cat-iqplc-praca-systemowa-archiwum","8":"first","9":"outofstock","10":"product-type-simple"},"acf":[],"_links":{"self":[{"href":"https:\/\/ropam.com.pl\/wsparcie\/wp-json\/wp\/v2\/product\/8700","targetHints":{"allow":["GET"]}}],"collection":[{"href":"https:\/\/ropam.com.pl\/wsparcie\/wp-json\/wp\/v2\/product"}],"about":[{"href":"https:\/\/ropam.com.pl\/wsparcie\/wp-json\/wp\/v2\/types\/product"}],"replies":[{"embeddable":true,"href":"https:\/\/ropam.com.pl\/wsparcie\/wp-json\/wp\/v2\/comments?post=8700"}],"wp:featuredmedia":[{"embeddable":true,"href":"https:\/\/ropam.com.pl\/wsparcie\/wp-json\/wp\/v2\/media\/12269"}],"wp:attachment":[{"href":"https:\/\/ropam.com.pl\/wsparcie\/wp-json\/wp\/v2\/media?parent=8700"}],"wp:term":[{"taxonomy":"product_cat","embeddable":true,"href":"https:\/\/ropam.com.pl\/wsparcie\/wp-json\/wp\/v2\/product_cat?post=8700"},{"taxonomy":"product_tag","embeddable":true,"href":"https:\/\/ropam.com.pl\/wsparcie\/wp-json\/wp\/v2\/product_tag?post=8700"}],"curies":[{"name":"wp","href":"https:\/\/api.w.org\/{rel}","templated":true}]}}