{"id":8692,"date":"2018-04-15T15:32:06","date_gmt":"2018-04-15T13:32:06","guid":{"rendered":"https:\/\/ropam.com.pl\/wsparcie\/produkt\/ioe-iqplc\/"},"modified":"2024-12-27T14:20:03","modified_gmt":"2024-12-27T13:20:03","slug":"ioe-iqplc","status":"publish","type":"product","link":"https:\/\/ropam.com.pl\/wsparcie\/ioe-iqplc\/","title":{"rendered":"IOE-IQPLC"},"content":{"rendered":"<p><strong>Inteligentny i sterowany \u0142\u0105cznik systemu IQPLC. <\/strong><br \/>\n&#8211; inteligentne i sterowany \u0142\u0105cznik elektryczny (sterowane gniazdo elektryczne),<br \/>\n&#8211; obci\u0105\u017cenie \u0142\u0105cznika: 10A\/250V, prze\u0142\u0105czane N zasilania,<br \/>\n&#8211; pomiar poboru mocy odbiornika elektrycznego od 1W-2500W,<br \/>\n&#8211; wej\u015bcie dwustanowe ON\/OFF, potencja\u0142owe N\/L, do obs\u0142ugi w\u0142\u0105cznika lub przycisku jednobiegunowego,<br \/>\n&#8211; wej\u015bcie: sterowanie lokalne lub systemowe w ramach dzia\u0142ania LogicProcessora,<br \/>\n&#8211; miniaturowe wymiary: \u00d850, h=30mm, [mm],<br \/>\n&#8211; monta\u017c w puszce podtynkowej \u00d860 (g\u0142\u0119bokiej),<br \/>\n&#8211; modu\u0142 kompatybilny z ka\u017cdym standardowym gniazdem i \u0142\u0105cznikiem\/przyciskiem elektrycznym,<br \/>\n&#8211; komunikacja SmartPLC z Hub-IQPLC po budynkowej instalacji elektrycznej NN,<br \/>\n&#8211; sterowanie i stan \u0142\u0105cznika dost\u0119pny jest w ramach argument\u00f3w LogicProcessor,<br \/>\n&#8211; zasilanie 230VAC, 50Hz,<\/p>\n<p>&nbsp;<\/p>\n","protected":false},"excerpt":{"rendered":"<p>Inteligentny i sterowany \u0142\u0105cznik systemu IQPLC. &#8211; inteligentne i sterowany \u0142\u0105cznik elektryczny (sterowane gniazdo elektryczne), &#8211; obci\u0105\u017cenie \u0142\u0105cznika: 10A\/250V, prze\u0142\u0105czane N zasilania, &#8211; pomiar poboru mocy odbiornika elektrycznego od 1W-2500W, &#8211; wej\u015bcie dwustanowe ON\/OFF, potencja\u0142owe N\/L, do obs\u0142ugi w\u0142\u0105cznika lub przycisku jednobiegunowego, &#8211; wej\u015bcie: sterowanie lokalne lub systemowe w ramach dzia\u0142ania LogicProcessora, &#8211; miniaturowe wymiary: [&hellip;]<\/p>\n","protected":false},"featured_media":11649,"comment_status":"open","ping_status":"closed","template":"","meta":{"_acf_changed":false,"rank_math_lock_modified_date":false,"inline_featured_image":false},"product_cat":[607],"product_tag":[],"class_list":{"0":"post-8692","1":"product","2":"type-product","3":"status-publish","4":"has-post-thumbnail","6":"product_cat-iqplc-praca-systemowa-archiwum","8":"first","9":"outofstock","10":"taxable","11":"shipping-taxable","12":"product-type-simple"},"acf":[],"_links":{"self":[{"href":"https:\/\/ropam.com.pl\/wsparcie\/wp-json\/wp\/v2\/product\/8692","targetHints":{"allow":["GET"]}}],"collection":[{"href":"https:\/\/ropam.com.pl\/wsparcie\/wp-json\/wp\/v2\/product"}],"about":[{"href":"https:\/\/ropam.com.pl\/wsparcie\/wp-json\/wp\/v2\/types\/product"}],"replies":[{"embeddable":true,"href":"https:\/\/ropam.com.pl\/wsparcie\/wp-json\/wp\/v2\/comments?post=8692"}],"wp:featuredmedia":[{"embeddable":true,"href":"https:\/\/ropam.com.pl\/wsparcie\/wp-json\/wp\/v2\/media\/11649"}],"wp:attachment":[{"href":"https:\/\/ropam.com.pl\/wsparcie\/wp-json\/wp\/v2\/media?parent=8692"}],"wp:term":[{"taxonomy":"product_cat","embeddable":true,"href":"https:\/\/ropam.com.pl\/wsparcie\/wp-json\/wp\/v2\/product_cat?post=8692"},{"taxonomy":"product_tag","embeddable":true,"href":"https:\/\/ropam.com.pl\/wsparcie\/wp-json\/wp\/v2\/product_tag?post=8692"}],"curies":[{"name":"wp","href":"https:\/\/api.w.org\/{rel}","templated":true}]}}