{"id":8691,"date":"2018-04-15T15:32:06","date_gmt":"2018-04-15T13:32:06","guid":{"rendered":"https:\/\/ropam.com.pl\/wsparcie\/produkt\/optimagsm-ps-d9m-4\/"},"modified":"2024-12-23T14:11:21","modified_gmt":"2024-12-23T13:11:21","slug":"optimagsm-ps-d9m-4","status":"publish","type":"product","link":"https:\/\/ropam.com.pl\/wsparcie\/optimagsm-ps-d9m-4\/","title":{"rendered":"OptimaGSM-PS-D9M"},"content":{"rendered":"<p><strong>CENTRALA ALARMOWA Z KOMUNIKACJ\u0104 GSM I FUNKCJAMI AUTOMATYKI BUDYNKOWEJ<\/strong><\/p>\n<p>Czterostrefowa kompaktowa centrala alarmowa SMS\/VOICE\/CLIP\/GPRS\/MMS, zasilacz buforowy 12V\/2A , TELx8, BIx8-32, BOx8-32, AI,TEMPx4, TPR-xx, monitoring GPRS, TermostatGSM, KeyGSM, LoggerTemp, LogicProcessor, obudowa na szyn\u0119 DIN 9M<\/p>\n<p><strong><span style=\"color: #0000ff;\">Nowe funkcje:<br \/>\n<span style=\"color: #ff0000;\">Aplikacja na systemy mobilne do obs\u0142ugi systemu OptimaGSM:<\/span> <a href=\"http:\/\/ropam.com.pl\/wsparcie\/towar\/559\/ropamoptima.html\">RopamOptima<\/a><br \/>\nKomunikacja TCP\/IP poprzez modu\u0142 <a href=\"\/towar\/540\/apip.html\">AP-IP<\/a>.<br \/>\nFunkcja termostatu z kalendarzem w <a href=\"\/kategoria\/59\/kontrola_i_sterowanie_systemem.html\">TPR<\/a>.<\/span><\/strong><\/p>\n<p>&nbsp;<\/p>\n<p><strong>&#8211; zasilanie 17\u00f720V\/AC lub 20\u00f730V\/DC (II klasa izolacji),<br \/>\n&#8211; wbudowany zasilacz buforowy 12V\/1.5A,<br \/>\n&#8211; kontrola napi\u0119cia AC i DC,<br \/>\n&#8211; kontrola i dynamiczny test akumulatory,<br \/>\n&#8211; monta\u017c w dedykowanych obudowach z transformatorem,<br \/>\n&#8211; obudowa na szyn\u0119 DIN 9M<\/strong><\/p>\n<p>Centrala alarmowa OptimaGSM wraz z urz\u0105dzeniami peryferyjnymi to rozwi\u0105zanie integruj\u0105ce elektroniczny system sygnalizacji w\u0142amania i automatyk\u0119 budynkow\u0105 z wykorzystaniem technologii SmartPLC<br \/>\nWbudowany komunikator GSM pozwala na zdaln\u0105 kontrol\u0119 i sterowanie systemem.<br \/>\nDzi\u0119ki modu\u0142owej konstrukcji system mo\u017ce by\u0107 rozbudowany i dostosowywany do zmieniaj\u0105cych si\u0119 potrzeb u\u017cytkownika.<br \/>\nKonstrukcja i funkcje zgodne z PN-EN 50131-3, stopie\u0144 2,<\/p>\n<p><strong>W\u0142a\u015bciwo\u015bci:<\/strong><\/p>\n<p>&#8211; 4 strefy z dwoma typami czuwania ( pe\u0142ne, nocne),<br \/>\n<strong>&#8211; <\/strong>wej\u015bcia (BI): 8-40 przewodowe, rozbudowa poprzez ekspandery wej\u015b\u0107 (EXP-I8, EXP-I8-RN) oraz panele dotykowe TPR-xx (konfiguracja wej\u015b\u0107: 2EOL\/NC, 2EOL\/NO, EOL, NC, NO),<br \/>\n&#8211; wyj\u015bcia (BO): 8-24 przewodowe, rozbudowa poprzez ekspandery wyj\u015b\u0107 ( maksymalnie dwa) + dodatkowe 8 wyj\u015b\u0107 obs\u0142ugiwanych poprzez IQ-PLC<br \/>\n&#8211; wyj\u015bcia: O1, O2 wyj\u015bcia 12VDC\/1A z zabezpieczeniem zwarciowym, przeci\u0105\u017ceniowym, temperaturowym i kontrol\u0105 obci\u0105\u017cenia,<br \/>\n&#8211; wyj\u015bcia: O3-O8 wyj\u015bcia tranzystorowe OC 100mA,<br \/>\n&#8211; dodatkowe lokalne wyj\u015bcie przeka\u017anikowe w ka\u017cdym panelu dotykowym,<br \/>\n&#8211; u\u017cytkownicy: 32 kody (1 g\u0142\u00f3wny +31), 8 numer\u00f3w telefon\u00f3w, 8 adres\u00f3w e-mail,<br \/>\n&#8211; obs\u0142uga do czterech paneli dotykowych; wersja natynkowa TRP-1-O, TPR-2W-O, TPR-2B-O i podtynkowa TPR-1F-O,,<br \/>\n&#8211; elastyczna kontrola czuwania: panele dotykowe, SMS, wej\u015bcie systemu, piloty radiowe ( RF-4 maksymalnie 42 piloty)<br \/>\n&#8211; wsp\u00f3\u0142praca z bezprzewodowym systemem Aero: obs\u0142uga do 16 urz\u0105dze\u0144 Aero (maksymalna ilo\u015b\u0107 wej\u015b\u0107: BIx40+Aero lub BIx32+Aerox16),<br \/>\n&#8211; wykrywanie zag\u0142uszania GSM (JAMMING): raportowanie stanu na wyj\u015bciu i zapis w pami\u0119ci zdarze\u0144,<br \/>\n&#8211;\u00a0 zegar RTC i kalendarz z podtrzymaniem bateryjnym, obs\u0142uga serwera czasu NTP, aktualizacja czas zimowy\/letni,<br \/>\n&#8211; 4 timery z wyborem trybu: roczny, miesi\u0119czny, tygodniowy, dzienny, sta\u0142y, ka\u017cdy timer posiada ustawienia 20 znacznik\u00f3w ON\/OFF<br \/>\n&#8211; pami\u0119\u0107 zdarze\u0144 do 10 000,<br \/>\n&#8211; funkcja testu \u0142\u0105czno\u015bci: SMS, SMS STAN, CLIP, MMS, E-mail,<br \/>\n&#8211; optyczna sygnalizacja pracy i zasi\u0119gu GSM<br \/>\n&#8211; funkcje ograniczenia koszt\u00f3w i ilo\u015bci transmisji<br \/>\n&#8211; obs\u0142uga kod\u00f3w USSD (kontrola kart pre-paid)<br \/>\n&#8211; roz\u0142\u0105czne z\u0142\u0105cza zaciskowe, pogrupowane wg port\u00f3w,<\/p>\n<p><strong>Powiadomienie \/ Sterowanie<\/strong><\/p>\n<p>&#8211; SMS powiadomienie oraz sterowanie &#8211; niezale\u017cne komunikaty dla zdarze\u0144 w systemie,<br \/>\n&#8211; VOICE\/CLIP: niezale\u017cne po\u0142\u0105czenie g\u0142osowe dla zdarze\u0144 w systemie z komunikatami g\u0142osowymi (syntezer mowy VSR-1, VSR-2, pods\u0142uch AMR-1),<br \/>\n&#8211; MMS: transmisja MMS ze zdj\u0119ciami z kamer CCTV, wideodomofon\u00f3w; wideo weryfikacja zdarze\u0144, funkcja foto-pu\u0142apki (FGR-4)<br \/>\n&#8211; E-MAIL: niezale\u017cne wiadomo\u015bci e-mail dla zdarze\u0144 w systemie, obs\u0142uga serwera SMTP (bez SSL\/TSL),<br \/>\n&#8211; monitoring GPRS:\u00a0 wsp\u00f3\u0142praca ze stacj\u0105\/serwerem Monitoring Software Ropam lub ze stacj\u0105 Kronos NET (sterownik RopamDirect), szyfrowana transmisja TCP\/IP, dwa adresy IP, zapasowa transmisja SMS, praca r\u00f3wnoleg\u0142a z trybem powiadomienia SMS\/VOICE<br \/>\n&#8211; mo\u017cliwo\u015b\u0107 sterowania za pomoc\u0105 aplikacji RopamDroid dla smatrfon\u00f3w z systemem Android<\/p>\n<p><strong>Funkcje automatyki budynkowej:<\/strong><br \/>\n&#8211; SmartPLC: maks. 8 modu\u0142\u00f3w IOE-IQPLC\/IO-IQPLC (gniazdo\/w\u0142\u0105cznik elektryczny) wykorzystuj\u0105cych komunikacje po sieci energetycznej,<br \/>\n&#8211; obs\u0142uga do 4 czujnik\u00f3w temperatury TSR-1, s\u0142u\u017c\u0105cych do kontroli i rejestracji temperatury oraz funkcji termostatu,<br \/>\n&#8211; kontrola wyj\u015b\u0107 (BO): SMS, DTMF, CLIP (KeyGSM), app\/webserwer,<br \/>\n-TermostatGSM, LoggerTemp: pomiar i rejestracja temperatury z czterech czujnik\u00f3w temp.<br \/>\n&#8211; wej\u015bcie analogowe AI 0-10V do kontroli parametr\u00f3w fizycznych np. napi\u0119cie baterii , wilgotno\u015b\u0107 [%RH], temperatura itd.<br \/>\n&#8211; integracja audio z wideodomofonami (VAR-1), domofonami i interkomami, pods\u0142uch obiektu (AMR-1).<\/p>\n<p><strong>LogicProcessor:<\/strong><br \/>\n&#8211; zaawansowane funkcje logiczne, funkcje arytmetyczne, liczniki, przeka\u017aniki czasowe,<br \/>\n&#8211; do 20 niezale\u017cnych warunk\u00f3w logicznych, (bloki If&#8230;Then&#8230;Else),<br \/>\n&#8211; 20 przeka\u017anik\u00f3w czasowych do realizacji funkcji czasowo-logicznych,<br \/>\n&#8211; kreator logiki lub edytor skryptu (j\u0119zyk skryptowy C), symulator: zadajnik i podgl\u0105d skryptu,<\/p>\n<p><strong>Wersje:<\/strong><br \/>\nFunkcjonalnie wszystkie wersje s\u0105 identycznie &#8211; r\u00f3\u017cni\u0105 si\u0119 jedynie sposobem zasilania oraz obudowami<\/p>\n<p>&nbsp;<\/p>\n<p><span style=\"font-weight: 400;\">\n<table id=\"tablepress-3\" class=\"tablepress tablepress-id-3\">\n<thead>\n<tr class=\"row-1 odd\">\n\t<th class=\"column-1\">Nazwa pliku<\/th><th class=\"column-2\">Urz\u0105dzenie<\/th><th class=\"column-3\">Opis<\/th>\n<\/tr>\n<\/thead>\n<tbody class=\"row-hover\">\n<tr class=\"row-2 even\">\n\t<td class=\"column-1\"><a href=\"https:\/\/ropam.com.pl\/wsparcie\/pliki\/noty_aplik\/multilterf_brama.pdf\">Sterowanie bram\u0105<\/a><br \/>\n<a href=\"https:\/\/ropam.com.pl\/wsparcie\/pliki\/noty_aplik\/multilterf_brama.zip\">Sterowanie bram\u0105 QET<\/a><\/td><td class=\"column-2\">MultiGSM 2, <br \/>\nMultiLTE-RF<\/td><td class=\"column-3\">Przyk\u0142ad integracji terminali i central Ropam Elektronik z sterownikami bram i szlaban\u00f3w.<\/td>\n<\/tr>\n<tr class=\"row-3 odd\">\n\t<td class=\"column-1\"><a href=\"https:\/\/ropam.com.pl\/wsparcie\/pliki\/noty_aplik\/an_kontrola_cisnienia.pdf\">Kontrola ci\u015bnienia<\/a><br \/>\n<a href=\"https:\/\/ropam.com.pl\/wsparcie\/pliki\/noty_aplik\/an_kontrola_cisnienia.pdf\">Plik konfiguracyjny dla MultiLTE-RF<\/a><\/td><td class=\"column-2\">MultiGSM 2, <br \/>\nMultiLTE-RF<\/td><td class=\"column-3\">Sterowanie pomp\u0105 w celu utrzymania zadanego ci\u015bnienia<\/td>\n<\/tr>\n<tr class=\"row-4 even\">\n\t<td class=\"column-1\"><a href=\"https:\/\/ropam.com.pl\/wsparcie\/pliki\/noty_aplik\/an_Petle_pomiarowe.pdf\">P\u0119tle pomiarowe<\/a><br \/>\n<a href=\"https:\/\/ropam.com.pl\/wsparcie\/pliki\/noty_aplik\/an_Petle_pomiarowe.zip\">Opis+plik EXCEL do oblicze\u0144.zip<\/a><br \/>\n<\/td><td class=\"column-2\">MultiGSM 2, <br \/>\nMultiLTE-RF<\/td><td class=\"column-3\">Przyk\u0142ad instalacji czujnik\u00f3w napi\u0119ciowych i czujnik\u00f3w pr\u0105dowych<\/td>\n<\/tr>\n<tr class=\"row-5 odd\">\n\t<td class=\"column-1\"><a href=\"https:\/\/ropam.com.pl\/wsparcie\/pliki\/noty_aplik\/an_neogsmip_basidgsm_multigsm_termostastzpreselekcja.pdf\">Termostat z preselekcj\u0105 dw\u00f3ch warto\u015bci temperatury<\/a><\/td><td class=\"column-2\">MultiGSM 2, <br \/>\nMultiLTE-RF<\/td><td class=\"column-3\">Przyk\u0142ad przedstawiaj\u0105cy wyb\u00f3r dw\u00f3ch r\u00f3\u017cnych temperatur dla kt\u00f3rych ma zosta\u0107 w\u0142\u0105czone ogrzewanie.<\/td>\n<\/tr>\n<tr class=\"row-6 even\">\n\t<td class=\"column-1\"><a href=\"https:\/\/ropam.com.pl\/wsparcie\/pliki\/noty_aplik\/an_basicgsm2_brama_oswietlenie_timery.pdf\">Sterowanie bram\u0105 oraz o\u015bwietleniem<\/a><\/td><td class=\"column-2\">MultiGSM 2, <br \/>\nMultiLTE-RF<\/td><td class=\"column-3\">Przyk\u0142ad sterowania wyj\u015bciami z wielu \u017ar\u00f3de\u0142.<\/td>\n<\/tr>\n<tr class=\"row-7 odd\">\n\t<td class=\"column-1\"><a href=\"https:\/\/ropam.com.pl\/wsparcie\/pliki\/noty_aplik\/an_basic2_multi2_powiadomienietemperatura.pdf\">Powiadamianie SMS o powrocie przekroczenia progu temperatury<\/a><\/td><td class=\"column-2\">MultiGSM 2, <br \/>\nMultiLTE-RF<\/td><td class=\"column-3\">Przyk\u0142ad przedstawiaj\u0105cy wysy\u0142anie dodatkowych powiadomie\u0144 SMS o powrocie temperatury do wskazanych warto\u015bci.<\/td>\n<\/tr>\n<tr class=\"row-8 even\">\n\t<td class=\"column-1\"><a href=\"https:\/\/ropam.com.pl\/wsparcie\/pliki\/noty_aplik\/an_basicgsm2_powiadomienie_integra.pdf\">Powiadamianie i sterowanie: alarmem, bram\u0105 oraz piecem CO<\/a><\/td><td class=\"column-2\">MultiGSM 2, <br \/>\nMultiLTE-RF<\/td><td class=\"column-3\">Powiadomienie i sterowanie alarmem, bram\u0105 oraz piecem CO na przyk\u0142adzie wsp\u00f3\u0142pracy z central\u0105 alarmow\u0105 Integra<\/td>\n<\/tr>\n<tr class=\"row-9 odd\">\n\t<td class=\"column-1\"><a href=\"https:\/\/ropam.com.pl\/wsparcie\/pliki\/noty_aplik\/an_basicgsm2_powiadomienie_integra.pdf\">Zdalne programowanie modu\u0142\u00f3w MultiGSM 2\/MultiLTE-RF<\/a><\/td><td class=\"column-2\">MultiGSM 2, <br \/>\nMultiLTE-RF<\/td><td class=\"column-3\">Konfiguracja modu\u0142\u00f3w komunikacyjnych umo\u017cliwiaj\u0105ca zdalne programowanie poprzez sie\u0107 GSM\/LTE<\/td>\n<\/tr>\n<tr class=\"row-10 even\">\n\t<td class=\"column-1\"><a href=\"https:\/\/ropam.com.pl\/wsparcie\/pliki\/noty_aplik\/an_basicgsm2_alarm.pdf\">System alarmowy z powiadomieniem GSM\/<\/a><\/td><td class=\"column-2\">MultiGSM 2, <br \/>\nMultiLTE-RF<\/td><td class=\"column-3\">System alarmowy z powiadomieniem GSM oparty na modu\u0142ach BasicGSM 2\/ MultiGSM 2<\/td>\n<\/tr>\n<tr class=\"row-11 odd\">\n\t<td class=\"column-1\"><a href=\"https:\/\/ropam.com.pl\/wsparcie\/pliki\/noty_aplik\/an_basicgsm2_wyjscia_naprzemienne.pdf\">Naprzemienne sterowanie wyj\u015bciami<\/a><\/td><td class=\"column-2\">MultiGSM 2, <br \/>\nMultiLTE-RF<\/td><td class=\"column-3\">Sterowanie wyj\u015bciami naprzemiennie przy kolejnym naruszeniu wej\u015bcia.<\/td>\n<\/tr>\n<tr class=\"row-12 even\">\n\t<td class=\"column-1\"><a href=\"https:\/\/ropam.com.pl\/wsparcie\/pliki\/noty_aplik\/an_multigsm2_brama_domykanie.pdf\">Automatyczne domykanie bramy wjazdowej<\/a><\/td><td class=\"column-2\">MultiGSM 2, <br \/>\nMultiLTE-RF<\/td><td class=\"column-3\">Przyk\u0142ad przedstawiaj\u0105cy automatyczne domykanie bramy wjazdowej o okre\u015blonej godzinie.<\/td>\n<\/tr>\n<tr class=\"row-13 odd\">\n\t<td class=\"column-1\"><a href=\"https:\/\/ropam.com.pl\/wsparcie\/pliki\/noty_aplik\/an_multilte_brama_2out.pdf\">Sterowanie bram\u0105 za pomoc\u0105 dw\u00f3ch wyj\u015b\u0107<\/a><\/td><td class=\"column-2\">MultiGSM 2, <br \/>\r\nMultiLTE-RF<\/td><td class=\"column-3\">Sterowanie bram\u0105 za pomoc\u0105 dw\u00f3ch wyj\u015b\u0107 w module LTE.<\/td>\n<\/tr>\n<\/tbody>\n<\/table>\n<!-- #tablepress-3 from cache --><\/span><\/p>\n<p><a href=\"https:\/\/www.youtube.com\/watch?v=eOH7KBUWb6Q\" target=\"_blank\" rel=\"noopener noreferrer\"><span style=\"color: #0000ff;\">Film instrukta\u017cowy: OptimaGSM programowanie zdalne <\/span><\/a><\/p>\n","protected":false},"excerpt":{"rendered":"<p>CENTRALA ALARMOWA Z KOMUNIKACJ\u0104 GSM I FUNKCJAMI AUTOMATYKI BUDYNKOWEJ Czterostrefowa kompaktowa centrala alarmowa SMS\/VOICE\/CLIP\/GPRS\/MMS, zasilacz buforowy 12V\/2A , TELx8, BIx8-32, BOx8-32, AI,TEMPx4, TPR-xx, monitoring GPRS, TermostatGSM, KeyGSM, LoggerTemp, LogicProcessor, obudowa na szyn\u0119 DIN 9M Nowe funkcje: Aplikacja na systemy mobilne do obs\u0142ugi systemu OptimaGSM: RopamOptima Komunikacja TCP\/IP poprzez modu\u0142 AP-IP. Funkcja termostatu z kalendarzem w [&hellip;]<\/p>\n","protected":false},"featured_media":11633,"comment_status":"open","ping_status":"closed","template":"","meta":{"_acf_changed":false,"rank_math_lock_modified_date":false,"inline_featured_image":false},"product_cat":[603],"product_tag":[],"class_list":{"0":"post-8691","1":"product","2":"type-product","3":"status-publish","4":"has-post-thumbnail","6":"product_cat-centrale-alarmowe-archiwum","8":"first","9":"outofstock","10":"taxable","11":"shipping-taxable","12":"product-type-simple"},"acf":[],"_links":{"self":[{"href":"https:\/\/ropam.com.pl\/wsparcie\/wp-json\/wp\/v2\/product\/8691","targetHints":{"allow":["GET"]}}],"collection":[{"href":"https:\/\/ropam.com.pl\/wsparcie\/wp-json\/wp\/v2\/product"}],"about":[{"href":"https:\/\/ropam.com.pl\/wsparcie\/wp-json\/wp\/v2\/types\/product"}],"replies":[{"embeddable":true,"href":"https:\/\/ropam.com.pl\/wsparcie\/wp-json\/wp\/v2\/comments?post=8691"}],"wp:featuredmedia":[{"embeddable":true,"href":"https:\/\/ropam.com.pl\/wsparcie\/wp-json\/wp\/v2\/media\/11633"}],"wp:attachment":[{"href":"https:\/\/ropam.com.pl\/wsparcie\/wp-json\/wp\/v2\/media?parent=8691"}],"wp:term":[{"taxonomy":"product_cat","embeddable":true,"href":"https:\/\/ropam.com.pl\/wsparcie\/wp-json\/wp\/v2\/product_cat?post=8691"},{"taxonomy":"product_tag","embeddable":true,"href":"https:\/\/ropam.com.pl\/wsparcie\/wp-json\/wp\/v2\/product_tag?post=8691"}],"curies":[{"name":"wp","href":"https:\/\/api.w.org\/{rel}","templated":true}]}}