{"id":8666,"date":"2025-12-29T15:32:05","date_gmt":"2025-12-29T14:32:05","guid":{"rendered":"https:\/\/ropam.com.pl\/wsparcie\/produkt\/at-gsm-mini90-2\/"},"modified":"2026-02-03T12:41:11","modified_gmt":"2026-02-03T11:41:11","slug":"at-gsm-mini90","status":"publish","type":"product","link":"https:\/\/ropam.com.pl\/wsparcie\/at-gsm-mini90\/","title":{"rendered":"AT-GSM-MINI90"},"content":{"rendered":"<h3 style=\"text-align: center;\"><strong><span style=\"font-size: 36pt;\">AT-GSM-MINI90<\/span><\/strong><\/h3>\n<p style=\"text-align: center;\"><span style=\"font-size: 14pt;\">Mini antena GSM do monta\u017cu w z\u0142\u0105czu SMA. Przeznaczona do u\u017cytku wewn\u0119trznego. <\/span><\/p>\n<p style=\"text-align: center;\"><img loading=\"lazy\" decoding=\"async\" class=\"wp-image-9886 aligncenter\" style=\"font-size: 48px; text-align: center;\" src=\"https:\/\/ropam.com.pl\/wsparcie\/wp-content\/uploads\/2018\/04\/atgsmmini90.jpg\" alt=\"\" width=\"329\" height=\"378\" srcset=\"https:\/\/ropam.com.pl\/wsparcie\/wp-content\/uploads\/2018\/04\/atgsmmini90.jpg 2108w, https:\/\/ropam.com.pl\/wsparcie\/wp-content\/uploads\/2018\/04\/atgsmmini90-262x300.jpg 262w, https:\/\/ropam.com.pl\/wsparcie\/wp-content\/uploads\/2018\/04\/atgsmmini90-893x1024.jpg 893w, https:\/\/ropam.com.pl\/wsparcie\/wp-content\/uploads\/2018\/04\/atgsmmini90-768x881.jpg 768w, https:\/\/ropam.com.pl\/wsparcie\/wp-content\/uploads\/2018\/04\/atgsmmini90-1339x1536.jpg 1339w, https:\/\/ropam.com.pl\/wsparcie\/wp-content\/uploads\/2018\/04\/atgsmmini90-1785x2048.jpg 1785w, https:\/\/ropam.com.pl\/wsparcie\/wp-content\/uploads\/2018\/04\/atgsmmini90-300x344.jpg 300w, https:\/\/ropam.com.pl\/wsparcie\/wp-content\/uploads\/2018\/04\/atgsmmini90-600x688.jpg 600w, https:\/\/ropam.com.pl\/wsparcie\/wp-content\/uploads\/2018\/04\/atgsmmini90-52x60.jpg 52w\" sizes=\"auto, (max-width: 329px) 100vw, 329px\" \/><\/p>\n<p><span style=\"font-size: 14pt;\"><strong style=\"color: #07acf2; font-family: 'arial black', sans-serif;\">W\u0142a\u015bciwo\u015bci\u00a0<\/strong><\/span><\/p>\n<p><span style=\"font-size: 12pt;\"><span style=\"color: #000000;\">\u00bb Cz\u0119stotliwo\u015b\u0107: 900\/1800\/2100\/2600 MHz (690~960\/1710~2690MHz)<\/span><\/span><br \/>\n<strong><span style=\"font-size: 12pt;\"><span style=\"color: #000000;\">\u00bb <\/span><\/span><\/strong>Z\u0142\u0105cze SMAm, k\u0105towe 90\u00b0<br \/>\n<strong><span style=\"font-size: 12pt;\"><span style=\"color: #000000;\">\u00bb <\/span><\/span><\/strong>Zysk: &lt;3 dBi<br \/>\n<strong><span style=\"font-size: 12pt;\"><span style=\"color: #000000;\">\u00bb <\/span><\/span><\/strong>VSWR &lt;3,5<br \/>\n<strong><span style=\"font-size: 12pt;\"><span style=\"color: #000000;\">\u00bb <\/span><\/span><\/strong>Impedancja: 50 Om<br \/>\n<strong><span style=\"font-size: 12pt;\"><span style=\"color: #000000;\">\u00bb <\/span><\/span><\/strong>Polaryzacja: pionowa<br \/>\n<strong><span style=\"font-size: 12pt;\"><span style=\"color: #000000;\">\u00bb <\/span><\/span><\/strong>Wymiary: \u00f8 10.5 x 50 mm<br \/>\n<strong><span style=\"font-size: 12pt;\"><span style=\"color: #000000;\">\u00bb <\/span><\/span><\/strong>Kolor: czarny<br \/>\n<strong><span style=\"font-size: 12pt;\"><span style=\"color: #000000;\">\u00bb <\/span><\/span><\/strong>Temp. pracy: -40\u00b0C \u00f7 80\u00b0C<br \/>\n<span style=\"font-size: 12pt;\"><span style=\"color: #000000;\">\u00bb Zastosowanie: antena do urz\u0105dze\u0144 GSM\/LTE (2G\/4G)<\/span><\/span><\/p>\n<p style=\"text-align: center;\">\n","protected":false},"excerpt":{"rendered":"<p><span style=\"font-size: 14pt;\">Antena GSM\/LTE k\u0105towa, modemowa, czarna<\/span><\/p>\n","protected":false},"featured_media":12653,"comment_status":"open","ping_status":"closed","template":"","meta":{"_acf_changed":false,"rank_math_lock_modified_date":false,"inline_featured_image":false},"product_cat":[436],"product_tag":[],"class_list":{"0":"post-8666","1":"product","2":"type-product","3":"status-publish","4":"has-post-thumbnail","6":"product_cat-anteny-gsm-lte","8":"first","9":"instock","10":"taxable","11":"shipping-taxable","12":"purchasable","13":"product-type-simple"},"acf":[],"_links":{"self":[{"href":"https:\/\/ropam.com.pl\/wsparcie\/wp-json\/wp\/v2\/product\/8666","targetHints":{"allow":["GET"]}}],"collection":[{"href":"https:\/\/ropam.com.pl\/wsparcie\/wp-json\/wp\/v2\/product"}],"about":[{"href":"https:\/\/ropam.com.pl\/wsparcie\/wp-json\/wp\/v2\/types\/product"}],"replies":[{"embeddable":true,"href":"https:\/\/ropam.com.pl\/wsparcie\/wp-json\/wp\/v2\/comments?post=8666"}],"wp:featuredmedia":[{"embeddable":true,"href":"https:\/\/ropam.com.pl\/wsparcie\/wp-json\/wp\/v2\/media\/12653"}],"wp:attachment":[{"href":"https:\/\/ropam.com.pl\/wsparcie\/wp-json\/wp\/v2\/media?parent=8666"}],"wp:term":[{"taxonomy":"product_cat","embeddable":true,"href":"https:\/\/ropam.com.pl\/wsparcie\/wp-json\/wp\/v2\/product_cat?post=8666"},{"taxonomy":"product_tag","embeddable":true,"href":"https:\/\/ropam.com.pl\/wsparcie\/wp-json\/wp\/v2\/product_tag?post=8666"}],"curies":[{"name":"wp","href":"https:\/\/api.w.org\/{rel}","templated":true}]}}