{"id":8661,"date":"2018-04-15T15:32:05","date_gmt":"2018-04-15T13:32:05","guid":{"rendered":"https:\/\/ropam.com.pl\/wsparcie\/produkt\/modemgsm-2\/"},"modified":"2025-08-26T14:01:47","modified_gmt":"2025-08-26T12:01:47","slug":"modemgsm-2","status":"publish","type":"product","link":"https:\/\/ropam.com.pl\/wsparcie\/modemgsm-2\/","title":{"rendered":"ModemGSM"},"content":{"rendered":"<p><strong>ModemGSM<\/strong><\/p>\n<p>GSM\/GPRS\/CSD\/SMS\/FAX, komunikacja USB, sterowanie AT#, stos TCP\/IP, zasilanie z USB.<\/p>\n<p>Modem GSM dedykowany do serwisowania urz\u0105dze\u0144 Ropam. W szczeg\u00f3lno\u015bci do programowania modemowego CSD jak i lokalnego poprzez port USB. Modem zewn\u0119trzny ponadto umo\u017cliwia bezprzewodow\u0105 komunikacj\u0119 z<br \/>\nurz\u0105dzeniami typu DTE (PC, terminale, sterowniki PLC, PDA itp.) wyposa\u017conymi w port USB (+ sterowniki VCP). Mo\u017cliwa jest komunikacja z urz\u0105dzeniem DTE wyposa\u017conym w port USB 2.0 (bez instalacji sterownika) je\u017celi wspiera uk\u0142ad<br \/>\nFTDI232C np. Linux.<br \/>\nModem stanowi kompletne rozwi\u0105zanie dla transmisji danych, CSD, faks\u00f3w, wiadomo\u015bci SMS. Do sterowania dost\u0119pny jest standardowy zestaw komend AT# (zgodny z GSM 07.07, 07.05) ponadto mamy do dyspozycji zestaw<br \/>\nkomend AT# rozszerzonych np. do korzystania z opcji wbudowanego stosu TCP\/IP.<\/p>\n<p><strong>W\u0142a\u015bciwo\u015bci.<\/strong><br \/>\n\u25cf modem oparty o czterozakresowy modu\u0142 GSM GSM\/DCS\/EGSM bez SIMLOCK-a,<br \/>\n\u25cf GSM\/GPRS\/CSD\/SMS\/FAX, sterowanie AT#, stos TCP\/IP, (urz\u0105dzenie DCE),<br \/>\n\u25cf modem CSD dla programowania zdalnego system\u00f3w Ropam,<br \/>\n\u25cf konwerter USB-RS232TTL dla urz\u0105dze\u0144 Ropam, programowanie lokalne (zast\u0119puje USB-MGSM),<br \/>\n\u25cf sterowanie za pomoc\u0105 zestawu komend AT#, zgodny ze standardowymi sterownikami WINDOWS,<br \/>\n\u25cf obudowa ABS typu &#8216;deskopt&#8217;,<br \/>\n\u25cf z\u0142\u0105cza: PC: USB A wtyk, ModemGSM: USB B mini oraz RJ12 RS232TTL( konwerter USB\/RS232TTL),<br \/>\n\u25cf z\u0142\u0105cze antenowe FME-m,<br \/>\n\u25cf zasilanie z portu USB 5V \/500mA,<br \/>\n\u25cf USB 2.0 uk\u0142ad FTDI232C, certyfikowane sterowniki pod Windows, Linux.<\/p>\n","protected":false},"excerpt":{"rendered":"<p>ModemGSM GSM\/GPRS\/CSD\/SMS\/FAX, komunikacja USB, sterowanie AT#, stos TCP\/IP, zasilanie z USB. Modem GSM dedykowany do serwisowania urz\u0105dze\u0144 Ropam. W szczeg\u00f3lno\u015bci do programowania modemowego CSD jak i lokalnego poprzez port USB. Modem zewn\u0119trzny ponadto umo\u017cliwia bezprzewodow\u0105 komunikacj\u0119 z urz\u0105dzeniami typu DTE (PC, terminale, sterowniki PLC, PDA itp.) wyposa\u017conymi w port USB (+ sterowniki VCP). Mo\u017cliwa jest [&hellip;]<\/p>\n","protected":false},"featured_media":6514,"comment_status":"open","ping_status":"closed","template":"","meta":{"_acf_changed":false,"rank_math_lock_modified_date":false,"inline_featured_image":false},"product_cat":[612],"product_tag":[],"class_list":{"0":"post-8661","1":"product","2":"type-product","3":"status-publish","4":"has-post-thumbnail","6":"product_cat-moduly-mgsm-archiwum","8":"first","9":"outofstock","10":"taxable","11":"shipping-taxable","12":"product-type-simple"},"acf":[],"_links":{"self":[{"href":"https:\/\/ropam.com.pl\/wsparcie\/wp-json\/wp\/v2\/product\/8661","targetHints":{"allow":["GET"]}}],"collection":[{"href":"https:\/\/ropam.com.pl\/wsparcie\/wp-json\/wp\/v2\/product"}],"about":[{"href":"https:\/\/ropam.com.pl\/wsparcie\/wp-json\/wp\/v2\/types\/product"}],"replies":[{"embeddable":true,"href":"https:\/\/ropam.com.pl\/wsparcie\/wp-json\/wp\/v2\/comments?post=8661"}],"wp:featuredmedia":[{"embeddable":true,"href":"https:\/\/ropam.com.pl\/wsparcie\/wp-json\/wp\/v2\/media\/6514"}],"wp:attachment":[{"href":"https:\/\/ropam.com.pl\/wsparcie\/wp-json\/wp\/v2\/media?parent=8661"}],"wp:term":[{"taxonomy":"product_cat","embeddable":true,"href":"https:\/\/ropam.com.pl\/wsparcie\/wp-json\/wp\/v2\/product_cat?post=8661"},{"taxonomy":"product_tag","embeddable":true,"href":"https:\/\/ropam.com.pl\/wsparcie\/wp-json\/wp\/v2\/product_tag?post=8661"}],"curies":[{"name":"wp","href":"https:\/\/api.w.org\/{rel}","templated":true}]}}