{"id":8656,"date":"2018-04-15T15:32:04","date_gmt":"2018-04-15T13:32:04","guid":{"rendered":"https:\/\/ropam.com.pl\/wsparcie\/produkt\/smartpir-aero-2\/"},"modified":"2024-12-27T13:52:54","modified_gmt":"2024-12-27T12:52:54","slug":"smartpir-aero-2","status":"publish","type":"product","link":"https:\/\/ropam.com.pl\/wsparcie\/smartpir-aero-2\/","title":{"rendered":"SmartPIR-Aero"},"content":{"rendered":"<p style=\"margin-bottom: 0cm;\"><span style=\"font-family: Tahoma, sans-serif;\"><span style=\"font-size: small;\"><span style=\"font-style: normal;\"><span style=\"font-family: Verdana, sans-serif;\"><b>C<\/b><\/span><\/span><\/span><span style=\"font-family: Verdana, sans-serif;\"><span style=\"font-size: small;\"><span style=\"font-style: normal;\"><b>yfrowa, bezprzewodowa pasywna czujka ruchu.<\/b><\/span><\/span><\/span><\/span><\/p>\n<p style=\"margin-bottom: 0cm;\"><strong>Opis:<\/strong> czujka ruchu oparta o pasywne wykrywanie podczerwieni, dzi\u0119ki komunikacji radiowej Aero, czujka komunikuje si\u0119 z kontrolerem i przekazuje bezprzewodowo informacje o wykryciu ruchu, informacje diagnostyczne, status baterii. Czujka dzi\u0119ki zaawansowanym algorytmom opcjonalnie nie reaguje na zwierz\u0119ta domowe i gryzonie.<\/p>\n<p style=\"margin-bottom: 0cm;\"><strong>W\u0142a\u015bciwo\u015bci:<br \/>\n<\/strong>\u2022 w\u0142a\u015bciwo\u015bci PIR:<br \/>\n&#8211; podw\u00f3jny, piroelement (piroelektryczny czujnik podczerwieni),<br \/>\n&#8211; dedykowany mikroprocesor do analizy sygna\u0142u z PIR-a,<br \/>\n&#8211; opatentowane, bezpo\u015brednie przetwarzanie sygna\u0142u przez przetwornik ADC, obr\u00f3bka rzeczywistego, niezmodyfikowanego sygna\u0142u z czujnika PIR,<br \/>\n&#8211; unikalny i opatentowany algorytm analizy wynik\u00f3w pomiar\u00f3w PIR oparty o analiz\u0119 statystyczn\u0105, rozk\u0142ad Gaussa, trendy (stabilno\u015b\u0107 uk\u0142adu) i modele ruchu w czasie rzeczywistym,<br \/>\n&#8211; algorytm SmartPIR, wykrywa zak\u0142\u00f3cenia zewn\u0119trzne np. silne fale radiowe, \u015bwiat\u0142o bia\u0142e, laser, zak\u0142\u00f3cenia elektryczne i odrzuca ich wyniki a nie filtruje i u\u015brednia ich wp\u0142yw jak w tradycyjnym podej\u015bciu do analizy sygna\u0142u z czujnika PIR,<br \/>\n&#8211; wysoka, regulowana czu\u0142o\u015b\u0107 (8 poziom\u00f3w) z zachowaniem wysokiej odporno\u015bci na fa\u0142szywe alarmy,<br \/>\n&#8211; regulowany czas analizy sygna\u0142\u00f3w (PULSE 1-4) w zale\u017cno\u015bci od aplikacji z zachowaniem czu\u0142o\u015bci czujki,<br \/>\n&#8211; opcja odporno\u015bci na zwierz\u0119ta do 30kg,<br \/>\n&#8211; nowoczesna soczewka Fresnela (LODIFF\u00ae, POLY IR\u00ae9) zasi\u0119g detekcji 15x15m, k\u0105t widzenia: 90\u00b0, filtr \u015bwiat\u0142a bia\u0142ego,<br \/>\n\u2022\u00a0 w\u0142a\u015bciwo\u015bci komunikacji Aero:<br \/>\n&#8211; dedykowany mikroprocesor do komunikacji Aero, zarz\u0105dzania energi\u0105 i stanami czujki,<br \/>\n&#8211; automatyczne sterowanie moc\u0105 nadawania, do +10dBm, w zale\u017cno\u015bci od si\u0142y (RSSI) i jako\u015bci transmisji (LQI) dla maksymalnej \u017cywotno\u015bci baterii,<br \/>\n&#8211; dwukierunkowa, szyfrowana (AES 128-bit) komunikacja w pa\u015bmie ISM 868 MHz,<br \/>\n&#8211; wysoka czu\u0142o\u015b\u0107 RF do -110 dBm,<br \/>\n&#8211; zasi\u0119g powy\u017cej 300m w terenie otwartym,<br \/>\n\u2022\u00a0 w\u0142a\u015bciwo\u015bci og\u00f3lne:<br \/>\n&#8211; obudowa natynkowa z ABS, bia\u0142a,<br \/>\n&#8211; sygnalizacja optyczna; dioda LED,<br \/>\n&#8211; temperatura pracy: -10\u00b0C do +55\u00b0C,<br \/>\n&#8211; wysoko\u015b\u0107 instalacji: 2,1 &#8211; 2,7 m,<br \/>\n&#8211; zasilanie: bateria ER14505M, \u017cywotno\u015b\u0107 ok. 2-3 lata, ( w zestawie)<br \/>\n&#8211; ochrona antysabota\u017cowa.,<\/p>\n<p><strong>Zastosowanie:<\/strong><br \/>\n\u2022\u00a0 ochrona pomieszcze\u0144 przed intruzami,<br \/>\n\u2022\u00a0 wykrywania ruchu cz\u0142owieka (intruza) w chronionym obszarze,<br \/>\n\u2022\u00a0 ochrona pomieszcze\u0144 z odporno\u015bci\u0105 na zwierz\u0119ta domowe.<\/p>\n<p><span id=\"result_box\" lang=\"pl\"><span class=\"hps atn\">(<\/span>Dane techniczne mog\u0105 <span class=\"hps\">ulec zmianie bez<\/span> <span class=\"hps\">uprzedniego powiadomienia<\/span>.)<\/span><\/p>\n","protected":false},"excerpt":{"rendered":"<p>Cyfrowa, bezprzewodowa pasywna czujka ruchu. Opis: czujka ruchu oparta o pasywne wykrywanie podczerwieni, dzi\u0119ki komunikacji radiowej Aero, czujka komunikuje si\u0119 z kontrolerem i przekazuje bezprzewodowo informacje o wykryciu ruchu, informacje diagnostyczne, status baterii. Czujka dzi\u0119ki zaawansowanym algorytmom opcjonalnie nie reaguje na zwierz\u0119ta domowe i gryzonie. W\u0142a\u015bciwo\u015bci: \u2022 w\u0142a\u015bciwo\u015bci PIR: &#8211; podw\u00f3jny, piroelement (piroelektryczny czujnik podczerwieni), [&hellip;]<\/p>\n","protected":false},"featured_media":11869,"comment_status":"open","ping_status":"closed","template":"","meta":{"_acf_changed":false,"rank_math_lock_modified_date":false,"inline_featured_image":false},"product_cat":[516],"product_tag":[],"class_list":{"0":"post-8656","1":"product","2":"type-product","3":"status-publish","4":"has-post-thumbnail","6":"product_cat-czujki-aero","8":"first","9":"outofstock","10":"taxable","11":"shipping-taxable","12":"product-type-simple"},"acf":[],"_links":{"self":[{"href":"https:\/\/ropam.com.pl\/wsparcie\/wp-json\/wp\/v2\/product\/8656","targetHints":{"allow":["GET"]}}],"collection":[{"href":"https:\/\/ropam.com.pl\/wsparcie\/wp-json\/wp\/v2\/product"}],"about":[{"href":"https:\/\/ropam.com.pl\/wsparcie\/wp-json\/wp\/v2\/types\/product"}],"replies":[{"embeddable":true,"href":"https:\/\/ropam.com.pl\/wsparcie\/wp-json\/wp\/v2\/comments?post=8656"}],"wp:featuredmedia":[{"embeddable":true,"href":"https:\/\/ropam.com.pl\/wsparcie\/wp-json\/wp\/v2\/media\/11869"}],"wp:attachment":[{"href":"https:\/\/ropam.com.pl\/wsparcie\/wp-json\/wp\/v2\/media?parent=8656"}],"wp:term":[{"taxonomy":"product_cat","embeddable":true,"href":"https:\/\/ropam.com.pl\/wsparcie\/wp-json\/wp\/v2\/product_cat?post=8656"},{"taxonomy":"product_tag","embeddable":true,"href":"https:\/\/ropam.com.pl\/wsparcie\/wp-json\/wp\/v2\/product_tag?post=8656"}],"curies":[{"name":"wp","href":"https:\/\/api.w.org\/{rel}","templated":true}]}}