{"id":8650,"date":"2018-04-15T15:32:04","date_gmt":"2018-04-15T13:32:04","guid":{"rendered":"https:\/\/ropam.com.pl\/wsparcie\/produkt\/apm-aero\/"},"modified":"2024-12-27T13:37:05","modified_gmt":"2024-12-27T12:37:05","slug":"apm-aero","status":"publish","type":"product","link":"https:\/\/ropam.com.pl\/wsparcie\/apm-aero\/","title":{"rendered":"APm-Aero"},"content":{"rendered":"<p style=\"margin-bottom: 0cm;\"><span style=\"font-family: Tahoma, sans-serif;\"><span style=\"font-size: small;\"><span style=\"font-style: normal;\"><b>K<\/b><\/span><\/span><span style=\"font-size: small;\"><span style=\"font-style: normal;\"><b>ontroler, punkt dost\u0119powy (AP) systemu bezprzewodowego Aero<\/b><\/span><\/span><\/span>.<\/p>\n<p><strong>Opis:<\/strong>\u00a0 kontroler, punkt dost\u0119powy (AP) systemu Aero przeznaczony jest do integracji urz\u0105dze\u0144 bezprzewodowych Aero z systemami Ropam Elektronik poprzez magistrale RopamNET.<\/p>\n<p><strong>W\u0142a\u015bciwo\u015bci:<\/strong><br \/>\n&#8211; systemowy kontroler Aero (AP AccessPoint),<br \/>\n&#8211; obs\u0142uga do 16 czujek w systemach NeoSGM-IP(-64), OptimaGSM,<br \/>\n&#8211; zgodno\u015b\u0107 z norma SSWiN PN-EN 50131-1 stopie\u0144 2,<br \/>\n&#8211; dwukierunkowa, szyfrowana (AES 128-bit) komunikacja w pasmie ISM 868 MHz,<br \/>\n&#8211; wysoka czu\u0142o\u015b\u0107 RF do -110 dBm,<br \/>\n&#8211; automatyczne sterowanie moc\u0105 nadawania, do +10dBm, w zale\u017cno\u015bci od si\u0142y (RSSI) i jako\u015bci transmisji (LQI),<br \/>\n&#8211; zasi\u0119g powy\u017cej 300m w terenie otwartym,<br \/>\n&#8211; magistrala RopamNET do komunikacji systemowej,<br \/>\n&#8211; programowanie i diagnostyka kontrolera i urz\u0105dze\u0144 Aero z poziomu centrali,<br \/>\n&#8211; pe\u0142en nadz\u00f3r i przekazywanie status\u00f3w do urz\u0105dze\u0144 Aero, kontrola obecno\u015bci, jako\u015bci \u0142\u0105cza, stan baterii,<br \/>\n&#8211; unikalne ID-Aero ka\u017cdego kontrolera pozwala na prawid\u0142ow\u0105 prace w zasi\u0119gu innego systemu Aero,<br \/>\n&#8211; nieulotna pami\u0119\u0107 konfiguracji,<br \/>\n&#8211; optyczna sygnalizacja pracy,<br \/>\n&#8211; zasilanie: 9V\u00f714V\/DC,<br \/>\n&#8211; obudowa natynkowa ABS bia\u0142a &#8211; wymiary: 80x80x25 [mm],<br \/>\n&#8211; wsp\u00f3\u0142praca z systemami:\u00a0 NeoGSM-IP(-64), OptimaGSM, NeoGSM (od v1.3 i maksymalnie 8 czujek),<br \/>\n<strong>&#8211; w systemach NeoGSM, mo\u017ce pracowa\u0107 kontroler Aero lub ekspander lokalny EXP-I8,<\/strong><br \/>\n&#8211; ochrona antysabota\u017cowa kontrolera,<\/p>\n<p><strong>Zastosowanie:<\/strong><br \/>\n\u2022\u00a0 rozbudowa centrali alarmowej o urz\u0105dzenia bezprzewodowe,<br \/>\n\u2022\u00a0 rozbudowa centrali po wykorzystaniu zasob\u00f3w przewodowych,<br \/>\n\u2022\u00a0 zdalne sterowanie automatyk\u0105 domow\u0105,<br \/>\n\u2022\u00a0 ochrona obiekt\u00f3w bez mo\u017cliwo\u015bci zastosowania systemu przewodowego.<\/p>\n<p><span id=\"result_box\" lang=\"pl\"><span class=\"hps atn\">(<\/span>Dane techniczne mog\u0105 <span class=\"hps\">ulec zmianie bez<\/span> <span class=\"hps\">uprzedniego powiadomienia<\/span>.)<\/span><\/p>\n","protected":false},"excerpt":{"rendered":"<p>Kontroler, punkt dost\u0119powy (AP) systemu bezprzewodowego Aero. Opis:\u00a0 kontroler, punkt dost\u0119powy (AP) systemu Aero przeznaczony jest do integracji urz\u0105dze\u0144 bezprzewodowych Aero z systemami Ropam Elektronik poprzez magistrale RopamNET. W\u0142a\u015bciwo\u015bci: &#8211; systemowy kontroler Aero (AP AccessPoint), &#8211; obs\u0142uga do 16 czujek w systemach NeoSGM-IP(-64), OptimaGSM, &#8211; zgodno\u015b\u0107 z norma SSWiN PN-EN 50131-1 stopie\u0144 2, &#8211; dwukierunkowa, [&hellip;]<\/p>\n","protected":false},"featured_media":12264,"comment_status":"open","ping_status":"closed","template":"","meta":{"_acf_changed":false,"rank_math_lock_modified_date":false,"inline_featured_image":false},"product_cat":[613],"product_tag":[],"class_list":{"0":"post-8650","1":"product","2":"type-product","3":"status-publish","4":"has-post-thumbnail","6":"product_cat-punkt-dostepowy-aero","8":"first","9":"outofstock","10":"product-type-simple"},"acf":[],"_links":{"self":[{"href":"https:\/\/ropam.com.pl\/wsparcie\/wp-json\/wp\/v2\/product\/8650","targetHints":{"allow":["GET"]}}],"collection":[{"href":"https:\/\/ropam.com.pl\/wsparcie\/wp-json\/wp\/v2\/product"}],"about":[{"href":"https:\/\/ropam.com.pl\/wsparcie\/wp-json\/wp\/v2\/types\/product"}],"replies":[{"embeddable":true,"href":"https:\/\/ropam.com.pl\/wsparcie\/wp-json\/wp\/v2\/comments?post=8650"}],"wp:featuredmedia":[{"embeddable":true,"href":"https:\/\/ropam.com.pl\/wsparcie\/wp-json\/wp\/v2\/media\/12264"}],"wp:attachment":[{"href":"https:\/\/ropam.com.pl\/wsparcie\/wp-json\/wp\/v2\/media?parent=8650"}],"wp:term":[{"taxonomy":"product_cat","embeddable":true,"href":"https:\/\/ropam.com.pl\/wsparcie\/wp-json\/wp\/v2\/product_cat?post=8650"},{"taxonomy":"product_tag","embeddable":true,"href":"https:\/\/ropam.com.pl\/wsparcie\/wp-json\/wp\/v2\/product_tag?post=8650"}],"curies":[{"name":"wp","href":"https:\/\/api.w.org\/{rel}","templated":true}]}}