{"id":8621,"date":"2018-04-15T15:32:02","date_gmt":"2018-04-15T13:32:02","guid":{"rendered":"https:\/\/ropam.com.pl\/wsparcie\/produkt\/ropamdroid-3\/"},"modified":"2026-03-18T09:48:37","modified_gmt":"2026-03-18T08:48:37","slug":"ropamdroid","status":"publish","type":"product","link":"https:\/\/ropam.com.pl\/wsparcie\/ropamdroid\/","title":{"rendered":"RopamDroid"},"content":{"rendered":"<h3 style=\"text-align: center;\"><span style=\"font-size: 36pt;\">RopamDroid<\/span><\/h3>\n<p style=\"text-align: center;\">Aplikacja do obs\u0142ugi central alarmowych i terminali GSM. RopamDroid dedykowany jest dla smartfon\u00f3w z systemem Android. Dzi\u0119ki RopamDroid sterowanie poprzez telefon (SMS-y) jest szybkie i intuicyjne.<\/p>\n<p><img loading=\"lazy\" decoding=\"async\" class=\"aligncenter size-full wp-image-10210\" src=\"https:\/\/ropam.com.pl\/wsparcie\/wp-content\/uploads\/2018\/04\/logo_ropamdroid.jpg\" alt=\"\" width=\"157\" height=\"186\" \/><\/p>\n<p><span style=\"font-family: 'arial black', sans-serif; color: #07acf2; font-size: 14pt;\"><strong>W\u0142a\u015bciwo\u015bci <\/strong><\/span><\/p>\n<p>\u00bb Obs\u0142uguje systemy: OptimaGSM, NeoGSM, BasicGSM, MultiGSM<\/p>\n<p><span style=\"font-family: 'arial black', sans-serif; color: #07acf2; font-size: 14pt;\"><strong>Funkcje<\/strong><\/span><\/p>\n<p>\u00bb Sterowanie czuwaniem systemu: OptimaGSM, NeoGSM, NEO, BasicGSM2, MultiGSM2<br \/>\n\u00bb Status systemu i awarie<br \/>\n\u00bb Podgl\u0105d i blokowanie wej\u015b\u0107<br \/>\n\u00bb Grupowe sterowanie wyj\u015bciami<br \/>\n\u00bb Pogl\u0105d temperatur i zmiana prog\u00f3w dla funkcji TermostatGSM<br \/>\n\u00bb Podgl\u0105d warto\u015bci wej\u015bcia analogowego AI i zmiana zadanych prog\u00f3w<br \/>\n\u00bb Przejrzyste interfejs graficzny i belka statusowa analogicznie jak do panelach dotykowych<br \/>\n\u00bb Aplikacja i us\u0142uga filtruj\u0105ca wiadomo\u015bci od numeru telefonu systemu<br \/>\n\u00bb Dwukierunkowa komunikacja poprzez systemowe wiadomo\u015bci SMS<br \/>\n\u00bb Jednorazowa konfiguracja aplikacji<br \/>\n\u00bb Zabezpieczenie (autoryzacja) aplikacji has\u0142em dost\u0119pu<br \/>\n\u00bb Ograniczenie koszt\u00f3w sterowania poprzez SMS-y dzi\u0119ki konsolidacji informacji w pojedynczych wiadomo\u015bciach<\/p>\n<p><span style=\"font-family: 'arial black', sans-serif; color: #07acf2; font-size: 14pt;\"><strong>Kompatybilno\u015b\u0107<\/strong><\/span><\/p>\n<p>\u00bb OptimaGSM<\/p>\n<p>\u00bb NeoGSM<\/p>\n<p>\u00bb NEO (od v2.0)<\/p>\n<p>\u00bb BasicGSM (od v1.4)<\/p>\n<p>\u00bb MultiGSM (od v1.5)<\/p>\n<p>\u00bb BasicGSM 2<\/p>\n<p>\u00bb MultiGSM 2<\/p>\n<p>&nbsp;<\/p>\n<p><span style=\"color: #ff0000;\"><strong>UWAGA !<\/strong><\/span><\/p>\n<p><span style=\"color: #ff0000;\">Zgodnie z nowa polityk\u0105 uprawnie\u0144 Google aplikacje nie mog\u0105 odbiera\u0107 i czyta\u0107 SMS, dlatego aplikacje RopamDroid i RopamDroid-Pro nie s\u0105 ju\u017c dost\u0119pne dla nowych instalacji w GooglePlay.<\/span><\/p>\n<p>Aplikacj\u0119 RopamDroid mo\u017cna zainstalowa\u0107 samodzielnie pobieraj\u0105c j\u0105 z naszego serwera: <a href=\"http:\/\/ropam.com.pl\/wsparcie\/download\/RopamDroid216.apk\"><span style=\"color: #0000ff;\">RopamDroid_V2.16<\/span><\/a><\/p>\n<p><span style=\"color: #ff0000;\">Aplikacj\u0119 RopamDroid nie jest rozwijana,\u00a0 nie gwarantujemy prawid\u0142owego dzia\u0142ania<\/span><br \/>\n<span style=\"color: #ff0000;\">Aplikacja RopamDroid-Pro nie jest dost\u0119pna jako .apk gdy\u017c wymaga obs\u0142ugi sklepu Google Play.\u00a0<\/span><\/p>\n<p>&nbsp;<\/p>\n<p style=\"text-align: center;\"><span style=\"font-size: 14pt; color: #ff0000;\"><strong style=\"font-family: 'arial black', sans-serif;\">W PE\u0141NI POLSKI PRODUKT<\/strong><\/span><\/p>\n<p style=\"text-align: center;\"><span style=\"font-size: 12pt; font-family: georgia, palatino, serif;\">Ca\u0142y etap produkcji, od pomys\u0142u po wykonanie ko\u0144cowe oparte s\u0105 o autorskie rozwi\u0105zania oraz dog\u0142\u0119bna analiz\u0119 potrzeb i trend\u00f3w na rynku.<\/span><\/p>\n<p><img loading=\"lazy\" decoding=\"async\" class=\"aligncenter size-full wp-image-9726\" src=\"https:\/\/ropam.com.pl\/wsparcie\/wp-content\/uploads\/2018\/04\/Obraz1.png\" alt=\"\" width=\"292\" height=\"268\" srcset=\"https:\/\/ropam.com.pl\/wsparcie\/wp-content\/uploads\/2018\/04\/Obraz1.png 292w, https:\/\/ropam.com.pl\/wsparcie\/wp-content\/uploads\/2018\/04\/Obraz1-60x55.png 60w\" sizes=\"auto, (max-width: 292px) 100vw, 292px\" \/><\/p>\n","protected":false},"excerpt":{"rendered":"<p>RopamDroid Aplikacja do obs\u0142ugi central alarmowych i terminali GSM. RopamDroid dedykowany jest dla smartfon\u00f3w z systemem Android. Dzi\u0119ki RopamDroid sterowanie poprzez telefon (SMS-y) jest szybkie i intuicyjne. W\u0142a\u015bciwo\u015bci \u00bb Obs\u0142uguje systemy: OptimaGSM, NeoGSM, BasicGSM, MultiGSM Funkcje \u00bb Sterowanie czuwaniem systemu: OptimaGSM, NeoGSM, NEO, BasicGSM2, MultiGSM2 \u00bb Status systemu i awarie \u00bb Podgl\u0105d i blokowanie wej\u015b\u0107 [&hellip;]<\/p>\n","protected":false},"featured_media":10210,"comment_status":"open","ping_status":"closed","template":"","meta":{"_acf_changed":false,"rank_math_lock_modified_date":false,"inline_featured_image":false},"product_cat":[616],"product_tag":[],"class_list":{"0":"post-8621","1":"product","2":"type-product","3":"status-publish","4":"has-post-thumbnail","6":"product_cat-programy-konfiguracyjne","8":"first","9":"outofstock","10":"virtual","11":"taxable","12":"purchasable","13":"product-type-simple"},"acf":[],"_links":{"self":[{"href":"https:\/\/ropam.com.pl\/wsparcie\/wp-json\/wp\/v2\/product\/8621","targetHints":{"allow":["GET"]}}],"collection":[{"href":"https:\/\/ropam.com.pl\/wsparcie\/wp-json\/wp\/v2\/product"}],"about":[{"href":"https:\/\/ropam.com.pl\/wsparcie\/wp-json\/wp\/v2\/types\/product"}],"replies":[{"embeddable":true,"href":"https:\/\/ropam.com.pl\/wsparcie\/wp-json\/wp\/v2\/comments?post=8621"}],"wp:featuredmedia":[{"embeddable":true,"href":"https:\/\/ropam.com.pl\/wsparcie\/wp-json\/wp\/v2\/media\/10210"}],"wp:attachment":[{"href":"https:\/\/ropam.com.pl\/wsparcie\/wp-json\/wp\/v2\/media?parent=8621"}],"wp:term":[{"taxonomy":"product_cat","embeddable":true,"href":"https:\/\/ropam.com.pl\/wsparcie\/wp-json\/wp\/v2\/product_cat?post=8621"},{"taxonomy":"product_tag","embeddable":true,"href":"https:\/\/ropam.com.pl\/wsparcie\/wp-json\/wp\/v2\/product_tag?post=8621"}],"curies":[{"name":"wp","href":"https:\/\/api.w.org\/{rel}","templated":true}]}}