{"id":8615,"date":"2018-04-15T15:32:02","date_gmt":"2018-04-15T13:32:02","guid":{"rendered":"https:\/\/ropam.com.pl\/wsparcie\/produkt\/partner-gsm-2\/"},"modified":"2024-12-30T12:22:22","modified_gmt":"2024-12-30T11:22:22","slug":"partner-gsm-2","status":"publish","type":"product","link":"https:\/\/ropam.com.pl\/wsparcie\/partner-gsm-2\/","title":{"rendered":"PARTNER GSM"},"content":{"rendered":"<p>Program Partner GSM s\u0142u\u017cy do konfiguracji urz\u0105dze\u0144 serii: NeoGSM, NEO, BasicGSM, MultiGSM, MGSM4.0-GATE, MGSM 5.0 MGSM 3.5<br \/>\noraz\u00a0 aktualizacji urz\u0105dze\u0144: TPR-xx,<\/p>\n<p>Przeznaczony jest do pracy na komputerach klasy PC z systemem operacyjnym WINDOWS \/XP\/VISTA\/WINDOWS 7\/WINDOWS 8.x\/WINDOWS10<\/p>\n<p>Komunikacja pomi\u0119dzy Partner GSM a urz\u0105dzeniami odbywa si\u0119 poprzez: port RS232 lub USB (1.1, 2.0) z wykorzystaniem kabli komunikacyjnych z wbudowanym konwerterem RS232-RS232-TTL lub USB-RS232-TTL (zaleca si\u0119 stosowanie dedykowanych kabli RS232-MGSM lub USB-MGSM).<br \/>\nProgram posiada tekstowo-graficzne menu. Niedost\u0119pne operacje lub funkcje dla danego typu urz\u0105dzenia s\u0105 prezentowane jako nieaktywne (szare: ikony lub napisy). Funkcje komunikacji dost\u0119pne s\u0105 dopiero po prawid\u0142owym skonfigurowaniu portu RS232 (COM) i uruchomieniu komunikacji z urz\u0105dzeniem.<\/p>\n<p>&nbsp;<\/p>\n<p style=\"margin: 0px 0px 0cm; padding: 0px; outline: 0px none; font-size: 11.1111px; vertical-align: baseline; border: 0px none; background-color: #ffffff; color: #414142; font-family: Tahoma,Arial,'Helvetica Neue',Helvetica,sans-serif; font-style: normal; font-variant: normal; font-weight: normal; letter-spacing: normal; line-height: 16.4931px; text-align: start; text-indent: 0px; text-transform: none; white-space: normal; word-spacing: 0px;\"><span style=\"font-size: 14px;\"><a href=\"http:\/\/ropam.com.pl\/wsparcie\/download\/partner_gsm_arch.zip\"><span style=\"color: #000000;\"><strong>Partner GSM &#8211; archiwum (link, ~80MB)<\/strong><\/span><\/a><\/span><br \/>\nStarsze wersje programu Partner GSM wymagane do starszych wersji urz\u0105dze\u0144.<\/p>\n","protected":false},"excerpt":{"rendered":"<p>Program Partner GSM s\u0142u\u017cy do konfiguracji urz\u0105dze\u0144 serii: NeoGSM, NEO, BasicGSM, MultiGSM, MGSM4.0-GATE, MGSM 5.0 MGSM 3.5 oraz\u00a0 aktualizacji urz\u0105dze\u0144: TPR-xx, Przeznaczony jest do pracy na komputerach klasy PC z systemem operacyjnym WINDOWS \/XP\/VISTA\/WINDOWS 7\/WINDOWS 8.x\/WINDOWS10 Komunikacja pomi\u0119dzy Partner GSM a urz\u0105dzeniami odbywa si\u0119 poprzez: port RS232 lub USB (1.1, 2.0) z wykorzystaniem kabli komunikacyjnych [&hellip;]<\/p>\n","protected":false},"featured_media":12279,"comment_status":"open","ping_status":"closed","template":"","meta":{"_acf_changed":false,"rank_math_lock_modified_date":false,"inline_featured_image":false},"product_cat":[616],"product_tag":[],"class_list":{"0":"post-8615","1":"product","2":"type-product","3":"status-publish","4":"has-post-thumbnail","6":"product_cat-programy-konfiguracyjne","8":"first","9":"outofstock","10":"taxable","11":"shipping-taxable","12":"product-type-simple"},"acf":[],"_links":{"self":[{"href":"https:\/\/ropam.com.pl\/wsparcie\/wp-json\/wp\/v2\/product\/8615","targetHints":{"allow":["GET"]}}],"collection":[{"href":"https:\/\/ropam.com.pl\/wsparcie\/wp-json\/wp\/v2\/product"}],"about":[{"href":"https:\/\/ropam.com.pl\/wsparcie\/wp-json\/wp\/v2\/types\/product"}],"replies":[{"embeddable":true,"href":"https:\/\/ropam.com.pl\/wsparcie\/wp-json\/wp\/v2\/comments?post=8615"}],"wp:featuredmedia":[{"embeddable":true,"href":"https:\/\/ropam.com.pl\/wsparcie\/wp-json\/wp\/v2\/media\/12279"}],"wp:attachment":[{"href":"https:\/\/ropam.com.pl\/wsparcie\/wp-json\/wp\/v2\/media?parent=8615"}],"wp:term":[{"taxonomy":"product_cat","embeddable":true,"href":"https:\/\/ropam.com.pl\/wsparcie\/wp-json\/wp\/v2\/product_cat?post=8615"},{"taxonomy":"product_tag","embeddable":true,"href":"https:\/\/ropam.com.pl\/wsparcie\/wp-json\/wp\/v2\/product_tag?post=8615"}],"curies":[{"name":"wp","href":"https:\/\/api.w.org\/{rel}","templated":true}]}}