{"id":8606,"date":"2018-04-15T15:32:01","date_gmt":"2018-04-15T13:32:01","guid":{"rendered":"https:\/\/ropam.com.pl\/wsparcie\/produkt\/rf-4c\/"},"modified":"2025-12-22T10:28:17","modified_gmt":"2025-12-22T09:28:17","slug":"rf-4c","status":"publish","type":"product","link":"https:\/\/ropam.com.pl\/wsparcie\/rf-4c\/","title":{"rendered":"RF-4C"},"content":{"rendered":"<h3 style=\"text-align: center;\"><strong><span style=\"font-size: 36pt;\">RF-4C<\/span><\/strong><\/h3>\n<p style=\"text-align: center;\">Sterownik radiowy serii RF 433 MHz przeznaczony do system\u00f3w zdalnego sterowania. W zestawie z central\u0105 alarmow\u0105,<br \/>\nsterownik RF-4 tworzy elastyczny system alarmowy zarz\u0105dzany pilotami radiowymi.<\/p>\n<p style=\"text-align: center;\"><img loading=\"lazy\" decoding=\"async\" class=\"wp-image-9335 aligncenter\" src=\"https:\/\/ropam.com.pl\/wsparcie\/wp-content\/uploads\/2018\/04\/Projekt-bez-nazwy-38.png\" alt=\"\" width=\"415\" height=\"348\" srcset=\"https:\/\/ropam.com.pl\/wsparcie\/wp-content\/uploads\/2018\/04\/Projekt-bez-nazwy-38.png 940w, https:\/\/ropam.com.pl\/wsparcie\/wp-content\/uploads\/2018\/04\/Projekt-bez-nazwy-38-300x251.png 300w, https:\/\/ropam.com.pl\/wsparcie\/wp-content\/uploads\/2018\/04\/Projekt-bez-nazwy-38-768x644.png 768w, https:\/\/ropam.com.pl\/wsparcie\/wp-content\/uploads\/2018\/04\/Projekt-bez-nazwy-38-600x503.png 600w, https:\/\/ropam.com.pl\/wsparcie\/wp-content\/uploads\/2018\/04\/Projekt-bez-nazwy-38-60x50.png 60w\" sizes=\"auto, (max-width: 415px) 100vw, 415px\" \/><\/p>\n<h3><span style=\"font-family: 'arial black', sans-serif; color: #07acf2;\"><strong>W\u0142a\u015bciwo\u015bci<\/strong><\/span><\/h3>\n<p><strong><span style=\"color: #000000;\"><span style=\"font-size: 14pt;\">\u00bb<\/span> <\/span><\/strong><span style=\"color: #000000; font-size: 14pt;\">Pasmo cz\u0119stotliwo\u015bci pracy 433 MHz\u00a0<\/span><strong><br \/>\n<\/strong><span style=\"color: #000000; font-size: 14pt;\"><strong>\u00bb <\/strong>2 tryby pracy sterownika:<strong><br \/>\n&#8211; <\/strong>Systemowy z centralami z serii <a href=\"https:\/\/ropam.com.pl\/wsparcie\/kategoria-produktu\/centrale-alarmowe\/seria-neo-ip\/\"><strong>Neo-IP<\/strong><\/a> i <strong><a href=\"https:\/\/ropam.com.pl\/wsparcie\/kategoria-produktu\/centrale-alarmowe\/seria-neo-ip-64\/\">Neo-IP-64<\/a><br \/>\n&#8211;<\/strong> Autonomiczny<strong><br \/>\n\u00bb<\/strong> 4 wyj\u015bcia sterowalne: 2 wyj\u015bcia przeka\u017anikowe,<\/span><strong><span style=\"color: #000000; font-size: 14pt;\">\u00a0<\/span><\/strong><span style=\"color: #000000; font-size: 14pt;\">2 wyj\u015bcia typu OC\u00a0<\/span><br \/>\n<strong><span style=\"color: #000000; font-size: 14pt;\">\u00bb<\/span> <\/strong><span style=\"color: #000000; font-size: 12pt;\"><span style=\"font-size: 14pt;\">3 niezale\u017cne tryby pracy wyj\u015b\u0107<br \/>\n<\/span><\/span><strong><span style=\"color: #000000; font-size: 14pt;\">&#8211; <\/span><\/strong><span style=\"color: #000000; font-size: 14pt;\">bistabilny<\/span><strong><span style=\"color: #000000; font-size: 14pt;\"><br \/>\n&#8211; <\/span><\/strong><span style=\"color: #000000; font-size: 14pt;\">monostabilny<\/span><strong><span style=\"color: #000000; font-size: 14pt;\"><br \/>\n&#8211; <\/span><\/strong><span style=\"color: #000000; font-size: 14pt;\">real<\/span><strong><span style=\"color: #000000; font-size: 14pt;\"><br \/>\n\u00bb <\/span><\/strong><span style=\"color: #000000; font-size: 14pt;\">Mo\u017cliwo\u015b\u0107 zarejestrowania do 61 pilot\u00f3w<br \/>\n<strong>\u00bb <\/strong>Wyj\u015bcie AUX 14VDC\/50mA do zasilania urz\u0105dze\u0144 zewn\u0119trznych np. przeka\u017anik 12VDC<strong><br \/>\n\u00bb <\/strong>Optyczna sygnalizacja pracy<br \/>\n<strong>\u00bb <\/strong>Kodowana transmisja: nadajnik-odbiornik<strong><br \/>\n\u00bb <\/strong>Magistrala RopamNET do integracji z centralami alarmowymi <a href=\"https:\/\/ropam.com.pl\/wsparcie\/kategoria-produktu\/centrale-alarmowe\/seria-neo-ip\/\">Neo-IP<\/a> i <a href=\"https:\/\/ropam.com.pl\/wsparcie\/kategoria-produktu\/centrale-alarmowe\/seria-neo-ip-64\/\">Neo-IP-64<\/a><br \/>\n<strong>\u00bb <\/strong>Styk sabota\u017cowy obudowy<br \/>\n<\/span><span style=\"color: #000000; font-size: 14pt;\"><strong>\u00bb <\/strong>Zasilanie: 9V\u00f730V\/DC lub 8V\u00f724V\/AC<strong><br \/>\n\u00bb <\/strong>Obudowa natynkowa ABS, bia\u0142a, wymiary 80x80x20 mm<\/span><br \/>\n<span style=\"color: #000000; font-size: 14pt;\"><strong>\u00bb <\/strong><\/span><span style=\"text-decoration: underline;\"><span style=\"font-size: 14pt;\">Modu\u0142 RF-4C nie zawiera pilota TR-4 w zestawie, piloty z serii TR-4 nale\u017cy dobra\u0107 z oferty<\/span><\/span><\/p>\n<h3 style=\"text-align: center;\"><span style=\"font-size: 24pt; color: #ff0000;\"><strong style=\"font-family: 'arial black', sans-serif;\">W PE\u0141NI POLSKI PRODUKT<\/strong><\/span><\/h3>\n<p style=\"text-align: center;\"><span style=\"font-size: 18pt; font-family: georgia, palatino, serif;\">Ca\u0142y etap produkcji, od pomys\u0142u po wykonanie ko\u0144cowe oparte s\u0105 o autorskie rozwi\u0105zania oraz dog\u0142\u0119bna analiz\u0119 potrzeb i trend\u00f3w na rynku.<\/span><\/p>\n<p><img loading=\"lazy\" decoding=\"async\" class=\"aligncenter wp-image-9726 size-full\" src=\"https:\/\/ropam.com.pl\/wsparcie\/wp-content\/uploads\/2018\/04\/Obraz1.png\" alt=\"\" width=\"292\" height=\"268\" srcset=\"https:\/\/ropam.com.pl\/wsparcie\/wp-content\/uploads\/2018\/04\/Obraz1.png 292w, https:\/\/ropam.com.pl\/wsparcie\/wp-content\/uploads\/2018\/04\/Obraz1-60x55.png 60w\" sizes=\"auto, (max-width: 292px) 100vw, 292px\" \/><\/p>\n","protected":false},"excerpt":{"rendered":"<p><span style=\"font-size: 14pt;\">Sterownik radiowy 433Mhz<\/span><\/p>\n","protected":false},"featured_media":9335,"comment_status":"open","ping_status":"closed","template":"","meta":{"_acf_changed":false,"rank_math_lock_modified_date":false,"inline_featured_image":false},"product_cat":[592],"product_tag":[],"class_list":{"0":"post-8606","1":"product","2":"type-product","3":"status-publish","4":"has-post-thumbnail","6":"product_cat-sterowniki-rf-4c","8":"first","9":"instock","10":"taxable","11":"shipping-taxable","12":"purchasable","13":"product-type-simple"},"acf":[],"_links":{"self":[{"href":"https:\/\/ropam.com.pl\/wsparcie\/wp-json\/wp\/v2\/product\/8606","targetHints":{"allow":["GET"]}}],"collection":[{"href":"https:\/\/ropam.com.pl\/wsparcie\/wp-json\/wp\/v2\/product"}],"about":[{"href":"https:\/\/ropam.com.pl\/wsparcie\/wp-json\/wp\/v2\/types\/product"}],"replies":[{"embeddable":true,"href":"https:\/\/ropam.com.pl\/wsparcie\/wp-json\/wp\/v2\/comments?post=8606"}],"wp:featuredmedia":[{"embeddable":true,"href":"https:\/\/ropam.com.pl\/wsparcie\/wp-json\/wp\/v2\/media\/9335"}],"wp:attachment":[{"href":"https:\/\/ropam.com.pl\/wsparcie\/wp-json\/wp\/v2\/media?parent=8606"}],"wp:term":[{"taxonomy":"product_cat","embeddable":true,"href":"https:\/\/ropam.com.pl\/wsparcie\/wp-json\/wp\/v2\/product_cat?post=8606"},{"taxonomy":"product_tag","embeddable":true,"href":"https:\/\/ropam.com.pl\/wsparcie\/wp-json\/wp\/v2\/product_tag?post=8606"}],"curies":[{"name":"wp","href":"https:\/\/api.w.org\/{rel}","templated":true}]}}