{"id":8602,"date":"2018-04-15T15:32:00","date_gmt":"2018-04-15T13:32:00","guid":{"rendered":"https:\/\/ropam.com.pl\/wsparcie\/produkt\/rf-4-2k\/"},"modified":"2024-12-27T10:52:17","modified_gmt":"2024-12-27T09:52:17","slug":"rf-4-2k","status":"publish","type":"product","link":"https:\/\/ropam.com.pl\/wsparcie\/rf-4-2k\/","title":{"rendered":"RF-4-2K"},"content":{"rendered":"<p>Odbiornik sterownika radiowego RF-4 w zestawie z dwoma pilotami TR-4<\/p>\n<p>433 MHz, superheterodyna, antena helikalna, 4 kana\u0142y, PCB.<\/p>\n<p>Sterowniki radiowe serii RF-4 przeznaczony s\u0105 do system\u00f3w zdalnego sterowania poprzez piloty radiowe. W zestawie z central\u0105 sterownik RF-4 tworzy elastyczny system alarmowy zarz\u0105dzany pilotami radiowymi.<\/p>\n<p>Podstawowe cechy:<br \/>\n&#8211; dwa tryby pracy: systemowy na magistrali RopamNET lub autonomiczny sterownik radiowy,<br \/>\n&#8211; w zestawie z NeoGSM-IP(-64) lub OptimaGSM RF-4 tworzy elastyczny system alarmowy sterowany pilotami radiowymi,<br \/>\n&#8211; 4 kana\u0142y z funkcjami systemowymi: brak funkcji, za\u0142.\/wy\u0142. czuwanie pe\u0142ne, za\u0142.\/wy\u0142. czuwanie nocne, za\u0142. czuwanie pe\u0142ne, za\u0142. czuwanie nocne, wy\u0142. czuwanie\/alarm, &#8216;panic&#8217; g\u0142o\u015bny,<br \/>\n&#8211; odbiornik superheterodynowy z p\u0119tl\u0105 PLL,<br \/>\n&#8211; wysoka czu\u0142o\u015b\u0107 i selektywno\u015b\u0107, funkcja anty-jamming,<br \/>\n&#8211; zasi\u0119g do 200m w terenie otwartym,<br \/>\n&#8211; antena panelowa, helikalna SMA (wysoka selektywno\u015b\u0107),<br \/>\n&#8211; transmisja kodowana: nadajnik-odbiornik (kod zmienny),<br \/>\n&#8211; cztery niezale\u017cne kana\u0142y radiolinii,<br \/>\n&#8211; 4 wyj\u015bcia: 2 x przeka\u017anikowe R1,R2 (SPDT), 2x OC,<br \/>\n&#8211; niezale\u017cne tryby pracy wyj\u015b\u0107: bistabilne, monostabilne, real (czas transmisji nadajnika,<br \/>\n&#8211; mo\u017cliwo\u015b\u0107 sterowania wyj\u015bciami (O1, O2) poprzez SMS-y (praca systemowa)),<br \/>\n&#8211; mo\u017cliwo\u015b\u0107 potwierdzania sterowania kana\u0142ami poprzez SMS-y, z numerem pilota,<br \/>\n&#8211; nieulotna pami\u0119\u0107 konfiguracji,<br \/>\n&#8211; konfiguracja i stan pracy zapisywane s\u0105 w pami\u0119ci EEPROM i przywracane w przypadku zaniku i powrotu zasilania (stan wyj\u015b\u0107, tryby i czasy pracy),<br \/>\n&#8211; wsp\u00f3\u0142praca z 61 nadajnikami,<br \/>\n&#8211; sygnalizacja niskiego napi\u0119cia baterii nadajnika,<br \/>\n&#8211; optyczna sygnalizacja pracy,<br \/>\n&#8211; zasilanie: 9V\u00f730V\/DC lub 8V\u00f724V\/AC (II klasa izolacji),<br \/>\n&#8211; wyj\u015bcie AUX 14Vdc\/50mA do zasilania urz\u0105dze\u0144 np. przeka\u017anik 12Vdc, LED,<br \/>\n&#8211; monta\u017c w obudowach serii: O-R2, O-R3, O-R4, O-RH,<br \/>\n&#8211; wymiary: 70x70x20, antena 105&#215;10, RG174:150 [mm]<br \/>\n<strong>PROGRAMOWANIE:<\/strong><br \/>\n&#8211; z poziomu centrali alarmowej &#8211; praca systemowa,<br \/>\n&#8211; programowanie lokalne \u2013 praca jako autonomiczny sterownik<br \/>\n<strong>ZESTAW:<\/strong><br \/>\nmodu\u0142 RF-4 (PCB), antena helikalna AT-433-SMA, 2 ko\u0142ki samoprzylepne,\u00a0 instrukcja. 2 piloty TR-4<br \/>\n<strong>UWAGI:<\/strong><br \/>\nje\u017celi to wymagane zestaw nale\u017cy uzupe\u0142ni\u0107 o piloty TR-4<\/p>\n","protected":false},"excerpt":{"rendered":"<p>Odbiornik sterownika radiowego RF-4 w zestawie z dwoma pilotami TR-4 433 MHz, superheterodyna, antena helikalna, 4 kana\u0142y, PCB. Sterowniki radiowe serii RF-4 przeznaczony s\u0105 do system\u00f3w zdalnego sterowania poprzez piloty radiowe. W zestawie z central\u0105 sterownik RF-4 tworzy elastyczny system alarmowy zarz\u0105dzany pilotami radiowymi. Podstawowe cechy: &#8211; dwa tryby pracy: systemowy na magistrali RopamNET lub [&hellip;]<\/p>\n","protected":false},"featured_media":7812,"comment_status":"open","ping_status":"closed","template":"","meta":{"_acf_changed":false,"rank_math_lock_modified_date":false,"inline_featured_image":false},"product_cat":[605],"product_tag":[],"class_list":{"0":"post-8602","1":"product","2":"type-product","3":"status-publish","4":"has-post-thumbnail","6":"product_cat-automatyka-budynkowa-archiwum","8":"first","9":"outofstock","10":"product-type-simple"},"acf":[],"_links":{"self":[{"href":"https:\/\/ropam.com.pl\/wsparcie\/wp-json\/wp\/v2\/product\/8602","targetHints":{"allow":["GET"]}}],"collection":[{"href":"https:\/\/ropam.com.pl\/wsparcie\/wp-json\/wp\/v2\/product"}],"about":[{"href":"https:\/\/ropam.com.pl\/wsparcie\/wp-json\/wp\/v2\/types\/product"}],"replies":[{"embeddable":true,"href":"https:\/\/ropam.com.pl\/wsparcie\/wp-json\/wp\/v2\/comments?post=8602"}],"wp:featuredmedia":[{"embeddable":true,"href":"https:\/\/ropam.com.pl\/wsparcie\/wp-json\/wp\/v2\/media\/7812"}],"wp:attachment":[{"href":"https:\/\/ropam.com.pl\/wsparcie\/wp-json\/wp\/v2\/media?parent=8602"}],"wp:term":[{"taxonomy":"product_cat","embeddable":true,"href":"https:\/\/ropam.com.pl\/wsparcie\/wp-json\/wp\/v2\/product_cat?post=8602"},{"taxonomy":"product_tag","embeddable":true,"href":"https:\/\/ropam.com.pl\/wsparcie\/wp-json\/wp\/v2\/product_tag?post=8602"}],"curies":[{"name":"wp","href":"https:\/\/api.w.org\/{rel}","templated":true}]}}