{"id":8596,"date":"2025-12-12T15:32:00","date_gmt":"2025-12-12T14:32:00","guid":{"rendered":"https:\/\/ropam.com.pl\/wsparcie\/produkt\/at-gsm-log-2\/"},"modified":"2026-02-03T12:47:45","modified_gmt":"2026-02-03T11:47:45","slug":"at-gsm-log","status":"publish","type":"product","link":"https:\/\/ropam.com.pl\/wsparcie\/at-gsm-log\/","title":{"rendered":"AT-GSM-LOG"},"content":{"rendered":"<h3 style=\"text-align: center;\"><span style=\"font-size: 36pt;\">AT-GSM-LOG<\/span><\/h3>\n<p style=\"text-align: center;\"><span style=\"font-size: 14pt;\">Antena GSM do sta\u0142ego monta\u017cu (\u015bciana, maszt) w komplecie uchwyt ze stali, antena typu YAGI.<\/span><\/p>\n<p>&nbsp;<\/p>\n<p style=\"text-align: center;\"><img loading=\"lazy\" decoding=\"async\" class=\"wp-image-9589 alignright\" src=\"https:\/\/ropam.com.pl\/wsparcie\/wp-content\/uploads\/2018\/04\/atgsmlog_1.1378727814-6.webp\" alt=\"\" width=\"411\" height=\"265\" srcset=\"https:\/\/ropam.com.pl\/wsparcie\/wp-content\/uploads\/2018\/04\/atgsmlog_1.1378727814-6.webp 500w, https:\/\/ropam.com.pl\/wsparcie\/wp-content\/uploads\/2018\/04\/atgsmlog_1.1378727814-6-300x193.webp 300w, https:\/\/ropam.com.pl\/wsparcie\/wp-content\/uploads\/2018\/04\/atgsmlog_1.1378727814-6-60x39.webp 60w\" sizes=\"auto, (max-width: 411px) 100vw, 411px\" \/><\/p>\n<p><span style=\"font-size: 14pt;\"><strong style=\"color: #07acf2; font-family: 'arial black', sans-serif;\">W\u0142a\u015bciwo\u015bci\u00a0<\/strong><\/span><\/p>\n<p><span style=\"font-size: 14pt;\"><strong style=\"color: #07acf2; font-family: 'arial black', sans-serif;\"><strong><span style=\"font-size: 12pt;\"><span style=\"color: #000000;\">\u00bb <\/span><\/span><\/strong><\/strong><\/span>Kierunkowa<br \/>\n<strong><span style=\"font-size: 12pt;\"><span style=\"color: #000000;\">\u00bb <\/span><\/span><\/strong>Zysk 9 dBi<br \/>\n<strong><span style=\"font-size: 12pt;\"><span style=\"color: #000000;\">\u00bb <\/span><\/span><\/strong>F: 800-2500 MHz<br \/>\n<strong><span style=\"font-size: 12pt;\"><span style=\"color: #000000;\">\u00bb <\/span><\/span><\/strong>VSWR: &lt; 2, polaryzacja:V,80\u00b0<br \/>\n<strong><span style=\"font-size: 12pt;\"><span style=\"color: #000000;\">\u00bb <\/span><\/span><\/strong>Kompaktowe wymiary; 67 x 17 x 8 [cm]<br \/>\n<strong><span style=\"font-size: 12pt;\"><span style=\"color: #000000;\">\u00bb <\/span><\/span><\/strong>Z\u0142\u0105cze: SMAm, RG58-10m<br \/>\n<strong><span style=\"font-size: 12pt;\"><span style=\"color: #000000;\">\u00bb <\/span><\/span><\/strong>Do zastosowania zewn\u0119trznego \u00a0monta\u017c na \u015bcianach, masztach<\/p>\n<p>Na zam\u00f3wienie: \u00a0inne d\u0142ugo\u015bci przewodu koncentrycznego: d\u0142ugo\u015b\u0107&lt;10m wykonanie RG58, \u00a0d\u0142ugo\u015b\u0107&gt;10m wykonanie H155 (maks. 40 mb).<\/p>\n<p style=\"text-align: center;\">\n","protected":false},"excerpt":{"rendered":"<p><span style=\"font-size: 14pt;\">Antena GSM\u00a0<\/span><\/p>\n","protected":false},"featured_media":9589,"comment_status":"open","ping_status":"closed","template":"","meta":{"_acf_changed":false,"rank_math_lock_modified_date":false,"inline_featured_image":false},"product_cat":[436],"product_tag":[],"class_list":{"0":"post-8596","1":"product","2":"type-product","3":"status-publish","4":"has-post-thumbnail","6":"product_cat-anteny-gsm-lte","8":"first","9":"instock","10":"taxable","11":"shipping-taxable","12":"purchasable","13":"product-type-simple"},"acf":[],"_links":{"self":[{"href":"https:\/\/ropam.com.pl\/wsparcie\/wp-json\/wp\/v2\/product\/8596","targetHints":{"allow":["GET"]}}],"collection":[{"href":"https:\/\/ropam.com.pl\/wsparcie\/wp-json\/wp\/v2\/product"}],"about":[{"href":"https:\/\/ropam.com.pl\/wsparcie\/wp-json\/wp\/v2\/types\/product"}],"replies":[{"embeddable":true,"href":"https:\/\/ropam.com.pl\/wsparcie\/wp-json\/wp\/v2\/comments?post=8596"}],"wp:featuredmedia":[{"embeddable":true,"href":"https:\/\/ropam.com.pl\/wsparcie\/wp-json\/wp\/v2\/media\/9589"}],"wp:attachment":[{"href":"https:\/\/ropam.com.pl\/wsparcie\/wp-json\/wp\/v2\/media?parent=8596"}],"wp:term":[{"taxonomy":"product_cat","embeddable":true,"href":"https:\/\/ropam.com.pl\/wsparcie\/wp-json\/wp\/v2\/product_cat?post=8596"},{"taxonomy":"product_tag","embeddable":true,"href":"https:\/\/ropam.com.pl\/wsparcie\/wp-json\/wp\/v2\/product_tag?post=8596"}],"curies":[{"name":"wp","href":"https:\/\/api.w.org\/{rel}","templated":true}]}}