{"id":8592,"date":"2018-04-15T15:32:00","date_gmt":"2018-04-15T13:32:00","guid":{"rendered":"https:\/\/ropam.com.pl\/wsparcie\/produkt\/at-433\/"},"modified":"2024-11-12T15:29:43","modified_gmt":"2024-11-12T14:29:43","slug":"at-433","status":"publish","type":"product","link":"https:\/\/ropam.com.pl\/wsparcie\/at-433\/","title":{"rendered":"AT-433"},"content":{"rendered":"<p><b>ANTENA ISM<\/b><\/p>\n<p>Antena ISM, helikalna, pionowa, gi\u0119tka<\/p>\n<p>\u2022 cz\u0119stotliwo\u015b\u0107: 433,92MHz<br \/>\n\u2022 monta\u017c: zako\u0144czona gwintem M4x0,5 + konektor d\u0142ugo\u015bci 150mm + przepust separuj\u0105cy<br \/>\n(otw\u00f3r monta\u017cowy fi 6,5mm)<br \/>\n\u2022 polaryzacja: pionowa<br \/>\n\u2022 wymiary: 5 x 87 mm<br \/>\n\u2022 kolor: czarny<br \/>\n\u2022 temp. pracy: -20\u00b0C \u00f7 60\u00b0C<\/p>\n","protected":false},"excerpt":{"rendered":"<p>ANTENA ISM Antena ISM, helikalna, pionowa, gi\u0119tka \u2022 cz\u0119stotliwo\u015b\u0107: 433,92MHz \u2022 monta\u017c: zako\u0144czona gwintem M4x0,5 + konektor d\u0142ugo\u015bci 150mm + przepust separuj\u0105cy (otw\u00f3r monta\u017cowy fi 6,5mm) \u2022 polaryzacja: pionowa \u2022 wymiary: 5 x 87 mm \u2022 kolor: czarny \u2022 temp. pracy: -20\u00b0C \u00f7 60\u00b0C<\/p>\n","protected":false},"featured_media":11617,"comment_status":"open","ping_status":"closed","template":"","meta":{"_acf_changed":false,"rank_math_lock_modified_date":false,"inline_featured_image":false},"product_cat":[609],"product_tag":[],"class_list":{"0":"post-8592","1":"product","2":"type-product","3":"status-publish","4":"has-post-thumbnail","6":"product_cat-akcesoria-archiwum","8":"first","9":"outofstock","10":"product-type-simple"},"acf":[],"_links":{"self":[{"href":"https:\/\/ropam.com.pl\/wsparcie\/wp-json\/wp\/v2\/product\/8592","targetHints":{"allow":["GET"]}}],"collection":[{"href":"https:\/\/ropam.com.pl\/wsparcie\/wp-json\/wp\/v2\/product"}],"about":[{"href":"https:\/\/ropam.com.pl\/wsparcie\/wp-json\/wp\/v2\/types\/product"}],"replies":[{"embeddable":true,"href":"https:\/\/ropam.com.pl\/wsparcie\/wp-json\/wp\/v2\/comments?post=8592"}],"wp:featuredmedia":[{"embeddable":true,"href":"https:\/\/ropam.com.pl\/wsparcie\/wp-json\/wp\/v2\/media\/11617"}],"wp:attachment":[{"href":"https:\/\/ropam.com.pl\/wsparcie\/wp-json\/wp\/v2\/media?parent=8592"}],"wp:term":[{"taxonomy":"product_cat","embeddable":true,"href":"https:\/\/ropam.com.pl\/wsparcie\/wp-json\/wp\/v2\/product_cat?post=8592"},{"taxonomy":"product_tag","embeddable":true,"href":"https:\/\/ropam.com.pl\/wsparcie\/wp-json\/wp\/v2\/product_tag?post=8592"}],"curies":[{"name":"wp","href":"https:\/\/api.w.org\/{rel}","templated":true}]}}