{"id":8582,"date":"2018-04-15T15:32:00","date_gmt":"2018-04-15T13:32:00","guid":{"rendered":"https:\/\/ropam.com.pl\/wsparcie\/produkt\/in-4\/"},"modified":"2024-11-12T15:42:34","modified_gmt":"2024-11-12T14:42:34","slug":"in-4","status":"publish","type":"product","link":"https:\/\/ropam.com.pl\/wsparcie\/in-4\/","title":{"rendered":"IN-4"},"content":{"rendered":"<p><b>MODU\u0141 WEJ\u015a\u0106<\/b><\/p>\n<p>4 wej\u015bcia NO\/NC<\/p>\n<p>Modu\u0142 IN-4 jest urz\u0105dzeniem przeznaczonym do wsp\u00f3\u0142pracy z modu\u0142ami: MGSM 2.0PC i MGSM 3.0,<\/p>\n<p>\u2022 cztery wej\u015bcia<br \/>\n\u2022 konfiguracja NO\/NC<br \/>\n\u2022 programowany typ dzia\u0142ania<\/p>\n","protected":false},"excerpt":{"rendered":"<p>MODU\u0141 WEJ\u015a\u0106 4 wej\u015bcia NO\/NC Modu\u0142 IN-4 jest urz\u0105dzeniem przeznaczonym do wsp\u00f3\u0142pracy z modu\u0142ami: MGSM 2.0PC i MGSM 3.0, \u2022 cztery wej\u015bcia \u2022 konfiguracja NO\/NC \u2022 programowany typ dzia\u0142ania<\/p>\n","protected":false},"featured_media":11624,"comment_status":"open","ping_status":"closed","template":"","meta":{"_acf_changed":false,"rank_math_lock_modified_date":false,"inline_featured_image":false},"product_cat":[609],"product_tag":[],"class_list":{"0":"post-8582","1":"product","2":"type-product","3":"status-publish","4":"has-post-thumbnail","6":"product_cat-akcesoria-archiwum","8":"first","9":"outofstock","10":"product-type-simple"},"acf":[],"_links":{"self":[{"href":"https:\/\/ropam.com.pl\/wsparcie\/wp-json\/wp\/v2\/product\/8582","targetHints":{"allow":["GET"]}}],"collection":[{"href":"https:\/\/ropam.com.pl\/wsparcie\/wp-json\/wp\/v2\/product"}],"about":[{"href":"https:\/\/ropam.com.pl\/wsparcie\/wp-json\/wp\/v2\/types\/product"}],"replies":[{"embeddable":true,"href":"https:\/\/ropam.com.pl\/wsparcie\/wp-json\/wp\/v2\/comments?post=8582"}],"wp:featuredmedia":[{"embeddable":true,"href":"https:\/\/ropam.com.pl\/wsparcie\/wp-json\/wp\/v2\/media\/11624"}],"wp:attachment":[{"href":"https:\/\/ropam.com.pl\/wsparcie\/wp-json\/wp\/v2\/media?parent=8582"}],"wp:term":[{"taxonomy":"product_cat","embeddable":true,"href":"https:\/\/ropam.com.pl\/wsparcie\/wp-json\/wp\/v2\/product_cat?post=8582"},{"taxonomy":"product_tag","embeddable":true,"href":"https:\/\/ropam.com.pl\/wsparcie\/wp-json\/wp\/v2\/product_tag?post=8582"}],"curies":[{"name":"wp","href":"https:\/\/api.w.org\/{rel}","templated":true}]}}