{"id":8578,"date":"2018-04-15T15:31:59","date_gmt":"2018-04-15T13:31:59","guid":{"rendered":"https:\/\/ropam.com.pl\/wsparcie\/produkt\/mgsm-n8210\/"},"modified":"2024-11-12T15:38:06","modified_gmt":"2024-11-12T14:38:06","slug":"mgsm-n8210","status":"publish","type":"product","link":"https:\/\/ropam.com.pl\/wsparcie\/mgsm-n8210\/","title":{"rendered":"MGSM\u2014N8210"},"content":{"rendered":"<p>Kabel do po\u0142\u0105czenia modu\u0142u MGSM N2.0 lub MGSM 2.0PC z telefonem NOKIA:8210<\/p>\n","protected":false},"excerpt":{"rendered":"<p>Kabel do po\u0142\u0105czenia modu\u0142u MGSM N2.0 lub MGSM 2.0PC z telefonem NOKIA:8210<\/p>\n","protected":false},"featured_media":11622,"comment_status":"open","ping_status":"closed","template":"","meta":{"_acf_changed":false,"rank_math_lock_modified_date":false,"inline_featured_image":false},"product_cat":[609],"product_tag":[],"class_list":{"0":"post-8578","1":"product","2":"type-product","3":"status-publish","4":"has-post-thumbnail","6":"product_cat-akcesoria-archiwum","8":"first","9":"outofstock","10":"product-type-simple"},"acf":[],"_links":{"self":[{"href":"https:\/\/ropam.com.pl\/wsparcie\/wp-json\/wp\/v2\/product\/8578","targetHints":{"allow":["GET"]}}],"collection":[{"href":"https:\/\/ropam.com.pl\/wsparcie\/wp-json\/wp\/v2\/product"}],"about":[{"href":"https:\/\/ropam.com.pl\/wsparcie\/wp-json\/wp\/v2\/types\/product"}],"replies":[{"embeddable":true,"href":"https:\/\/ropam.com.pl\/wsparcie\/wp-json\/wp\/v2\/comments?post=8578"}],"wp:featuredmedia":[{"embeddable":true,"href":"https:\/\/ropam.com.pl\/wsparcie\/wp-json\/wp\/v2\/media\/11622"}],"wp:attachment":[{"href":"https:\/\/ropam.com.pl\/wsparcie\/wp-json\/wp\/v2\/media?parent=8578"}],"wp:term":[{"taxonomy":"product_cat","embeddable":true,"href":"https:\/\/ropam.com.pl\/wsparcie\/wp-json\/wp\/v2\/product_cat?post=8578"},{"taxonomy":"product_tag","embeddable":true,"href":"https:\/\/ropam.com.pl\/wsparcie\/wp-json\/wp\/v2\/product_tag?post=8578"}],"curies":[{"name":"wp","href":"https:\/\/api.w.org\/{rel}","templated":true}]}}